{"id":1605,"date":"2023-12-20T03:23:34","date_gmt":"2023-12-20T03:23:34","guid":{"rendered":"https:\/\/apmprint.com\/?post_type=product&#038;p=1605"},"modified":"2023-12-22T03:24:33","modified_gmt":"2023-12-22T03:24:33","slug":"uv450m-flat-round-oval-uv-dryer","status":"publish","type":"product","link":"https:\/\/apmprint.com\/ar\/product\/uv450m-flat-round-oval-uv-dryer\/","title":{"rendered":"\u0645\u062c\u0641\u0641 \u0627\u0644\u0623\u0634\u0639\u0629 \u0641\u0648\u0642 \u0627\u0644\u0628\u0646\u0641\u0633\u062c\u064a\u0629 UV450M \u0627\u0644\u0645\u0633\u0637\u062d\/\u0627\u0644\u062f\u0627\u0626\u0631\u064a\/\u0627\u0644\u0628\u064a\u0636\u0627\u0648\u064a"},"content":{"rendered":"<p><strong>\u0627\u0644\u0628\u064a\u0627\u0646\u0627\u062a \u0627\u0644\u062a\u0642\u0646\u064a\u0629:<\/strong><\/p>\n<table style=\"height: 416px;\" width=\"949\">\n<tbody>\n<tr>\n<td>\u0627\u0644\u0628\u064a\u0627\u0646\u0627\u062a \u0627\u0644\u062a\u0642\u0646\u064a\u0629<\/td>\n<td>UV450M<\/td>\n<\/tr>\n<tr>\n<td>\u0623\u0642\u0635\u0649 \u0639\u0631\u0636 \u0644\u0644\u0631\u0643\u064a\u0632\u0629<\/td>\n<td>300 \u0645\u0645<\/td>\n<\/tr>\n<tr>\n<td>\u0623\u0642\u0635\u0649 \u0627\u0631\u062a\u0641\u0627\u0639 \u0644\u0644\u0631\u0643\u064a\u0632\u0629<\/td>\n<td>25-250 \u0645\u0645<\/td>\n<\/tr>\n<tr>\n<td>\u0642\u0637\u0631 \u0627\u0644\u0631\u0643\u064a\u0632\u0629<\/td>\n<td>10-150 \u0645\u0645<\/td>\n<\/tr>\n<tr>\n<td>\u0633\u0631\u0639\u0629 \u0627\u0644\u0645\u0639\u0627\u0644\u062c\u0629 \u0627\u0644\u0642\u0635\u0648\u0649 (\u0642\u0637\u0639\/\u0633\u0627\u0639\u0629)<\/td>\n<td>1500-3000 \u0642\u0637\u0639\u0629\/\u0633\u0627\u0639\u0629<\/td>\n<\/tr>\n<tr>\n<td>\u0637\u0627\u0642\u0629 \u0645\u0635\u0628\u0627\u062d \u0627\u0644\u0623\u0634\u0639\u0629 \u0641\u0648\u0642 \u0627\u0644\u0628\u0646\u0641\u0633\u062c\u064a\u0629<\/td>\n<td>5.6 \u0643\u064a\u0644\u0648\u0648\u0627\u0637<\/td>\n<\/tr>\n<tr>\n<td>\u0639\u0631\u0636 \u0637\u0627\u0648\u0644\u0629 \u0627\u0644\u0639\u0645\u0644<\/td>\n<td>450 \u0645\u0645<\/td>\n<\/tr>\n<tr>\n<td>\u0627\u0644\u0642\u064a\u0627\u0633<\/td>\n<td>2200 \u00d7 800 \u00d7 800 \u00d7 1880 \uff08\u0637\u0648\u0644 \u00d7 \u0639\u0631\u0636 \u00d7 \u0627\u0631\u062a\u0641\u0627\u0639 \u00d7 \u0627\u0631\u062a\u0641\u0627\u0639\uff09<\/td>\n<\/tr>\n<tr>\n<td>\u0627\u0644\u0648\u0632\u0646 \u0627\u0644\u0635\u0627\u0641\u064a<\/td>\n<td>360 \u0643\u062c\u0645<\/td>\n<\/tr>\n<\/tbody>\n<\/table>\n<div><\/div>\n<div><\/div>\n<div><\/div>\n<div>\n<p><img loading=\"lazy\" decoding=\"async\" class=\"size-full wp-image-1616\" src=\"http:\/\/apmprint.com\/wp-content\/uploads\/2023\/12\/x3-2.jpg\" alt=\"uv450m flat\/round\/oval uv dryer\" width=\"800\" height=\"800\" srcset=\"https:\/\/apmprint.com\/wp-content\/uploads\/2023\/12\/x3-2.jpg 800w, https:\/\/apmprint.com\/wp-content\/uploads\/2023\/12\/x3-2-300x300.jpg 300w, https:\/\/apmprint.com\/wp-content\/uploads\/2023\/12\/x3-2-150x150.jpg 150w, https:\/\/apmprint.com\/wp-content\/uploads\/2023\/12\/x3-2-768x768.jpg 768w, https:\/\/apmprint.com\/wp-content\/uploads\/2023\/12\/x3-2-12x12.jpg 12w, https:\/\/apmprint.com\/wp-content\/uploads\/2023\/12\/x3-2-600x600.jpg 600w, https:\/\/apmprint.com\/wp-content\/uploads\/2023\/12\/x3-2-100x100.jpg 100w\" sizes=\"auto, (max-width: 800px) 100vw, 800px\" \/><\/p>\n<\/div>\n<div>\n<p>&nbsp;<\/p>\n<\/div>\n<div><\/div>","protected":false},"excerpt":{"rendered":"<p><strong>\u0627\u0644\u0648\u0635\u0641:<\/strong><\/p>\n<ol>\n<li>\u0646\u0638\u0627\u0645 \u0639\u0627\u0644\u064a \u0627\u0644\u062c\u0648\u062f\u0629 \u0644\u0644\u0623\u0634\u0639\u0629 \u0641\u0648\u0642 \u0627\u0644\u0628\u0646\u0641\u0633\u062c\u064a\u0629\u060c \u064a\u0645\u0643\u0646 \u062a\u0639\u062f\u064a\u0644 \u0627\u0644\u0625\u062e\u0631\u0627\u062c. \u064a\u0645\u0643\u0646 \u0636\u0628\u0637 \u0633\u0631\u0639\u0629 \u0627\u0644\u0646\u0627\u0642\u0644 \u0648\u0627\u0644\u0645\u0633\u0627\u0641\u0629 \u0628\u064a\u0646 \u0627\u0644\u0645\u0635\u0628\u0627\u062d \u0648\u0627\u0644\u0631\u0643\u064a\u0632\u0629.<\/li>\n<li>\u00a0\u062d\u0627\u0645\u0644\u0627\u062a \u0645\u062e\u0631\u0648\u0637\u064a\u0629 \u0645\u062b\u0628\u062a\u0629 \u0644\u062a\u062f\u0648\u064a\u0631 \u0627\u0644\u0645\u0646\u062a\u062c\u0627\u062a \u0645\u0646 \u0623\u062c\u0644 \u0645\u0639\u0627\u0644\u062c\u0629 \u0627\u0644\u0645\u0646\u062a\u062c\u0627\u062a \u0627\u0644\u0623\u0633\u0637\u0648\u0627\u0646\u064a\u0629.<\/li>\n<li>\u0646\u062a\u064a\u062c\u0629 \u0645\u0639\u0627\u0644\u062c\u0629 \u0645\u0645\u062a\u0627\u0632\u0629 \u0648\u062c\u0648\u062f\u0629 \u0645\u0648\u062b\u0648\u0642 \u0628\u0647\u0627 \u0648\u0645\u0639\u064a\u0627\u0631 CE \u0648\u062a\u0634\u063a\u064a\u0644 \u0633\u0647\u0644.<\/li>\n<\/ol>","protected":false},"featured_media":1606,"template":"","meta":{"_acf_changed":false,"_seopress_robots_primary_cat":"none","_seopress_titles_title":"","_seopress_titles_desc":"","_seopress_robots_index":""},"product_brand":[],"product_cat":[43],"product_tag":[71,72,73],"class_list":{"0":"post-1605","1":"product","2":"type-product","3":"status-publish","4":"has-post-thumbnail","6":"product_cat-uv-curing-machine","7":"product_tag-accessories","8":"product_tag-uv-curing","9":"product_tag-uv-drying","11":"first","12":"instock","13":"shipping-taxable","14":"product-type-simple"},"acf":[],"_links":{"self":[{"href":"https:\/\/apmprint.com\/ar\/wp-json\/wp\/v2\/product\/1605","targetHints":{"allow":["GET"]}}],"collection":[{"href":"https:\/\/apmprint.com\/ar\/wp-json\/wp\/v2\/product"}],"about":[{"href":"https:\/\/apmprint.com\/ar\/wp-json\/wp\/v2\/types\/product"}],"wp:featuredmedia":[{"embeddable":true,"href":"https:\/\/apmprint.com\/ar\/wp-json\/wp\/v2\/media\/1606"}],"wp:attachment":[{"href":"https:\/\/apmprint.com\/ar\/wp-json\/wp\/v2\/media?parent=1605"}],"wp:term":[{"taxonomy":"product_brand","embeddable":true,"href":"https:\/\/apmprint.com\/ar\/wp-json\/wp\/v2\/product_brand?post=1605"},{"taxonomy":"product_cat","embeddable":true,"href":"https:\/\/apmprint.com\/ar\/wp-json\/wp\/v2\/product_cat?post=1605"},{"taxonomy":"product_tag","embeddable":true,"href":"https:\/\/apmprint.com\/ar\/wp-json\/wp\/v2\/product_tag?post=1605"}],"curies":[{"name":"wp","href":"https:\/\/api.w.org\/{rel}","templated":true}]}}