{"id":1688,"date":"2023-12-20T09:10:11","date_gmt":"2023-12-20T09:10:11","guid":{"rendered":"https:\/\/apmprint.com\/?post_type=product&#038;p=1688"},"modified":"2023-12-20T09:27:36","modified_gmt":"2023-12-20T09:27:36","slug":"cap22-auto-12-color-pad-printer-with-vertical-conveyor","status":"publish","type":"product","link":"https:\/\/apmprint.com\/ar\/product\/cap22-auto-12-color-pad-printer-with-vertical-conveyor\/","title":{"rendered":"CAP22 \u0637\u0627\u0628\u0639\u0629 \u0648\u0633\u0627\u062f\u0629 \u0645\u0644\u0648\u0646\u0629 1 ~ 2 \u0623\u0648\u062a\u0648\u0645\u0627\u062a\u064a\u0643\u064a\u0629 \u0645\u0639 \u0646\u0627\u0642\u0644 \u0639\u0645\u0648\u062f\u064a"},"content":{"rendered":"<p><strong>\u0627\u0644\u0628\u064a\u0627\u0646\u0627\u062a \u0627\u0644\u062a\u0642\u0646\u064a\u0629<\/strong><\/p>\n<table>\n<tbody>\n<tr>\n<td width=\"248\">\u062d\u062c\u0645 \u0639\u0644\u0628\u0629 \u0627\u0644\u062d\u0628\u0631<\/td>\n<td width=\"302\">100*150 \u0645\u0645<\/td>\n<\/tr>\n<tr>\n<td width=\"248\">\u0627\u0644\u062d\u062f \u0627\u0644\u0623\u0642\u0635\u0649 \u0644\u062d\u062c\u0645 \u0627\u0644\u0637\u0628\u0627\u0639\u0629<\/td>\n<td width=\"302\">\u0627\u0644\u0642\u0637\u0631 50 \u0645\u0645<\/td>\n<\/tr>\n<tr>\n<td width=\"248\">\u0636\u0631\u0628\u0629 \u0627\u0644\u0648\u0633\u0627\u062f\u0629<\/td>\n<td width=\"302\">150 \u0645\u0645<\/td>\n<\/tr>\n<tr>\n<td width=\"248\">\u0627\u0644\u0633\u0631\u0639\u0629 \u0627\u0644\u0642\u0635\u0648\u0649 \u0644\u0644\u0637\u0628\u0627\u0639\u0629<\/td>\n<td width=\"302\">6000 ~ 10000 \u0642\u0637\u0639\u0629\/\u0633\u0627\u0639\u0629 \u0644\u063a\u0637\u0627\u0621 \u0642\u0637\u0631\u0647 28 \u0645\u0645\u060c \u064a\u0645\u0643\u0646 \u0627\u0644\u062d\u0635\u0648\u0644 \u0639\u0644\u0649 \u0633\u0631\u0639\u0629 \u0623\u0639\u0644\u0649 \u0628\u0627\u0633\u062a\u062e\u062f\u0627\u0645 \u0639\u0644\u0628\u0629 \u062d\u0628\u0631 \u0623\u0643\u0628\u0631.<\/td>\n<\/tr>\n<tr>\n<td width=\"248\">\u0627\u0644\u0648\u0632\u0646 \u0627\u0644\u0625\u062c\u0645\u0627\u0644\u064a<\/td>\n<td width=\"302\">800 \u0643\u062c\u0645<\/td>\n<\/tr>\n<tr>\n<td width=\"248\">\u0627\u0644\u0642\u064a\u0627\u0633<\/td>\n<td width=\"302\">1790 \u00d7 1190 \u00d7 1190 \u00d7 2100 \u0645\u0645 \u0644\u0644\u0645\u0627\u0643\u064a\u0646\u0629<\/p>\n<p>1720 \u00d7 1100 \u00d7 2200 \u00d7 2200 \u0645\u0645 \u0644\u0646\u0638\u0627\u0645 \u0627\u0644\u062a\u062d\u0645\u064a\u0644<\/td>\n<\/tr>\n<\/tbody>\n<\/table>\n<p>&nbsp;<\/p>\n<p><strong>\u0627\u0644\u0639\u064a\u0646\u0627\u062a:<\/strong><\/p>\n<p><img loading=\"lazy\" decoding=\"async\" class=\"size-full wp-image-1689\" src=\"http:\/\/apmprint.com\/wp-content\/uploads\/2023\/12\/s-5.jpg\" alt=\"cap11 automatic cap printing system (\u590d\u5236)\" width=\"800\" height=\"800\" srcset=\"https:\/\/apmprint.com\/wp-content\/uploads\/2023\/12\/s-5.jpg 800w, https:\/\/apmprint.com\/wp-content\/uploads\/2023\/12\/s-5-300x300.jpg 300w, https:\/\/apmprint.com\/wp-content\/uploads\/2023\/12\/s-5-150x150.jpg 150w, https:\/\/apmprint.com\/wp-content\/uploads\/2023\/12\/s-5-768x768.jpg 768w, https:\/\/apmprint.com\/wp-content\/uploads\/2023\/12\/s-5-12x12.jpg 12w, https:\/\/apmprint.com\/wp-content\/uploads\/2023\/12\/s-5-600x600.jpg 600w, https:\/\/apmprint.com\/wp-content\/uploads\/2023\/12\/s-5-100x100.jpg 100w\" sizes=\"auto, (max-width: 800px) 100vw, 800px\" \/><\/p>","protected":false},"excerpt":{"rendered":"<p><strong>\u0627\u0644\u0648\u0635\u0641:<\/strong><\/p>\n<ol>\n<li>\u062a\u062d\u0643\u0645 PLC\u060c \u0634\u0627\u0634\u0629 \u0639\u0631\u0636 \u062a\u0639\u0645\u0644 \u0628\u0627\u0644\u0644\u0645\u0633<\/li>\n<li>\u0646\u0638\u0627\u0645 \u062a\u062d\u0645\u064a\u0644 \u0623\u0648\u062a\u0648\u0645\u0627\u062a\u064a\u0643\u064a \u0645\u0639 \u062d\u0627\u0648\u064a\u0629 \u0648\u0641\u0631\u0632<\/li>\n<li>\u0636\u063a\u0637 \u0627\u0644\u063a\u0637\u0627\u0621 \u0627\u0644\u062a\u0644\u0642\u0627\u0626\u064a \u0641\u064a \u0627\u0644\u062a\u0631\u0643\u064a\u0628\u0627\u062a<\/li>\n<li>\u0645\u0639\u0627\u0644\u062c\u0629 \u0627\u0644\u0644\u0647\u0628 \u0627\u0644\u062a\u0644\u0642\u0627\u0626\u064a<\/li>\n<li>\u0627\u0644\u062a\u0641\u0631\u064a\u063a \u0627\u0644\u062a\u0644\u0642\u0627\u0626\u064a<\/li>\n<li>\u0645\u062c\u0641\u0641 \u0627\u0644\u0647\u0648\u0627\u0621 \u0627\u0644\u0633\u0627\u062e\u0646<\/li>\n<li>\u062a\u0631\u0643\u064a\u0628\u0627\u062a \u0645\u062a\u0639\u062f\u062f\u0629 \u0641\u064a 1<\/li>\n<li>\u0646\u0627\u0642\u0644 \u0639\u0645\u0648\u062f\u064a\u060c 22 \u0645\u062d\u0637\u0629<\/li>\n<\/ol>","protected":false},"featured_media":1690,"template":"","meta":{"_acf_changed":false,"_seopress_robots_primary_cat":"none","_seopress_titles_title":"","_seopress_titles_desc":"","_seopress_robots_index":""},"product_brand":[],"product_cat":[35],"product_tag":[75,77,76],"class_list":{"0":"post-1688","1":"product","2":"type-product","3":"status-publish","4":"has-post-thumbnail","6":"product_cat-auto-pad-printer","7":"product_tag-automatic","8":"product_tag-cap-printer","9":"product_tag-pad-printer","11":"first","12":"instock","13":"shipping-taxable","14":"product-type-simple"},"acf":[],"_links":{"self":[{"href":"https:\/\/apmprint.com\/ar\/wp-json\/wp\/v2\/product\/1688","targetHints":{"allow":["GET"]}}],"collection":[{"href":"https:\/\/apmprint.com\/ar\/wp-json\/wp\/v2\/product"}],"about":[{"href":"https:\/\/apmprint.com\/ar\/wp-json\/wp\/v2\/types\/product"}],"wp:featuredmedia":[{"embeddable":true,"href":"https:\/\/apmprint.com\/ar\/wp-json\/wp\/v2\/media\/1690"}],"wp:attachment":[{"href":"https:\/\/apmprint.com\/ar\/wp-json\/wp\/v2\/media?parent=1688"}],"wp:term":[{"taxonomy":"product_brand","embeddable":true,"href":"https:\/\/apmprint.com\/ar\/wp-json\/wp\/v2\/product_brand?post=1688"},{"taxonomy":"product_cat","embeddable":true,"href":"https:\/\/apmprint.com\/ar\/wp-json\/wp\/v2\/product_cat?post=1688"},{"taxonomy":"product_tag","embeddable":true,"href":"https:\/\/apmprint.com\/ar\/wp-json\/wp\/v2\/product_tag?post=1688"}],"curies":[{"name":"wp","href":"https:\/\/api.w.org\/{rel}","templated":true}]}}