{"id":1807,"date":"2023-12-21T08:24:37","date_gmt":"2023-12-21T08:24:37","guid":{"rendered":"https:\/\/apmprint.com\/?post_type=product&#038;p=1807"},"modified":"2023-12-21T08:36:35","modified_gmt":"2023-12-21T08:36:35","slug":"18-color-universal-auto-screen-printer-s102","status":"publish","type":"product","link":"https:\/\/apmprint.com\/ar\/product\/18-color-universal-auto-screen-printer-s102\/","title":{"rendered":"\u0637\u0627\u0628\u0639\u0629 \u0627\u0644\u0634\u0627\u0634\u0629 \u0627\u0644\u062a\u0644\u0642\u0627\u0626\u064a\u0629 \u0627\u0644\u0639\u0627\u0644\u0645\u064a\u0629 \u0627\u0644\u0645\u0644\u0648\u0646\u0629 1 ~ 8 \u0637\u0627\u0628\u0639\u0629 \u0627\u0644\u0634\u0627\u0634\u0629 \u0627\u0644\u062a\u0644\u0642\u0627\u0626\u064a\u0629 \u0627\u0644\u0639\u0627\u0644\u0645\u064a\u0629 S102"},"content":{"rendered":"<p><strong>\u0627\u0644\u062a\u0637\u0628\u064a\u0642:<\/strong><\/p>\n<p>\u062a\u0645 \u062a\u0635\u0645\u064a\u0645 \u0627\u0644\u0645\u0627\u0643\u064a\u0646\u0629 APM-S102 \u0644\u0644\u0632\u062e\u0631\u0641\u0629 \u0645\u062a\u0639\u062f\u062f\u0629 \u0627\u0644\u0623\u0644\u0648\u0627\u0646 \u0644\u0644\u0632\u062c\u0627\u062c\u0627\u062a \u0648\u0627\u0644\u0623\u0643\u0648\u0627\u0628 \u0648\u0627\u0644\u0623\u0643\u0648\u0627\u0628 \u0627\u0644\u0628\u0644\u0627\u0633\u062a\u064a\u0643\u064a\u0629 \u0648\u0627\u0644\u0632\u062c\u0627\u062c\u064a\u0629 \u0627\u0644\u0623\u0633\u0637\u0648\u0627\u0646\u064a\u0629\/\u0627\u0644\u0628\u064a\u0636\u0627\u0648\u064a\u0629\/\u0627\u0644\u0645\u0631\u0628\u0639\u0629 \u0648\u0627\u0644\u0623\u0646\u0627\u0628\u064a\u0628 \u0627\u0644\u0635\u0644\u0628\u0629 \u0628\u0633\u0631\u0639\u0627\u062a \u0625\u0646\u062a\u0627\u062c \u0639\u0627\u0644\u064a\u0629. \u0648\u0647\u064a \u0645\u0646\u0627\u0633\u0628\u0629 \u0644\u0637\u0628\u0627\u0639\u0629 \u0627\u0644\u0639\u0628\u0648\u0627\u062a \u0627\u0644\u0632\u062c\u0627\u062c\u064a\u0629 \u0648\u0627\u0644\u0628\u0644\u0627\u0633\u062a\u064a\u0643\u064a\u0629 \u0628\u062d\u0628\u0631 \u0627\u0644\u0623\u0634\u0639\u0629 \u0641\u0648\u0642 \u0627\u0644\u0628\u0646\u0641\u0633\u062c\u064a\u0629. \u062a\u062d\u062a\u0627\u062c \u0625\u0644\u0649 \u0646\u0642\u0637\u0629 \u062a\u0633\u062c\u064a\u0644 \u0644\u0637\u0628\u0627\u0639\u0629 \u0627\u0644\u0632\u062c\u0627\u062c\u0627\u062a \u0627\u0644\u0623\u0633\u0637\u0648\u0627\u0646\u064a\u0629 \u0645\u062a\u0639\u062f\u062f\u0629 \u0627\u0644\u0623\u0644\u0648\u0627\u0646.<\/p>\n<p>\u062a\u062c\u0639\u0644 \u0627\u0644\u0645\u0648\u062b\u0648\u0642\u064a\u0629 \u0648\u0627\u0644\u0633\u0631\u0639\u0629 \u0645\u0646 \u0627\u0644\u0645\u0627\u0643\u064a\u0646\u0629 S102 \u0645\u062b\u0627\u0644\u064a\u0629 \u0644\u0644\u0625\u0646\u062a\u0627\u062c \u062e\u0627\u0631\u062c \u0627\u0644\u062e\u0637 \u0623\u0648 \u0641\u064a \u0627\u0644\u062e\u0637 \u0639\u0644\u0649 \u0645\u062f\u0627\u0631 \u0627\u0644\u0633\u0627\u0639\u0629 \u0637\u0648\u0627\u0644 \u0623\u064a\u0627\u0645 \u0627\u0644\u0623\u0633\u0628\u0648\u0639.<\/p>\n<p>&nbsp;<\/p>\n<p><strong>\u0627\u0644\u0625\u062c\u0631\u0627\u0621:<\/strong><\/p>\n<p>\u0627\u0644\u062a\u062d\u0645\u064a\u0644 \u0627\u0644\u062a\u0644\u0642\u0627\u0626\u064a \u0639\u0644\u0649 \u0627\u0644\u062d\u0632\u0627\u0645 - \u0627\u0644\u0645\u0639\u0627\u0644\u062c\u0629 \u0628\u0627\u0644\u0644\u0647\u0628 - \u0627\u0644\u0637\u0628\u0627\u0639\u0629 - \u0627\u0644\u062a\u062c\u0641\u064a\u0641 \u0628\u0627\u0644\u0623\u0634\u0639\u0629 \u0641\u0648\u0642 \u0627\u0644\u0628\u0646\u0641\u0633\u062c\u064a\u0629 LED \u0623\u0648 \u0627\u0644\u062a\u062c\u0641\u064a\u0641 \u0628\u0627\u0644\u0623\u0634\u0639\u0629 \u0641\u0648\u0642 \u0627\u0644\u0628\u0646\u0641\u0633\u062c\u064a\u0629 \u0627\u0644\u0643\u0647\u0631\u0628\u0627\u0626\u064a\u0629 - \u0627\u0644\u062a\u0641\u0631\u064a\u063a \u0627\u0644\u062a\u0644\u0642\u0627\u0626\u064a<\/p>\n<p>&nbsp;<\/p>\n<p><strong>\u0627\u0644\u0628\u064a\u0627\u0646\u0627\u062a \u0627\u0644\u062a\u0642\u0646\u064a\u0629<\/strong><\/p>\n<table>\n<tbody>\n<tr>\n<td>\u0627\u0644\u0645\u0639\u0644\u0645\u0629 \\ \u0627\u0644\u0639\u0646\u0635\u0631<\/td>\n<td>\u0637\u0627\u0628\u0639\u0629 \u0627\u0644\u0634\u0627\u0634\u0629 \u0627\u0644\u0623\u0648\u062a\u0648\u0645\u0627\u062a\u064a\u0643\u064a\u0629 \u0627\u0644\u0645\u0644\u0648\u0646\u0629 S102 1-8 S102 1-8<\/td>\n<\/tr>\n<tr>\n<td><strong><b>\u0623\u0628\u0639\u0627\u062f \u0627\u0644\u0645\u0627\u0643\u064a\u0646\u0629:<\/b><\/strong><\/td>\n<td>&nbsp;<\/td>\n<\/tr>\n<tr>\n<td>\u0648\u062d\u062f\u0629 \u0627\u0644\u0637\u0628\u0627\u0639\u0629:<\/td>\n<td>1900 \u00d7 1200 \u00d7 1600 \u00d7 1600 \u0645\u0645<\/td>\n<\/tr>\n<tr>\n<td>\u0648\u062d\u062f\u0629 \u0627\u0644\u062a\u063a\u0630\u064a\u0629 (\u0627\u062e\u062a\u064a\u0627\u0631\u064a):<\/td>\n<td>3050 \u00d7 1300 \u00d7 1500 \u0645\u0645<\/td>\n<\/tr>\n<tr>\n<td>\u0648\u062d\u062f\u0629 \u0627\u0644\u062a\u0641\u0631\u064a\u063a (\u0627\u062e\u062a\u064a\u0627\u0631\u064a):<\/td>\n<td>1800 \u00d7 450 \u00d7 750 \u00d7 750 \u0645\u0645<\/td>\n<\/tr>\n<tr>\n<td>\u0627\u0644\u0637\u0627\u0642\u0629:<\/td>\n<td>380 \u0641\u0648\u0644\u062a 3 \u0645\u0631\u0627\u062d\u0644 50\/60 \u0647\u0631\u062a\u0632 6.5 \u0643\u064a\u0644\u0648 \u0648\u0627\u062a<\/td>\n<\/tr>\n<tr>\n<td>\u0627\u0633\u062a\u0647\u0644\u0627\u0643 \u0627\u0644\u0647\u0648\u0627\u0621<\/td>\n<td>5-7 \u0623\u0634\u0631\u0637\u0629<\/td>\n<\/tr>\n<tr>\n<td>&nbsp;<\/td>\n<td><strong><b>\u062d\u0627\u0648\u064a\u0629 \u0645\u0633\u062a\u062f\u064a\u0631\u0629<\/b><\/strong><\/td>\n<\/tr>\n<tr>\n<td>\u0642\u0637\u0631 \u0627\u0644\u0637\u0628\u0627\u0639\u0629:<\/td>\n<td>25-100 \u0645\u0645<\/td>\n<\/tr>\n<tr>\n<td>\u0637\u0648\u0644 \u0627\u0644\u0637\u0628\u0627\u0639\u0629:<\/td>\n<td>50-280 \u0645\u0645<\/td>\n<\/tr>\n<tr>\n<td>\u0633\u0631\u0639\u0629 \u0627\u0644\u0637\u0628\u0627\u0639\u0629 \u0627\u0644\u0642\u0635\u0648\u0649<\/td>\n<td>3000 \u0625\u0644\u0649 4000 \u0642\u0637\u0639\u0629\/\u0633\u0627\u0639\u0629<\/td>\n<\/tr>\n<tr>\n<td>&nbsp;<\/td>\n<td>\u00a0\u00a0\u00a0\u00a0\u00a0\u00a0\u00a0\u00a0\u00a0\u00a0<strong><b>O<\/b><\/strong><strong><b>\u062d\u0627\u0648\u064a\u0629 \u0641\u0627\u0644<\/b><\/strong><\/td>\n<\/tr>\n<tr>\n<td>\u0646\u0635\u0641 \u0642\u0637\u0631 \u0627\u0644\u0637\u0628\u0627\u0639\u0629:<\/td>\n<td>R20-R250 \u0645\u0645<\/td>\n<\/tr>\n<tr>\n<td>\u0639\u0631\u0636 \u0627\u0644\u0637\u0628\u0627\u0639\u0629<\/td>\n<td>40-100 \u0645\u0645<\/td>\n<\/tr>\n<tr>\n<td>\u0637\u0648\u0644 \u0627\u0644\u0637\u0628\u0627\u0639\u0629:<\/td>\n<td>30-280 \u0645\u0645<\/td>\n<\/tr>\n<tr>\n<td>\u0633\u0631\u0639\u0629 \u0627\u0644\u0637\u0628\u0627\u0639\u0629 \u0627\u0644\u0642\u0635\u0648\u0649:<\/td>\n<td>3000 \u0625\u0644\u0649 5000 \u0642\u0637\u0639\u0629\/\u0633\u0627\u0639\u0629<\/td>\n<\/tr>\n<tr>\n<td>&nbsp;<\/td>\n<td>\u00a0\u00a0\u00a0\u00a0\u00a0\u00a0\u00a0\u00a0\u00a0\u00a0\u00a0<strong><b>\u062d\u0627\u0648\u064a\u0629 \u0645\u0631\u0628\u0639\u0629<\/b><\/strong><\/td>\n<\/tr>\n<tr>\n<td>\u0627\u0644\u062d\u062f \u0627\u0644\u0623\u0642\u0635\u0649 \u0644\u0637\u0648\u0644 \u0627\u0644\u0637\u0628\u0627\u0639\u0629<\/td>\n<td>100-200 \u0645\u0645<\/td>\n<\/tr>\n<tr>\n<td>\u0623\u0642\u0635\u0649 \u0639\u0631\u0636 \u0644\u0644\u0637\u0628\u0627\u0639\u0629<\/td>\n<td>40-100 \u0645\u0645<\/td>\n<\/tr>\n<tr>\n<td>\u0633\u0631\u0639\u0629 \u0627\u0644\u0637\u0628\u0627\u0639\u0629 \u0627\u0644\u0642\u0635\u0648\u0649:<\/td>\n<td>3000 \u0625\u0644\u0649 4000 \u0642\u0637\u0639\u0629\/\u0633\u0627\u0639\u0629<\/td>\n<\/tr>\n<\/tbody>\n<\/table>\n<p>&nbsp;<\/p>\n<p><strong>\u0627\u0644\u0639\u064a\u0646\u0627\u062a:<\/strong><\/p>\n<p><img loading=\"lazy\" decoding=\"async\" class=\"size-full wp-image-1808\" src=\"http:\/\/apmprint.com\/wp-content\/uploads\/2023\/12\/s-23.jpg\" alt=\"1~8 color universal auto screen printer s102\" width=\"800\" height=\"631\" srcset=\"https:\/\/apmprint.com\/wp-content\/uploads\/2023\/12\/s-23.jpg 800w, https:\/\/apmprint.com\/wp-content\/uploads\/2023\/12\/s-23-300x237.jpg 300w, https:\/\/apmprint.com\/wp-content\/uploads\/2023\/12\/s-23-768x606.jpg 768w, https:\/\/apmprint.com\/wp-content\/uploads\/2023\/12\/s-23-15x12.jpg 15w, https:\/\/apmprint.com\/wp-content\/uploads\/2023\/12\/s-23-600x473.jpg 600w\" sizes=\"auto, (max-width: 800px) 100vw, 800px\" \/><\/p>\n<p>&nbsp;<\/p>","protected":false},"excerpt":{"rendered":"<p>\u0627\u0644\u0648\u0635\u0641 \u0627\u0644\u0639\u0627\u0645:<br \/>\n1- \u0646\u0638\u0627\u0645 \u0627\u0644\u062a\u062d\u0645\u064a\u0644 \u0627\u0644\u0623\u0648\u062a\u0648\u0645\u0627\u062a\u064a\u0643\u064a \u0627\u0644\u0645\u0632\u0648\u064e\u0651\u062f \u0628\u0633\u064a\u0631 (\u0627\u0644\u0645\u063a\u0630\u064a \u0628\u0627\u0644\u0648\u0639\u0627\u0621 \u0648\u0627\u0644\u0642\u0627\u062f\u0648\u0633 \u0627\u062e\u062a\u064a\u0627\u0631\u064a)<br \/>\n2- \u0645\u0639\u0627\u0644\u062c\u0629 \u0627\u0644\u0644\u0647\u0628 \u0627\u0644\u062a\u0644\u0642\u0627\u0626\u064a<br \/>\n3- \u0646\u0638\u0627\u0645 \u0646\u0642\u0644 \u0645\u062b\u0627\u0644\u064a. \u064a\u0645\u0631 \u0641\u0648\u0642 \u0627\u0644\u0632\u062c\u0627\u062c\u0627\u062a \u0628\u0633\u0631\u0639\u0629 \u0648\u0633\u0644\u0627\u0633\u0629.<br \/>\n4- \u062f\u0648\u0631\u0627\u0646 \u062a\u0644\u0642\u0627\u0626\u064a \u0628\u0632\u0627\u0648\u064a\u0629 180 \u062f\u0631\u062c\u0629 \u0644\u0644\u0632\u062c\u0627\u062c\u0627\u062a \u0627\u0644\u0628\u064a\u0636\u0627\u0648\u064a\u0629 \u0648\u0627\u0644\u0645\u0631\u0628\u0639\u0629<br \/>\n5- \u062a\u063a\u064a\u064a\u0631 \u0633\u0631\u064a\u0639 \u0648\u0633\u0647\u0644 \u0645\u0646 \u0645\u0646\u062a\u062c \u0625\u0644\u0649 \u0622\u062e\u0631.<br \/>\n6-\u0627\u0644\u062a\u062c\u0641\u064a\u0641 \u0627\u0644\u062a\u0644\u0642\u0627\u0626\u064a \u0628\u0627\u0644\u0623\u0634\u0639\u0629 \u0641\u0648\u0642 \u0627\u0644\u0628\u0646\u0641\u0633\u062c\u064a\u0629 \u0627\u0644\u0643\u0647\u0631\u0628\u0627\u0626\u064a\u0629 \u0623\u0648 \u0627\u0644\u062a\u062c\u0641\u064a\u0641 \u0628\u0627\u0644\u0623\u0634\u0639\u0629 \u0641\u0648\u0642 \u0627\u0644\u0628\u0646\u0641\u0633\u062c\u064a\u0629 LED.<br \/>\n7- \u062a\u062d\u0643\u0645 PLC \u0645\u0648\u062b\u0648\u0642 \u0628\u0647 \u0645\u0639 \u0634\u0627\u0634\u0629 \u0639\u0631\u0636 \u062a\u0639\u0645\u0644 \u0628\u0627\u0644\u0644\u0645\u0633<br \/>\n8- \u0627\u0644\u062a\u0641\u0631\u064a\u063a \u0627\u0644\u062a\u0644\u0642\u0627\u0626\u064a<br \/>\n9-\u0645\u0639\u064a\u0627\u0631 CE<\/p>","protected":false},"featured_media":1809,"template":"","meta":{"_acf_changed":false,"_seopress_robots_primary_cat":"none","_seopress_titles_title":"","_seopress_titles_desc":"","_seopress_robots_index":""},"product_brand":[],"product_cat":[31],"product_tag":[75,78],"class_list":{"0":"post-1807","1":"product","2":"type-product","3":"status-publish","4":"has-post-thumbnail","6":"product_cat-auto-screen-printer","7":"product_tag-automatic","8":"product_tag-screen-printer","10":"first","11":"instock","12":"shipping-taxable","13":"product-type-simple"},"acf":[],"_links":{"self":[{"href":"https:\/\/apmprint.com\/ar\/wp-json\/wp\/v2\/product\/1807","targetHints":{"allow":["GET"]}}],"collection":[{"href":"https:\/\/apmprint.com\/ar\/wp-json\/wp\/v2\/product"}],"about":[{"href":"https:\/\/apmprint.com\/ar\/wp-json\/wp\/v2\/types\/product"}],"wp:featuredmedia":[{"embeddable":true,"href":"https:\/\/apmprint.com\/ar\/wp-json\/wp\/v2\/media\/1809"}],"wp:attachment":[{"href":"https:\/\/apmprint.com\/ar\/wp-json\/wp\/v2\/media?parent=1807"}],"wp:term":[{"taxonomy":"product_brand","embeddable":true,"href":"https:\/\/apmprint.com\/ar\/wp-json\/wp\/v2\/product_brand?post=1807"},{"taxonomy":"product_cat","embeddable":true,"href":"https:\/\/apmprint.com\/ar\/wp-json\/wp\/v2\/product_cat?post=1807"},{"taxonomy":"product_tag","embeddable":true,"href":"https:\/\/apmprint.com\/ar\/wp-json\/wp\/v2\/product_tag?post=1807"}],"curies":[{"name":"wp","href":"https:\/\/api.w.org\/{rel}","templated":true}]}}