{"id":1906,"date":"2023-12-22T03:01:36","date_gmt":"2023-12-22T03:01:36","guid":{"rendered":"https:\/\/apmprint.com\/?post_type=product&#038;p=1906"},"modified":"2023-12-28T07:07:59","modified_gmt":"2023-12-28T07:07:59","slug":"ss90120-slanting-arms-screen-printer","status":"publish","type":"product","link":"https:\/\/apmprint.com\/ar\/product\/ss90120-slanting-arms-screen-printer\/","title":{"rendered":"\u0637\u0627\u0628\u0639\u0629 \u0627\u0644\u0634\u0627\u0634\u0629 SS90120 \u0630\u0627\u062a \u0627\u0644\u0623\u0630\u0631\u0639 \u0627\u0644\u0645\u0627\u0626\u0644\u0629 SS90120"},"content":{"rendered":"<p><strong>\u0627\u0644\u0648\u0635\u0641:<\/strong><\/p>\n<ol>\n<li>SMC\/Festo pneumatics<\/li>\n<li>\u062c\u062f\u0648\u0644 \u0636\u0628\u0637 XYR<\/li>\n<li>\u0631\u0623\u0633 \u0637\u0628\u0627\u0639\u0629 \u0645\u062f\u0641\u0648\u0639 \u0628\u0645\u062d\u0631\u0643 \u0628\u0645\u0648\u062c\u0647\u0627\u062a \u062e\u0637\u064a\u0629<\/li>\n<li>\u0646\u0638\u0627\u0645 \u062a\u0642\u0634\u064a\u0631 \u0627\u0644\u0634\u0628\u0643\u0629<\/li>\n<li>\u062a\u0634\u063a\u064a\u0644 \u0633\u0647\u0644 \u0648\u0644\u0648\u062d\u0629 \u0645\u0628\u0631\u0645\u062c\u0629 \u0628\u0634\u0643\u0644 \u062c\u064a\u062f<\/li>\n<li>\u062d\u0631\u0627\u0633\u0629 \u0622\u0645\u0646\u0629 \u0628\u0634\u0643\u0644 \u062c\u064a\u062f \u0645\u0639 CE.<\/li>\n<li>\u062a\u062d\u0643\u0645 PLC\u060c \u0634\u0627\u0634\u0629 \u0639\u0631\u0636 \u062a\u0639\u0645\u0644 \u0628\u0627\u0644\u0644\u0645\u0633 \u0627\u062e\u062a\u064a\u0627\u0631\u064a\u0629<\/li>\n<\/ol>\n<p>&nbsp;<\/p>\n<p><strong>\u0627\u0644\u0628\u064a\u0627\u0646\u0627\u062a \u0627\u0644\u062a\u0642\u0646\u064a\u0629<\/strong><\/p>\n<table>\n<tbody>\n<tr>\n<td width=\"51.9600%\">\u0627\u0644\u0645\u0639\u0644\u0645\u0629 \\ \u0627\u0644\u0639\u0646\u0635\u0631<\/td>\n<td width=\"48.0400%\">SS90120<\/td>\n<\/tr>\n<tr>\n<td width=\"51.9600%\">\u0627\u0644\u062d\u062f \u0627\u0644\u0623\u0642\u0635\u0649 \u0644\u062d\u062c\u0645 \u0627\u0644\u0625\u0637\u0627\u0631 \u0627\u0644\u0634\u0628\u0643\u064a (\u0645\u0645)<\/td>\n<td width=\"48.0400%\">1200*1600<\/td>\n<\/tr>\n<tr>\n<td width=\"51.9600%\">\u0627\u0644\u062d\u062f \u0627\u0644\u0623\u0642\u0635\u0649 \u0644\u0645\u0633\u0627\u062d\u0629 \u0627\u0644\u0637\u0628\u0627\u0639\u0629 (\u0627\u0644\u0639\u0631\u0636*\u0627\u0644\u0637\u0648\u0644\/\u0627\u0644\u0642\u0648\u0633)\u0645\u0645<\/td>\n<td width=\"48.0400%\">900*1200<\/td>\n<\/tr>\n<tr>\n<td width=\"51.9600%\">\u062d\u062c\u0645 \u0637\u0627\u0648\u0644\u0629 \u0627\u0644\u0639\u0645\u0644 (\u0645\u0645)<\/td>\n<td width=\"48.0400%\">1000*1400<\/td>\n<\/tr>\n<tr>\n<td width=\"51.9600%\">\u0627\u0644\u062d\u062f \u0627\u0644\u0623\u0642\u0635\u0649 \u0644\u0642\u0637\u0631\/\u0627\u0631\u062a\u0641\u0627\u0639 \u0627\u0644\u0631\u0643\u064a\u0632\u0629 (\u0645\u0645)<\/td>\n<td width=\"48.0400%\">30<\/td>\n<\/tr>\n<tr>\n<td width=\"51.9600%\">\u0627\u0644\u062d\u062f \u0627\u0644\u0623\u0642\u0635\u0649 \u0644\u0644\u0633\u0631\u0639\u0629: \u0642\u0637\u0639\u0629\/\u0633\u0627\u0639\u0629<\/td>\n<td width=\"48.0400%\">800<\/td>\n<\/tr>\n<tr>\n<td width=\"51.9600%\">\u0627\u0644\u0648\u0632\u0646 \u0627\u0644\u0635\u0627\u0641\u064a (\u0628\u0627\u0644\u0643\u064a\u0644\u0648\u063a\u0631\u0627\u0645\u0627\u062a)<\/td>\n<td width=\"48.0400%\">600<\/td>\n<\/tr>\n<tr>\n<td width=\"51.9600%\">\u0627\u0644\u0642\u064a\u0627\u0633 (\u0645\u0645)<\/td>\n<td width=\"48.0400%\">1400\u00d71900\u00d71900\u00d71300<\/td>\n<\/tr>\n<tr>\n<td width=\"51.9600%\">\u0627\u0644\u0637\u0627\u0642\u0629<\/td>\n<td width=\"48.0400%\">380 \u0641\u0648\u0644\u062a\u060c 50\/60 \u0647\u0631\u062a\u0632<\/td>\n<\/tr>\n<\/tbody>\n<\/table>\n<p>&nbsp;<\/p>\n<p><strong>\u0627\u0644\u0639\u064a\u0646\u0627\u062a:<\/strong><\/p>\n<p><img loading=\"lazy\" decoding=\"async\" class=\"size-full wp-image-1904\" src=\"http:\/\/apmprint.com\/wp-content\/uploads\/2023\/12\/s-36.jpg\" alt=\"ss6090 flat screen printer with slanting arms\" width=\"800\" height=\"800\" srcset=\"https:\/\/apmprint.com\/wp-content\/uploads\/2023\/12\/s-36.jpg 800w, https:\/\/apmprint.com\/wp-content\/uploads\/2023\/12\/s-36-300x300.jpg 300w, https:\/\/apmprint.com\/wp-content\/uploads\/2023\/12\/s-36-150x150.jpg 150w, https:\/\/apmprint.com\/wp-content\/uploads\/2023\/12\/s-36-768x768.jpg 768w, https:\/\/apmprint.com\/wp-content\/uploads\/2023\/12\/s-36-12x12.jpg 12w, https:\/\/apmprint.com\/wp-content\/uploads\/2023\/12\/s-36-600x600.jpg 600w, https:\/\/apmprint.com\/wp-content\/uploads\/2023\/12\/s-36-100x100.jpg 100w\" sizes=\"auto, (max-width: 800px) 100vw, 800px\" \/><\/p>","protected":false},"excerpt":{"rendered":"<p>Description: SMC\/Festo pneumatics XYR adjusting table Printing head driven by motor with linear guides Mesh peeled off system Easy operation and well programmed panel Well safety guarding with CE. PLC control, touch screen display optional &nbsp; Tech-data Parameter \\ Item SS90120 Max.\u00a0mesh\u00a0frame\u00a0size(mm) 1200*1600 Max.\u00a0printing\u00a0area(width*length\/arc)mm 900*1200 Worktable size (mm) 1000*1400 Max.\u00a0substrate\u00a0diameter\/height(mm) 30 Max.\u00a0speed:\u00a0pcs\/hr 800 Net.\u00a0weight (kgs) [&hellip;]<\/p>","protected":false},"featured_media":1907,"template":"","meta":{"_acf_changed":false,"_seopress_robots_primary_cat":"none","_seopress_titles_title":"","_seopress_titles_desc":"","_seopress_robots_index":""},"product_brand":[],"product_cat":[38],"product_tag":[78,70],"class_list":{"0":"post-1906","1":"product","2":"type-product","3":"status-publish","4":"has-post-thumbnail","6":"product_cat-semi-auto-screen-printer","7":"product_tag-screen-printer","8":"product_tag-semi-auto","10":"first","11":"instock","12":"shipping-taxable","13":"product-type-simple"},"acf":[],"_links":{"self":[{"href":"https:\/\/apmprint.com\/ar\/wp-json\/wp\/v2\/product\/1906","targetHints":{"allow":["GET"]}}],"collection":[{"href":"https:\/\/apmprint.com\/ar\/wp-json\/wp\/v2\/product"}],"about":[{"href":"https:\/\/apmprint.com\/ar\/wp-json\/wp\/v2\/types\/product"}],"wp:featuredmedia":[{"embeddable":true,"href":"https:\/\/apmprint.com\/ar\/wp-json\/wp\/v2\/media\/1907"}],"wp:attachment":[{"href":"https:\/\/apmprint.com\/ar\/wp-json\/wp\/v2\/media?parent=1906"}],"wp:term":[{"taxonomy":"product_brand","embeddable":true,"href":"https:\/\/apmprint.com\/ar\/wp-json\/wp\/v2\/product_brand?post=1906"},{"taxonomy":"product_cat","embeddable":true,"href":"https:\/\/apmprint.com\/ar\/wp-json\/wp\/v2\/product_cat?post=1906"},{"taxonomy":"product_tag","embeddable":true,"href":"https:\/\/apmprint.com\/ar\/wp-json\/wp\/v2\/product_tag?post=1906"}],"curies":[{"name":"wp","href":"https:\/\/api.w.org\/{rel}","templated":true}]}}