{"id":1437,"date":"2023-12-05T07:27:48","date_gmt":"2023-12-05T07:27:48","guid":{"rendered":"https:\/\/apmprint.com\/?post_type=product&#038;p=1437"},"modified":"2024-01-03T01:28:58","modified_gmt":"2024-01-03T01:28:58","slug":"cnc106-automatic-bottle-screen-printing-machine","status":"publish","type":"product","link":"https:\/\/apmprint.com\/de\/produkt\/cnc106-automatic-bottle-screen-printing-machine\/","title":{"rendered":"CNC106 Multifunktions-Kunststoffflaschen-Glasflaschen-Automatik-Siebdruckmaschine"},"content":{"rendered":"<p><strong><b>Anwendung:<\/b><\/strong><\/p>\n<p>Die CNC106 ist konzipiert f\u00fcr\u00a0<strong><b>alle Formen (rund, oval, quadratisch...) von Glas- und Kunststoffflaschen,<\/b><\/strong> Tassen, Becher Siebdruck und Hei\u00dfpr\u00e4gung bei hohen Produktionsgeschwindigkeiten. Haupts\u00e4chlich f\u00fcr den Druck von Weinflaschen verwendet. Es kann jede Form von Beh\u00e4ltern rundherum in einem Druck bedrucken. Sie eignet sich f\u00fcr den Druck von Glas- oder Kunststoffbeh\u00e4ltern mit UV- oder LED-Tinte. Der Servoantrieb und die hohe Geschwindigkeit machen die CNC106 ideal f\u00fcr die Offline- oder Inline-Produktion rund um die Uhr.<\/p>\n<figure id=\"attachment_1457\" aria-describedby=\"caption-attachment-1457\" style=\"width: 300px\" class=\"wp-caption alignnone\"><img loading=\"lazy\" decoding=\"async\" class=\"size-medium wp-image-1457\" src=\"http:\/\/apmprint.com\/wp-content\/uploads\/2023\/12\/bottle-printing-machine-300x208.jpg\" alt=\"cnc106 automatic bottle screen printing machine\" width=\"300\" height=\"208\" srcset=\"https:\/\/apmprint.com\/wp-content\/uploads\/2023\/12\/bottle-printing-machine-300x208.jpg 300w, https:\/\/apmprint.com\/wp-content\/uploads\/2023\/12\/bottle-printing-machine-1024x709.jpg 1024w, https:\/\/apmprint.com\/wp-content\/uploads\/2023\/12\/bottle-printing-machine-768x532.jpg 768w, https:\/\/apmprint.com\/wp-content\/uploads\/2023\/12\/bottle-printing-machine-1536x1063.jpg 1536w, https:\/\/apmprint.com\/wp-content\/uploads\/2023\/12\/bottle-printing-machine-2048x1418.jpg 2048w, https:\/\/apmprint.com\/wp-content\/uploads\/2023\/12\/bottle-printing-machine-18x12.jpg 18w, https:\/\/apmprint.com\/wp-content\/uploads\/2023\/12\/bottle-printing-machine-600x415.jpg 600w\" sizes=\"auto, (max-width: 300px) 100vw, 300px\" \/><figcaption id=\"caption-attachment-1457\" class=\"wp-caption-text\">Plastikflasche<\/figcaption><\/figure>\n<figure id=\"attachment_1460\" aria-describedby=\"caption-attachment-1460\" style=\"width: 300px\" class=\"wp-caption alignnone\"><img loading=\"lazy\" decoding=\"async\" class=\"size-medium wp-image-1460\" src=\"http:\/\/apmprint.com\/wp-content\/uploads\/2023\/12\/img_1791-300x200.jpg\" alt=\"cnc106 automatic bottle screen printing machine\" width=\"300\" height=\"200\" srcset=\"https:\/\/apmprint.com\/wp-content\/uploads\/2023\/12\/img_1791-300x200.jpg 300w, https:\/\/apmprint.com\/wp-content\/uploads\/2023\/12\/img_1791-1024x683.jpg 1024w, https:\/\/apmprint.com\/wp-content\/uploads\/2023\/12\/img_1791-768x512.jpg 768w, https:\/\/apmprint.com\/wp-content\/uploads\/2023\/12\/img_1791-1536x1024.jpg 1536w, https:\/\/apmprint.com\/wp-content\/uploads\/2023\/12\/img_1791-2048x1365.jpg 2048w, https:\/\/apmprint.com\/wp-content\/uploads\/2023\/12\/img_1791-18x12.jpg 18w, https:\/\/apmprint.com\/wp-content\/uploads\/2023\/12\/img_1791-600x400.jpg 600w\" sizes=\"auto, (max-width: 300px) 100vw, 300px\" \/><figcaption id=\"caption-attachment-1460\" class=\"wp-caption-text\">Glasflasche<\/figcaption><\/figure>\n<p><strong><b>Allgemeine Beschreibung:<\/b><\/strong><\/p>\n<p>1\uff0eAutomatisches Ladesystem mit mehrachsigem Servoroboter.<br \/>\n2\uff0eFlammenbehandlungssystem f\u00fcr gute Haftung.<br \/>\n3\uff0eIndexierungstabellensystem mit bester Genauigkeit.<br \/>\n4\uff0eAlle servogetriebenen Siebdrucker mit perfekter Genauigkeit<br \/>\n*Druckk\u00f6pfe werden von einem Servomotor angetrieben<br \/>\n*Maschenrahmen mit Servomotorantrieb<br \/>\n*Alle Vorrichtungen sind mit Servomotoren f\u00fcr die Rotation ausgestattet (keine Zahnr\u00e4der erforderlich, einfacher und schneller Produktwechsel)<br \/>\n5\uff0eSchneller und einfacher Wechsel von einem Produkt zum anderen. Alle Parameter automatisch Einstellung einfach in Touchscreen.<br \/>\n6\uff0eAlle Yaskawa-Servomotoren mit industrieller SPS-Steuerung und Touchscreen-Bedienungssystem, Internet-Kabelverbindung f\u00fcr k\u00fcnftige Wartung und Programm-Upgrade verf\u00fcgbar.<br \/>\n7\uff0eInflation an jeder Druckstation optional (f\u00fcr Siebdruck auf Weichplastikflaschen)<br \/>\n8\uff0eMehrfarbiger Siebdruck in 1 Prozess<br \/>\n9\uff0eAutomatische LED\/UV-Trocknung nach jedem Farbsiebdruck.<br \/>\n10\uff0eAutomatisches Entladen mit Servo-Roboter.<\/p>\n<p>11\uff0eGut gebautes Maschinenhaus mit CE-Standard-Sicherheitskonzept.<\/p>","protected":false},"excerpt":{"rendered":"<p>Servobetrieben, drucken mit unglaublicher Geschwindigkeit und Genauigkeit.<br \/>\nGeeignet f\u00fcr Beh\u00e4lter verschiedener Formen und Materialien.<br \/>\nAnpassbar an individuelle Bed\u00fcrfnisse.<br \/>\nRationalisieren Sie Ihren Produktionsprozess.<br \/>\nSicherheitskonzept mit CE-Zertifizierung.<\/p>\n<p>&nbsp;<\/p>","protected":false},"featured_media":1446,"template":"","meta":{"_acf_changed":false,"_seopress_robots_primary_cat":"none","_seopress_titles_title":"CNC106 Automatic Bottle Silk Screen Printing Machine ","_seopress_titles_desc":"CNC106\u00a0is\u00a0designed\u00a0for\u00a0all\u00a0shapes\u00a0(round,\u00a0oval,\u00a0square...)\u00a0of\u00a0glass\/plastic\u00a0bottles\u00a0,\u00a0cups,\u00a0mugs\u00a0screen\u00a0printing\u00a0and\u00a0hot\u00a0stamping\u00a0at\u00a0high\u00a0production\u00a0speeds.\u00a0","_seopress_robots_index":""},"product_brand":[],"product_cat":[29,32,33],"product_tag":[67],"class_list":{"0":"post-1437","1":"product","2":"type-product","3":"status-publish","4":"has-post-thumbnail","6":"product_cat-all-servo-printing-machine-cnc","7":"product_cat-auto-screen-print-hot-stamp","8":"product_cat-glass-bottle-printer","9":"product_tag-bottle-prinitng-machine","11":"first","12":"instock","13":"shipping-taxable","14":"product-type-simple"},"acf":[],"_links":{"self":[{"href":"https:\/\/apmprint.com\/de\/wp-json\/wp\/v2\/product\/1437","targetHints":{"allow":["GET"]}}],"collection":[{"href":"https:\/\/apmprint.com\/de\/wp-json\/wp\/v2\/product"}],"about":[{"href":"https:\/\/apmprint.com\/de\/wp-json\/wp\/v2\/types\/product"}],"wp:featuredmedia":[{"embeddable":true,"href":"https:\/\/apmprint.com\/de\/wp-json\/wp\/v2\/media\/1446"}],"wp:attachment":[{"href":"https:\/\/apmprint.com\/de\/wp-json\/wp\/v2\/media?parent=1437"}],"wp:term":[{"taxonomy":"product_brand","embeddable":true,"href":"https:\/\/apmprint.com\/de\/wp-json\/wp\/v2\/product_brand?post=1437"},{"taxonomy":"product_cat","embeddable":true,"href":"https:\/\/apmprint.com\/de\/wp-json\/wp\/v2\/product_cat?post=1437"},{"taxonomy":"product_tag","embeddable":true,"href":"https:\/\/apmprint.com\/de\/wp-json\/wp\/v2\/product_tag?post=1437"}],"curies":[{"name":"wp","href":"https:\/\/api.w.org\/{rel}","templated":true}]}}