{"id":1529,"date":"2023-12-20T06:48:09","date_gmt":"2023-12-20T06:48:09","guid":{"rendered":"https:\/\/apmprint.com\/?post_type=product&#038;p=1529"},"modified":"2023-12-20T06:52:33","modified_gmt":"2023-12-20T06:52:33","slug":"automatic-hot-foil-stamping-machine-for-bottle-cap-and-top","status":"publish","type":"product","link":"https:\/\/apmprint.com\/de\/produkt\/automatic-hot-foil-stamping-machine-for-bottle-cap-and-top\/","title":{"rendered":"H200CT"},"content":{"rendered":"<div class=\"d-tem04-title text-left d-interval\" data-detail=\"wrap\"><\/div>\n<p><iframe loading=\"lazy\" title=\"H200ct Hei\u00dfpr\u00e4gemaschine - f\u00fcr den Druck auf beiden Seiten und der Oberseite\" width=\"800\" height=\"450\" src=\"https:\/\/www.youtube.com\/embed\/fi7twSlnfxA?feature=oembed\" frameborder=\"0\" allow=\"accelerometer; autoplay; clipboard-write; encrypted-media; gyroscope; picture-in-picture; web-share\" allowfullscreen><\/iframe><\/p>\n<div class=\"d-tem04-title text-left d-interval\" data-detail=\"wrap\">\n<div class=\"h2 heading\"><strong>Anmeldung<\/strong><\/div>\n<\/div>\n<p>Perfekt f\u00fcr das gleichzeitige Hei\u00dfpr\u00e4gen von Texten, Mustern oder Linien auf die Oberseite und die Seite runder Verschl\u00fcsse, wie sie h\u00e4ufig bei Wein- und Kosmetikflaschenverschl\u00fcssen verwendet werden.<\/p>\n<div class=\"d-tem04-title text-left d-interval\" data-detail=\"wrap\">\n<div class=\"h2 heading\"><strong>Beschreibung<\/strong><\/div>\n<\/div>\n<p>1. Automatische Be- und Entladung System sparen Arbeitskosten erheblich.<\/p>\n<p>2. Funktionelle 16-Stationen-Maschine, automatische Vorbehandlung vor dem Stempeln.<\/p>\n<p>3. Zwei gleichzeitig arbeitende Pr\u00e4gestationen, eine f\u00fcr die Seitenpr\u00e4gung und die andere f\u00fcr die Oberpr\u00e4gung.<\/p>\n<p>4. Anwendung von Silikonplatte (Klischee) zu stempeln, Wickeln von hei\u00dfem Folienpapier automatisch.<\/p>\n<p>5. Nehmen Sie die erweiterte SPS-Steuerung, stabile Bewegung, Stanzen Druck gleichm\u00e4\u00dfig.<\/p>\n<p>6. Einfache Bedienung mit Touchscreen-Display.<\/p>\n<p>7. Geh\u00e4use mit T\u00fcrsensor, entsprechend den CE-Normen.<\/p>\n<p><strong>Details zur Maschine<\/strong><\/p>\n<p><img loading=\"lazy\" decoding=\"async\" class=\"size-large wp-image-1602\" src=\"http:\/\/apmprint.com\/wp-content\/uploads\/2023\/12\/hot-stamping-machine-for-bottle-cap-1-1020x1024.jpg\" alt=\"automatic hot foil stamping machine for bottle cap and top\" width=\"800\" height=\"803\" srcset=\"https:\/\/apmprint.com\/wp-content\/uploads\/2023\/12\/hot-stamping-machine-for-bottle-cap-1-1020x1024.jpg 1020w, https:\/\/apmprint.com\/wp-content\/uploads\/2023\/12\/hot-stamping-machine-for-bottle-cap-1-300x300.jpg 300w, https:\/\/apmprint.com\/wp-content\/uploads\/2023\/12\/hot-stamping-machine-for-bottle-cap-1-150x150.jpg 150w, https:\/\/apmprint.com\/wp-content\/uploads\/2023\/12\/hot-stamping-machine-for-bottle-cap-1-768x771.jpg 768w, https:\/\/apmprint.com\/wp-content\/uploads\/2023\/12\/hot-stamping-machine-for-bottle-cap-1-12x12.jpg 12w, https:\/\/apmprint.com\/wp-content\/uploads\/2023\/12\/hot-stamping-machine-for-bottle-cap-1-600x602.jpg 600w, https:\/\/apmprint.com\/wp-content\/uploads\/2023\/12\/hot-stamping-machine-for-bottle-cap-1-100x100.jpg 100w, https:\/\/apmprint.com\/wp-content\/uploads\/2023\/12\/hot-stamping-machine-for-bottle-cap-1.jpg 1103w\" sizes=\"auto, (max-width: 800px) 100vw, 800px\" \/><\/p>\n<p><strong>Technische Daten<\/strong><\/p>\n<table style=\"height: 246px;\" width=\"606\">\n<tbody>\n<tr>\n<td width=\"164\">Maximale Geschwindigkeit<\/td>\n<td width=\"201\">40~50 St\u00fcck\/Min.<\/td>\n<\/tr>\n<tr>\n<td width=\"164\">Produkt Dia.<\/td>\n<td width=\"201\">15-50mm<\/td>\n<\/tr>\n<tr>\n<td width=\"164\">L\u00e4nge<\/td>\n<td width=\"201\">20-80mm<\/td>\n<\/tr>\n<tr>\n<td width=\"164\">Luftdruck<\/td>\n<td width=\"201\">6-8bar<\/td>\n<\/tr>\n<tr>\n<td width=\"164\">Stromversorgung<\/td>\n<td width=\"201\">380V, 3P. 50\/60Hz<\/td>\n<\/tr>\n<\/tbody>\n<\/table>\n<p><strong>Proben<\/strong><\/p>\n<p><img loading=\"lazy\" decoding=\"async\" class=\"size-large wp-image-1627\" src=\"http:\/\/apmprint.com\/wp-content\/uploads\/2023\/12\/bottle-cap-printing-1024x682.jpg\" alt=\"automatic hot foil stamping machine for bottle cap and top\" width=\"800\" height=\"533\" srcset=\"https:\/\/apmprint.com\/wp-content\/uploads\/2023\/12\/bottle-cap-printing-1024x682.jpg 1024w, https:\/\/apmprint.com\/wp-content\/uploads\/2023\/12\/bottle-cap-printing-300x200.jpg 300w, https:\/\/apmprint.com\/wp-content\/uploads\/2023\/12\/bottle-cap-printing-768x511.jpg 768w, https:\/\/apmprint.com\/wp-content\/uploads\/2023\/12\/bottle-cap-printing-18x12.jpg 18w, https:\/\/apmprint.com\/wp-content\/uploads\/2023\/12\/bottle-cap-printing-600x400.jpg 600w, https:\/\/apmprint.com\/wp-content\/uploads\/2023\/12\/bottle-cap-printing.jpg 1332w\" sizes=\"auto, (max-width: 800px) 100vw, 800px\" \/><\/p>\n<p>&nbsp;<\/p>\n<p>&nbsp;<\/p>","protected":false},"excerpt":{"rendered":"<p>APM - H200CT Automatische Kappenstempelmaschine f\u00fcr Ober- und Unterseite ist f\u00fcr zylindrische Flaschenkappen konzipiert. Sie kann zum Stempeln der Ober- und Unterseite von Flaschenkappen in einem Prozess verwendet werden, was die Effizienz und den dekorativen Effekt des Hei\u00dfpr\u00e4gens stark erh\u00f6ht.<\/p>","protected":false},"featured_media":1594,"template":"","meta":{"_acf_changed":false,"_seopress_robots_primary_cat":"none","_seopress_titles_title":"Automatic hot stamping machine for bottle cap","_seopress_titles_desc":"","_seopress_robots_index":""},"product_brand":[],"product_cat":[64],"product_tag":[24],"class_list":{"0":"post-1529","1":"product","2":"type-product","3":"status-publish","4":"has-post-thumbnail","6":"product_cat-auto-hot-stamping-machine","7":"product_tag-caps-and-closures","9":"first","10":"instock","11":"shipping-taxable","12":"product-type-simple"},"acf":[],"_links":{"self":[{"href":"https:\/\/apmprint.com\/de\/wp-json\/wp\/v2\/product\/1529","targetHints":{"allow":["GET"]}}],"collection":[{"href":"https:\/\/apmprint.com\/de\/wp-json\/wp\/v2\/product"}],"about":[{"href":"https:\/\/apmprint.com\/de\/wp-json\/wp\/v2\/types\/product"}],"wp:featuredmedia":[{"embeddable":true,"href":"https:\/\/apmprint.com\/de\/wp-json\/wp\/v2\/media\/1594"}],"wp:attachment":[{"href":"https:\/\/apmprint.com\/de\/wp-json\/wp\/v2\/media?parent=1529"}],"wp:term":[{"taxonomy":"product_brand","embeddable":true,"href":"https:\/\/apmprint.com\/de\/wp-json\/wp\/v2\/product_brand?post=1529"},{"taxonomy":"product_cat","embeddable":true,"href":"https:\/\/apmprint.com\/de\/wp-json\/wp\/v2\/product_cat?post=1529"},{"taxonomy":"product_tag","embeddable":true,"href":"https:\/\/apmprint.com\/de\/wp-json\/wp\/v2\/product_tag?post=1529"}],"curies":[{"name":"wp","href":"https:\/\/api.w.org\/{rel}","templated":true}]}}