{"id":1549,"date":"2023-12-19T09:36:29","date_gmt":"2023-12-19T09:36:29","guid":{"rendered":"https:\/\/apmprint.com\/?post_type=product&#038;p=1549"},"modified":"2023-12-19T09:58:14","modified_gmt":"2023-12-19T09:58:14","slug":"c400-c1200-manual-cleaning-unit","status":"publish","type":"product","link":"https:\/\/apmprint.com\/de\/produkt\/c400-c1200-manual-cleaning-unit\/","title":{"rendered":"C400\/C1200 Manuelle Reinigungseinheit"},"content":{"rendered":"<p><strong>Beschreibung:<\/strong><\/p>\n<p>Die manuelle Reinigungseinheit dient der Reinigung von Klischees und anderem Zubeh\u00f6r vor dem Druck. Die Maschinen sind vollst\u00e4ndig aus rostfreiem Stahl gefertigt und verwenden Fl\u00fcssigwaschmittel. Der pneumatische Betrieb gew\u00e4hrleistet absolute Sicherheit.<br \/>\nDas fl\u00fcssige Reinigungsmittel wird mit Hilfe einer Membranpumpe und D\u00fcsen an den Seiten der Wanne unter hohem Druck in die Maschine gespr\u00fcht. Der Hochdruckspr\u00fchnebel sorgt f\u00fcr die Kraft, die die Wanne in Drehung versetzt.<br \/>\nDie Maschinen sind mit einem Druckregler, einer Spezialb\u00fcrste, Spezialhandschuhen und einem Filter ausgestattet, um eine schnelle und effiziente Reinigung zu gew\u00e4hrleisten.<\/p>\n<p><strong>Technische Daten:<\/strong><\/p>\n<table>\n<tbody>\n<tr>\n<td width=\"32.3600%\">Technische Daten<\/td>\n<td width=\"33.8200%\">C400<\/td>\n<td width=\"33.8200%\">C1200<\/td>\n<\/tr>\n<tr>\n<td width=\"32.3600%\">Innere Gr\u00f6\u00dfe<\/td>\n<td width=\"33.8200%\">380\u00d7290\u00d7300mm<\/td>\n<td width=\"33.8200%\">1200x300x300mm<\/td>\n<\/tr>\n<\/tbody>\n<\/table>\n<p>&nbsp;<\/p>","protected":false},"excerpt":{"rendered":"<p>Description: The manual cleaning unit is for cleaning clich\u00e9s and other accessories before printing. The machines are entirely constructed of stainless steel and use liquid detergent. Pneumatic operation ensures total safety. The liquid detergent is sprayed at high pressure into the machine by means of a diaphragm pump and nozzles located on the sides of [&hellip;]<\/p>","protected":false},"featured_media":1550,"template":"","meta":{"_acf_changed":false,"_seopress_robots_primary_cat":"none","_seopress_titles_title":"","_seopress_titles_desc":"","_seopress_robots_index":""},"product_brand":[],"product_cat":[48],"product_tag":[71],"class_list":{"0":"post-1549","1":"product","2":"type-product","3":"status-publish","4":"has-post-thumbnail","6":"product_cat-cleaning-unit","7":"product_tag-accessories","9":"first","10":"instock","11":"shipping-taxable","12":"product-type-simple"},"acf":[],"_links":{"self":[{"href":"https:\/\/apmprint.com\/de\/wp-json\/wp\/v2\/product\/1549","targetHints":{"allow":["GET"]}}],"collection":[{"href":"https:\/\/apmprint.com\/de\/wp-json\/wp\/v2\/product"}],"about":[{"href":"https:\/\/apmprint.com\/de\/wp-json\/wp\/v2\/types\/product"}],"wp:featuredmedia":[{"embeddable":true,"href":"https:\/\/apmprint.com\/de\/wp-json\/wp\/v2\/media\/1550"}],"wp:attachment":[{"href":"https:\/\/apmprint.com\/de\/wp-json\/wp\/v2\/media?parent=1549"}],"wp:term":[{"taxonomy":"product_brand","embeddable":true,"href":"https:\/\/apmprint.com\/de\/wp-json\/wp\/v2\/product_brand?post=1549"},{"taxonomy":"product_cat","embeddable":true,"href":"https:\/\/apmprint.com\/de\/wp-json\/wp\/v2\/product_cat?post=1549"},{"taxonomy":"product_tag","embeddable":true,"href":"https:\/\/apmprint.com\/de\/wp-json\/wp\/v2\/product_tag?post=1549"}],"curies":[{"name":"wp","href":"https:\/\/api.w.org\/{rel}","templated":true}]}}