{"id":1563,"date":"2023-12-19T10:07:39","date_gmt":"2023-12-19T10:07:39","guid":{"rendered":"https:\/\/apmprint.com\/?post_type=product&#038;p=1563"},"modified":"2023-12-19T10:09:58","modified_gmt":"2023-12-19T10:09:58","slug":"d1400-flat-round-oval-ir-dryer","status":"publish","type":"product","link":"https:\/\/apmprint.com\/de\/produkt\/d1400-flat-round-oval-ir-dryer\/","title":{"rendered":"D1400 Flach\/Rund\/Oval IR-Trockner"},"content":{"rendered":"<p><strong>Anwendung:<\/strong><\/p>\n<p>Geeignet f\u00fcr d\u00fcnne oder kleine Produkte, die l\u00e4ngere Zeit in einer gro\u00dfen Menge trocknen<\/p>\n<p>&nbsp;<\/p>\n<p><strong>Technische Daten:<\/strong><\/p>\n<table>\n<tbody>\n<tr>\n<td width=\"283\">Temperatur<\/td>\n<td width=\"284\">Raumtemperatur~200\u2103<\/td>\n<\/tr>\n<tr>\n<td width=\"283\">Leistung des L\u00fcftermotors<\/td>\n<td width=\"284\">0,75KW\/380V<\/td>\n<\/tr>\n<tr>\n<td width=\"283\">Leistung des Heizrohrs<\/td>\n<td width=\"284\">9KW<\/td>\n<\/tr>\n<tr>\n<td width=\"283\">Leistung der Maschine<\/td>\n<td width=\"284\">9.75KW<\/td>\n<\/tr>\n<tr>\n<td width=\"283\">Stromversorgung<\/td>\n<td width=\"284\">380V\/50HZ<\/td>\n<\/tr>\n<tr>\n<td width=\"283\">Innere Gr\u00f6\u00dfe<\/td>\n<td width=\"284\">900*750*1400<\/td>\n<\/tr>\n<\/tbody>\n<\/table>","protected":false},"excerpt":{"rendered":"<p><strong>Beschreibung:<\/strong><\/p>\n<ol>\n<li>Temperatur: Raumtemperatur bis 200 \u2103 einstellbar mit automatischem Alarm<\/li>\n<li>Temperaturtoleranz: +\/- 5 \u2103<\/li>\n<li>Edelstahl-Heizung oder Glaslampen optional<\/li>\n<li>Timer f\u00fcr automatische Temperatureinstellung<\/li>\n<li>15 Schichten von Edelstahlpaletten f\u00fcr die Mehrzwecktrocknung installiert<\/li>\n<\/ol>","protected":false},"featured_media":1564,"template":"","meta":{"_acf_changed":false,"_seopress_robots_primary_cat":"none","_seopress_titles_title":"","_seopress_titles_desc":"","_seopress_robots_index":""},"product_brand":[],"product_cat":[45],"product_tag":[71],"class_list":{"0":"post-1563","1":"product","2":"type-product","3":"status-publish","4":"has-post-thumbnail","6":"product_cat-drying-oven","7":"product_tag-accessories","9":"first","10":"instock","11":"shipping-taxable","12":"product-type-simple"},"acf":[],"_links":{"self":[{"href":"https:\/\/apmprint.com\/de\/wp-json\/wp\/v2\/product\/1563","targetHints":{"allow":["GET"]}}],"collection":[{"href":"https:\/\/apmprint.com\/de\/wp-json\/wp\/v2\/product"}],"about":[{"href":"https:\/\/apmprint.com\/de\/wp-json\/wp\/v2\/types\/product"}],"wp:featuredmedia":[{"embeddable":true,"href":"https:\/\/apmprint.com\/de\/wp-json\/wp\/v2\/media\/1564"}],"wp:attachment":[{"href":"https:\/\/apmprint.com\/de\/wp-json\/wp\/v2\/media?parent=1563"}],"wp:term":[{"taxonomy":"product_brand","embeddable":true,"href":"https:\/\/apmprint.com\/de\/wp-json\/wp\/v2\/product_brand?post=1563"},{"taxonomy":"product_cat","embeddable":true,"href":"https:\/\/apmprint.com\/de\/wp-json\/wp\/v2\/product_cat?post=1563"},{"taxonomy":"product_tag","embeddable":true,"href":"https:\/\/apmprint.com\/de\/wp-json\/wp\/v2\/product_tag?post=1563"}],"curies":[{"name":"wp","href":"https:\/\/api.w.org\/{rel}","templated":true}]}}