{"id":1570,"date":"2023-12-19T10:19:18","date_gmt":"2023-12-19T10:19:18","guid":{"rendered":"https:\/\/apmprint.com\/?post_type=product&#038;p=1570"},"modified":"2023-12-19T10:29:06","modified_gmt":"2023-12-19T10:29:06","slug":"ir-dryer-ds1000-dryer","status":"publish","type":"product","link":"https:\/\/apmprint.com\/de\/produkt\/ir-dryer-ds1000-dryer\/","title":{"rendered":"IR-Trockner DS1000 Trockner"},"content":{"rendered":"<p><strong>Anwendung:<\/strong><\/p>\n<p>Geeignet f\u00fcr h\u00f6here Anforderungen an die Trocknung f\u00fcr industrielle Kunden<\/p>\n<p>&nbsp;<\/p>\n<p><strong>Technische Daten:<\/strong><\/p>\n<table>\n<tbody>\n<tr>\n<td width=\"48.9000%\">Technische Daten<\/td>\n<td width=\"51.1000%\">DS1000 IR-Trockner<\/td>\n<\/tr>\n<tr>\n<td width=\"48.9000%\">L\u00e4nge der Trocknung<\/td>\n<td width=\"51.1000%\">1.5m<\/td>\n<\/tr>\n<tr>\n<td width=\"48.9000%\">Breite des Bandes<\/td>\n<td width=\"51.1000%\">1m<\/td>\n<\/tr>\n<tr>\n<td width=\"48.9000%\">H\u00f6he der Trocknung<\/td>\n<td width=\"51.1000%\">10-30cm<\/td>\n<\/tr>\n<tr>\n<td width=\"48.9000%\">Temperatur<\/td>\n<td width=\"51.1000%\">0~230\u00b0C einstellbar<\/td>\n<\/tr>\n<tr>\n<td width=\"48.9000%\">Geschwindigkeit<\/td>\n<td width=\"51.1000%\">10~100cm\/min einstellbar<\/td>\n<\/tr>\n<tr>\n<td width=\"48.9000%\">Strom<\/td>\n<td width=\"51.1000%\">8 KW, 380V<\/td>\n<\/tr>\n<\/tbody>\n<\/table>","protected":false},"excerpt":{"rendered":"<p><strong>Beschreibung:<\/strong><\/p>\n<ol>\n<li>Hocheffizientes Heizsystem mit IR-Lampen aus Glas.<\/li>\n<li>Luftzirkulation im Inneren des Tunnels.<\/li>\n<li>Geh\u00e4use und G\u00fcrtel aus Edelstahl mit seitlichen Verst\u00e4rkungen.<\/li>\n<li>Arbeitsh\u00f6he des Einlasses einstellbar<\/li>\n<li>Abluftsystem zur Abk\u00fchlung der Umgebungsluft<\/li>\n<\/ol>","protected":false},"featured_media":1578,"template":"","meta":{"_acf_changed":false,"_seopress_robots_primary_cat":"none","_seopress_titles_title":"","_seopress_titles_desc":"","_seopress_robots_index":""},"product_brand":[],"product_cat":[45],"product_tag":[71],"class_list":{"0":"post-1570","1":"product","2":"type-product","3":"status-publish","4":"has-post-thumbnail","6":"product_cat-drying-oven","7":"product_tag-accessories","9":"first","10":"instock","11":"shipping-taxable","12":"product-type-simple"},"acf":[],"_links":{"self":[{"href":"https:\/\/apmprint.com\/de\/wp-json\/wp\/v2\/product\/1570","targetHints":{"allow":["GET"]}}],"collection":[{"href":"https:\/\/apmprint.com\/de\/wp-json\/wp\/v2\/product"}],"about":[{"href":"https:\/\/apmprint.com\/de\/wp-json\/wp\/v2\/types\/product"}],"wp:featuredmedia":[{"embeddable":true,"href":"https:\/\/apmprint.com\/de\/wp-json\/wp\/v2\/media\/1578"}],"wp:attachment":[{"href":"https:\/\/apmprint.com\/de\/wp-json\/wp\/v2\/media?parent=1570"}],"wp:term":[{"taxonomy":"product_brand","embeddable":true,"href":"https:\/\/apmprint.com\/de\/wp-json\/wp\/v2\/product_brand?post=1570"},{"taxonomy":"product_cat","embeddable":true,"href":"https:\/\/apmprint.com\/de\/wp-json\/wp\/v2\/product_cat?post=1570"},{"taxonomy":"product_tag","embeddable":true,"href":"https:\/\/apmprint.com\/de\/wp-json\/wp\/v2\/product_tag?post=1570"}],"curies":[{"name":"wp","href":"https:\/\/api.w.org\/{rel}","templated":true}]}}