{"id":1572,"date":"2023-12-19T10:23:30","date_gmt":"2023-12-19T10:23:30","guid":{"rendered":"https:\/\/apmprint.com\/?post_type=product&#038;p=1572"},"modified":"2023-12-19T10:28:07","modified_gmt":"2023-12-19T10:28:07","slug":"e345d-exposing-unit","status":"publish","type":"product","link":"https:\/\/apmprint.com\/de\/produkt\/e345d-exposing-unit\/","title":{"rendered":"E345D Belichtungseinheit"},"content":{"rendered":"<p><strong>Beschreibung:<\/strong><\/p>\n<ol>\n<li>Installiert mit starkem Vakuum. Vakuumdruck sichtbar.<\/li>\n<li>Sofortiges Vakuum. Vakuum in 2 Sekunden beendet<\/li>\n<li>Hochwertige Philips-Lampe oder Lampe aus Deutschland, gleich und pr\u00e4zise<\/li>\n<\/ol>\n<p>Expositionsergebnis<\/p>\n<ol start=\"4\">\n<li>Einfache Timer-Einstellung und einfache Bedienung<\/li>\n<li>Sondergr\u00f6\u00dfen je nach Kundenanforderung erh\u00e4ltlich<\/li>\n<li>F\u00fcr die Herstellung von Photopolymerplatten und Stahlplatten.<\/li>\n<\/ol>\n<p>&nbsp;<\/p>\n<p><strong>Technische Daten:<\/strong><\/p>\n<table>\n<tbody>\n<tr>\n<td width=\"48.9000%\">Parameter<\/td>\n<td width=\"51.1000%\">E345D<\/td>\n<\/tr>\n<tr>\n<td width=\"48.9000%\">Max. Exponierte Fl\u00e4che<\/td>\n<td width=\"51.1000%\">400mm*250mm<\/td>\n<\/tr>\n<tr>\n<td width=\"48.9000%\">Stromversorgung<\/td>\n<td width=\"51.1000%\">220V\/110V<\/td>\n<\/tr>\n<tr>\n<td width=\"48.9000%\">Leistung der Lampe<\/td>\n<td width=\"51.1000%\">36W*6St\u00fcck<\/td>\n<\/tr>\n<tr>\n<td width=\"48.9000%\">Belichtungszeit<\/td>\n<td width=\"51.1000%\">10-50 Sekunden<\/td>\n<\/tr>\n<tr>\n<td width=\"48.9000%\">Packungsgr\u00f6\u00dfe<\/td>\n<td width=\"51.1000%\">540*390*420mm (L* B* H).<\/td>\n<\/tr>\n<\/tbody>\n<\/table>\n<p>&nbsp;<\/p>","protected":false},"excerpt":{"rendered":"<p>Description: Installed with powerful vacuum. Vacuum pressure visible. Instant vacuum. Vacuum finished in 2 seconds High quality Philips lamp or lamp from Germany, equal and precise exposing result Easy timer setting and easy operation Special size available according to customer requirement Used\u00a0for\u00a0making\u00a0photopolymer\u00a0plate,\u00a0steel\u00a0plate. &nbsp; Tech-data: Parameter E345D Max.\u00a0Exposing\u00a0Area 400mm*250mm Power\u00a0supply 220V\/110V Lamp\u00a0power 36W*6pcs Exposing\u00a0time 10-50\u00a0seconds Packing\u00a0Size [&hellip;]<\/p>","protected":false},"featured_media":1576,"template":"","meta":{"_acf_changed":false,"_seopress_robots_primary_cat":"none","_seopress_titles_title":"","_seopress_titles_desc":"","_seopress_robots_index":""},"product_brand":[],"product_cat":[46],"product_tag":[71],"class_list":{"0":"post-1572","1":"product","2":"type-product","3":"status-publish","4":"has-post-thumbnail","6":"product_cat-exposing-machine","7":"product_tag-accessories","9":"first","10":"instock","11":"shipping-taxable","12":"product-type-simple"},"acf":[],"_links":{"self":[{"href":"https:\/\/apmprint.com\/de\/wp-json\/wp\/v2\/product\/1572","targetHints":{"allow":["GET"]}}],"collection":[{"href":"https:\/\/apmprint.com\/de\/wp-json\/wp\/v2\/product"}],"about":[{"href":"https:\/\/apmprint.com\/de\/wp-json\/wp\/v2\/types\/product"}],"wp:featuredmedia":[{"embeddable":true,"href":"https:\/\/apmprint.com\/de\/wp-json\/wp\/v2\/media\/1576"}],"wp:attachment":[{"href":"https:\/\/apmprint.com\/de\/wp-json\/wp\/v2\/media?parent=1572"}],"wp:term":[{"taxonomy":"product_brand","embeddable":true,"href":"https:\/\/apmprint.com\/de\/wp-json\/wp\/v2\/product_brand?post=1572"},{"taxonomy":"product_cat","embeddable":true,"href":"https:\/\/apmprint.com\/de\/wp-json\/wp\/v2\/product_cat?post=1572"},{"taxonomy":"product_tag","embeddable":true,"href":"https:\/\/apmprint.com\/de\/wp-json\/wp\/v2\/product_tag?post=1572"}],"curies":[{"name":"wp","href":"https:\/\/api.w.org\/{rel}","templated":true}]}}