{"id":1580,"date":"2023-12-20T02:03:26","date_gmt":"2023-12-20T02:03:26","guid":{"rendered":"https:\/\/apmprint.com\/?post_type=product&#038;p=1580"},"modified":"2023-12-20T02:11:14","modified_gmt":"2023-12-20T02:11:14","slug":"f300-flame-treatment-machine","status":"publish","type":"product","link":"https:\/\/apmprint.com\/de\/produkt\/f300-flame-treatment-machine\/","title":{"rendered":"F300 Flammenbehandlungsmaschine"},"content":{"rendered":"<p><strong>Beschreibung:<\/strong><\/p>\n<ol>\n<li>Zwei Flammenbrenner.<\/li>\n<li>Die konischen Halterungen k\u00f6nnen entsprechend den verschiedenen Substraten ausgetauscht oder modifiziert werden.<\/li>\n<li>3. hochwertige Mikromotor in der elektrischen Steuerung, F\u00f6rdergeschwindigkeit ist einstellbar durch stufenlose<\/li>\n<li>4. automatische elektrische Z\u00fcndung, automatische Gasabschaltung, wenn keine Verbrennung<\/li>\n<li>5. stabile Struktur, hohe Qualit\u00e4t Brenner, einfache Bedienung.<\/li>\n<li>6. verwendet f\u00fcr PP, PE-Material, \u00e4ndern Sie den Charakter der Oberfl\u00e4che des Materials, verbessern Sie die Adh\u00e4sion von<\/li>\n<li>Das F\u00f6rderband wird angehalten, w\u00e4hrend das Produkt brennt. Das F\u00f6rderband bewegt sich Schritt f\u00fcr Schritt.<\/li>\n<li>Die Flammenbrenner werden durch eine Abdeckung gesch\u00fctzt, die der CE-Norm entspricht. Die Abdeckung wird wie das Video sein: https:\/\/www.youtube.com\/watch?v=A4BlSQ7cX1o<\/li>\n<li>PLC-Steuerung und Touchscreen-Display<\/li>\n<\/ol>\n<p>&nbsp;<\/p>\n<p><strong>T<\/strong><strong>ech-data:<\/strong><\/p>\n<p>&nbsp;<\/p>\n<table>\n<tbody>\n<tr>\n<td width=\"50.6400%\">Technische Daten<\/td>\n<td width=\"49.3600%\">F300<\/td>\n<\/tr>\n<tr>\n<td width=\"50.6400%\">Breite des F\u00f6rderbandes (mm)<\/td>\n<td width=\"49.3600%\">300mm<\/td>\n<\/tr>\n<tr>\n<td width=\"50.6400%\">Luftkompressionsdruck<\/td>\n<td width=\"49.3600%\">5bar<\/td>\n<\/tr>\n<tr>\n<td width=\"50.6400%\">Stromversorgung<\/td>\n<td width=\"49.3600%\">220V\/50Hz<\/td>\n<\/tr>\n<tr>\n<td width=\"50.6400%\">Geschwindigkeit des F\u00f6rderbandes<\/td>\n<td width=\"49.3600%\">0-10m\/min<\/td>\n<\/tr>\n<tr>\n<td width=\"50.6400%\">Gr\u00f6\u00dfe des F\u00f6rderbandes (L\u00e4nge*Breite)<\/td>\n<td width=\"49.3600%\">2400\u00d7465mm<\/td>\n<\/tr>\n<tr>\n<td width=\"50.6400%\">Nettogewicht<\/td>\n<td width=\"49.3600%\">200KG<\/td>\n<\/tr>\n<\/tbody>\n<\/table>\n<p>&nbsp;<\/p>\n<p><strong>Muster:<\/strong><\/p>\n<p><img loading=\"lazy\" decoding=\"async\" class=\"size-medium wp-image-1581\" src=\"http:\/\/apmprint.com\/wp-content\/uploads\/2023\/12\/c-300x300.jpg\" alt=\"e8010\/e1013 exposing unit (\u590d\u5236)\" width=\"300\" height=\"300\" srcset=\"https:\/\/apmprint.com\/wp-content\/uploads\/2023\/12\/c-300x300.jpg 300w, https:\/\/apmprint.com\/wp-content\/uploads\/2023\/12\/c-150x150.jpg 150w, https:\/\/apmprint.com\/wp-content\/uploads\/2023\/12\/c-768x768.jpg 768w, https:\/\/apmprint.com\/wp-content\/uploads\/2023\/12\/c-12x12.jpg 12w, https:\/\/apmprint.com\/wp-content\/uploads\/2023\/12\/c-600x600.jpg 600w, https:\/\/apmprint.com\/wp-content\/uploads\/2023\/12\/c-100x100.jpg 100w, https:\/\/apmprint.com\/wp-content\/uploads\/2023\/12\/c.jpg 800w\" sizes=\"auto, (max-width: 300px) 100vw, 300px\" \/><\/p>","protected":false},"excerpt":{"rendered":"<p>F300 Flammenbehandlungsmaschine f\u00fcr runde, ovale, quadratische, bedruckte Flaschen bereitet die Behandlung vor<\/p>","protected":false},"featured_media":1582,"template":"","meta":{"_acf_changed":false,"_seopress_robots_primary_cat":"none","_seopress_titles_title":"","_seopress_titles_desc":"","_seopress_robots_index":""},"product_brand":[],"product_cat":[44],"product_tag":[71],"class_list":{"0":"post-1580","1":"product","2":"type-product","3":"status-publish","4":"has-post-thumbnail","6":"product_cat-flame-treatment-machine","7":"product_tag-accessories","9":"first","10":"instock","11":"shipping-taxable","12":"product-type-simple"},"acf":[],"_links":{"self":[{"href":"https:\/\/apmprint.com\/de\/wp-json\/wp\/v2\/product\/1580","targetHints":{"allow":["GET"]}}],"collection":[{"href":"https:\/\/apmprint.com\/de\/wp-json\/wp\/v2\/product"}],"about":[{"href":"https:\/\/apmprint.com\/de\/wp-json\/wp\/v2\/types\/product"}],"wp:featuredmedia":[{"embeddable":true,"href":"https:\/\/apmprint.com\/de\/wp-json\/wp\/v2\/media\/1582"}],"wp:attachment":[{"href":"https:\/\/apmprint.com\/de\/wp-json\/wp\/v2\/media?parent=1580"}],"wp:term":[{"taxonomy":"product_brand","embeddable":true,"href":"https:\/\/apmprint.com\/de\/wp-json\/wp\/v2\/product_brand?post=1580"},{"taxonomy":"product_cat","embeddable":true,"href":"https:\/\/apmprint.com\/de\/wp-json\/wp\/v2\/product_cat?post=1580"},{"taxonomy":"product_tag","embeddable":true,"href":"https:\/\/apmprint.com\/de\/wp-json\/wp\/v2\/product_tag?post=1580"}],"curies":[{"name":"wp","href":"https:\/\/api.w.org\/{rel}","templated":true}]}}