{"id":1617,"date":"2023-12-20T06:10:57","date_gmt":"2023-12-20T06:10:57","guid":{"rendered":"https:\/\/apmprint.com\/?post_type=product&#038;p=1617"},"modified":"2023-12-20T06:17:29","modified_gmt":"2023-12-20T06:17:29","slug":"e8010-e1013-exposing-unit-%e5%a4%8d%e5%88%b6","status":"publish","type":"product","link":"https:\/\/apmprint.com\/de\/produkt\/e8010-e1013-exposing-unit-%e5%a4%8d%e5%88%b6\/","title":{"rendered":"WED6045S 3 in 1 Belichtungseinheit f\u00fcr Polymerplatten"},"content":{"rendered":"<p><strong>Beschreibung:<\/strong><\/p>\n<ol>\n<li>Belichten, Waschen, Trocknen - alles in 1 Einheit<\/li>\n<li>Automatische Reinigung mit spezieller weicher B\u00fcrste<\/li>\n<li>Automatische Trocknung<\/li>\n<li>Einfache Einstellung, einfache Bedienung<\/li>\n<li>Installiert mit Waschchemikalien- oder Wasserrecyclingsystem<\/li>\n<li>Importierte Philips-Lichtquelle mit stabilem Spektrum und ausgewogenem Druckeffekt.<\/li>\n<li>Japan Mitsubishi-Film<\/li>\n<li>Sorgf\u00e4ltig ausgew\u00e4hlte B\u00fcrste mit mittlerer H\u00e4rte.<\/li>\n<li>220-V-Stromversorgung, geringer Stromverbrauch, attraktives und praktisches Design, vollst\u00e4ndig aus rostfreiem Stahl gefertigt, langlebig und rostfrei.<\/li>\n<li>Kann f\u00fcr die Herstellung von Photopolymerplatten auf Metallbasis verwendet werden. (Magnetisch)<\/li>\n<\/ol>\n<p>&nbsp;<\/p>\n<p>Exposition<strong> Einheit aus rostfreiem K\u00f6rper-geeignet f\u00fcr Wasser und Alkohol waschen Polymer<\/strong><\/p>\n<table>\n<tbody>\n<tr>\n<td width=\"17.0600%\"><strong>\u00a0\u00a0Artikel<\/strong><\/td>\n<td width=\"26.0400%\"><strong>Belichtungsbereich (mm)<\/strong><strong><b>\u00a0<\/b><\/strong><\/td>\n<td width=\"27.4000%\"><strong>Messung (mm) <\/strong><\/td>\n<td width=\"13.4600%\"><strong>Lampen<\/strong><\/td>\n<td width=\"16.0400%\"><strong>Gesamtleistung<\/strong><\/td>\n<\/tr>\n<tr>\n<td width=\"17.0600%\">WED6045S<\/td>\n<td width=\"26.0400%\">\u00a0\u00a0\u00a0600\u00d7450<\/td>\n<td width=\"27.4000%\">810\u00d7730\u00d7990<\/td>\n<td width=\"13.4600%\">9x40w<\/td>\n<td width=\"16.0400%\">3,2 kW<\/td>\n<\/tr>\n<\/tbody>\n<\/table>\n<p>&nbsp;<\/p>\n<p>&nbsp;<\/p>\n<p><img loading=\"lazy\" decoding=\"async\" class=\"size-full wp-image-1619\" src=\"http:\/\/apmprint.com\/wp-content\/uploads\/2023\/12\/x.jpg\" alt=\"e8010\/e1013 exposing unit (\u590d\u5236)\" width=\"800\" height=\"183\" srcset=\"https:\/\/apmprint.com\/wp-content\/uploads\/2023\/12\/x.jpg 800w, https:\/\/apmprint.com\/wp-content\/uploads\/2023\/12\/x-300x69.jpg 300w, https:\/\/apmprint.com\/wp-content\/uploads\/2023\/12\/x-768x176.jpg 768w, https:\/\/apmprint.com\/wp-content\/uploads\/2023\/12\/x-18x4.jpg 18w, https:\/\/apmprint.com\/wp-content\/uploads\/2023\/12\/x-600x137.jpg 600w\" sizes=\"auto, (max-width: 800px) 100vw, 800px\" \/><\/p>","protected":false},"excerpt":{"rendered":"<p>Description: Exposing, washing, drying all in 1 unit Auto washing with special soft brush Auto drying Easy setting, easy operation Installed with washing chemical or water recycle system Imported Philips light source with stable spectrum and balanced printing-down effect. Japan Mitsubishi film Carefully selected brush with moderate hardness. 220 V power supply, less power consumption, [&hellip;]<\/p>","protected":false},"featured_media":1618,"template":"","meta":{"_acf_changed":false,"_seopress_robots_primary_cat":"none","_seopress_titles_title":"","_seopress_titles_desc":"","_seopress_robots_index":""},"product_brand":[],"product_cat":[46],"product_tag":[71],"class_list":{"0":"post-1617","1":"product","2":"type-product","3":"status-publish","4":"has-post-thumbnail","6":"product_cat-exposing-machine","7":"product_tag-accessories","9":"first","10":"instock","11":"shipping-taxable","12":"product-type-simple"},"acf":[],"_links":{"self":[{"href":"https:\/\/apmprint.com\/de\/wp-json\/wp\/v2\/product\/1617","targetHints":{"allow":["GET"]}}],"collection":[{"href":"https:\/\/apmprint.com\/de\/wp-json\/wp\/v2\/product"}],"about":[{"href":"https:\/\/apmprint.com\/de\/wp-json\/wp\/v2\/types\/product"}],"wp:featuredmedia":[{"embeddable":true,"href":"https:\/\/apmprint.com\/de\/wp-json\/wp\/v2\/media\/1618"}],"wp:attachment":[{"href":"https:\/\/apmprint.com\/de\/wp-json\/wp\/v2\/media?parent=1617"}],"wp:term":[{"taxonomy":"product_brand","embeddable":true,"href":"https:\/\/apmprint.com\/de\/wp-json\/wp\/v2\/product_brand?post=1617"},{"taxonomy":"product_cat","embeddable":true,"href":"https:\/\/apmprint.com\/de\/wp-json\/wp\/v2\/product_cat?post=1617"},{"taxonomy":"product_tag","embeddable":true,"href":"https:\/\/apmprint.com\/de\/wp-json\/wp\/v2\/product_tag?post=1617"}],"curies":[{"name":"wp","href":"https:\/\/api.w.org\/{rel}","templated":true}]}}