{"id":1621,"date":"2023-12-20T06:23:27","date_gmt":"2023-12-20T06:23:27","guid":{"rendered":"https:\/\/apmprint.com\/?post_type=product&#038;p=1621"},"modified":"2023-12-20T06:42:03","modified_gmt":"2023-12-20T06:42:03","slug":"apm-cnc102hr-all-servo-driven-hot-stamping-machine","status":"publish","type":"product","link":"https:\/\/apmprint.com\/de\/produkt\/apm-cnc102hr-all-servo-driven-hot-stamping-machine\/","title":{"rendered":"APM-CNC102HR Hei\u00dfpr\u00e4gemaschine mit Servoantrieb"},"content":{"rendered":"<p><strong>Anwendung:<\/strong><\/p>\n<p>Alle Formen von Glasflaschen, Tassen, Bechern. Es kann jede Form von Beh\u00e4ltern rundum in 1 Druck stempeln.<\/p>\n<p>&nbsp;<\/p>\n<p><strong>Optional: <\/strong><\/p>\n<p>Kamera-Vision-System, f\u00fcr zylindrische Produkte ohne Registrierungspunkt. Wiederholungsdruck in mehreren Farben.<\/p>\n<p><strong>\u00a0<\/strong><\/p>\n<p><strong>Technische Daten<\/strong><\/p>\n<table>\n<tbody>\n<tr>\n<td width=\"246\">Max. Geschwindigkeit<\/td>\n<td width=\"318\">20-30 St\u00fcck\/Min.<\/td>\n<\/tr>\n<tr>\n<td width=\"246\">Strom<\/td>\n<td width=\"318\">380V, 3P 50\/60Hz<\/td>\n<\/tr>\n<tr>\n<td width=\"246\">Luftzufuhr<\/td>\n<td width=\"318\">6-8Bar<\/td>\n<\/tr>\n<tr>\n<td width=\"246\"><strong>\u00a0<\/strong><\/td>\n<td width=\"318\"><strong>Runder Beh\u00e4lter<\/strong><\/td>\n<\/tr>\n<tr>\n<td width=\"246\">Druckdurchmesser.<\/td>\n<td width=\"318\">20-90mm<\/td>\n<\/tr>\n<tr>\n<td width=\"246\">Druckl\u00e4nge<\/td>\n<td width=\"318\">30-180mm<\/td>\n<\/tr>\n<tr>\n<td width=\"246\">&nbsp;<\/td>\n<td width=\"318\"><strong>Quadratischer\/unregelm\u00e4\u00dfiger Beh\u00e4lter<\/strong><\/td>\n<\/tr>\n<tr>\n<td width=\"246\">Druckbreite<\/td>\n<td width=\"318\">20-100mm<\/td>\n<\/tr>\n<tr>\n<td width=\"246\">Druckl\u00e4nge<\/td>\n<td width=\"318\">30-180mm<\/td>\n<\/tr>\n<\/tbody>\n<\/table>\n<p>&nbsp;<\/p>\n<p><strong>Muster:<\/strong><\/p>\n<p><img loading=\"lazy\" decoding=\"async\" class=\"size-full wp-image-1626\" src=\"http:\/\/apmprint.com\/wp-content\/uploads\/2023\/12\/s.jpg\" alt=\"apm cnc102hr all servo driven hot stamping machine\" width=\"800\" height=\"192\" srcset=\"https:\/\/apmprint.com\/wp-content\/uploads\/2023\/12\/s.jpg 800w, https:\/\/apmprint.com\/wp-content\/uploads\/2023\/12\/s-300x72.jpg 300w, https:\/\/apmprint.com\/wp-content\/uploads\/2023\/12\/s-768x184.jpg 768w, https:\/\/apmprint.com\/wp-content\/uploads\/2023\/12\/s-18x4.jpg 18w, https:\/\/apmprint.com\/wp-content\/uploads\/2023\/12\/s-600x144.jpg 600w\" sizes=\"auto, (max-width: 800px) 100vw, 800px\" \/><\/p>","protected":false},"excerpt":{"rendered":"<p><strong>Allgemeine Beschreibung\uff1a<\/strong><\/p>\n<ol>\n<li>Automatisches Ladeband<\/li>\n<li>Mechanische Registrierung<\/li>\n<li>Servomotor angetrieben: Vorregistrierung, Produkt drehen, Produkt links\/rechts bewegen, Produkt auf\/ab bewegen, Folie wickeln<\/li>\n<li>Mehrseitiger Druck in einem Arbeitsgang.<\/li>\n<li>Superschneller und einfacher Wechsel von einem Produkt zum anderen.<\/li>\n<li>Alle Parameter werden automatisch und einfach \u00fcber den Touchscreen eingestellt.<\/li>\n<li>Automatische Entladung mit Servo-Roboter. Stehende Entladung von Flaschen.<\/li>\n<li>Sicherheitsbetrieb mit CE.<\/li>\n<li>Wiederholungsdruck in mehreren Farben.<\/li>\n<\/ol>","protected":false},"featured_media":1622,"template":"","meta":{"_acf_changed":false,"_seopress_robots_primary_cat":"none","_seopress_titles_title":"","_seopress_titles_desc":"","_seopress_robots_index":""},"product_brand":[],"product_cat":[64],"product_tag":[75,74,69],"class_list":{"0":"post-1621","1":"product","2":"type-product","3":"status-publish","4":"has-post-thumbnail","6":"product_cat-auto-hot-stamping-machine","7":"product_tag-automatic","8":"product_tag-hot-stamping","9":"product_tag-servo","11":"first","12":"instock","13":"shipping-taxable","14":"product-type-simple"},"acf":[],"_links":{"self":[{"href":"https:\/\/apmprint.com\/de\/wp-json\/wp\/v2\/product\/1621","targetHints":{"allow":["GET"]}}],"collection":[{"href":"https:\/\/apmprint.com\/de\/wp-json\/wp\/v2\/product"}],"about":[{"href":"https:\/\/apmprint.com\/de\/wp-json\/wp\/v2\/types\/product"}],"wp:featuredmedia":[{"embeddable":true,"href":"https:\/\/apmprint.com\/de\/wp-json\/wp\/v2\/media\/1622"}],"wp:attachment":[{"href":"https:\/\/apmprint.com\/de\/wp-json\/wp\/v2\/media?parent=1621"}],"wp:term":[{"taxonomy":"product_brand","embeddable":true,"href":"https:\/\/apmprint.com\/de\/wp-json\/wp\/v2\/product_brand?post=1621"},{"taxonomy":"product_cat","embeddable":true,"href":"https:\/\/apmprint.com\/de\/wp-json\/wp\/v2\/product_cat?post=1621"},{"taxonomy":"product_tag","embeddable":true,"href":"https:\/\/apmprint.com\/de\/wp-json\/wp\/v2\/product_tag?post=1621"}],"curies":[{"name":"wp","href":"https:\/\/api.w.org\/{rel}","templated":true}]}}