{"id":1636,"date":"2023-12-20T06:56:54","date_gmt":"2023-12-20T06:56:54","guid":{"rendered":"https:\/\/apmprint.com\/?post_type=product&#038;p=1636"},"modified":"2023-12-20T07:48:51","modified_gmt":"2023-12-20T07:48:51","slug":"h1ctr-auto-hot-stamping-machine-for-full-cap-printing","status":"publish","type":"product","link":"https:\/\/apmprint.com\/de\/produkt\/h1ctr-auto-hot-stamping-machine-for-full-cap-printing\/","title":{"rendered":"H1CTR Automatische Hei\u00dfpr\u00e4gemaschine f\u00fcr Vollkappendruck"},"content":{"rendered":"<p><strong>Anwendung:<\/strong><\/p>\n<p>Der H1CTR ist f\u00fcr das Bedrucken von Kappenseiten, Kappen und Winkeln ausgelegt.<\/p>\n<p>&nbsp;<\/p>\n<p><strong>Technische Daten:<\/strong><\/p>\n<table>\n<tbody>\n<tr>\n<td width=\"35.2800%\">Modell<\/td>\n<td width=\"64.7200%\"><\/td>\n<\/tr>\n<tr>\n<td width=\"35.2800%\">Durchmesser der Stanzung<\/td>\n<td width=\"64.7200%\">20~80mm<\/td>\n<\/tr>\n<tr>\n<td width=\"35.2800%\">H\u00f6he der Stanzung<\/td>\n<td width=\"64.7200%\">10~50mm<\/td>\n<\/tr>\n<tr>\n<td width=\"35.2800%\">Max. Artikelh\u00f6he<\/td>\n<td width=\"64.7200%\">50mm<\/td>\n<\/tr>\n<tr>\n<td width=\"35.2800%\">Temperatur<\/td>\n<td width=\"64.7200%\">Raumtemperatur~280\u2103<\/td>\n<\/tr>\n<tr>\n<td width=\"35.2800%\">Stanzdruck<\/td>\n<td width=\"64.7200%\">\u2264500kgf<\/td>\n<\/tr>\n<tr>\n<td width=\"35.2800%\">Max. Stanzgeschwindigkeit<\/td>\n<td width=\"64.7200%\">20 St\u00fcck\/Min.<\/td>\n<\/tr>\n<tr>\n<td width=\"35.2800%\">Luftdruck<\/td>\n<td width=\"64.7200%\">6~7bar<\/td>\n<\/tr>\n<tr>\n<td width=\"35.2800%\">Stromversorgung<\/td>\n<td width=\"64.7200%\">380V 60Hz\/50Hz<\/td>\n<\/tr>\n<tr>\n<td width=\"35.2800%\">Heizleistung<\/td>\n<td width=\"64.7200%\">9kw<\/td>\n<\/tr>\n<tr>\n<td width=\"35.2800%\">Gewicht<\/td>\n<td width=\"64.7200%\">700kg<\/td>\n<\/tr>\n<\/tbody>\n<\/table>\n<p>&nbsp;<\/p>\n<p><strong>Muster:<\/strong><\/p>\n<p><img loading=\"lazy\" decoding=\"async\" class=\"size-full wp-image-1637\" src=\"http:\/\/apmprint.com\/wp-content\/uploads\/2023\/12\/s1.jpg\" alt=\"h1ctr auto hot stamping machine for full cap printing\" width=\"800\" height=\"800\" srcset=\"https:\/\/apmprint.com\/wp-content\/uploads\/2023\/12\/s1.jpg 800w, https:\/\/apmprint.com\/wp-content\/uploads\/2023\/12\/s1-300x300.jpg 300w, https:\/\/apmprint.com\/wp-content\/uploads\/2023\/12\/s1-150x150.jpg 150w, https:\/\/apmprint.com\/wp-content\/uploads\/2023\/12\/s1-768x768.jpg 768w, https:\/\/apmprint.com\/wp-content\/uploads\/2023\/12\/s1-12x12.jpg 12w, https:\/\/apmprint.com\/wp-content\/uploads\/2023\/12\/s1-600x600.jpg 600w, https:\/\/apmprint.com\/wp-content\/uploads\/2023\/12\/s1-100x100.jpg 100w\" sizes=\"auto, (max-width: 800px) 100vw, 800px\" \/><\/p>\n<p><img loading=\"lazy\" decoding=\"async\" class=\"size-full wp-image-1638\" src=\"http:\/\/apmprint.com\/wp-content\/uploads\/2023\/12\/s2-1.jpg\" alt=\"h1ctr auto hot stamping machine for full cap printing\" width=\"800\" height=\"800\" srcset=\"https:\/\/apmprint.com\/wp-content\/uploads\/2023\/12\/s2-1.jpg 800w, https:\/\/apmprint.com\/wp-content\/uploads\/2023\/12\/s2-1-300x300.jpg 300w, https:\/\/apmprint.com\/wp-content\/uploads\/2023\/12\/s2-1-150x150.jpg 150w, https:\/\/apmprint.com\/wp-content\/uploads\/2023\/12\/s2-1-768x768.jpg 768w, https:\/\/apmprint.com\/wp-content\/uploads\/2023\/12\/s2-1-12x12.jpg 12w, https:\/\/apmprint.com\/wp-content\/uploads\/2023\/12\/s2-1-600x600.jpg 600w, https:\/\/apmprint.com\/wp-content\/uploads\/2023\/12\/s2-1-100x100.jpg 100w\" sizes=\"auto, (max-width: 800px) 100vw, 800px\" \/><\/p>","protected":false},"excerpt":{"rendered":"<p><strong>Beschreibung<\/strong><strong>:<\/strong><\/p>\n<ol>\n<li>Automatisches Ladeband, automatische Zuf\u00fchrung optional, wenn Sie keine Angst vor Kratzern haben.<\/li>\n<li>Antistatische Staubreinigung vor dem Stanzen, andere Vorbehandlungen optional<\/li>\n<li>Kein Produkt kein Stempel<\/li>\n<li>Servoangetriebene Folienwickel- und Spannvorrichtungen rotieren, andere pneumatisch<\/li>\n<li>Gut gebautes Maschinenhaus mit CE-Anforderungen f\u00fcr eine sichere Produktion.<\/li>\n<li>Zuverl\u00e4ssige PLC-Steuerung mit Touchscreen-Display.<\/li>\n<\/ol>","protected":false},"featured_media":1657,"template":"","meta":{"_acf_changed":false,"_seopress_robots_primary_cat":"none","_seopress_titles_title":"","_seopress_titles_desc":"","_seopress_robots_index":""},"product_brand":[],"product_cat":[64],"product_tag":[75,74],"class_list":{"0":"post-1636","1":"product","2":"type-product","3":"status-publish","4":"has-post-thumbnail","6":"product_cat-auto-hot-stamping-machine","7":"product_tag-automatic","8":"product_tag-hot-stamping","10":"first","11":"instock","12":"shipping-taxable","13":"product-type-simple"},"acf":[],"_links":{"self":[{"href":"https:\/\/apmprint.com\/de\/wp-json\/wp\/v2\/product\/1636","targetHints":{"allow":["GET"]}}],"collection":[{"href":"https:\/\/apmprint.com\/de\/wp-json\/wp\/v2\/product"}],"about":[{"href":"https:\/\/apmprint.com\/de\/wp-json\/wp\/v2\/types\/product"}],"wp:featuredmedia":[{"embeddable":true,"href":"https:\/\/apmprint.com\/de\/wp-json\/wp\/v2\/media\/1657"}],"wp:attachment":[{"href":"https:\/\/apmprint.com\/de\/wp-json\/wp\/v2\/media?parent=1636"}],"wp:term":[{"taxonomy":"product_brand","embeddable":true,"href":"https:\/\/apmprint.com\/de\/wp-json\/wp\/v2\/product_brand?post=1636"},{"taxonomy":"product_cat","embeddable":true,"href":"https:\/\/apmprint.com\/de\/wp-json\/wp\/v2\/product_cat?post=1636"},{"taxonomy":"product_tag","embeddable":true,"href":"https:\/\/apmprint.com\/de\/wp-json\/wp\/v2\/product_tag?post=1636"}],"curies":[{"name":"wp","href":"https:\/\/api.w.org\/{rel}","templated":true}]}}