{"id":1643,"date":"2023-12-20T07:13:28","date_gmt":"2023-12-20T07:13:28","guid":{"rendered":"https:\/\/apmprint.com\/?post_type=product&#038;p=1643"},"modified":"2023-12-27T06:22:04","modified_gmt":"2023-12-27T06:22:04","slug":"h1s-automatic-one-station-hot-stamping-machine","status":"publish","type":"product","link":"https:\/\/apmprint.com\/de\/produkt\/h1s-automatic-one-station-hot-stamping-machine\/","title":{"rendered":"Vollautomatische Kappen-Hei\u00dfpr\u00e4gemaschine H1S"},"content":{"rendered":"<p>Um unsere Wettbewerbsf\u00e4higkeit auf dem Markt aufrechtzuerhalten, hat Shenzhen Hejia Automatic Printing Machine Co. unsere F&amp;E-Kapazit\u00e4ten gest\u00e4rkt, um den Fortschritt bei der Entwicklung neuer Produkte zu beschleunigen. Jetzt k\u00fcndigen wir an, dass wir unabh\u00e4ngig Flaschenverschluss Druckmaschine Parf\u00fcmflasche Siebdruck und Hei\u00dffolienpr\u00e4gung Maschine f\u00fcr Kunststoff-Glasflasche automatisch, die mehr wettbewerbsf\u00e4hig ist entwickelt haben. Verarbeitet durch aufwendige Handwerk, ist das Aussehen der Flasche Kappe Druckmaschine Parf\u00fcm Flasche Siebdruck und hei\u00dfe Folie Pr\u00e4gemaschine f\u00fcr Kunststoff-Glasflasche automatisch lebendig. Wir bieten eine Reihe von Design-Dienstleistungen, damit Sie genau das bekommen, was Sie wollen.<\/p>\n<div class=\"rich-text-table\">\n<table>\n<tbody>\n<tr class=\"firstRow\">\n<td>Garantie:<\/td>\n<td>1 Jahr, Ein Jahr<\/td>\n<td>Art:<\/td>\n<td>Sonstiges, Sonstiges<\/td>\n<\/tr>\n<tr>\n<td>Anwendbare Branchen:<\/td>\n<td>Verarbeitendes Gewerbe, Druckereien, Lebensmittel- und Getr\u00e4nkehandel, Sonstiges, Werbeunternehmen<\/td>\n<td>Standort des Ausstellungsraums:<\/td>\n<td>Vereinigte Staaten, Spanien<\/td>\n<\/tr>\n<tr>\n<td>Video-Ausgangsinspektion:<\/td>\n<td>Zur Verf\u00fcgung gestellt<\/td>\n<td>Maschinen-Testbericht:<\/td>\n<td>Zur Verf\u00fcgung gestellt<\/td>\n<\/tr>\n<tr>\n<td>Garantie f\u00fcr Kernkomponenten:<\/td>\n<td>1 Jahr<\/td>\n<td>Kernkomponenten:<\/td>\n<td>PLC, Motor, Lager, Getriebe, Motor, Druckbeh\u00e4lter, Getriebe, Pumpe<\/td>\n<\/tr>\n<tr>\n<td>Zustand:<\/td>\n<td>Neu<\/td>\n<td>Anwendung:<\/td>\n<td>Getr\u00e4nke, Maschinen und Hardware, Weinunternehmen oder Kosmetikunternehmen, Verschlussdruckmaschine<\/td>\n<\/tr>\n<tr>\n<td>Verpackungsart:<\/td>\n<td>Flaschen, Beh\u00e4lter, Verschl\u00fcsse<\/td>\n<td>Verpackungsmaterial:<\/td>\n<td>Holz<\/td>\n<\/tr>\n<tr>\n<td>Automatischer Grad:<\/td>\n<td>Automatisch<\/td>\n<td>Angetriebener Typ:<\/td>\n<td>Elektrisch<\/td>\n<\/tr>\n<tr>\n<td>Spannung:<\/td>\n<td>380V<\/td>\n<td>Macht:<\/td>\n<td>2,5KW<\/td>\n<\/tr>\n<tr>\n<td>Herkunftsort:<\/td>\n<td>Guangdong, China<\/td>\n<td>Markenname:<\/td>\n<td>APM<\/td>\n<\/tr>\n<tr>\n<td>Gewicht:<\/td>\n<td>500 KG<\/td>\n<td>Abmessung (L*B*H):<\/td>\n<td>2300*1400*2300MM<\/td>\n<\/tr>\n<tr>\n<td>Wichtigste Verkaufsargumente:<\/td>\n<td>Einfach zu bedienen<\/td>\n<td>Service nach dem Verkauf:<\/td>\n<td>Techniker f\u00fcr die Wartung von Maschinen in \u00dcbersee verf\u00fcgbar<\/td>\n<\/tr>\n<tr>\n<td>Farbe:<\/td>\n<td>Einzelfarbe<\/td>\n<td>Funktion:<\/td>\n<td>Stanzen<\/td>\n<\/tr>\n<tr>\n<td>Lokaler Service Standort:<\/td>\n<td>Vereinigte Staaten<\/td>\n<td>Zertifizierung:<\/td>\n<td>CE-Zertifikat<\/td>\n<\/tr>\n<tr>\n<td>Art der Vermarktung:<\/td>\n<td>Gew\u00f6hnliches Produkt<\/td>\n<td><\/td>\n<td><\/td>\n<\/tr>\n<\/tbody>\n<\/table>\n<\/div>\n<p>&nbsp;<\/p>\n<p><strong>Allgemeine Beschreibung\uff1a<\/strong><\/p>\n<ol>\n<li>Einstationen-Stempelmaschine<\/li>\n<li>Stempeln mit Klischees, nicht mit Rollen<\/li>\n<li>Automatisches Ladesystem wie im Bild gezeigt<\/li>\n<li>PLC-Steuerung und Touchscreen-Display<\/li>\n<li>Wird einen Verschluss zum Schlie\u00dfen des vorderen Druckteils machen<\/li>\n<\/ol>\n<p>&nbsp;<\/p>\n<p><strong>Anwendung:<\/strong><\/p>\n<p>Die Maschine ist speziell f\u00fcr die Pr\u00e4gung von zylindrischen Verschl\u00fcssen oder Flaschen konzipiert.<\/p>\n<p>&nbsp;<\/p>\n<p><strong><b>Technische Daten<\/b><\/strong><\/p>\n<table>\n<tbody>\n<tr>\n<td>Maximale Geschwindigkeit<\/td>\n<td>25~55St\u00fcck\/h<\/td>\n<\/tr>\n<tr>\n<td>Produkt Dia.<\/td>\n<td>15-50mm<\/td>\n<\/tr>\n<tr>\n<td>L\u00e4nge<\/td>\n<td>20-80mm<\/td>\n<\/tr>\n<tr>\n<td>Luftdruck<\/td>\n<td>6-8bar<\/td>\n<\/tr>\n<tr>\n<td>Stromversorgung<\/td>\n<td>380V, 3P. 50\/60Hz<\/td>\n<\/tr>\n<\/tbody>\n<\/table>\n<p>&nbsp;<\/p>\n<p><strong>Muster:<\/strong><\/p>\n<p><img loading=\"lazy\" decoding=\"async\" class=\"size-full wp-image-1649\" src=\"http:\/\/apmprint.com\/wp-content\/uploads\/2023\/12\/s3.jpg\" alt=\"h1s automatic one station hot stamping machine\" width=\"800\" height=\"800\" srcset=\"https:\/\/apmprint.com\/wp-content\/uploads\/2023\/12\/s3.jpg 800w, https:\/\/apmprint.com\/wp-content\/uploads\/2023\/12\/s3-300x300.jpg 300w, https:\/\/apmprint.com\/wp-content\/uploads\/2023\/12\/s3-150x150.jpg 150w, https:\/\/apmprint.com\/wp-content\/uploads\/2023\/12\/s3-768x768.jpg 768w, https:\/\/apmprint.com\/wp-content\/uploads\/2023\/12\/s3-12x12.jpg 12w, https:\/\/apmprint.com\/wp-content\/uploads\/2023\/12\/s3-600x600.jpg 600w, https:\/\/apmprint.com\/wp-content\/uploads\/2023\/12\/s3-100x100.jpg 100w\" sizes=\"auto, (max-width: 800px) 100vw, 800px\" \/><\/p>\n<p><img loading=\"lazy\" decoding=\"async\" class=\"size-full wp-image-1967\" src=\"http:\/\/apmprint.com\/wp-content\/uploads\/2023\/12\/\u4ecb\u7ecd1.jpg\" alt=\"ss106 2 color automatic printing machine\" width=\"750\" height=\"1500\" srcset=\"https:\/\/apmprint.com\/wp-content\/uploads\/2023\/12\/\u4ecb\u7ecd1.jpg 750w, https:\/\/apmprint.com\/wp-content\/uploads\/2023\/12\/\u4ecb\u7ecd1-150x300.jpg 150w, https:\/\/apmprint.com\/wp-content\/uploads\/2023\/12\/\u4ecb\u7ecd1-512x1024.jpg 512w, https:\/\/apmprint.com\/wp-content\/uploads\/2023\/12\/\u4ecb\u7ecd1-6x12.jpg 6w, https:\/\/apmprint.com\/wp-content\/uploads\/2023\/12\/\u4ecb\u7ecd1-600x1200.jpg 600w\" sizes=\"auto, (max-width: 750px) 100vw, 750px\" \/><\/p>\n<p><img loading=\"lazy\" decoding=\"async\" class=\"size-full wp-image-1968\" src=\"http:\/\/apmprint.com\/wp-content\/uploads\/2023\/12\/\u4ecb\u7ecd2.jpg\" alt=\"ss106 2 color automatic printing machine\" width=\"750\" height=\"1020\" srcset=\"https:\/\/apmprint.com\/wp-content\/uploads\/2023\/12\/\u4ecb\u7ecd2.jpg 750w, https:\/\/apmprint.com\/wp-content\/uploads\/2023\/12\/\u4ecb\u7ecd2-221x300.jpg 221w, https:\/\/apmprint.com\/wp-content\/uploads\/2023\/12\/\u4ecb\u7ecd2-9x12.jpg 9w, https:\/\/apmprint.com\/wp-content\/uploads\/2023\/12\/\u4ecb\u7ecd2-600x816.jpg 600w\" sizes=\"auto, (max-width: 750px) 100vw, 750px\" \/><\/p>\n<p><img loading=\"lazy\" decoding=\"async\" class=\"size-full wp-image-1969\" src=\"http:\/\/apmprint.com\/wp-content\/uploads\/2023\/12\/\u4ecb\u7ecd3.jpg\" alt=\"ss106 2 color automatic printing machine\" width=\"750\" height=\"1072\" srcset=\"https:\/\/apmprint.com\/wp-content\/uploads\/2023\/12\/\u4ecb\u7ecd3.jpg 750w, https:\/\/apmprint.com\/wp-content\/uploads\/2023\/12\/\u4ecb\u7ecd3-210x300.jpg 210w, https:\/\/apmprint.com\/wp-content\/uploads\/2023\/12\/\u4ecb\u7ecd3-716x1024.jpg 716w, https:\/\/apmprint.com\/wp-content\/uploads\/2023\/12\/\u4ecb\u7ecd3-8x12.jpg 8w, https:\/\/apmprint.com\/wp-content\/uploads\/2023\/12\/\u4ecb\u7ecd3-600x858.jpg 600w\" sizes=\"auto, (max-width: 750px) 100vw, 750px\" \/><\/p>","protected":false},"excerpt":{"rendered":"<p>Die Technologien wurden aufger\u00fcstet, um sich an die sich schnell \u00e4ndernden Bed\u00fcrfnisse des wettbewerbsorientierten Marktes anzupassen. Da die Fertigungstechnologien voran, die Leistung der fertigen H1S automatische eine Station runde Kappe Druckmaschine Kunststoff kosmetische Kappe hei\u00dfe Pr\u00e4gung machinery.it hat eine enorme Wirkung auf das Feld (s) der Hitze-Presse-Maschinen verbessert worden.<\/p>\n<p>&nbsp;<\/p>\n<p><strong><b>Modellnummer: <\/b><\/strong>H1S<\/p>\n<p><strong><b>Versand<\/b><\/strong>: Express-Seefracht \/ Landfracht \/ Luftfracht<\/p>\n<p><strong><b>Personalisierung<\/b><\/strong>: Kundenspezifisches Logo (Mindestbestellmenge: 5 Sets) , Kundenspezifische Verpackung (Mindestbestellmenge: 5 Sets) , Grafikanpassung (Mindestbestellmenge: 5 Sets)<\/p>","protected":false},"featured_media":1977,"template":"","meta":{"_acf_changed":false,"_seopress_robots_primary_cat":"none","_seopress_titles_title":"","_seopress_titles_desc":"","_seopress_robots_index":""},"product_brand":[],"product_cat":[64],"product_tag":[75,24,74],"class_list":{"0":"post-1643","1":"product","2":"type-product","3":"status-publish","4":"has-post-thumbnail","6":"product_cat-auto-hot-stamping-machine","7":"product_tag-automatic","8":"product_tag-caps-and-closures","9":"product_tag-hot-stamping","11":"first","12":"instock","13":"shipping-taxable","14":"product-type-simple"},"acf":[],"_links":{"self":[{"href":"https:\/\/apmprint.com\/de\/wp-json\/wp\/v2\/product\/1643","targetHints":{"allow":["GET"]}}],"collection":[{"href":"https:\/\/apmprint.com\/de\/wp-json\/wp\/v2\/product"}],"about":[{"href":"https:\/\/apmprint.com\/de\/wp-json\/wp\/v2\/types\/product"}],"wp:featuredmedia":[{"embeddable":true,"href":"https:\/\/apmprint.com\/de\/wp-json\/wp\/v2\/media\/1977"}],"wp:attachment":[{"href":"https:\/\/apmprint.com\/de\/wp-json\/wp\/v2\/media?parent=1643"}],"wp:term":[{"taxonomy":"product_brand","embeddable":true,"href":"https:\/\/apmprint.com\/de\/wp-json\/wp\/v2\/product_brand?post=1643"},{"taxonomy":"product_cat","embeddable":true,"href":"https:\/\/apmprint.com\/de\/wp-json\/wp\/v2\/product_cat?post=1643"},{"taxonomy":"product_tag","embeddable":true,"href":"https:\/\/apmprint.com\/de\/wp-json\/wp\/v2\/product_tag?post=1643"}],"curies":[{"name":"wp","href":"https:\/\/api.w.org\/{rel}","templated":true}]}}