{"id":1654,"date":"2023-12-20T07:34:35","date_gmt":"2023-12-20T07:34:35","guid":{"rendered":"https:\/\/apmprint.com\/?post_type=product&#038;p=1654"},"modified":"2023-12-20T07:46:38","modified_gmt":"2023-12-20T07:46:38","slug":"h108b-heat-transfer-machine-for-buckets","status":"publish","type":"product","link":"https:\/\/apmprint.com\/de\/produkt\/h108b-heat-transfer-machine-for-buckets\/","title":{"rendered":"H108B W\u00e4rme\u00fcbertragungsmaschine f\u00fcr Eimer"},"content":{"rendered":"<p><strong>Beschreibung:<\/strong><\/p>\n<p>Einfache Einstellung des Druckwinkels.<\/p>\n<p>Einfache Bedienung, automatische Erkennung und Eingabe verschiedener Parameter auf dem Touchscreen<\/p>\n<p>kann automatisch W\u00e4rme \u00fcbertragen.<\/p>\n<p>&nbsp;<\/p>\n<p><strong>Technische Daten<\/strong><\/p>\n<table>\n<tbody>\n<tr>\n<td width=\"55.0000%\">Technische Daten<\/td>\n<td width=\"44.9800%\">H108B<\/td>\n<\/tr>\n<tr>\n<td width=\"55.0000%\">Max. Gr\u00f6\u00dfe der W\u00e4rme\u00fcbertragung<\/td>\n<td width=\"44.9800%\">26*108cm<\/td>\n<\/tr>\n<tr>\n<td width=\"55.0000%\">Max. Druckgeschwindigkeit<\/td>\n<td width=\"44.9800%\">8 St\u00fcck\/Min.<\/td>\n<\/tr>\n<tr>\n<td width=\"55.0000%\">Strom<\/td>\n<td width=\"44.9800%\">380V, 50\/60HZ, 4KW<\/td>\n<\/tr>\n<tr>\n<td width=\"55.0000%\">Max. Betriebsluftdruck<\/td>\n<td width=\"44.9800%\">0.4-0.6Mpa<\/td>\n<\/tr>\n<tr>\n<td width=\"55.0000%\">Heizungs\u00fcbergangstemperatur<\/td>\n<td width=\"44.9800%\">0~300\u2103<\/td>\n<\/tr>\n<tr>\n<td width=\"55.0000%\">Verbindungstoleranz nach oben\/unten<\/td>\n<td width=\"44.9800%\">\u22642mm<\/td>\n<\/tr>\n<tr>\n<td width=\"55.0000%\">360-Grad-\u00dcberlappung Pr\u00e4zision<\/td>\n<td width=\"44.9800%\">\u22642mm<\/td>\n<\/tr>\n<tr>\n<td width=\"55.0000%\">Dimension<\/td>\n<td width=\"44.9800%\">135*100*210cm(l*b*h)<\/td>\n<\/tr>\n<tr>\n<td width=\"55.0000%\">Nettogewicht<\/td>\n<td width=\"44.9800%\">600kg<\/td>\n<\/tr>\n<\/tbody>\n<\/table>\n<p>&nbsp;<\/p>\n<p><strong>Muster:<\/strong><\/p>\n<figure id=\"attachment_1655\" aria-describedby=\"caption-attachment-1655\" style=\"width: 800px\" class=\"wp-caption alignnone\"><img loading=\"lazy\" decoding=\"async\" class=\"size-full wp-image-1655\" src=\"http:\/\/apmprint.com\/wp-content\/uploads\/2023\/12\/s1-2.jpg\" alt=\"h108b heat transfer machine for buckets\" width=\"800\" height=\"533\" srcset=\"https:\/\/apmprint.com\/wp-content\/uploads\/2023\/12\/s1-2.jpg 800w, https:\/\/apmprint.com\/wp-content\/uploads\/2023\/12\/s1-2-300x200.jpg 300w, https:\/\/apmprint.com\/wp-content\/uploads\/2023\/12\/s1-2-768x512.jpg 768w, https:\/\/apmprint.com\/wp-content\/uploads\/2023\/12\/s1-2-18x12.jpg 18w, https:\/\/apmprint.com\/wp-content\/uploads\/2023\/12\/s1-2-600x400.jpg 600w\" sizes=\"auto, (max-width: 800px) 100vw, 800px\" \/><figcaption id=\"caption-attachment-1655\" class=\"wp-caption-text\">h108b W\u00e4rme\u00fcbertragungsmaschine f\u00fcr Eimer<\/figcaption><\/figure>\n<p>&nbsp;<\/p>","protected":false},"excerpt":{"rendered":"<p>Description: Easy set the printing angle. Easy operation, auto detect then input several parameter into touch screen then can heat transfer automatically. &nbsp; Tech-data Tech-data H108B Max.\u00a0heating transfer size 26*108cm Max. printing speed 8pcs\/min Power 380V, 50\/60HZ, 4KW Max.\u00a0working air pressure 0.4-0.6Mpa Heating transfer temperature 0~300\u2103 Up\/down connecting tolerance \u22642mm 360 degree overlap precision \u22642mm [&hellip;]<\/p>","protected":false},"featured_media":1656,"template":"","meta":{"_acf_changed":false,"_seopress_robots_primary_cat":"none","_seopress_titles_title":"","_seopress_titles_desc":"","_seopress_robots_index":""},"product_brand":[],"product_cat":[64],"product_tag":[75,74],"class_list":{"0":"post-1654","1":"product","2":"type-product","3":"status-publish","4":"has-post-thumbnail","6":"product_cat-auto-hot-stamping-machine","7":"product_tag-automatic","8":"product_tag-hot-stamping","10":"first","11":"instock","12":"shipping-taxable","13":"product-type-simple"},"acf":[],"_links":{"self":[{"href":"https:\/\/apmprint.com\/de\/wp-json\/wp\/v2\/product\/1654","targetHints":{"allow":["GET"]}}],"collection":[{"href":"https:\/\/apmprint.com\/de\/wp-json\/wp\/v2\/product"}],"about":[{"href":"https:\/\/apmprint.com\/de\/wp-json\/wp\/v2\/types\/product"}],"wp:featuredmedia":[{"embeddable":true,"href":"https:\/\/apmprint.com\/de\/wp-json\/wp\/v2\/media\/1656"}],"wp:attachment":[{"href":"https:\/\/apmprint.com\/de\/wp-json\/wp\/v2\/media?parent=1654"}],"wp:term":[{"taxonomy":"product_brand","embeddable":true,"href":"https:\/\/apmprint.com\/de\/wp-json\/wp\/v2\/product_brand?post=1654"},{"taxonomy":"product_cat","embeddable":true,"href":"https:\/\/apmprint.com\/de\/wp-json\/wp\/v2\/product_cat?post=1654"},{"taxonomy":"product_tag","embeddable":true,"href":"https:\/\/apmprint.com\/de\/wp-json\/wp\/v2\/product_tag?post=1654"}],"curies":[{"name":"wp","href":"https:\/\/api.w.org\/{rel}","templated":true}]}}