{"id":1658,"date":"2023-12-20T08:03:42","date_gmt":"2023-12-20T08:03:42","guid":{"rendered":"https:\/\/apmprint.com\/?post_type=product&#038;p=1658"},"modified":"2023-12-20T08:15:15","modified_gmt":"2023-12-20T08:15:15","slug":"h200b-auto-hot-stamping-machine-for-cosmetic-bottles","status":"publish","type":"product","link":"https:\/\/apmprint.com\/de\/produkt\/h200b-auto-hot-stamping-machine-for-cosmetic-bottles\/","title":{"rendered":"H200B Automatische Hei\u00dfpr\u00e4gemaschine f\u00fcr Kosmetikflaschen"},"content":{"rendered":"<p><strong>Anwendung:<\/strong><\/p>\n<p>Die H200B ist f\u00fcr das Hei\u00dfpr\u00e4gen von Kosmetikflaschen bei hohen Produktionsgeschwindigkeiten ausgelegt. Zuverl\u00e4ssigkeit und Geschwindigkeit machen die H200B ideal f\u00fcr die Offline- oder Inline-Produktion rund um die Uhr.<\/p>\n<p>&nbsp;<\/p>\n<p><strong>Technische Daten:<\/strong><\/p>\n<table>\n<tbody>\n<tr>\n<td width=\"35.2800%\">Modell<\/td>\n<td width=\"64.7200%\">H200B<\/td>\n<\/tr>\n<tr>\n<td width=\"35.2800%\">Maximale Pr\u00e4gefl\u00e4che<\/td>\n<td width=\"64.7200%\">120\u00d780mm<\/td>\n<\/tr>\n<tr>\n<td width=\"35.2800%\">Stanzkopf-Hub<\/td>\n<td width=\"64.7200%\">50mm<\/td>\n<\/tr>\n<tr>\n<td width=\"35.2800%\">Max. Artikelh\u00f6he<\/td>\n<td width=\"64.7200%\">75mm<\/td>\n<\/tr>\n<tr>\n<td width=\"35.2800%\">Temperatur<\/td>\n<td width=\"64.7200%\">Raumtemperatur~280\u2103<\/td>\n<\/tr>\n<tr>\n<td width=\"35.2800%\">Stanzdruck<\/td>\n<td width=\"64.7200%\">\u2264500kgf<\/td>\n<\/tr>\n<tr>\n<td width=\"35.2800%\">Max. Stanzgeschwindigkeit<\/td>\n<td width=\"64.7200%\">30-55 St\u00fcck\/Min.<\/td>\n<\/tr>\n<tr>\n<td width=\"35.2800%\">Luftdruck<\/td>\n<td width=\"64.7200%\">4~7bar<\/td>\n<\/tr>\n<tr>\n<td width=\"35.2800%\">Luftverbrauch<\/td>\n<td width=\"64.7200%\">\u226480L\/min<\/td>\n<\/tr>\n<tr>\n<td width=\"35.2800%\">Stromversorgung<\/td>\n<td width=\"64.7200%\">220V 60Hz\/50Hz<\/td>\n<\/tr>\n<tr>\n<td width=\"35.2800%\">Heizleistung<\/td>\n<td width=\"64.7200%\">1000W<\/td>\n<\/tr>\n<tr>\n<td width=\"35.2800%\">Gewicht<\/td>\n<td width=\"64.7200%\">500kg<\/td>\n<\/tr>\n<\/tbody>\n<\/table>\n<p>&nbsp;<\/p>\n<p><strong>Muster:<\/strong><\/p>\n<figure id=\"attachment_1660\" aria-describedby=\"caption-attachment-1660\" style=\"width: 800px\" class=\"wp-caption alignnone\"><img loading=\"lazy\" decoding=\"async\" class=\"size-full wp-image-1660\" src=\"http:\/\/apmprint.com\/wp-content\/uploads\/2023\/12\/s-2.jpg\" alt=\"h200b auto hot stamping machine for cosmetic bottles\" width=\"800\" height=\"800\" srcset=\"https:\/\/apmprint.com\/wp-content\/uploads\/2023\/12\/s-2.jpg 800w, https:\/\/apmprint.com\/wp-content\/uploads\/2023\/12\/s-2-300x300.jpg 300w, https:\/\/apmprint.com\/wp-content\/uploads\/2023\/12\/s-2-150x150.jpg 150w, https:\/\/apmprint.com\/wp-content\/uploads\/2023\/12\/s-2-768x768.jpg 768w, https:\/\/apmprint.com\/wp-content\/uploads\/2023\/12\/s-2-12x12.jpg 12w, https:\/\/apmprint.com\/wp-content\/uploads\/2023\/12\/s-2-600x600.jpg 600w, https:\/\/apmprint.com\/wp-content\/uploads\/2023\/12\/s-2-100x100.jpg 100w\" sizes=\"auto, (max-width: 800px) 100vw, 800px\" \/><figcaption id=\"caption-attachment-1660\" class=\"wp-caption-text\">h200b automatische Hei\u00dfpr\u00e4gemaschine f\u00fcr Kosmetikflaschen<\/figcaption><\/figure>","protected":false},"excerpt":{"rendered":"<p><strong>Beschreibung<\/strong><strong>:<\/strong><\/p>\n<ol>\n<li>Automatisches Ladesystem mit F\u00f6rderband, automatische Zuf\u00fchrung optional.<\/li>\n<li>Antistatische Staubreinigung vor dem Stempeln<\/li>\n<li>Indexer mit hoher Genauigkeit<\/li>\n<li>Automatische Vorregistrierung optional<\/li>\n<li>Servoangetriebener Pr\u00e4gekopf mit einstellbarer Pr\u00e4getiefe f\u00fcr individuelle Vorrichtungen (optional).<\/li>\n<li>Gut gebautes Maschinenhaus mit CE-Anforderungen f\u00fcr eine sichere Produktion.<\/li>\n<li>Zuverl\u00e4ssige PLC-Steuerung mit Touchscreen-Display.<\/li>\n<\/ol>","protected":false},"featured_media":1661,"template":"","meta":{"_acf_changed":false,"_seopress_robots_primary_cat":"none","_seopress_titles_title":"","_seopress_titles_desc":"","_seopress_robots_index":""},"product_brand":[],"product_cat":[64],"product_tag":[75,74],"class_list":{"0":"post-1658","1":"product","2":"type-product","3":"status-publish","4":"has-post-thumbnail","6":"product_cat-auto-hot-stamping-machine","7":"product_tag-automatic","8":"product_tag-hot-stamping","10":"first","11":"instock","12":"shipping-taxable","13":"product-type-simple"},"acf":[],"_links":{"self":[{"href":"https:\/\/apmprint.com\/de\/wp-json\/wp\/v2\/product\/1658","targetHints":{"allow":["GET"]}}],"collection":[{"href":"https:\/\/apmprint.com\/de\/wp-json\/wp\/v2\/product"}],"about":[{"href":"https:\/\/apmprint.com\/de\/wp-json\/wp\/v2\/types\/product"}],"wp:featuredmedia":[{"embeddable":true,"href":"https:\/\/apmprint.com\/de\/wp-json\/wp\/v2\/media\/1661"}],"wp:attachment":[{"href":"https:\/\/apmprint.com\/de\/wp-json\/wp\/v2\/media?parent=1658"}],"wp:term":[{"taxonomy":"product_brand","embeddable":true,"href":"https:\/\/apmprint.com\/de\/wp-json\/wp\/v2\/product_brand?post=1658"},{"taxonomy":"product_cat","embeddable":true,"href":"https:\/\/apmprint.com\/de\/wp-json\/wp\/v2\/product_cat?post=1658"},{"taxonomy":"product_tag","embeddable":true,"href":"https:\/\/apmprint.com\/de\/wp-json\/wp\/v2\/product_tag?post=1658"}],"curies":[{"name":"wp","href":"https:\/\/api.w.org\/{rel}","templated":true}]}}