{"id":1667,"date":"2023-12-20T08:34:41","date_gmt":"2023-12-20T08:34:41","guid":{"rendered":"https:\/\/apmprint.com\/?post_type=product&#038;p=1667"},"modified":"2023-12-25T09:30:03","modified_gmt":"2023-12-25T09:30:03","slug":"h200m-automatic-hot-stamping-machine","status":"publish","type":"product","link":"https:\/\/apmprint.com\/de\/produkt\/h200m-automatic-hot-stamping-machine\/","title":{"rendered":"Automatische Servo-Hei\u00dffolienpr\u00e4gemaschine f\u00fcr Verschl\u00fcsse H200M"},"content":{"rendered":"<p><strong>Anwendung:<\/strong><\/p>\n<p>Die Maschine ist speziell f\u00fcr das Stanzen von zylindrischen Kappen konzipiert.<\/p>\n<p>&nbsp;<\/p>\n<p><strong><b>Technische Daten<\/b><\/strong><\/p>\n<table>\n<tbody>\n<tr>\n<td>Maximale Geschwindigkeit<\/td>\n<td>40 St\u00fcck\/Min.<\/td>\n<\/tr>\n<tr>\n<td>Produkt Dia.<\/td>\n<td>15-50mm<\/td>\n<\/tr>\n<tr>\n<td>L\u00e4nge<\/td>\n<td>20-80mm<\/td>\n<\/tr>\n<tr>\n<td>Luftdruck<\/td>\n<td>6-8bar<\/td>\n<\/tr>\n<tr>\n<td>Stromversorgung<\/td>\n<td>380V, 3P. 50\/60Hz<\/td>\n<\/tr>\n<\/tbody>\n<\/table>\n<p>&nbsp;<\/p>\n<p><strong>Muster:<\/strong><\/p>\n<p><img loading=\"lazy\" decoding=\"async\" class=\"size-full wp-image-1668\" src=\"http:\/\/apmprint.com\/wp-content\/uploads\/2023\/12\/s-3.jpg\" alt=\"h200m automatic hot stamping machine\" width=\"800\" height=\"557\" srcset=\"https:\/\/apmprint.com\/wp-content\/uploads\/2023\/12\/s-3.jpg 800w, https:\/\/apmprint.com\/wp-content\/uploads\/2023\/12\/s-3-300x209.jpg 300w, https:\/\/apmprint.com\/wp-content\/uploads\/2023\/12\/s-3-768x535.jpg 768w, https:\/\/apmprint.com\/wp-content\/uploads\/2023\/12\/s-3-18x12.jpg 18w, https:\/\/apmprint.com\/wp-content\/uploads\/2023\/12\/s-3-600x418.jpg 600w\" sizes=\"auto, (max-width: 800px) 100vw, 800px\" \/><\/p>\n<p><img loading=\"lazy\" decoding=\"async\" class=\"size-full wp-image-1967\" src=\"http:\/\/apmprint.com\/wp-content\/uploads\/2023\/12\/\u4ecb\u7ecd1.jpg\" alt=\"ss106 2 color automatic printing machine\" width=\"750\" height=\"1500\" srcset=\"https:\/\/apmprint.com\/wp-content\/uploads\/2023\/12\/\u4ecb\u7ecd1.jpg 750w, https:\/\/apmprint.com\/wp-content\/uploads\/2023\/12\/\u4ecb\u7ecd1-150x300.jpg 150w, https:\/\/apmprint.com\/wp-content\/uploads\/2023\/12\/\u4ecb\u7ecd1-512x1024.jpg 512w, https:\/\/apmprint.com\/wp-content\/uploads\/2023\/12\/\u4ecb\u7ecd1-6x12.jpg 6w, https:\/\/apmprint.com\/wp-content\/uploads\/2023\/12\/\u4ecb\u7ecd1-600x1200.jpg 600w\" sizes=\"auto, (max-width: 750px) 100vw, 750px\" \/><\/p>\n<p><img loading=\"lazy\" decoding=\"async\" class=\"size-full wp-image-1968\" src=\"http:\/\/apmprint.com\/wp-content\/uploads\/2023\/12\/\u4ecb\u7ecd2.jpg\" alt=\"ss106 2 color automatic printing machine\" width=\"750\" height=\"1020\" srcset=\"https:\/\/apmprint.com\/wp-content\/uploads\/2023\/12\/\u4ecb\u7ecd2.jpg 750w, https:\/\/apmprint.com\/wp-content\/uploads\/2023\/12\/\u4ecb\u7ecd2-221x300.jpg 221w, https:\/\/apmprint.com\/wp-content\/uploads\/2023\/12\/\u4ecb\u7ecd2-9x12.jpg 9w, https:\/\/apmprint.com\/wp-content\/uploads\/2023\/12\/\u4ecb\u7ecd2-600x816.jpg 600w\" sizes=\"auto, (max-width: 750px) 100vw, 750px\" \/><\/p>\n<p><img loading=\"lazy\" decoding=\"async\" class=\"size-full wp-image-1969\" src=\"http:\/\/apmprint.com\/wp-content\/uploads\/2023\/12\/\u4ecb\u7ecd3.jpg\" alt=\"ss106 2 color automatic printing machine\" width=\"750\" height=\"1072\" srcset=\"https:\/\/apmprint.com\/wp-content\/uploads\/2023\/12\/\u4ecb\u7ecd3.jpg 750w, https:\/\/apmprint.com\/wp-content\/uploads\/2023\/12\/\u4ecb\u7ecd3-210x300.jpg 210w, https:\/\/apmprint.com\/wp-content\/uploads\/2023\/12\/\u4ecb\u7ecd3-716x1024.jpg 716w, https:\/\/apmprint.com\/wp-content\/uploads\/2023\/12\/\u4ecb\u7ecd3-8x12.jpg 8w, https:\/\/apmprint.com\/wp-content\/uploads\/2023\/12\/\u4ecb\u7ecd3-600x858.jpg 600w\" sizes=\"auto, (max-width: 750px) 100vw, 750px\" \/><\/p>","protected":false},"excerpt":{"rendered":"<p><strong>Allgemeine Beschreibung\uff1a<\/strong><\/p>\n<ol>\n<li>Vollautomatisches Verladesystem mit Elevator und Zubringer.<\/li>\n<li>Antistatische Staubreinigung vor dem Stempeln<\/li>\n<li>Stempeln mit Klischees<\/li>\n<li>Hochpr\u00e4ziser Indexer mit 8 Stationen<\/li>\n<li>Keine Vorregistrierung<\/li>\n<li>Servoangetriebener Pr\u00e4gekopf links\/rechts.<\/li>\n<li>Delta PLC-Steuerung und Delta-Touchscreen-Display<\/li>\n<li>Automatische Entladung mit Z\u00e4hler<\/li>\n<\/ol>","protected":false},"featured_media":1670,"template":"","meta":{"_acf_changed":false,"_seopress_robots_primary_cat":"none","_seopress_titles_title":"","_seopress_titles_desc":"","_seopress_robots_index":""},"product_brand":[],"product_cat":[64],"product_tag":[75,24,74],"class_list":{"0":"post-1667","1":"product","2":"type-product","3":"status-publish","4":"has-post-thumbnail","6":"product_cat-auto-hot-stamping-machine","7":"product_tag-automatic","8":"product_tag-caps-and-closures","9":"product_tag-hot-stamping","11":"first","12":"instock","13":"shipping-taxable","14":"product-type-simple"},"acf":[],"_links":{"self":[{"href":"https:\/\/apmprint.com\/de\/wp-json\/wp\/v2\/product\/1667","targetHints":{"allow":["GET"]}}],"collection":[{"href":"https:\/\/apmprint.com\/de\/wp-json\/wp\/v2\/product"}],"about":[{"href":"https:\/\/apmprint.com\/de\/wp-json\/wp\/v2\/types\/product"}],"wp:featuredmedia":[{"embeddable":true,"href":"https:\/\/apmprint.com\/de\/wp-json\/wp\/v2\/media\/1670"}],"wp:attachment":[{"href":"https:\/\/apmprint.com\/de\/wp-json\/wp\/v2\/media?parent=1667"}],"wp:term":[{"taxonomy":"product_brand","embeddable":true,"href":"https:\/\/apmprint.com\/de\/wp-json\/wp\/v2\/product_brand?post=1667"},{"taxonomy":"product_cat","embeddable":true,"href":"https:\/\/apmprint.com\/de\/wp-json\/wp\/v2\/product_cat?post=1667"},{"taxonomy":"product_tag","embeddable":true,"href":"https:\/\/apmprint.com\/de\/wp-json\/wp\/v2\/product_tag?post=1667"}],"curies":[{"name":"wp","href":"https:\/\/api.w.org\/{rel}","templated":true}]}}