{"id":1685,"date":"2023-12-20T08:55:17","date_gmt":"2023-12-20T08:55:17","guid":{"rendered":"https:\/\/apmprint.com\/?post_type=product&#038;p=1685"},"modified":"2023-12-20T09:13:26","modified_gmt":"2023-12-20T09:13:26","slug":"cap11-automatic-cap-printing-system","status":"publish","type":"product","link":"https:\/\/apmprint.com\/de\/produkt\/cap11-automatic-cap-printing-system\/","title":{"rendered":"CAP11 Automatisches Verschlussdrucksystem"},"content":{"rendered":"<p><strong>Anwendung:<\/strong><\/p>\n<p>Getr\u00e4nkekappen, Weinkappen, Medikamentenkappen, \u00d6lkappen<\/p>\n<p>&nbsp;<\/p>\n<p><strong><b>Technische Daten<\/b><\/strong><\/p>\n<table style=\"height: 421px;\" width=\"506\">\n<tbody>\n<tr>\n<td width=\"138\">Max. Druckfl\u00e4che<\/td>\n<td width=\"169\">Durchmesser 34 mm<\/td>\n<\/tr>\n<tr>\n<td width=\"138\">Max. Druckgeschwindigkeit<\/td>\n<td width=\"169\">50000~60000 St\u00fcck \/Stunde<\/td>\n<\/tr>\n<tr>\n<td width=\"138\">Anzahl der Farben<\/td>\n<td width=\"169\">\u00a01~2 Farbe<\/td>\n<\/tr>\n<tr>\n<td width=\"138\">Anzahl von UV-Systemen<\/td>\n<td width=\"169\">1 Fusionssystem<\/td>\n<\/tr>\n<tr>\n<td width=\"138\">Leistung der UV-Lampe<\/td>\n<td width=\"169\">\u00a03,5 KW<\/td>\n<\/tr>\n<tr>\n<td width=\"138\">Leistungsbedarf<\/td>\n<td width=\"169\">380V 3 Phasen 50Hz 25A<\/td>\n<\/tr>\n<\/tbody>\n<\/table>\n<p>&nbsp;<\/p>\n<p><strong>Muster:<\/strong><\/p>\n<p><img loading=\"lazy\" decoding=\"async\" class=\"size-full wp-image-1687\" src=\"http:\/\/apmprint.com\/wp-content\/uploads\/2023\/12\/s-4.jpg\" alt=\"cap11 automatic cap printing system\" width=\"800\" height=\"800\" srcset=\"https:\/\/apmprint.com\/wp-content\/uploads\/2023\/12\/s-4.jpg 800w, https:\/\/apmprint.com\/wp-content\/uploads\/2023\/12\/s-4-300x300.jpg 300w, https:\/\/apmprint.com\/wp-content\/uploads\/2023\/12\/s-4-150x150.jpg 150w, https:\/\/apmprint.com\/wp-content\/uploads\/2023\/12\/s-4-768x768.jpg 768w, https:\/\/apmprint.com\/wp-content\/uploads\/2023\/12\/s-4-12x12.jpg 12w, https:\/\/apmprint.com\/wp-content\/uploads\/2023\/12\/s-4-600x600.jpg 600w, https:\/\/apmprint.com\/wp-content\/uploads\/2023\/12\/s-4-100x100.jpg 100w\" sizes=\"auto, (max-width: 800px) 100vw, 800px\" \/><\/p>","protected":false},"excerpt":{"rendered":"<p><strong>Beschreibung:<\/strong><\/p>\n<ol>\n<li>Automatisches Ladesystem<\/li>\n<li>Autoflammbehandlung<\/li>\n<li>PLC-Steuerung und Touchscreen-Display.<\/li>\n<li>Durch die Verwendung der originalen Fusion UV-Lampe verf\u00fcgt es \u00fcber eine automatische Temperaturkontrolle und ein Absaugsystem. Es kann vermeiden, die Lampe \u00fcberhitzt und maximiert die Effizienz der Lampe.<\/li>\n<li>Automatisches Entladen<\/li>\n<\/ol>","protected":false},"featured_media":1686,"template":"","meta":{"_acf_changed":false,"_seopress_robots_primary_cat":"none","_seopress_titles_title":"","_seopress_titles_desc":"","_seopress_robots_index":""},"product_brand":[],"product_cat":[35],"product_tag":[75,76],"class_list":{"0":"post-1685","1":"product","2":"type-product","3":"status-publish","4":"has-post-thumbnail","6":"product_cat-auto-pad-printer","7":"product_tag-automatic","8":"product_tag-pad-printer","10":"first","11":"instock","12":"shipping-taxable","13":"product-type-simple"},"acf":[],"_links":{"self":[{"href":"https:\/\/apmprint.com\/de\/wp-json\/wp\/v2\/product\/1685","targetHints":{"allow":["GET"]}}],"collection":[{"href":"https:\/\/apmprint.com\/de\/wp-json\/wp\/v2\/product"}],"about":[{"href":"https:\/\/apmprint.com\/de\/wp-json\/wp\/v2\/types\/product"}],"wp:featuredmedia":[{"embeddable":true,"href":"https:\/\/apmprint.com\/de\/wp-json\/wp\/v2\/media\/1686"}],"wp:attachment":[{"href":"https:\/\/apmprint.com\/de\/wp-json\/wp\/v2\/media?parent=1685"}],"wp:term":[{"taxonomy":"product_brand","embeddable":true,"href":"https:\/\/apmprint.com\/de\/wp-json\/wp\/v2\/product_brand?post=1685"},{"taxonomy":"product_cat","embeddable":true,"href":"https:\/\/apmprint.com\/de\/wp-json\/wp\/v2\/product_cat?post=1685"},{"taxonomy":"product_tag","embeddable":true,"href":"https:\/\/apmprint.com\/de\/wp-json\/wp\/v2\/product_tag?post=1685"}],"curies":[{"name":"wp","href":"https:\/\/api.w.org\/{rel}","templated":true}]}}