{"id":1688,"date":"2023-12-20T09:10:11","date_gmt":"2023-12-20T09:10:11","guid":{"rendered":"https:\/\/apmprint.com\/?post_type=product&#038;p=1688"},"modified":"2023-12-20T09:27:36","modified_gmt":"2023-12-20T09:27:36","slug":"cap22-auto-12-color-pad-printer-with-vertical-conveyor","status":"publish","type":"product","link":"https:\/\/apmprint.com\/de\/produkt\/cap22-auto-12-color-pad-printer-with-vertical-conveyor\/","title":{"rendered":"CAP22 Automatischer 1~2 Farb-Tampondrucker mit Vertikalf\u00f6rderer"},"content":{"rendered":"<p><strong>Technische Daten<\/strong><\/p>\n<table>\n<tbody>\n<tr>\n<td width=\"248\">Gr\u00f6\u00dfe der Tintenwanne<\/td>\n<td width=\"302\">100*150mm<\/td>\n<\/tr>\n<tr>\n<td width=\"248\">Max. Druckgr\u00f6\u00dfe<\/td>\n<td width=\"302\">Durchmesser 50 mm<\/td>\n<\/tr>\n<tr>\n<td width=\"248\">Pad-Hub<\/td>\n<td width=\"302\">150mm<\/td>\n<\/tr>\n<tr>\n<td width=\"248\">Max. Druckgeschwindigkeit<\/td>\n<td width=\"302\">6000~10000 St\u00fcck\/Stunde f\u00fcr Kappen mit 28 mm Durchmesser, h\u00f6here Geschwindigkeit durch Verwendung eines gr\u00f6\u00dferen Tintenbeh\u00e4lters m\u00f6glich.<\/td>\n<\/tr>\n<tr>\n<td width=\"248\">Bruttogewicht<\/td>\n<td width=\"302\">800 Kilogramm<\/td>\n<\/tr>\n<tr>\n<td width=\"248\">Messung<\/td>\n<td width=\"302\">1790x1190x2100 mm f\u00fcr Maschine<\/p>\n<p>1720x1100x2200 mm f\u00fcr Ladesystem<\/td>\n<\/tr>\n<\/tbody>\n<\/table>\n<p>&nbsp;<\/p>\n<p><strong>Muster:<\/strong><\/p>\n<p><img loading=\"lazy\" decoding=\"async\" class=\"size-full wp-image-1689\" src=\"http:\/\/apmprint.com\/wp-content\/uploads\/2023\/12\/s-5.jpg\" alt=\"cap11 automatic cap printing system (\u590d\u5236)\" width=\"800\" height=\"800\" srcset=\"https:\/\/apmprint.com\/wp-content\/uploads\/2023\/12\/s-5.jpg 800w, https:\/\/apmprint.com\/wp-content\/uploads\/2023\/12\/s-5-300x300.jpg 300w, https:\/\/apmprint.com\/wp-content\/uploads\/2023\/12\/s-5-150x150.jpg 150w, https:\/\/apmprint.com\/wp-content\/uploads\/2023\/12\/s-5-768x768.jpg 768w, https:\/\/apmprint.com\/wp-content\/uploads\/2023\/12\/s-5-12x12.jpg 12w, https:\/\/apmprint.com\/wp-content\/uploads\/2023\/12\/s-5-600x600.jpg 600w, https:\/\/apmprint.com\/wp-content\/uploads\/2023\/12\/s-5-100x100.jpg 100w\" sizes=\"auto, (max-width: 800px) 100vw, 800px\" \/><\/p>","protected":false},"excerpt":{"rendered":"<p><strong>Beschreibung:<\/strong><\/p>\n<ol>\n<li>PLC-Steuerung, Touchscreen-Display<\/li>\n<li>Automatisches Ladesystem mit Container und Sortierer<\/li>\n<li>Automatisches Einpressen der Kappe in die Halterung<\/li>\n<li>Automatische Flammenbehandlung<\/li>\n<li>Automatisches Entladen<\/li>\n<li>Hei\u00dflufttrockner<\/li>\n<li>Multi-in-1-Halterung<\/li>\n<li>Vertikalf\u00f6rderer, 22 Stationen<\/li>\n<\/ol>","protected":false},"featured_media":1690,"template":"","meta":{"_acf_changed":false,"_seopress_robots_primary_cat":"none","_seopress_titles_title":"","_seopress_titles_desc":"","_seopress_robots_index":""},"product_brand":[],"product_cat":[35],"product_tag":[75,77,76],"class_list":{"0":"post-1688","1":"product","2":"type-product","3":"status-publish","4":"has-post-thumbnail","6":"product_cat-auto-pad-printer","7":"product_tag-automatic","8":"product_tag-cap-printer","9":"product_tag-pad-printer","11":"first","12":"instock","13":"shipping-taxable","14":"product-type-simple"},"acf":[],"_links":{"self":[{"href":"https:\/\/apmprint.com\/de\/wp-json\/wp\/v2\/product\/1688","targetHints":{"allow":["GET"]}}],"collection":[{"href":"https:\/\/apmprint.com\/de\/wp-json\/wp\/v2\/product"}],"about":[{"href":"https:\/\/apmprint.com\/de\/wp-json\/wp\/v2\/types\/product"}],"wp:featuredmedia":[{"embeddable":true,"href":"https:\/\/apmprint.com\/de\/wp-json\/wp\/v2\/media\/1690"}],"wp:attachment":[{"href":"https:\/\/apmprint.com\/de\/wp-json\/wp\/v2\/media?parent=1688"}],"wp:term":[{"taxonomy":"product_brand","embeddable":true,"href":"https:\/\/apmprint.com\/de\/wp-json\/wp\/v2\/product_brand?post=1688"},{"taxonomy":"product_cat","embeddable":true,"href":"https:\/\/apmprint.com\/de\/wp-json\/wp\/v2\/product_cat?post=1688"},{"taxonomy":"product_tag","embeddable":true,"href":"https:\/\/apmprint.com\/de\/wp-json\/wp\/v2\/product_tag?post=1688"}],"curies":[{"name":"wp","href":"https:\/\/api.w.org\/{rel}","templated":true}]}}