{"id":1701,"date":"2023-12-20T09:28:44","date_gmt":"2023-12-20T09:28:44","guid":{"rendered":"https:\/\/apmprint.com\/?post_type=product&#038;p=1701"},"modified":"2023-12-20T09:31:31","modified_gmt":"2023-12-20T09:31:31","slug":"cap88-1-4-colors-automatic-caps-print-master","status":"publish","type":"product","link":"https:\/\/apmprint.com\/de\/produkt\/cap88-1-4-colors-automatic-caps-print-master\/","title":{"rendered":"CAP88 1-4 Farben automatischer Kappendruckmaster"},"content":{"rendered":"<p><strong>Anwendung:<\/strong><\/p>\n<p>Getr\u00e4nkekappen, Weinkappen, Medikamentenkappen, \u00d6lkappen<strong>ps<\/strong><\/p>\n<p><strong>\u00a0<\/strong><\/p>\n<p><strong>Beschreibung:<\/strong><\/p>\n<p>Automatische Beladung mit Trichter und mechanischem Beladungssystem<\/p>\n<p>Automatische Beflammung mit elektrischer Z\u00fcndung und Abluftsystem<\/p>\n<p>1-4 Farben Druck, servogetriebener Kopf<\/p>\n<p>Automatische Tamponreinigung f\u00fcr bessere Druckqualit\u00e4t<\/p>\n<p>Automatisches Heizsystem nach dem Druck zum Trocknen der Kappen<\/p>\n<p>Servoangetriebener F\u00f6rderer, F\u00f6rderkette made in Japan mit h\u00f6chster Genauigkeit<\/p>\n<p>Automatisches Entladen<\/p>\n<p>Gut gebauter Maschinenverschluss<\/p>\n<p>Sicherheitsbetrieb mit CE-Norm<\/p>\n<p>PLC-Steuerung, Touchscreen-Display<\/p>\n<p>&nbsp;<\/p>\n<p><strong>Technische Daten<\/strong><\/p>\n<table>\n<tbody>\n<tr>\n<td rowspan=\"4\" width=\"18.6600%\">CAP88<\/td>\n<td width=\"22.0200%\">Gr\u00f6\u00dfe der Platte<\/td>\n<td width=\"23.2000%\">1~4 Farben<\/td>\n<td width=\"36.1000%\">Maximale Geschwindigkeit (St\u00fcck\/h)<\/td>\n<\/tr>\n<tr>\n<td rowspan=\"3\" width=\"22.0200%\">200x200mm<\/td>\n<td width=\"23.2000%\">1 Farbe<\/td>\n<td width=\"36.1000%\">45000 St\u00fcck\/Std. f\u00fcr 28-mm-Kappen<\/td>\n<\/tr>\n<tr>\n<td width=\"23.2000%\">2 Farben<\/td>\n<td width=\"36.1000%\">30000 St\u00fcck\/Std. f\u00fcr 28-mm-Verschl\u00fcsse<\/td>\n<\/tr>\n<tr>\n<td width=\"23.2000%\">3 oder 4 Farben<\/td>\n<td width=\"36.1000%\">10000-20000 St\u00fcck\/Std. f\u00fcr 28-mm-Verschl\u00fcsse<\/td>\n<\/tr>\n<\/tbody>\n<\/table>\n<p>&nbsp;<\/p>\n<p><strong>Muster:<\/strong><\/p>\n<p><img loading=\"lazy\" decoding=\"async\" class=\"size-full wp-image-1696\" src=\"http:\/\/apmprint.com\/wp-content\/uploads\/2023\/12\/s-6.jpg\" alt=\"cap42 automatic pad printer for caps (\u590d\u5236)\" width=\"800\" height=\"800\" srcset=\"https:\/\/apmprint.com\/wp-content\/uploads\/2023\/12\/s-6.jpg 800w, https:\/\/apmprint.com\/wp-content\/uploads\/2023\/12\/s-6-300x300.jpg 300w, https:\/\/apmprint.com\/wp-content\/uploads\/2023\/12\/s-6-150x150.jpg 150w, https:\/\/apmprint.com\/wp-content\/uploads\/2023\/12\/s-6-768x768.jpg 768w, https:\/\/apmprint.com\/wp-content\/uploads\/2023\/12\/s-6-12x12.jpg 12w, https:\/\/apmprint.com\/wp-content\/uploads\/2023\/12\/s-6-600x600.jpg 600w, https:\/\/apmprint.com\/wp-content\/uploads\/2023\/12\/s-6-100x100.jpg 100w\" sizes=\"auto, (max-width: 800px) 100vw, 800px\" \/><\/p>","protected":false},"excerpt":{"rendered":"<p><strong>CAP88 Caps Master <\/strong>ist ein vollautomatisches Tampondrucksystem f\u00fcr den Kappendruck. Es ist mit automatischer Beladung, Kappenverriegelung, Flammenbehandlung, Druck, Trocknung und Entladung in einem System kombiniert. Einfaches Einrichten, schneller und dauerhafter Betrieb machen Caps Master zu einer stabilen und wirtschaftlichen L\u00f6sung f\u00fcr den Kappendruck.<\/p>","protected":false},"featured_media":1702,"template":"","meta":{"_acf_changed":false,"_seopress_robots_primary_cat":"none","_seopress_titles_title":"","_seopress_titles_desc":"","_seopress_robots_index":""},"product_brand":[],"product_cat":[35],"product_tag":[75,76],"class_list":{"0":"post-1701","1":"product","2":"type-product","3":"status-publish","4":"has-post-thumbnail","6":"product_cat-auto-pad-printer","7":"product_tag-automatic","8":"product_tag-pad-printer","10":"first","11":"instock","12":"shipping-taxable","13":"product-type-simple"},"acf":[],"_links":{"self":[{"href":"https:\/\/apmprint.com\/de\/wp-json\/wp\/v2\/product\/1701","targetHints":{"allow":["GET"]}}],"collection":[{"href":"https:\/\/apmprint.com\/de\/wp-json\/wp\/v2\/product"}],"about":[{"href":"https:\/\/apmprint.com\/de\/wp-json\/wp\/v2\/types\/product"}],"wp:featuredmedia":[{"embeddable":true,"href":"https:\/\/apmprint.com\/de\/wp-json\/wp\/v2\/media\/1702"}],"wp:attachment":[{"href":"https:\/\/apmprint.com\/de\/wp-json\/wp\/v2\/media?parent=1701"}],"wp:term":[{"taxonomy":"product_brand","embeddable":true,"href":"https:\/\/apmprint.com\/de\/wp-json\/wp\/v2\/product_brand?post=1701"},{"taxonomy":"product_cat","embeddable":true,"href":"https:\/\/apmprint.com\/de\/wp-json\/wp\/v2\/product_cat?post=1701"},{"taxonomy":"product_tag","embeddable":true,"href":"https:\/\/apmprint.com\/de\/wp-json\/wp\/v2\/product_tag?post=1701"}],"curies":[{"name":"wp","href":"https:\/\/api.w.org\/{rel}","templated":true}]}}