{"id":1704,"date":"2023-12-20T09:39:54","date_gmt":"2023-12-20T09:39:54","guid":{"rendered":"https:\/\/apmprint.com\/?post_type=product&#038;p=1704"},"modified":"2024-01-03T01:33:06","modified_gmt":"2024-01-03T01:33:06","slug":"apm-s1h1a-one-color-screen-printing-and-1-color-hot-stamping-machine-for-flat-products","status":"publish","type":"product","link":"https:\/\/apmprint.com\/de\/produkt\/apm-s1h1a-one-color-screen-printing-and-1-color-hot-stamping-machine-for-flat-products\/","title":{"rendered":"APM-S1H1A Einfarben-Siebdruck- und 1-Farben-Hei\u00dfpr\u00e4gemaschine f\u00fcr Flachprodukte"},"content":{"rendered":"<p><strong>Anwendung:<\/strong><\/p>\n<p>Die <strong>S<\/strong><strong>1<\/strong><strong>H1<\/strong><strong>A<\/strong>\u00a0ist konzipiert f\u00fcr den Siebdruck und die Hei\u00dfpr\u00e4gung von <strong>Kosmetikkappen <\/strong>bei hohen Produktionsgeschwindigkeiten. Es ist geeignet f\u00fcr <strong>Kunststoff<\/strong>\u00a0<strong>Kappe<\/strong><strong>s <\/strong>Drucken mit <strong>UV-Tinte<\/strong>. Zuverl\u00e4ssigkeit und Geschwindigkeit machen die <strong>S<\/strong><strong>1<\/strong><strong>H1<\/strong><strong>A <\/strong>ideal f\u00fcr die Offline- oder Inline-Produktion 24\/7.<\/p>\n<p>&nbsp;<\/p>\n<p><strong>Technische Daten:<\/strong><\/p>\n<p>Maximaler Druckdurchmesser: 60 mm<\/p>\n<p>(Maschine mit gr\u00f6\u00dferem Durchmesser gegen Aufpreis erh\u00e4ltlich)<\/p>\n<p>Maximale Druckgeschwindigkeit: 2400-3600 St\u00fcck\/Std.<\/p>\n<p>&nbsp;<\/p>\n<p><strong>Muster:<\/strong><\/p>\n<p><img loading=\"lazy\" decoding=\"async\" class=\"size-full wp-image-1706\" src=\"http:\/\/apmprint.com\/wp-content\/uploads\/2023\/12\/s-7.jpg\" alt=\"apm s1h1a one color screen printing and 1 color hot stamping machine for flat products\" width=\"800\" height=\"601\" srcset=\"https:\/\/apmprint.com\/wp-content\/uploads\/2023\/12\/s-7.jpg 800w, https:\/\/apmprint.com\/wp-content\/uploads\/2023\/12\/s-7-300x225.jpg 300w, https:\/\/apmprint.com\/wp-content\/uploads\/2023\/12\/s-7-768x577.jpg 768w, https:\/\/apmprint.com\/wp-content\/uploads\/2023\/12\/s-7-16x12.jpg 16w, https:\/\/apmprint.com\/wp-content\/uploads\/2023\/12\/s-7-600x451.jpg 600w\" sizes=\"auto, (max-width: 800px) 100vw, 800px\" \/><\/p>\n<p>&nbsp;<\/p>","protected":false},"excerpt":{"rendered":"<p><strong>Beschreibung:<\/strong><\/p>\n<ol>\n<li>Automatisches Laden mit Band<\/li>\n<li>Automatische Flammenbehandlung<\/li>\n<li>3-Farben-Druck in 1 Prozess<\/li>\n<li>Hocheffizientes UV-System (3kw), UV-System mit Shutter installiert<\/li>\n<li>Keine Teile, keine Druckfunktion<\/li>\n<li>Indexer mit hoher Genauigkeit<\/li>\n<li>Automatische Entladung mit Band<\/li>\n<li>Gut gebautes Maschinenhaus mit CE-Standard-Sicherheitskonzept<\/li>\n<li>PLC-Steuerung mit Touchscreen-Display<\/li>\n<\/ol>","protected":false},"featured_media":1705,"template":"","meta":{"_acf_changed":false,"_seopress_robots_primary_cat":"none","_seopress_titles_title":"","_seopress_titles_desc":"","_seopress_robots_index":""},"product_brand":[],"product_cat":[34,32],"product_tag":[75,79,78],"class_list":{"0":"post-1704","1":"product","2":"type-product","3":"status-publish","4":"has-post-thumbnail","6":"product_cat-auto-flat-printing-machine","7":"product_cat-auto-screen-print-hot-stamp","8":"product_tag-automatic","9":"product_tag-hot-stamping-machine","10":"product_tag-screen-printer","12":"first","13":"instock","14":"shipping-taxable","15":"product-type-simple"},"acf":[],"_links":{"self":[{"href":"https:\/\/apmprint.com\/de\/wp-json\/wp\/v2\/product\/1704","targetHints":{"allow":["GET"]}}],"collection":[{"href":"https:\/\/apmprint.com\/de\/wp-json\/wp\/v2\/product"}],"about":[{"href":"https:\/\/apmprint.com\/de\/wp-json\/wp\/v2\/types\/product"}],"wp:featuredmedia":[{"embeddable":true,"href":"https:\/\/apmprint.com\/de\/wp-json\/wp\/v2\/media\/1705"}],"wp:attachment":[{"href":"https:\/\/apmprint.com\/de\/wp-json\/wp\/v2\/media?parent=1704"}],"wp:term":[{"taxonomy":"product_brand","embeddable":true,"href":"https:\/\/apmprint.com\/de\/wp-json\/wp\/v2\/product_brand?post=1704"},{"taxonomy":"product_cat","embeddable":true,"href":"https:\/\/apmprint.com\/de\/wp-json\/wp\/v2\/product_cat?post=1704"},{"taxonomy":"product_tag","embeddable":true,"href":"https:\/\/apmprint.com\/de\/wp-json\/wp\/v2\/product_tag?post=1704"}],"curies":[{"name":"wp","href":"https:\/\/api.w.org\/{rel}","templated":true}]}}