{"id":1707,"date":"2023-12-20T09:53:48","date_gmt":"2023-12-20T09:53:48","guid":{"rendered":"https:\/\/apmprint.com\/?post_type=product&#038;p=1707"},"modified":"2023-12-20T09:59:13","modified_gmt":"2023-12-20T09:59:13","slug":"sh107-automatic-screen-and-hot-stamping-machine","status":"publish","type":"product","link":"https:\/\/apmprint.com\/de\/produkt\/sh107-automatic-screen-and-hot-stamping-machine\/","title":{"rendered":"SH107 Automatische Sieb- und Hei\u00dfpr\u00e4gemaschine"},"content":{"rendered":"<p><strong>Anmeldung<\/strong><strong>:<\/strong><\/p>\n<p>Der SH107 ist f\u00fcr den Siebdruck und die Hei\u00dfpr\u00e4gung von zylindrischen Kappen, Lippenstiften oder Stifth\u00fclsen konzipiert.<\/p>\n<p>Er ist in der Lage, mehrfarbig zu drucken, ohne dass es einen Farbregisterpunkt gibt.<\/p>\n<p>&nbsp;<\/p>\n<p><strong>Bemerkung:<\/strong><\/p>\n<p>Der Siebdruckkopf kann in einen Hei\u00dfpr\u00e4gekopf umgewandelt werden, um eine Hei\u00dfpr\u00e4gemaschine oder eine Sieb- und Hei\u00dfpr\u00e4gemaschine zu sein.<\/p>\n<p>S107 Siebdrucker<\/p>\n<p>H107 Hei\u00dfpr\u00e4gemaschine<\/p>\n<p>SH107 Sieb- und Hei\u00dfpr\u00e4gemaschine<\/p>\n<p>&nbsp;<\/p>\n<p><strong>Technische Daten:<\/strong><\/p>\n<table>\n<tbody>\n<tr>\n<td width=\"284\">Max. Geschwindigkeit<\/td>\n<td width=\"284\">3000St\u00fcck\/h<\/td>\n<\/tr>\n<tr>\n<td width=\"284\">Kappendurchmesser<\/td>\n<td width=\"284\">\u03a615-34mm<\/td>\n<\/tr>\n<tr>\n<td width=\"284\">L\u00e4nge der Kappe<\/td>\n<td width=\"284\">25-60mm<\/td>\n<\/tr>\n<tr>\n<td width=\"284\">Durchmesser der Flasche<\/td>\n<td width=\"284\">\u03a620-65 mm<\/td>\n<\/tr>\n<tr>\n<td width=\"284\">H\u00f6he der Flasche<\/td>\n<td width=\"284\">25-150 mm<\/td>\n<\/tr>\n<\/tbody>\n<\/table>\n<p>&nbsp;<\/p>\n<p><strong>Muster:<\/strong><\/p>\n<p><img loading=\"lazy\" decoding=\"async\" class=\"size-full wp-image-1708\" src=\"http:\/\/apmprint.com\/wp-content\/uploads\/2023\/12\/s-8.jpg\" alt=\"sh107 automatic screen and hot stamping machine\" width=\"800\" height=\"800\" srcset=\"https:\/\/apmprint.com\/wp-content\/uploads\/2023\/12\/s-8.jpg 800w, https:\/\/apmprint.com\/wp-content\/uploads\/2023\/12\/s-8-300x300.jpg 300w, https:\/\/apmprint.com\/wp-content\/uploads\/2023\/12\/s-8-150x150.jpg 150w, https:\/\/apmprint.com\/wp-content\/uploads\/2023\/12\/s-8-768x768.jpg 768w, https:\/\/apmprint.com\/wp-content\/uploads\/2023\/12\/s-8-12x12.jpg 12w, https:\/\/apmprint.com\/wp-content\/uploads\/2023\/12\/s-8-600x600.jpg 600w, https:\/\/apmprint.com\/wp-content\/uploads\/2023\/12\/s-8-100x100.jpg 100w\" sizes=\"auto, (max-width: 800px) 100vw, 800px\" \/><\/p>\n<p>&nbsp;<\/p>","protected":false},"excerpt":{"rendered":"<p><strong>Beschreibung:<\/strong><\/p>\n<ol>\n<li>Automatisches Ladeband<\/li>\n<li>Automatische Flammenbehandlung<\/li>\n<li>Ketten\u00fcbertragung<\/li>\n<li>Kein Produkt keine Druckfunktion<\/li>\n<li>LED-UV-Aush\u00e4rtungssystem mit l\u00e4ngerer Lebensdauer und Energieeinsparung, elektrisches UV-System optional.<\/li>\n<li>Zuverl\u00e4ssige PLC-Steuerung mit Touchscreen-Display<\/li>\n<li>Automatische Entladung.<\/li>\n<li>Sicherheitsbetrieb mit CE-Norm.<\/li>\n<\/ol>","protected":false},"featured_media":1709,"template":"","meta":{"_acf_changed":false,"_seopress_robots_primary_cat":"none","_seopress_titles_title":"","_seopress_titles_desc":"","_seopress_robots_index":""},"product_brand":[],"product_cat":[32],"product_tag":[75,79,78],"class_list":{"0":"post-1707","1":"product","2":"type-product","3":"status-publish","4":"has-post-thumbnail","6":"product_cat-auto-screen-print-hot-stamp","7":"product_tag-automatic","8":"product_tag-hot-stamping-machine","9":"product_tag-screen-printer","11":"first","12":"instock","13":"shipping-taxable","14":"product-type-simple"},"acf":[],"_links":{"self":[{"href":"https:\/\/apmprint.com\/de\/wp-json\/wp\/v2\/product\/1707","targetHints":{"allow":["GET"]}}],"collection":[{"href":"https:\/\/apmprint.com\/de\/wp-json\/wp\/v2\/product"}],"about":[{"href":"https:\/\/apmprint.com\/de\/wp-json\/wp\/v2\/types\/product"}],"wp:featuredmedia":[{"embeddable":true,"href":"https:\/\/apmprint.com\/de\/wp-json\/wp\/v2\/media\/1709"}],"wp:attachment":[{"href":"https:\/\/apmprint.com\/de\/wp-json\/wp\/v2\/media?parent=1707"}],"wp:term":[{"taxonomy":"product_brand","embeddable":true,"href":"https:\/\/apmprint.com\/de\/wp-json\/wp\/v2\/product_brand?post=1707"},{"taxonomy":"product_cat","embeddable":true,"href":"https:\/\/apmprint.com\/de\/wp-json\/wp\/v2\/product_cat?post=1707"},{"taxonomy":"product_tag","embeddable":true,"href":"https:\/\/apmprint.com\/de\/wp-json\/wp\/v2\/product_tag?post=1707"}],"curies":[{"name":"wp","href":"https:\/\/api.w.org\/{rel}","templated":true}]}}