{"id":1713,"date":"2023-12-20T10:00:26","date_gmt":"2023-12-20T10:00:26","guid":{"rendered":"https:\/\/apmprint.com\/?post_type=product&#038;p=1713"},"modified":"2023-12-20T10:15:56","modified_gmt":"2023-12-20T10:15:56","slug":"ss106sh-automatic-servo-screen-printing-and-hot-stamping-machine","status":"publish","type":"product","link":"https:\/\/apmprint.com\/de\/produkt\/ss106sh-automatic-servo-screen-printing-and-hot-stamping-machine\/","title":{"rendered":"SS106SH Automatische Servo-Siebdruck- und Hei\u00dfpr\u00e4gemaschine"},"content":{"rendered":"<p><strong>Anwendung:<\/strong><\/p>\n<p>Weinkorken<\/p>\n<p>&nbsp;<\/p>\n<p><strong>Beschreibung:<\/strong><\/p>\n<ol>\n<li>Vollautomatisches Ladesystem.<\/li>\n<li>Automatische Flammenbehandlung<\/li>\n<li>Staubig sauber<\/li>\n<li>Alle servogesteuerten Siebdrucker\/Hei\u00dfpr\u00e4ger mit h\u00f6chster Genauigkeit:<\/li>\n<\/ol>\n<p>*Maschenrahmen mit Servomotorantrieb<\/p>\n<p>*Alle Vorrichtungen sind mit Servomotoren f\u00fcr die Rotation ausgestattet (keine Zahnr\u00e4der erforderlich, einfacher und schneller Produktwechsel)<\/p>\n<ol start=\"6\">\n<li>Mehrfarbendruck in 1 Prozess, mit Deckelpr\u00e4gung<\/li>\n<li>Kamera-Bildverarbeitungssystem (CCD) <strong>optional<\/strong>F\u00fcr zylindrische Produkte ohne Passermarke, Wiederholungsdruck in zwei Farben.<\/li>\n<li>Schnelle und einfache Umstellung von einem Produkt auf ein anderes. Alle Parameter werden einfach \u00fcber den Touchscreen automatisch eingestellt.<\/li>\n<li>Automatische UV-Trocknung oder LED-Trocknung nach jedem Farbdruck.<\/li>\n<li>Automatische Entladung.<\/li>\n<li>Gut gebautes Maschinenhaus mit CE-Standard-Sicherheitskonzept.<\/li>\n<\/ol>\n<p>&nbsp;<\/p>\n<p><strong>Bemerkung:<\/strong><\/p>\n<p>Sprache: Chinesisch, Englisch und wahlweise Landessprache.<\/p>\n<p>Der K\u00e4ufer hilft bei der \u00dcbersetzung der Tafeln in die Landessprache<\/p>\n<p>&nbsp;<\/p>\n<p><strong>Technische Daten<\/strong><\/p>\n<table>\n<tbody>\n<tr>\n<td width=\"207\">Parameter\/Position<\/td>\n<td width=\"321\">SS106<\/td>\n<\/tr>\n<tr>\n<td width=\"207\">Macht<\/td>\n<td width=\"321\">380V, 3P 50\/60Hz<\/td>\n<\/tr>\n<tr>\n<td width=\"207\">Luftverbrauch<\/td>\n<td width=\"321\">6-8bar<\/td>\n<\/tr>\n<tr>\n<td width=\"207\">Maximale Druckgeschwindigkeit<\/td>\n<td width=\"321\">40-60 St\u00fcck\/Min. (mit Stempel\/Lackierer ist die Geschwindigkeit langsamer, nur der Siebdruck ist schneller).<\/td>\n<\/tr>\n<tr>\n<td width=\"207\">Max. Druckdurchmesser<\/td>\n<td width=\"321\">40mm<\/td>\n<\/tr>\n<tr>\n<td width=\"207\">Max. Druckumstand<\/td>\n<td width=\"321\">120mm<\/td>\n<\/tr>\n<tr>\n<td width=\"207\">Max. Produkth\u00f6he<\/td>\n<td width=\"321\">70mm<\/td>\n<\/tr>\n<\/tbody>\n<\/table>\n<p><strong>\u00a0\u00a0<\/strong><\/p>\n<p><strong><b>HAUPTTEILE MARKE<\/b><\/strong><\/p>\n<table>\n<tbody>\n<tr>\n<td><strong><b>STEUERUNGSSYSTEME<\/b><\/strong><\/td>\n<td>YASKAMA PLC<\/td>\n<td>JAPAN<\/td>\n<\/tr>\n<tr>\n<td><strong><b>TOUCH-SCREEN <\/b><\/strong><\/td>\n<td>WEINVIEW<\/td>\n<td>TAIWAN<\/td>\n<\/tr>\n<tr>\n<td><strong><b>SERVO-SYSTEME<\/b><\/strong><\/td>\n<td>YASKAMA<\/td>\n<td>JAPAN<\/td>\n<\/tr>\n<tr>\n<td><strong><b>INDEX<\/b><\/strong><\/td>\n<td>INDEX<\/td>\n<td>JAPAN<\/td>\n<\/tr>\n<tr>\n<td><strong><b>ELEKTRISCHE TEILE<\/b><\/strong><\/td>\n<td>OMRON\/SCHNEIDER<\/td>\n<td>JAPAN\/FRANKREICH<\/td>\n<\/tr>\n<tr>\n<td><strong><b>PNEIMATISCHE TEILE<\/b><\/strong><\/td>\n<td>SMC\/AIRTAC<\/td>\n<td>JAPAN\/Taiwan<\/td>\n<\/tr>\n<\/tbody>\n<\/table>\n<p><strong><b>\u00a0<\/b><\/strong><\/p>\n<p><strong>Muster:<\/strong><\/p>\n<p><img loading=\"lazy\" decoding=\"async\" class=\"size-full wp-image-1715\" src=\"http:\/\/apmprint.com\/wp-content\/uploads\/2023\/12\/s-9.jpg\" alt=\"ss106sh automatic servo screen printing and hot stamping machine\" width=\"800\" height=\"551\" srcset=\"https:\/\/apmprint.com\/wp-content\/uploads\/2023\/12\/s-9.jpg 800w, https:\/\/apmprint.com\/wp-content\/uploads\/2023\/12\/s-9-300x207.jpg 300w, https:\/\/apmprint.com\/wp-content\/uploads\/2023\/12\/s-9-768x529.jpg 768w, https:\/\/apmprint.com\/wp-content\/uploads\/2023\/12\/s-9-18x12.jpg 18w, https:\/\/apmprint.com\/wp-content\/uploads\/2023\/12\/s-9-600x413.jpg 600w\" sizes=\"auto, (max-width: 800px) 100vw, 800px\" \/><\/p>\n<p>&nbsp;<\/p>","protected":false},"excerpt":{"rendered":"<p><strong>Anwendung:<\/strong><\/p>\n<p>Weinkorken<\/p>","protected":false},"featured_media":1716,"template":"","meta":{"_acf_changed":false,"_seopress_robots_primary_cat":"none","_seopress_titles_title":"","_seopress_titles_desc":"","_seopress_robots_index":""},"product_brand":[],"product_cat":[32],"product_tag":[75,79,78],"class_list":{"0":"post-1713","1":"product","2":"type-product","3":"status-publish","4":"has-post-thumbnail","6":"product_cat-auto-screen-print-hot-stamp","7":"product_tag-automatic","8":"product_tag-hot-stamping-machine","9":"product_tag-screen-printer","11":"first","12":"instock","13":"shipping-taxable","14":"product-type-simple"},"acf":[],"_links":{"self":[{"href":"https:\/\/apmprint.com\/de\/wp-json\/wp\/v2\/product\/1713","targetHints":{"allow":["GET"]}}],"collection":[{"href":"https:\/\/apmprint.com\/de\/wp-json\/wp\/v2\/product"}],"about":[{"href":"https:\/\/apmprint.com\/de\/wp-json\/wp\/v2\/types\/product"}],"wp:featuredmedia":[{"embeddable":true,"href":"https:\/\/apmprint.com\/de\/wp-json\/wp\/v2\/media\/1716"}],"wp:attachment":[{"href":"https:\/\/apmprint.com\/de\/wp-json\/wp\/v2\/media?parent=1713"}],"wp:term":[{"taxonomy":"product_brand","embeddable":true,"href":"https:\/\/apmprint.com\/de\/wp-json\/wp\/v2\/product_brand?post=1713"},{"taxonomy":"product_cat","embeddable":true,"href":"https:\/\/apmprint.com\/de\/wp-json\/wp\/v2\/product_cat?post=1713"},{"taxonomy":"product_tag","embeddable":true,"href":"https:\/\/apmprint.com\/de\/wp-json\/wp\/v2\/product_tag?post=1713"}],"curies":[{"name":"wp","href":"https:\/\/api.w.org\/{rel}","templated":true}]}}