{"id":1737,"date":"2023-12-21T02:44:21","date_gmt":"2023-12-21T02:44:21","guid":{"rendered":"https:\/\/apmprint.com\/?post_type=product&#038;p=1737"},"modified":"2023-12-21T02:53:07","modified_gmt":"2023-12-21T02:53:07","slug":"h104-hot-stamping-machine-for-cap-lines","status":"publish","type":"product","link":"https:\/\/apmprint.com\/de\/produkt\/h104-hot-stamping-machine-for-cap-lines\/","title":{"rendered":"H104 Hei\u00dfpr\u00e4gemaschine f\u00fcr Verschlusslinien"},"content":{"rendered":"<p><strong>Anwendung:<\/strong><\/p>\n<p>Jede regelm\u00e4\u00dfige oder unregelm\u00e4\u00dfige Form von Kunststoffkappen, rund und oval, flach, spitz zulaufend, mehrfl\u00e4chig<\/p>\n<p>und so weiter.<strong><b>\u00a0<\/b><\/strong><\/p>\n<p>&nbsp;<\/p>\n<p><strong>Technische Daten:<\/strong><\/p>\n<table>\n<tbody>\n<tr>\n<td width=\"48.9000%\">Technische Daten<\/td>\n<td width=\"51.1000%\">H104<\/td>\n<\/tr>\n<tr>\n<td width=\"48.9000%\">Max. Durchmesser<\/td>\n<td width=\"51.1000%\">80mm<\/td>\n<\/tr>\n<tr>\n<td width=\"48.9000%\">Breite der Walze<\/td>\n<td width=\"51.1000%\">55mm<\/td>\n<\/tr>\n<tr>\n<td width=\"48.9000%\">Druckbreite<\/td>\n<td width=\"51.1000%\">0-20mm<\/td>\n<\/tr>\n<tr>\n<td width=\"48.9000%\">Druckgeschwindigkeit<\/td>\n<td width=\"51.1000%\">1200-2500 St\u00fcck\/Stunde<\/td>\n<\/tr>\n<tr>\n<td width=\"48.9000%\">Strom<\/td>\n<td width=\"51.1000%\">220\/110V 640W<\/td>\n<\/tr>\n<tr>\n<td width=\"48.9000%\">Luftverbrauch<\/td>\n<td width=\"51.1000%\">5-7bar<\/td>\n<\/tr>\n<tr>\n<td width=\"48.9000%\">Dimension<\/td>\n<td width=\"51.1000%\">600x500x1150mm (L*B*H)<\/td>\n<\/tr>\n<tr>\n<td width=\"48.9000%\">Nettogewicht<\/td>\n<td width=\"51.1000%\">120kgs<\/td>\n<\/tr>\n<\/tbody>\n<\/table>\n<p><strong>Muster:<\/strong><\/p>\n<p><img loading=\"lazy\" decoding=\"async\" class=\"size-full wp-image-1738\" src=\"http:\/\/apmprint.com\/wp-content\/uploads\/2023\/12\/s-12.jpg\" alt=\"h104 hot stamping machine for cap lines\" width=\"800\" height=\"283\" srcset=\"https:\/\/apmprint.com\/wp-content\/uploads\/2023\/12\/s-12.jpg 800w, https:\/\/apmprint.com\/wp-content\/uploads\/2023\/12\/s-12-300x106.jpg 300w, https:\/\/apmprint.com\/wp-content\/uploads\/2023\/12\/s-12-768x272.jpg 768w, https:\/\/apmprint.com\/wp-content\/uploads\/2023\/12\/s-12-18x6.jpg 18w, https:\/\/apmprint.com\/wp-content\/uploads\/2023\/12\/s-12-600x212.jpg 600w\" sizes=\"auto, (max-width: 800px) 100vw, 800px\" \/><\/p>\n<p>&nbsp;<\/p>","protected":false},"excerpt":{"rendered":"<p><strong>Beschreibung:<\/strong><\/p>\n<ol>\n<li>Professionelles Design, einfache Struktur, einfache Einstellung, einfache Bedienung.<\/li>\n<li>Der flexible Druckkopf und die Halteachse k\u00f6nnen entsprechend der Form der Objekte bewegt werden, was es der Maschine erm\u00f6glicht, Teile in verschiedenen Formen zu drucken, z. B. runde, flache, ovale und mehrfl\u00e4chige Teile.<\/li>\n<li>Gute Druckqualit\u00e4t: wohlproportioniert, hochgl\u00e4nzend, ohne Verbindungsstellen und mit geringem Verschnitt.<\/li>\n<li>Kleine Gr\u00f6\u00dfe, sch\u00f6ne Form, leicht und robust.<\/li>\n<li>Die Walze ist vor- und r\u00fcckw\u00e4rts verstellbar und kann einen kleinen Winkel zur horizontalen Richtung einnehmen.<\/li>\n<\/ol>","protected":false},"featured_media":1739,"template":"","meta":{"_acf_changed":false,"_seopress_robots_primary_cat":"none","_seopress_titles_title":"","_seopress_titles_desc":"","_seopress_robots_index":""},"product_brand":[],"product_cat":[39],"product_tag":[83,79,84,70],"class_list":{"0":"post-1737","1":"product","2":"type-product","3":"status-publish","4":"has-post-thumbnail","6":"product_cat-semi-auto-hot-stamping-machine","7":"product_tag-cap","8":"product_tag-hot-stamping-machine","9":"product_tag-jar","10":"product_tag-semi-auto","12":"first","13":"instock","14":"shipping-taxable","15":"product-type-simple"},"acf":[],"_links":{"self":[{"href":"https:\/\/apmprint.com\/de\/wp-json\/wp\/v2\/product\/1737","targetHints":{"allow":["GET"]}}],"collection":[{"href":"https:\/\/apmprint.com\/de\/wp-json\/wp\/v2\/product"}],"about":[{"href":"https:\/\/apmprint.com\/de\/wp-json\/wp\/v2\/types\/product"}],"wp:featuredmedia":[{"embeddable":true,"href":"https:\/\/apmprint.com\/de\/wp-json\/wp\/v2\/media\/1739"}],"wp:attachment":[{"href":"https:\/\/apmprint.com\/de\/wp-json\/wp\/v2\/media?parent=1737"}],"wp:term":[{"taxonomy":"product_brand","embeddable":true,"href":"https:\/\/apmprint.com\/de\/wp-json\/wp\/v2\/product_brand?post=1737"},{"taxonomy":"product_cat","embeddable":true,"href":"https:\/\/apmprint.com\/de\/wp-json\/wp\/v2\/product_cat?post=1737"},{"taxonomy":"product_tag","embeddable":true,"href":"https:\/\/apmprint.com\/de\/wp-json\/wp\/v2\/product_tag?post=1737"}],"curies":[{"name":"wp","href":"https:\/\/api.w.org\/{rel}","templated":true}]}}