{"id":1756,"date":"2023-12-21T03:48:40","date_gmt":"2023-12-21T03:48:40","guid":{"rendered":"https:\/\/apmprint.com\/?post_type=product&#038;p=1756"},"modified":"2023-12-21T03:51:01","modified_gmt":"2023-12-21T03:51:01","slug":"200-140s2r-two-color-pad-printer-with-shuttle","status":"publish","type":"product","link":"https:\/\/apmprint.com\/de\/produkt\/200-140s2r-two-color-pad-printer-with-shuttle\/","title":{"rendered":"200-140S2R Zweifarb-Tampondrucker mit Shuttle"},"content":{"rendered":"<p><strong>Technische Daten:<\/strong><\/p>\n<p>Druckfarbe: 2-farbig (kann Prozess sein)<\/p>\n<p>Arbeitsstation: 1St\u00fcck<\/p>\n<p>Abstand des Zylinderkopfs nach oben und unten: 75 mm<\/p>\n<p>Hubabstand des Zylinders: 225mm<\/p>\n<p>Tintentopfhub: 200 mm, unabh\u00e4ngige Steuerung<\/p>\n<p>Maximaler Anpressdruck 1.178 N<\/p>\n<p>Standard Plattengr\u00f6\u00dfe: 150\u00d7 400mm (6' \u00d7 16')<\/p>\n<p>Durchmesser des Tintenbechers: 140 mm<\/p>\n<p>Gr\u00f6\u00dfe des Arbeitstisches: 400 \u00d7 165 mm<\/p>\n<p>Maximale Geschwindigkeit: 1500 St\u00fcck\/Std.<\/p>\n<p>Stromversorgung: 110V\/220V 50Hz<\/p>\n<p>Leistung: 35W<\/p>\n<p>Druck: 6 Bar<\/p>\n<p>Luftverbrauch: 200 Liter \/ Min<\/p>\n<p>Gewicht: 280Kg<\/p>\n<p>Ersatzteile<\/p>\n<p>1.2 St\u00fcck Stahlplatte<\/p>\n<p>2.2 St\u00fcck Silikon-Gummi-Pad<\/p>\n<p>&nbsp;<\/p>\n<p><strong>Muster:<\/strong><\/p>\n<p><img loading=\"lazy\" decoding=\"async\" class=\"size-full wp-image-1689\" src=\"http:\/\/apmprint.com\/wp-content\/uploads\/2023\/12\/s-5.jpg\" alt=\"cap11 automatic cap printing system (\u590d\u5236)\" width=\"800\" height=\"800\" srcset=\"https:\/\/apmprint.com\/wp-content\/uploads\/2023\/12\/s-5.jpg 800w, https:\/\/apmprint.com\/wp-content\/uploads\/2023\/12\/s-5-300x300.jpg 300w, https:\/\/apmprint.com\/wp-content\/uploads\/2023\/12\/s-5-150x150.jpg 150w, https:\/\/apmprint.com\/wp-content\/uploads\/2023\/12\/s-5-768x768.jpg 768w, https:\/\/apmprint.com\/wp-content\/uploads\/2023\/12\/s-5-12x12.jpg 12w, https:\/\/apmprint.com\/wp-content\/uploads\/2023\/12\/s-5-600x600.jpg 600w, https:\/\/apmprint.com\/wp-content\/uploads\/2023\/12\/s-5-100x100.jpg 100w\" sizes=\"auto, (max-width: 800px) 100vw, 800px\" \/><\/p>\n<p>&nbsp;<\/p>","protected":false},"excerpt":{"rendered":"<p><strong>Beschreibung:<\/strong><\/p>\n<ol>\n<li>Einfaches Bedienfeld mit LCD<\/li>\n<li>Schnell einstellbare XYR-Basis, genaue Farbregistrierung<\/li>\n<li>Leicht zu reinigender Farbbeh\u00e4lter, schneller Plattenwechsel<\/li>\n<li>XYZR verstellbarer Arbeitstisch<\/li>\n<li>Genaue Farbregistrierung<\/li>\n<li>SMC- oder Festo-Pneumatik<\/li>\n<li>CE-Sicherheitsbetrieb<\/li>\n<\/ol>","protected":false},"featured_media":1757,"template":"","meta":{"_acf_changed":false,"_seopress_robots_primary_cat":"none","_seopress_titles_title":"","_seopress_titles_desc":"","_seopress_robots_index":""},"product_brand":[],"product_cat":[40],"product_tag":[83,76,70],"class_list":{"0":"post-1756","1":"product","2":"type-product","3":"status-publish","4":"has-post-thumbnail","6":"product_cat-semi-auto-pad-printer","7":"product_tag-cap","8":"product_tag-pad-printer","9":"product_tag-semi-auto","11":"first","12":"instock","13":"shipping-taxable","14":"product-type-simple"},"acf":[],"_links":{"self":[{"href":"https:\/\/apmprint.com\/de\/wp-json\/wp\/v2\/product\/1756","targetHints":{"allow":["GET"]}}],"collection":[{"href":"https:\/\/apmprint.com\/de\/wp-json\/wp\/v2\/product"}],"about":[{"href":"https:\/\/apmprint.com\/de\/wp-json\/wp\/v2\/types\/product"}],"wp:featuredmedia":[{"embeddable":true,"href":"https:\/\/apmprint.com\/de\/wp-json\/wp\/v2\/media\/1757"}],"wp:attachment":[{"href":"https:\/\/apmprint.com\/de\/wp-json\/wp\/v2\/media?parent=1756"}],"wp:term":[{"taxonomy":"product_brand","embeddable":true,"href":"https:\/\/apmprint.com\/de\/wp-json\/wp\/v2\/product_brand?post=1756"},{"taxonomy":"product_cat","embeddable":true,"href":"https:\/\/apmprint.com\/de\/wp-json\/wp\/v2\/product_cat?post=1756"},{"taxonomy":"product_tag","embeddable":true,"href":"https:\/\/apmprint.com\/de\/wp-json\/wp\/v2\/product_tag?post=1756"}],"curies":[{"name":"wp","href":"https:\/\/api.w.org\/{rel}","templated":true}]}}