{"id":1768,"date":"2023-12-21T06:39:29","date_gmt":"2023-12-21T06:39:29","guid":{"rendered":"https:\/\/apmprint.com\/?post_type=product&#038;p=1768"},"modified":"2024-01-03T01:30:44","modified_gmt":"2024-01-03T01:30:44","slug":"apm-cnc102-fuv-single-color-servo-driven-screen-printer","status":"publish","type":"product","link":"https:\/\/apmprint.com\/de\/produkt\/apm-cnc102-fuv-single-color-servo-driven-screen-printer\/","title":{"rendered":"APM-CNC102-FUV Einfarbiger Siebdrucker mit Servoantrieb"},"content":{"rendered":"<p>Allgemeine Beschreibung:<br \/>\n1. Automatisches Ladeband. (Kundenspezifisches Ladesystem optional mit Aufpreis)<br \/>\n2. Automatische Flammenbehandlung vor dem Druck, um eine bessere Druckqualit\u00e4t zu erhalten.<br \/>\n3. Servogetriebenes Transfersystem.<br \/>\n4. Automatisches Drucksystem mit Servoantrieb: Druckkopf, Netzrahmen, Rotation, Beh\u00e4lter oben\/unten werden alle von Servomotoren angetrieben.<br \/>\n5. Mehrseitiger Druck in einem Arbeitsgang.<br \/>\n6. Elektrischer UV-Trockner oder LED-Trocknung.<br \/>\n7. Superschneller und einfacher Wechsel von einem Produkt zum anderen.<br \/>\n8. Alle Parameter automatische Einstellung einfach in Touchscreen.<br \/>\n9. Automatisches Entladeband<br \/>\n10. Sicherheitsbetrieb mit CE.<br \/>\n11. Wiederholter Druck in mehreren Farben.<br \/>\n12. Kamera-Vision-System (CCD) optional: f\u00fcr zylindrische Produkte ohne Registrierungspunkt. Wiederholter Druck in mehreren Farben.<\/p>\n<p>&nbsp;<\/p>\n<p><strong>Technische Daten<\/strong><\/p>\n<table>\n<tbody>\n<tr>\n<td width=\"246\">Geschwindigkeit<\/td>\n<td width=\"256\">15-40 St\u00fcck\/min (abh\u00e4ngig von den verschiedenen Produkten)<\/td>\n<\/tr>\n<tr>\n<td width=\"246\">Strom<\/td>\n<td width=\"256\">380V, 3P 50\/60Hz<\/td>\n<\/tr>\n<tr>\n<td width=\"246\">Luftzufuhr<\/td>\n<td width=\"256\">6-8Bar<\/td>\n<\/tr>\n<tr>\n<td width=\"246\"><\/td>\n<td width=\"256\"><strong>Runder Beh\u00e4lter<\/strong><\/td>\n<\/tr>\n<tr>\n<td width=\"246\">Druckdurchmesser.<\/td>\n<td width=\"256\">20-100mm<\/td>\n<\/tr>\n<tr>\n<td width=\"246\">Druckl\u00e4nge<\/td>\n<td width=\"256\">30-180mm<\/td>\n<\/tr>\n<tr>\n<td width=\"246\"><\/td>\n<td width=\"256\"><strong>Quadratischer\/unregelm\u00e4\u00dfiger Beh\u00e4lter<\/strong><\/td>\n<\/tr>\n<tr>\n<td width=\"246\">Druckbreite<\/td>\n<td width=\"256\">20-100mm<\/td>\n<\/tr>\n<tr>\n<td width=\"246\">Druckl\u00e4nge<\/td>\n<td width=\"256\">30-180mm<\/td>\n<\/tr>\n<\/tbody>\n<\/table>\n<p>&nbsp;<\/p>\n<p>&nbsp;<\/p>\n<p><strong><b>HAUPTTEILE MARKE<\/b><\/strong><\/p>\n<table>\n<tbody>\n<tr>\n<td width=\"143\">STEUERUNGSSYSTEME<\/td>\n<td width=\"207\">YASKAMA PLC<\/td>\n<td width=\"264\">JAPAN<\/td>\n<\/tr>\n<tr>\n<td width=\"143\">TOUCH-SCREEN<\/td>\n<td width=\"207\">WEINVIEW<\/td>\n<td width=\"264\">TAIWANESISCH (ANDERE MARKE OPTIONAL)<\/td>\n<\/tr>\n<tr>\n<td width=\"143\">SERVO-SYSTEME<\/td>\n<td width=\"207\">YASKAMA<\/td>\n<td width=\"264\">JAPAN<\/td>\n<\/tr>\n<tr>\n<td width=\"143\">CCD-REGISTRIERUNG<\/td>\n<td width=\"207\">HONGKONG\/ KEYENCE<\/td>\n<td width=\"264\">HONGKONG\/JAPAN (FAKULTATIV)<\/td>\n<\/tr>\n<tr>\n<td width=\"143\">ELEKTRISCHE TEILE<\/td>\n<td width=\"207\">OMRON\/SCHNEIDER\/SICK<\/td>\n<td width=\"264\">JAPAN\/FRANKREICH\/DEUTSCHLAND<\/td>\n<\/tr>\n<tr>\n<td width=\"143\">PNEIMATISCHE TEILE<\/td>\n<td width=\"207\">SMC\/AIRTAC<\/td>\n<td width=\"264\">JAPAN\/Taiwan<\/td>\n<\/tr>\n<\/tbody>\n<\/table>\n<p>&nbsp;<\/p>\n<p>ABLAUF DER DRUCKPRODUKTION<br \/>\n-Manuelles Laden auf das Band (automatische Zuf\u00fchrung optional)<br \/>\n-Flammenbehandlung<br \/>\n-Registrierung<br \/>\n-Autodruck<br \/>\n-Automatische UV\/LED-H\u00e4rtung<br \/>\n-Entladen auf das Band zum Verpacken<br \/>\nPREISANGEBOT:<br \/>\n1-DRUCKER :APM-CNC102-FUV USD 52.000<br \/>\numfasst:<br \/>\nFlammenbehandlung, UV-H\u00e4rtung<br \/>\n1 Satz Vorrichtungen<br \/>\n1 kompletter Satz von Werkzeugen<br \/>\n1 St. Siebgewebe<br \/>\n0,5-Meter-Rakel<br \/>\nOptional:<br \/>\nCCD-Registrierung: USD10000<br \/>\nExtra Einbauten<br \/>\nLieferung: ca. 60 Arbeitstage nach Eingang der Anzahlung und der Muster.<br \/>\nGarantie: Ein Jahr. APM liefert alle Garantieteile mit der ersten Lieferung.<br \/>\nEinrichtung und Schulung:<br \/>\nAuf Wunsch des K\u00e4ufers schickt APM Techniker f\u00fcr 7 Tage in die Fabrik des K\u00e4ufers zur Maschinenmontage, Einrichtung und Schulung. Alle Reisekosten, einschlie\u00dflich Flug, Visumantrag, Hotel, Verpflegung und Arbeitskosten, werden vom K\u00e4ufer getragen. Arbeitskosten: USD160 pro Tag.<br \/>\nZAHLUNGSBEDINGUNGEN: 50% Anzahlung; 50% T\/T vor Versand<br \/>\nLIEFERBEDINGUNGEN: FOB Shenzhen<\/p>\n<p><strong>Muster:<\/strong><\/p>\n<p><img loading=\"lazy\" decoding=\"async\" class=\"size-full wp-image-1773\" src=\"http:\/\/apmprint.com\/wp-content\/uploads\/2023\/12\/s-15.jpg\" alt=\"apm cnc102 fuv single color servo driven screen printer\" width=\"800\" height=\"800\" srcset=\"https:\/\/apmprint.com\/wp-content\/uploads\/2023\/12\/s-15.jpg 800w, https:\/\/apmprint.com\/wp-content\/uploads\/2023\/12\/s-15-300x300.jpg 300w, https:\/\/apmprint.com\/wp-content\/uploads\/2023\/12\/s-15-150x150.jpg 150w, https:\/\/apmprint.com\/wp-content\/uploads\/2023\/12\/s-15-768x768.jpg 768w, https:\/\/apmprint.com\/wp-content\/uploads\/2023\/12\/s-15-12x12.jpg 12w, https:\/\/apmprint.com\/wp-content\/uploads\/2023\/12\/s-15-600x600.jpg 600w, https:\/\/apmprint.com\/wp-content\/uploads\/2023\/12\/s-15-100x100.jpg 100w\" sizes=\"auto, (max-width: 800px) 100vw, 800px\" \/><\/p>\n<p>&nbsp;<\/p>","protected":false},"excerpt":{"rendered":"<p><strong><b>Anwendung:<\/b><\/strong><\/p>\n<p>Alle Formen von Glas-\/Kunststoffflaschen, Bechern und Tassen.<\/p>\n<p>Es kann jede Form von Beh\u00e4ltern rundherum in einem Druck bedrucken.<\/p>","protected":false},"featured_media":1769,"template":"","meta":{"_acf_changed":false,"_seopress_robots_primary_cat":"none","_seopress_titles_title":"","_seopress_titles_desc":"","_seopress_robots_index":""},"product_brand":[],"product_cat":[29,31,33],"product_tag":[75,85,55,56,84,57,78,69,58],"class_list":{"0":"post-1768","1":"product","2":"type-product","3":"status-publish","4":"has-post-thumbnail","6":"product_cat-all-servo-printing-machine-cnc","7":"product_cat-auto-screen-printer","8":"product_cat-glass-bottle-printer","9":"product_tag-automatic","10":"product_tag-cnc","11":"product_tag-cups","12":"product_tag-glass-bottles","13":"product_tag-jar","14":"product_tag-plastic-bottles","15":"product_tag-screen-printer","16":"product_tag-servo","17":"product_tag-tubes","19":"first","20":"instock","21":"shipping-taxable","22":"product-type-simple"},"acf":[],"_links":{"self":[{"href":"https:\/\/apmprint.com\/de\/wp-json\/wp\/v2\/product\/1768","targetHints":{"allow":["GET"]}}],"collection":[{"href":"https:\/\/apmprint.com\/de\/wp-json\/wp\/v2\/product"}],"about":[{"href":"https:\/\/apmprint.com\/de\/wp-json\/wp\/v2\/types\/product"}],"wp:featuredmedia":[{"embeddable":true,"href":"https:\/\/apmprint.com\/de\/wp-json\/wp\/v2\/media\/1769"}],"wp:attachment":[{"href":"https:\/\/apmprint.com\/de\/wp-json\/wp\/v2\/media?parent=1768"}],"wp:term":[{"taxonomy":"product_brand","embeddable":true,"href":"https:\/\/apmprint.com\/de\/wp-json\/wp\/v2\/product_brand?post=1768"},{"taxonomy":"product_cat","embeddable":true,"href":"https:\/\/apmprint.com\/de\/wp-json\/wp\/v2\/product_cat?post=1768"},{"taxonomy":"product_tag","embeddable":true,"href":"https:\/\/apmprint.com\/de\/wp-json\/wp\/v2\/product_tag?post=1768"}],"curies":[{"name":"wp","href":"https:\/\/api.w.org\/{rel}","templated":true}]}}