{"id":1774,"date":"2023-12-21T06:54:57","date_gmt":"2023-12-21T06:54:57","guid":{"rendered":"https:\/\/apmprint.com\/?post_type=product&#038;p=1774"},"modified":"2024-01-03T01:30:57","modified_gmt":"2024-01-03T01:30:57","slug":"apm-cnc102tp-single-color-servo-driven-screen-printer-with-thermoplastic-ink-printing","status":"publish","type":"product","link":"https:\/\/apmprint.com\/de\/produkt\/apm-cnc102tp-single-color-servo-driven-screen-printer-with-thermoplastic-ink-printing\/","title":{"rendered":"APM-CNC102TP Einfarbiger, servogesteuerter Siebdrucker mit Thermoplastik-Farbdruck"},"content":{"rendered":"<p><strong>Anwendung:<\/strong><\/p>\n<p>Alle Formen von Glasflaschen, Tassen, Bechern. Es kann jede Form von Beh\u00e4ltern rundum in einem Druck bedrucken.<\/p>\n<p>&nbsp;<\/p>\n<p>Optional:<br \/>\nFlammenvorbehandlungssystem<br \/>\nLED-UV oder elektrisches UV-System optional.<br \/>\nZus\u00e4tzliches Modul f\u00fcr bis zu 10 Einheiten, f\u00fcr eine mehrfarbige Produktionslinie.<br \/>\nKamera-Vision-System, f\u00fcr zylindrische Produkte ohne Registrierungspunkt. Wiederholungsdruck in mehreren Farben.<br \/>\nWir k\u00f6nnen den Siebdruckkopf in eine Hei\u00dfpr\u00e4gemaschine umwandeln.<\/p>\n<p>&nbsp;<\/p>\n<p><strong>Technische Daten<\/strong><\/p>\n<table>\n<tbody>\n<tr>\n<td width=\"246\">Geschwindigkeit<\/td>\n<td width=\"246\">1200-2400St\u00fcck\/H<\/td>\n<\/tr>\n<tr>\n<td width=\"246\">Strom<\/td>\n<td width=\"246\">380V, 3P 50\/60Hz<\/td>\n<\/tr>\n<tr>\n<td width=\"246\">Luftzufuhr<\/td>\n<td width=\"246\">6-8Bar<\/td>\n<\/tr>\n<tr>\n<td width=\"246\"><\/td>\n<td width=\"246\"><strong>Runder Beh\u00e4lter<\/strong><\/td>\n<\/tr>\n<tr>\n<td width=\"246\">Druckdurchmesser.<\/td>\n<td width=\"246\">20-100mm<\/td>\n<\/tr>\n<tr>\n<td width=\"246\">Druckl\u00e4nge<\/td>\n<td width=\"246\">30-180mm<\/td>\n<\/tr>\n<tr>\n<td width=\"246\"><\/td>\n<td width=\"246\"><strong>Quadratischer\/unregelm\u00e4\u00dfiger Beh\u00e4lter<\/strong><\/td>\n<\/tr>\n<tr>\n<td width=\"246\">Druckbreite<\/td>\n<td width=\"246\">20-100mm<\/td>\n<\/tr>\n<tr>\n<td width=\"246\">Druckl\u00e4nge<\/td>\n<td width=\"246\">30-180mm<\/td>\n<\/tr>\n<\/tbody>\n<\/table>\n<p>&nbsp;<\/p>\n<p><strong>Muster:<\/strong><\/p>\n<p><img loading=\"lazy\" decoding=\"async\" class=\"size-full wp-image-1776\" src=\"http:\/\/apmprint.com\/wp-content\/uploads\/2023\/12\/s-16.jpg\" alt=\"apm cnc102tp single color servo driven screen printer with thermoplastic ink printing\" width=\"800\" height=\"800\" srcset=\"https:\/\/apmprint.com\/wp-content\/uploads\/2023\/12\/s-16.jpg 800w, https:\/\/apmprint.com\/wp-content\/uploads\/2023\/12\/s-16-300x300.jpg 300w, https:\/\/apmprint.com\/wp-content\/uploads\/2023\/12\/s-16-150x150.jpg 150w, https:\/\/apmprint.com\/wp-content\/uploads\/2023\/12\/s-16-768x768.jpg 768w, https:\/\/apmprint.com\/wp-content\/uploads\/2023\/12\/s-16-12x12.jpg 12w, https:\/\/apmprint.com\/wp-content\/uploads\/2023\/12\/s-16-600x600.jpg 600w, https:\/\/apmprint.com\/wp-content\/uploads\/2023\/12\/s-16-100x100.jpg 100w\" sizes=\"auto, (max-width: 800px) 100vw, 800px\" \/><\/p>\n<p>&nbsp;<\/p>","protected":false},"excerpt":{"rendered":"<p>Allgemeine Beschreibung\uff1a<br \/>\n1. Automatisches Ladesystem mit mehrachsigem Servoroboter. Die Flasche steht auf dem Band.<br \/>\n2. Servogetriebenes Transfersystem.<br \/>\n3. Automatisches Drucksystem mit allen Servo angetrieben: Druckkopf, Mesh-Rahmen, Rotation, Container oben\/unten alle durch Servomotoren angetrieben.<br \/>\n4. Mehrseitiger Druck in einem Arbeitsgang.<br \/>\n5. Superschneller und einfacher Wechsel von einem Produkt zum anderen.<br \/>\n6. Alle Parameter automatische Einstellung einfach in Touchscreen. Produktwechsel ist nur 15 Minuten pro Farbe.<br \/>\n7. Automatische Entladung mit Servo-Roboter. Stehende Entladung von Flaschen.<br \/>\n8. Sicherheitsbetrieb mit CE.<br \/>\n9. Wiederholter Druck in mehreren Farben.<\/p>","protected":false},"featured_media":1775,"template":"","meta":{"_acf_changed":false,"_seopress_robots_primary_cat":"none","_seopress_titles_title":"","_seopress_titles_desc":"","_seopress_robots_index":""},"product_brand":[],"product_cat":[29,31,33],"product_tag":[75,85,78,69],"class_list":{"0":"post-1774","1":"product","2":"type-product","3":"status-publish","4":"has-post-thumbnail","6":"product_cat-all-servo-printing-machine-cnc","7":"product_cat-auto-screen-printer","8":"product_cat-glass-bottle-printer","9":"product_tag-automatic","10":"product_tag-cnc","11":"product_tag-screen-printer","12":"product_tag-servo","14":"first","15":"instock","16":"shipping-taxable","17":"product-type-simple"},"acf":[],"_links":{"self":[{"href":"https:\/\/apmprint.com\/de\/wp-json\/wp\/v2\/product\/1774","targetHints":{"allow":["GET"]}}],"collection":[{"href":"https:\/\/apmprint.com\/de\/wp-json\/wp\/v2\/product"}],"about":[{"href":"https:\/\/apmprint.com\/de\/wp-json\/wp\/v2\/types\/product"}],"wp:featuredmedia":[{"embeddable":true,"href":"https:\/\/apmprint.com\/de\/wp-json\/wp\/v2\/media\/1775"}],"wp:attachment":[{"href":"https:\/\/apmprint.com\/de\/wp-json\/wp\/v2\/media?parent=1774"}],"wp:term":[{"taxonomy":"product_brand","embeddable":true,"href":"https:\/\/apmprint.com\/de\/wp-json\/wp\/v2\/product_brand?post=1774"},{"taxonomy":"product_cat","embeddable":true,"href":"https:\/\/apmprint.com\/de\/wp-json\/wp\/v2\/product_cat?post=1774"},{"taxonomy":"product_tag","embeddable":true,"href":"https:\/\/apmprint.com\/de\/wp-json\/wp\/v2\/product_tag?post=1774"}],"curies":[{"name":"wp","href":"https:\/\/api.w.org\/{rel}","templated":true}]}}