{"id":1779,"date":"2023-12-21T07:23:43","date_gmt":"2023-12-21T07:23:43","guid":{"rendered":"https:\/\/apmprint.com\/?post_type=product&#038;p=1779"},"modified":"2024-01-03T01:24:16","modified_gmt":"2024-01-03T01:24:16","slug":"cnc106-3-6-color-automatic-servo-screen-printer","status":"publish","type":"product","link":"https:\/\/apmprint.com\/de\/produkt\/cnc106-3-6-color-automatic-servo-screen-printer\/","title":{"rendered":"2-8 Farben Glasflaschen-Servo-Siebdruckmaschine CNC106"},"content":{"rendered":"<p>CNC106 automatische Mehrfarben-Glas-Plastik-Metall-Flaschen-Logo Siebdruck und Hei\u00dffolienpr\u00e4gung Karussell Maschine Unternehmen verbringen so viel Zeit mit verschiedenen Produkten zu erreichen diverse Bed\u00fcrfnisse der Verbraucher. Der integrierte Einsatz von Technologien tr\u00e4gt zu einem hocheffizienten Herstellungsprozess bei, und es hat sich gezeigt, dass das Produkt in der Branche der Siebdrucker unverzichtbar ist. CNC106 automatische Mehrfarben-Glas-Plastik-Metall-Flaschen-Logo Siebdruck und Hei\u00dffolienpr\u00e4gung Karussell Maschine, als eines unserer besten und neuesten Produkte, verdient weithin bemerkt werden und an Kunden auf der ganzen Welt angezeigt.<\/p>\n<div class=\"rich-text-table\">\n<table>\n<tbody>\n<tr>\n<td>Platte Typ:<\/td>\n<td>Siebdrucker<\/td>\n<td>Anwendbare Branchen:<\/td>\n<td>Fertigungsbetriebe, Druckereien, Lebensmittel- und Getr\u00e4nkem\u00e4rkte<\/td>\n<\/tr>\n<tr>\n<td>Zustand:<\/td>\n<td>Neu<\/td>\n<td>Herkunftsort:<\/td>\n<td>Guangdong, China<\/td>\n<\/tr>\n<tr>\n<td>Markenname:<\/td>\n<td>apm Druck<\/td>\n<td>Verwendung:<\/td>\n<td>Flaschendrucker, Glasflaschendrucker<\/td>\n<\/tr>\n<tr>\n<td>Automatischer Grad:<\/td>\n<td>Automatisch<\/td>\n<td>Farbe und Seite:<\/td>\n<td>Multicolor<\/td>\n<\/tr>\n<tr>\n<td>Spannung:<\/td>\n<td>380V, 50\/60Hz<\/td>\n<td>Abmessungen (L*B*H):<\/td>\n<td>2.2*2.2*2m<\/td>\n<\/tr>\n<tr>\n<td>Gewicht:<\/td>\n<td>3500 KG<\/td>\n<td>Zertifizierung:<\/td>\n<td>CE-Zertifizierung<\/td>\n<\/tr>\n<tr>\n<td>Garantie:<\/td>\n<td>1 Jahr<\/td>\n<td>Service nach dem Verkauf:<\/td>\n<td>Online-Support, technischer Video-Support, Techniker f\u00fcr die Wartung von Maschinen in \u00dcbersee verf\u00fcgbar<\/td>\n<\/tr>\n<tr>\n<td>Wichtigste Verkaufsargumente:<\/td>\n<td>Automatisch<\/td>\n<td>Maschinen-Testbericht:<\/td>\n<td>Zur Verf\u00fcgung gestellt<\/td>\n<\/tr>\n<tr>\n<td>Video-Ausgangsinspektion:<\/td>\n<td>Zur Verf\u00fcgung gestellt<\/td>\n<td>Garantie f\u00fcr Kernkomponenten:<\/td>\n<td>1 Jahr<\/td>\n<\/tr>\n<tr>\n<td>Kernkomponenten:<\/td>\n<td>Lager, Motor, PLC, Motor, Getriebe<\/td>\n<td>Anwendung:<\/td>\n<td>Glasflasche\u00a0<a class=\"keyword_link font-color\" title=\"Hei\u00dfpr\u00e4gemaschine\" href=\"https:\/\/www.apmprinter.com\/\" target=\"_blank\" rel=\"noopener\">Hei\u00dfpr\u00e4gemaschine<\/a><\/td>\n<\/tr>\n<tr>\n<td>Druckfarbe:<\/td>\n<td>Mehrfarbig Optional<\/td>\n<td>Art:<\/td>\n<td>Hei\u00dfpr\u00e4gemaschine<\/td>\n<\/tr>\n<tr>\n<td>Schl\u00fcsselw\u00f6rter:<\/td>\n<td>Folienpr\u00e4gung auf Glas<\/td>\n<td>Anwendungsbereich:<\/td>\n<td>Druckeng<\/td>\n<\/tr>\n<tr>\n<td>Name des Produkts:<\/td>\n<td>CNC106 automatische Druckmaschine<\/td>\n<td>Druckgr\u00f6\u00dfe:<\/td>\n<td>Vielzahl von Gr\u00f6\u00dfen<\/td>\n<\/tr>\n<tr>\n<td>Artikel:<\/td>\n<td>automatische Siebdruckpresse<\/td>\n<td>Maschinentyp:<\/td>\n<td>Gro\u00dfer automatischer Siebdrucker<\/td>\n<\/tr>\n<tr>\n<td>Service nach der Garantie:<\/td>\n<td>Technischer Video-Support, Online-Support, Ersatzteile, Wartungs- und Reparaturservice vor Ort<\/td>\n<td>Lokaler Service Standort:<\/td>\n<td>Kanada, T\u00fcrkei, Vereinigte Staaten, Spanien<\/td>\n<\/tr>\n<tr>\n<td>Standort des Ausstellungsraums:<\/td>\n<td>Kanada, T\u00fcrkei, Vereinigte Staaten, Spanien<\/td>\n<td>Art der Vermarktung:<\/td>\n<td>Hei\u00dfes Produkt 2019<\/td>\n<\/tr>\n<\/tbody>\n<\/table>\n<\/div>\n<p>&nbsp;<\/p>\n<p><strong>Anwendung:<\/strong><\/p>\n<p>Runde, ovale, quadratische Flaschen<\/p>\n<p>&nbsp;<\/p>\n<p>Beschreibung:<br \/>\n1. Automatisches Ladeband, vollautomatischer Lader optional mit Aufpreis.<br \/>\n2. Staubwischen<br \/>\n3. Automatische Flammenbehandlung<br \/>\n4. 12 Stationen<br \/>\n5. Aufblasen an jeder Druckstation f\u00fcr weiche Flaschen<br \/>\n6. Alle servogetriebenen Siebdrucker mit bester Genauigkeit<br \/>\n*Druckk\u00f6pfe werden von einem Servomotor angetrieben<br \/>\n*Maschenrahmen mit Servomotorantrieb<br \/>\n*Alle Vorrichtungen sind mit Servomotoren f\u00fcr die Rotation ausgestattet (keine Zahnr\u00e4der erforderlich, einfacher und schneller Produktwechsel)<br \/>\n7. Mehrfarbiger Druck in 1 Prozess<br \/>\n8. Kamera-Vision-System (CCD) optional: f\u00fcr zylindrische Produkte ohne Registrierungspunkt, wiederholen Sie drucken, um zwei Farben sein.<br \/>\n9. Schnelle und einfache Umstellung von einem Produkt auf ein anderes. Alle Parameter automatisch Einstellung einfach in Touchscreen.<br \/>\n10. Automatische UV-Trocknung nach jedem Farbdruck.<br \/>\n11. Automatische Entladung.<br \/>\n12. Gut gebautes Maschinenhaus mit CE-Standard Sicherheitsdesign.<br \/>\n13. Hei\u00dfpr\u00e4gung optional<\/p>\n<p>&nbsp;<\/p>\n<p><strong>Bemerkung:<\/strong><\/p>\n<p>Sprache: Chinesisch, Englisch und wahlweise Landessprache.<\/p>\n<p>Der K\u00e4ufer hilft bei der \u00dcbersetzung der Tafeln in die Landessprache<\/p>\n<p>&nbsp;<\/p>\n<p><strong>Technische Daten<\/strong><\/p>\n<table>\n<tbody>\n<tr>\n<td width=\"207\">Parameter\/Position<\/td>\n<td width=\"321\">CNC106<\/td>\n<\/tr>\n<tr>\n<td width=\"207\">Macht<\/td>\n<td width=\"321\">380V, 3P 50\/60Hz<\/td>\n<\/tr>\n<tr>\n<td width=\"207\">Luftverbrauch<\/td>\n<td width=\"321\">6-8bar<\/td>\n<\/tr>\n<tr>\n<td width=\"207\">Maximale Druckgeschwindigkeit<\/td>\n<td width=\"321\">30~60 St\u00fcck\/Min.<\/td>\n<\/tr>\n<tr>\n<td width=\"207\">Max. Druckdurchmesser<\/td>\n<td width=\"321\">60mm<\/td>\n<\/tr>\n<tr>\n<td width=\"207\">Max. Druckumstand<\/td>\n<td width=\"321\">180mm<\/td>\n<\/tr>\n<tr>\n<td width=\"207\">H\u00f6he des Produkts<\/td>\n<td width=\"321\">25-250mm<\/td>\n<\/tr>\n<tr>\n<td width=\"207\">Max. Druckh\u00f6he<\/td>\n<td width=\"321\">200mm<\/td>\n<\/tr>\n<\/tbody>\n<\/table>\n<p><strong>\u00a0\u00a0<\/strong><\/p>\n<p><strong><b>HAUPTTEILE MARKE<\/b><\/strong><\/p>\n<table>\n<tbody>\n<tr>\n<td width=\"152\"><strong><b>STEUERUNGSSYSTEME<\/b><\/strong><\/td>\n<td width=\"145\">YASKAWA PLC<\/td>\n<td width=\"125\">JAPAN<\/td>\n<\/tr>\n<tr>\n<td width=\"152\"><strong><b>TOUCH-SCREEN <\/b><\/strong><\/td>\n<td width=\"145\">WEINVIEW<\/td>\n<td width=\"125\">TAIWAN<\/td>\n<\/tr>\n<tr>\n<td width=\"152\"><strong><b>SERVO-SYSTEME<\/b><\/strong><\/td>\n<td width=\"145\">YASKAWA<\/td>\n<td width=\"125\">JAPAN<\/td>\n<\/tr>\n<tr>\n<td width=\"152\"><strong><b>INDEX<\/b><\/strong><\/td>\n<td width=\"145\">DEX<\/td>\n<td width=\"125\">TAIWAN<\/td>\n<\/tr>\n<tr>\n<td width=\"152\"><strong><b>ELEKTRISCHE TEILE<\/b><\/strong><\/td>\n<td width=\"145\">OMRON\/SCHNEIDER<\/td>\n<td width=\"125\">JAPAN\/FRANKREICH<\/td>\n<\/tr>\n<tr>\n<td width=\"152\"><strong><b>PNEIMATISCHE TEILE<\/b><\/strong><\/td>\n<td width=\"145\">SMC\/AIRTAC<\/td>\n<td width=\"125\">JAPAN\/Taiwan<\/td>\n<\/tr>\n<\/tbody>\n<\/table>\n<p>&nbsp;<\/p>\n<p><strong>Muster:<\/strong><\/p>\n<p><img loading=\"lazy\" decoding=\"async\" class=\"size-full wp-image-1780\" src=\"http:\/\/apmprint.com\/wp-content\/uploads\/2023\/12\/s-17.jpg\" alt=\"cnc106 3 6 color automatic servo screen printer\" width=\"800\" height=\"800\" srcset=\"https:\/\/apmprint.com\/wp-content\/uploads\/2023\/12\/s-17.jpg 800w, https:\/\/apmprint.com\/wp-content\/uploads\/2023\/12\/s-17-300x300.jpg 300w, https:\/\/apmprint.com\/wp-content\/uploads\/2023\/12\/s-17-150x150.jpg 150w, https:\/\/apmprint.com\/wp-content\/uploads\/2023\/12\/s-17-768x768.jpg 768w, https:\/\/apmprint.com\/wp-content\/uploads\/2023\/12\/s-17-12x12.jpg 12w, https:\/\/apmprint.com\/wp-content\/uploads\/2023\/12\/s-17-600x600.jpg 600w, https:\/\/apmprint.com\/wp-content\/uploads\/2023\/12\/s-17-100x100.jpg 100w\" sizes=\"auto, (max-width: 800px) 100vw, 800px\" \/><\/p>\n<p>&nbsp;<\/p>\n<p><img loading=\"lazy\" decoding=\"async\" class=\"size-full wp-image-1808\" src=\"http:\/\/apmprint.com\/wp-content\/uploads\/2023\/12\/s-23.jpg\" alt=\"1~8 color universal auto screen printer s102\" width=\"800\" height=\"631\" srcset=\"https:\/\/apmprint.com\/wp-content\/uploads\/2023\/12\/s-23.jpg 800w, https:\/\/apmprint.com\/wp-content\/uploads\/2023\/12\/s-23-300x237.jpg 300w, https:\/\/apmprint.com\/wp-content\/uploads\/2023\/12\/s-23-768x606.jpg 768w, https:\/\/apmprint.com\/wp-content\/uploads\/2023\/12\/s-23-15x12.jpg 15w, https:\/\/apmprint.com\/wp-content\/uploads\/2023\/12\/s-23-600x473.jpg 600w\" sizes=\"auto, (max-width: 800px) 100vw, 800px\" \/><\/p>\n<p><img loading=\"lazy\" decoding=\"async\" class=\"size-full wp-image-1967\" src=\"http:\/\/apmprint.com\/wp-content\/uploads\/2023\/12\/\u4ecb\u7ecd1.jpg\" alt=\"ss106 2 color automatic printing machine\" width=\"750\" height=\"1500\" srcset=\"https:\/\/apmprint.com\/wp-content\/uploads\/2023\/12\/\u4ecb\u7ecd1.jpg 750w, https:\/\/apmprint.com\/wp-content\/uploads\/2023\/12\/\u4ecb\u7ecd1-150x300.jpg 150w, https:\/\/apmprint.com\/wp-content\/uploads\/2023\/12\/\u4ecb\u7ecd1-512x1024.jpg 512w, https:\/\/apmprint.com\/wp-content\/uploads\/2023\/12\/\u4ecb\u7ecd1-6x12.jpg 6w, https:\/\/apmprint.com\/wp-content\/uploads\/2023\/12\/\u4ecb\u7ecd1-600x1200.jpg 600w\" sizes=\"auto, (max-width: 750px) 100vw, 750px\" \/><\/p>\n<p><img loading=\"lazy\" decoding=\"async\" class=\"size-full wp-image-1968\" src=\"http:\/\/apmprint.com\/wp-content\/uploads\/2023\/12\/\u4ecb\u7ecd2.jpg\" alt=\"ss106 2 color automatic printing machine\" width=\"750\" height=\"1020\" srcset=\"https:\/\/apmprint.com\/wp-content\/uploads\/2023\/12\/\u4ecb\u7ecd2.jpg 750w, https:\/\/apmprint.com\/wp-content\/uploads\/2023\/12\/\u4ecb\u7ecd2-221x300.jpg 221w, https:\/\/apmprint.com\/wp-content\/uploads\/2023\/12\/\u4ecb\u7ecd2-9x12.jpg 9w, https:\/\/apmprint.com\/wp-content\/uploads\/2023\/12\/\u4ecb\u7ecd2-600x816.jpg 600w\" sizes=\"auto, (max-width: 750px) 100vw, 750px\" \/><\/p>\n<p><img loading=\"lazy\" decoding=\"async\" class=\"size-full wp-image-1969\" src=\"http:\/\/apmprint.com\/wp-content\/uploads\/2023\/12\/\u4ecb\u7ecd3.jpg\" alt=\"ss106 2 color automatic printing machine\" width=\"750\" height=\"1072\" srcset=\"https:\/\/apmprint.com\/wp-content\/uploads\/2023\/12\/\u4ecb\u7ecd3.jpg 750w, https:\/\/apmprint.com\/wp-content\/uploads\/2023\/12\/\u4ecb\u7ecd3-210x300.jpg 210w, https:\/\/apmprint.com\/wp-content\/uploads\/2023\/12\/\u4ecb\u7ecd3-716x1024.jpg 716w, https:\/\/apmprint.com\/wp-content\/uploads\/2023\/12\/\u4ecb\u7ecd3-8x12.jpg 8w, https:\/\/apmprint.com\/wp-content\/uploads\/2023\/12\/\u4ecb\u7ecd3-600x858.jpg 600w\" sizes=\"auto, (max-width: 750px) 100vw, 750px\" \/><\/p>\n<p>&nbsp;<\/p>","protected":false},"excerpt":{"rendered":"<p>Bei der Herstellung von vollautomatischen Siebdruckern (speziell CNC-Druckmaschinen) wird eine Vielzahl von hochentwickelten Technologien eingesetzt. Bislang hat sich der Einsatz in den Bereichen Siebdrucker bew\u00e4hrt.<\/p>\n<p><strong><b>Modellnummer<\/b><\/strong>: CNC106<\/p>\n<p><strong><b>Bruttoleistung<\/b><\/strong>: 380V 3Phasen 50\/60Hz<\/p>\n<p><strong><b>Versand<\/b><\/strong>: Express-Seefracht \/ Landfracht \/ Luftfracht<\/p>\n<p><strong><b>Personalisierung<\/b><\/strong>: Kundenspezifisches Logo (Mindestbestellmenge: 5 Sets) , Kundenspezifische Verpackung (Mindestbestellmenge: 5 Sets) , Grafikanpassung (Mindestbestellmenge: 5 Sets)<\/p>","protected":false},"featured_media":1970,"template":"","meta":{"_acf_changed":false,"_seopress_robots_primary_cat":"none","_seopress_titles_title":"","_seopress_titles_desc":"","_seopress_robots_index":""},"product_brand":[],"product_cat":[29,31],"product_tag":[75,85,55,56,84,57,78,69,58],"class_list":{"0":"post-1779","1":"product","2":"type-product","3":"status-publish","4":"has-post-thumbnail","6":"product_cat-all-servo-printing-machine-cnc","7":"product_cat-auto-screen-printer","8":"product_tag-automatic","9":"product_tag-cnc","10":"product_tag-cups","11":"product_tag-glass-bottles","12":"product_tag-jar","13":"product_tag-plastic-bottles","14":"product_tag-screen-printer","15":"product_tag-servo","16":"product_tag-tubes","18":"first","19":"instock","20":"shipping-taxable","21":"product-type-simple"},"acf":[],"_links":{"self":[{"href":"https:\/\/apmprint.com\/de\/wp-json\/wp\/v2\/product\/1779","targetHints":{"allow":["GET"]}}],"collection":[{"href":"https:\/\/apmprint.com\/de\/wp-json\/wp\/v2\/product"}],"about":[{"href":"https:\/\/apmprint.com\/de\/wp-json\/wp\/v2\/types\/product"}],"wp:featuredmedia":[{"embeddable":true,"href":"https:\/\/apmprint.com\/de\/wp-json\/wp\/v2\/media\/1970"}],"wp:attachment":[{"href":"https:\/\/apmprint.com\/de\/wp-json\/wp\/v2\/media?parent=1779"}],"wp:term":[{"taxonomy":"product_brand","embeddable":true,"href":"https:\/\/apmprint.com\/de\/wp-json\/wp\/v2\/product_brand?post=1779"},{"taxonomy":"product_cat","embeddable":true,"href":"https:\/\/apmprint.com\/de\/wp-json\/wp\/v2\/product_cat?post=1779"},{"taxonomy":"product_tag","embeddable":true,"href":"https:\/\/apmprint.com\/de\/wp-json\/wp\/v2\/product_tag?post=1779"}],"curies":[{"name":"wp","href":"https:\/\/api.w.org\/{rel}","templated":true}]}}