{"id":1785,"date":"2023-12-21T07:32:28","date_gmt":"2023-12-21T07:32:28","guid":{"rendered":"https:\/\/apmprint.com\/?post_type=product&#038;p=1785"},"modified":"2024-01-03T01:31:10","modified_gmt":"2024-01-03T01:31:10","slug":"cnc323-8-38-color-automatic-servo-screen-printer-for-bottles","status":"publish","type":"product","link":"https:\/\/apmprint.com\/de\/produkt\/cnc323-8-38-color-automatic-servo-screen-printer-for-bottles\/","title":{"rendered":"CNC323-8 3~8 farbiger automatischer Servo-Siebdrucker f\u00fcr Flaschen"},"content":{"rendered":"<p><strong>Anwendung:<\/strong><\/p>\n<p>Verschiedene Formen von Flaschen<\/p>\n<p>&nbsp;<\/p>\n<p><strong>Beschreibung:<\/strong><\/p>\n<ol>\n<li>Automatisches Ladesystem mit mehrachsigem Servoroboter.<\/li>\n<li>Rundschalttischsystem mit h\u00f6chster Genauigkeit.<\/li>\n<li>Alle servogetriebenen Siebdrucker mit h\u00f6chster Genauigkeit<\/li>\n<\/ol>\n<p>*Indexer angetrieben durch Servomotor<\/p>\n<p>*Maschenrahmen mit Servomotorantrieb<\/p>\n<p>*Alle Vorrichtungen sind mit Servomotoren f\u00fcr die Rotation ausgestattet (keine Zahnr\u00e4der erforderlich, einfacher und schneller Produktwechsel)<\/p>\n<ol start=\"4\">\n<li>3-Farben-Druck in 1 Prozess<\/li>\n<li>Schnelle und einfache Umstellung von einem Produkt auf ein anderes. Alle Parameter werden einfach \u00fcber den Touchscreen automatisch eingestellt.<\/li>\n<li>Automatische UV-Trocknung nach jedem Farbdruck.<\/li>\n<li>Automatische Entladung mit Servo-Roboter.<\/li>\n<li>Gut gebautes Maschinenhaus mit CE-Standard-Sicherheitskonzept.<\/li>\n<\/ol>\n<p>&nbsp;<\/p>\n<p><strong><b>Optionen<\/b><\/strong><strong><b>\uff1a<\/b><\/strong><\/p>\n<ol>\n<li>Die 2. Farbe kann durch einen Hei\u00dfpr\u00e4gekopf ersetzt werden, so dass mehrfarbiger Siebdruck und Hei\u00dfpr\u00e4gung in einer Linie erfolgen.<\/li>\n<li>Kamera-Vision-System, f\u00fcr zylindrische Produkte ohne Erfassungspunkt, um die Formanlage zu verlassen.<\/li>\n<li>Vereinfachtes Modell: CNC323-8 nur f\u00fcr zylindrische Flaschen. Druckkopf ohne Servomotorantrieb, kein schwimmendes Auf- und Abbewegen des Produkts.<\/li>\n<\/ol>\n<p>&nbsp;<\/p>\n<p><strong>Technische Daten<\/strong><\/p>\n<table>\n<tbody>\n<tr>\n<td width=\"246\">Parameter\/Position<\/td>\n<td width=\"246\">CNC323~8<\/td>\n<\/tr>\n<tr>\n<td width=\"246\">Macht<\/td>\n<td width=\"246\">380V, 3P 50\/60Hz<\/td>\n<\/tr>\n<tr>\n<td width=\"246\">Luftverbrauch<\/td>\n<td width=\"246\">6-7bar<\/td>\n<\/tr>\n<tr>\n<td width=\"246\">Maximale Druckgeschwindigkeit<\/td>\n<td width=\"246\">1000-3000St\u00fcck\/H<\/td>\n<\/tr>\n<tr>\n<td width=\"246\">Druckdurchmesser.<\/td>\n<td width=\"246\">15-100mm<\/td>\n<\/tr>\n<tr>\n<td width=\"246\">Druckl\u00e4nge<\/td>\n<td width=\"246\">25-300mm<\/td>\n<\/tr>\n<\/tbody>\n<\/table>\n<p>&nbsp;<\/p>\n<p><strong>Muster:<\/strong><\/p>\n<p><img loading=\"lazy\" decoding=\"async\" class=\"size-full wp-image-1786\" src=\"http:\/\/apmprint.com\/wp-content\/uploads\/2023\/12\/s-18.jpg\" alt=\"cnc323 8 3~8 color automatic servo screen printer for bottles\" width=\"800\" height=\"277\" srcset=\"https:\/\/apmprint.com\/wp-content\/uploads\/2023\/12\/s-18.jpg 800w, https:\/\/apmprint.com\/wp-content\/uploads\/2023\/12\/s-18-300x104.jpg 300w, https:\/\/apmprint.com\/wp-content\/uploads\/2023\/12\/s-18-768x266.jpg 768w, https:\/\/apmprint.com\/wp-content\/uploads\/2023\/12\/s-18-18x6.jpg 18w, https:\/\/apmprint.com\/wp-content\/uploads\/2023\/12\/s-18-600x208.jpg 600w\" sizes=\"auto, (max-width: 800px) 100vw, 800px\" \/><\/p>\n<p>&nbsp;<\/p>","protected":false},"excerpt":{"rendered":"<p>Application: Different shapes of bottles &nbsp; Description: Automatic loading system with multi axis servo robot. Indexing table system with best accuracy. All servo driven screen printer with best accuracy *indexer driven by servo motor *mesh frames driven by servo motors *all jigs installed with servo motors for rotation (no need gears, easy and fast products [&hellip;]<\/p>","protected":false},"featured_media":1787,"template":"","meta":{"_acf_changed":false,"_seopress_robots_primary_cat":"none","_seopress_titles_title":"","_seopress_titles_desc":"","_seopress_robots_index":""},"product_brand":[],"product_cat":[29,32,31,33],"product_tag":[75,85,78,69],"class_list":{"0":"post-1785","1":"product","2":"type-product","3":"status-publish","4":"has-post-thumbnail","6":"product_cat-all-servo-printing-machine-cnc","7":"product_cat-auto-screen-print-hot-stamp","8":"product_cat-auto-screen-printer","9":"product_cat-glass-bottle-printer","10":"product_tag-automatic","11":"product_tag-cnc","12":"product_tag-screen-printer","13":"product_tag-servo","15":"first","16":"instock","17":"shipping-taxable","18":"product-type-simple"},"acf":[],"_links":{"self":[{"href":"https:\/\/apmprint.com\/de\/wp-json\/wp\/v2\/product\/1785","targetHints":{"allow":["GET"]}}],"collection":[{"href":"https:\/\/apmprint.com\/de\/wp-json\/wp\/v2\/product"}],"about":[{"href":"https:\/\/apmprint.com\/de\/wp-json\/wp\/v2\/types\/product"}],"wp:featuredmedia":[{"embeddable":true,"href":"https:\/\/apmprint.com\/de\/wp-json\/wp\/v2\/media\/1787"}],"wp:attachment":[{"href":"https:\/\/apmprint.com\/de\/wp-json\/wp\/v2\/media?parent=1785"}],"wp:term":[{"taxonomy":"product_brand","embeddable":true,"href":"https:\/\/apmprint.com\/de\/wp-json\/wp\/v2\/product_brand?post=1785"},{"taxonomy":"product_cat","embeddable":true,"href":"https:\/\/apmprint.com\/de\/wp-json\/wp\/v2\/product_cat?post=1785"},{"taxonomy":"product_tag","embeddable":true,"href":"https:\/\/apmprint.com\/de\/wp-json\/wp\/v2\/product_tag?post=1785"}],"curies":[{"name":"wp","href":"https:\/\/api.w.org\/{rel}","templated":true}]}}