{"id":1790,"date":"2023-12-21T07:38:56","date_gmt":"2023-12-21T07:38:56","guid":{"rendered":"https:\/\/apmprint.com\/?post_type=product&#038;p=1790"},"modified":"2023-12-21T07:46:12","modified_gmt":"2023-12-21T07:46:12","slug":"klk-06-01-automatic-1-color-ruler-printer","status":"publish","type":"product","link":"https:\/\/apmprint.com\/de\/produkt\/klk-06-01-automatic-1-color-ruler-printer\/","title":{"rendered":"KLK-06-01 Automatischer 1-Farb-Lineal-Drucker"},"content":{"rendered":"<p><strong>Anwendung: <\/strong><\/p>\n<p>Lineale, Lineale f\u00fcr rechtwinklige Dreiecke, Lineale f\u00fcr regelm\u00e4\u00dfige Dreiecke, Winkelmesser und so weiter.<\/p>\n<p><strong>Verschiedene Lineale drucken gleichzeitig oder mehrere gleichzeitig. <\/strong><\/p>\n<p>(Unterschiedliche L\u00f6sungen mit verschiedenen Belade- und Entladesystemen und Vorrichtungen)<\/p>\n<p>&nbsp;<\/p>\n<p><strong>Technische Daten\uff1a<\/strong><\/p>\n<p>Druckfarben: 1<\/p>\n<p>Max. Druckgr\u00f6\u00dfe: 200x300mm<\/p>\n<p>Max. Rahmengr\u00f6\u00dfe: 250x500mm<\/p>\n<p>Indexer-Station: 6 Stationen<\/p>\n<p>Max. Druckgeschwindigkeit: 4800 St\u00fcck\/Std.<\/p>\n<p>Luftdruck: 6 bar<\/p>\n<p>Stromversorgung: 3 Phasen, 380V, 50Hz<\/p>\n<p>Leistung: 4,5KW<\/p>\n<p>Dimension(LxWxH): 1750x1750x1800mm<\/p>\n<p>Gewicht: 500KG<\/p>\n<p>&nbsp;<\/p>\n<p><strong>Muster:<\/strong><\/p>\n<p><img loading=\"lazy\" decoding=\"async\" class=\"size-full wp-image-1791\" src=\"http:\/\/apmprint.com\/wp-content\/uploads\/2023\/12\/s-19.jpg\" alt=\"klk 06 01 automatic 1 color ruler printer\" width=\"800\" height=\"800\" srcset=\"https:\/\/apmprint.com\/wp-content\/uploads\/2023\/12\/s-19.jpg 800w, https:\/\/apmprint.com\/wp-content\/uploads\/2023\/12\/s-19-300x300.jpg 300w, https:\/\/apmprint.com\/wp-content\/uploads\/2023\/12\/s-19-150x150.jpg 150w, https:\/\/apmprint.com\/wp-content\/uploads\/2023\/12\/s-19-768x768.jpg 768w, https:\/\/apmprint.com\/wp-content\/uploads\/2023\/12\/s-19-12x12.jpg 12w, https:\/\/apmprint.com\/wp-content\/uploads\/2023\/12\/s-19-600x600.jpg 600w, https:\/\/apmprint.com\/wp-content\/uploads\/2023\/12\/s-19-100x100.jpg 100w\" sizes=\"auto, (max-width: 800px) 100vw, 800px\" \/><\/p>\n<p>&nbsp;<\/p>","protected":false},"excerpt":{"rendered":"<p>Beschreibung:<br \/>\n1. Automatisches Laderegal f\u00fcr 4 Arten von Linealen, andere Regale optional<br \/>\n2. 6-Stationen-Indexer<br \/>\n3. Halterung mit Vakuum<br \/>\n4. PLC-Steuerung, Touchscreen-Anzeige<br \/>\n5. Alle Servomotoren angetrieben: Netzrahmen auf\/ab, Druck, Indexer, Registrierung<br \/>\n6. Farbe Registrierung Toleranz: +0,05mm<br \/>\n7. Mehrere Drucke zur gleichen Zeit<br \/>\n8. LED-Trocknung nach jedem Farbdruck<br \/>\n9. Automatisches Entladeband mit Roboter<br \/>\n10. Brunnensicherheitsschutz mit CE.<\/p>","protected":false},"featured_media":1792,"template":"","meta":{"_acf_changed":false,"_seopress_robots_primary_cat":"none","_seopress_titles_title":"","_seopress_titles_desc":"","_seopress_robots_index":""},"product_brand":[],"product_cat":[31],"product_tag":[75,78,69],"class_list":{"0":"post-1790","1":"product","2":"type-product","3":"status-publish","4":"has-post-thumbnail","6":"product_cat-auto-screen-printer","7":"product_tag-automatic","8":"product_tag-screen-printer","9":"product_tag-servo","11":"first","12":"instock","13":"shipping-taxable","14":"product-type-simple"},"acf":[],"_links":{"self":[{"href":"https:\/\/apmprint.com\/de\/wp-json\/wp\/v2\/product\/1790","targetHints":{"allow":["GET"]}}],"collection":[{"href":"https:\/\/apmprint.com\/de\/wp-json\/wp\/v2\/product"}],"about":[{"href":"https:\/\/apmprint.com\/de\/wp-json\/wp\/v2\/types\/product"}],"wp:featuredmedia":[{"embeddable":true,"href":"https:\/\/apmprint.com\/de\/wp-json\/wp\/v2\/media\/1792"}],"wp:attachment":[{"href":"https:\/\/apmprint.com\/de\/wp-json\/wp\/v2\/media?parent=1790"}],"wp:term":[{"taxonomy":"product_brand","embeddable":true,"href":"https:\/\/apmprint.com\/de\/wp-json\/wp\/v2\/product_brand?post=1790"},{"taxonomy":"product_cat","embeddable":true,"href":"https:\/\/apmprint.com\/de\/wp-json\/wp\/v2\/product_cat?post=1790"},{"taxonomy":"product_tag","embeddable":true,"href":"https:\/\/apmprint.com\/de\/wp-json\/wp\/v2\/product_tag?post=1790"}],"curies":[{"name":"wp","href":"https:\/\/api.w.org\/{rel}","templated":true}]}}