{"id":1799,"date":"2023-12-21T07:54:55","date_gmt":"2023-12-21T07:54:55","guid":{"rendered":"https:\/\/apmprint.com\/?post_type=product&#038;p=1799"},"modified":"2023-12-21T08:00:20","modified_gmt":"2023-12-21T08:00:20","slug":"pen22-auto-pen-printer-with-flame","status":"publish","type":"product","link":"https:\/\/apmprint.com\/de\/produkt\/pen22-auto-pen-printer-with-flame\/","title":{"rendered":"PEN22 Automatischer Stiftdrucker mit Flamme"},"content":{"rendered":"<p><strong>BESONDERE FUNKTION:<\/strong><\/p>\n<p>1. Eine Maschine hat zwei Drucklinien. Einfache Bedienung zum Anhalten, Reinigung Siebdruckplatte, Hinzuf\u00fcgen von Farbe, etc.<br \/>\nDer Stift wird nicht verbrannt oder verformt, wenn die Maschine den Druckvorgang beendet.<br \/>\n2. Es k\u00f6nnen konische Produkte gedruckt werden, und die maximale Konizit\u00e4t betr\u00e4gt 3\u00b0.<br \/>\n3. die Druckgrundplatte hat die Vakuumfunktion Ger\u00e4t (optional), die pr\u00e4zise Muster drucken kann.<br \/>\n4. Automatische Flammenbehandlung vor dem Druck<br \/>\n5. Es kann zwei Arten von Stiften gleichzeitig drucken.<br \/>\n6. Automatische UV-Trocknung nach dem Druck.<br \/>\n7. die Anwendung: Die Maschine ist weit verbreitet in den Druck von Kugelschreiber, Wasser l\u00f6schbar Stift, Bleistift, Marker Stift, Augenbrauenstift, Lippenstift, medizinische Reagenzglas, etc.<\/p>\n<p>&nbsp;<\/p>\n<p><strong>Muster:<\/strong><\/p>\n<p><img loading=\"lazy\" decoding=\"async\" class=\"size-full wp-image-1801\" src=\"http:\/\/apmprint.com\/wp-content\/uploads\/2023\/12\/s-21.jpg\" alt=\"pen11 automatic single color screen printer for pens (\u590d\u5236)\" width=\"800\" height=\"800\" srcset=\"https:\/\/apmprint.com\/wp-content\/uploads\/2023\/12\/s-21.jpg 800w, https:\/\/apmprint.com\/wp-content\/uploads\/2023\/12\/s-21-300x300.jpg 300w, https:\/\/apmprint.com\/wp-content\/uploads\/2023\/12\/s-21-150x150.jpg 150w, https:\/\/apmprint.com\/wp-content\/uploads\/2023\/12\/s-21-768x768.jpg 768w, https:\/\/apmprint.com\/wp-content\/uploads\/2023\/12\/s-21-12x12.jpg 12w, https:\/\/apmprint.com\/wp-content\/uploads\/2023\/12\/s-21-600x600.jpg 600w, https:\/\/apmprint.com\/wp-content\/uploads\/2023\/12\/s-21-100x100.jpg 100w\" sizes=\"auto, (max-width: 800px) 100vw, 800px\" \/><\/p>\n<p>&nbsp;<\/p>","protected":false},"excerpt":{"rendered":"<p>TECH-DATA<br \/>\n1. der Durchmesser der Druckobjekte: \u03c63\uff5e\u03c620mm<br \/>\n2. die L\u00e4nge der Druckobjekte: 60\uff5e160mm<br \/>\n3. die Breite der Druckstrecke: 20\uff5e80mm<br \/>\n4. die Farbe: eine Farbe<br \/>\n5. die Druckgeschwindigkeit: 6000~8000pcs\/hr<br \/>\n6 Leistung: 220V 50\/60Hz 6KW<br \/>\n7. gewicht :600kg<br \/>\n8. die Maschine Dimension: 3200\u00d71120\u00d71520mm<\/p>","protected":false},"featured_media":1800,"template":"","meta":{"_acf_changed":false,"_seopress_robots_primary_cat":"none","_seopress_titles_title":"","_seopress_titles_desc":"","_seopress_robots_index":""},"product_brand":[],"product_cat":[31],"product_tag":[75,78],"class_list":{"0":"post-1799","1":"product","2":"type-product","3":"status-publish","4":"has-post-thumbnail","6":"product_cat-auto-screen-printer","7":"product_tag-automatic","8":"product_tag-screen-printer","10":"first","11":"instock","12":"shipping-taxable","13":"product-type-simple"},"acf":[],"_links":{"self":[{"href":"https:\/\/apmprint.com\/de\/wp-json\/wp\/v2\/product\/1799","targetHints":{"allow":["GET"]}}],"collection":[{"href":"https:\/\/apmprint.com\/de\/wp-json\/wp\/v2\/product"}],"about":[{"href":"https:\/\/apmprint.com\/de\/wp-json\/wp\/v2\/types\/product"}],"wp:featuredmedia":[{"embeddable":true,"href":"https:\/\/apmprint.com\/de\/wp-json\/wp\/v2\/media\/1800"}],"wp:attachment":[{"href":"https:\/\/apmprint.com\/de\/wp-json\/wp\/v2\/media?parent=1799"}],"wp:term":[{"taxonomy":"product_brand","embeddable":true,"href":"https:\/\/apmprint.com\/de\/wp-json\/wp\/v2\/product_brand?post=1799"},{"taxonomy":"product_cat","embeddable":true,"href":"https:\/\/apmprint.com\/de\/wp-json\/wp\/v2\/product_cat?post=1799"},{"taxonomy":"product_tag","embeddable":true,"href":"https:\/\/apmprint.com\/de\/wp-json\/wp\/v2\/product_tag?post=1799"}],"curies":[{"name":"wp","href":"https:\/\/api.w.org\/{rel}","templated":true}]}}