{"id":1807,"date":"2023-12-21T08:24:37","date_gmt":"2023-12-21T08:24:37","guid":{"rendered":"https:\/\/apmprint.com\/?post_type=product&#038;p=1807"},"modified":"2023-12-21T08:36:35","modified_gmt":"2023-12-21T08:36:35","slug":"18-color-universal-auto-screen-printer-s102","status":"publish","type":"product","link":"https:\/\/apmprint.com\/de\/produkt\/18-color-universal-auto-screen-printer-s102\/","title":{"rendered":"1~8 Farben Universal-Autosiebdrucker S102"},"content":{"rendered":"<p><strong>Anwendung:<\/strong><\/p>\n<p>Der APM-S102 ist f\u00fcr die mehrfarbige Dekoration von zylindrischen\/ovalen\/quadratischen Kunststoff-\/Glasflaschen, Bechern und harten Tuben bei hohen Produktionsgeschwindigkeiten konzipiert. Er ist f\u00fcr den Druck von Glas- und Kunststoffbeh\u00e4ltern mit UV-Tinte geeignet. Ben\u00f6tigt einen Registrierungspunkt f\u00fcr den mehrfarbigen zylindrischen Flaschendruck.<\/p>\n<p>Zuverl\u00e4ssigkeit und Geschwindigkeit machen die S102 ideal f\u00fcr die Offline- oder Inline-Produktion rund um die Uhr.<\/p>\n<p>&nbsp;<\/p>\n<p><strong>Verfahren:<\/strong><\/p>\n<p>Automatisches Laden auf das Band - Flammenbehandlung - Druck - LED-UV-Trocknung oder elektrische UV-Trocknung - automatisches Entladen<\/p>\n<p>&nbsp;<\/p>\n<p><strong>Technische Daten<\/strong><\/p>\n<table>\n<tbody>\n<tr>\n<td>Parameter \\ Gegenstand<\/td>\n<td>S102 1-8 farbiger automatischer Siebdrucker<\/td>\n<\/tr>\n<tr>\n<td><strong><b>Abmessungen der Maschine:<\/b><\/strong><\/td>\n<td>&nbsp;<\/td>\n<\/tr>\n<tr>\n<td>Druckwerk:<\/td>\n<td>1900x1200x1600mm<\/td>\n<\/tr>\n<tr>\n<td>F\u00fctterungseinheit (optional):<\/td>\n<td>3050x1300x1500mm<\/td>\n<\/tr>\n<tr>\n<td>Entladeeinheit (optional):<\/td>\n<td>1800x450x750mm<\/td>\n<\/tr>\n<tr>\n<td>Macht:<\/td>\n<td>380V 3 Phasen 50\/60Hz 6.5kw<\/td>\n<\/tr>\n<tr>\n<td>Luftverbrauch<\/td>\n<td>5-7 Bars<\/td>\n<\/tr>\n<tr>\n<td>&nbsp;<\/td>\n<td><strong><b>Runder Beh\u00e4lter<\/b><\/strong><\/td>\n<\/tr>\n<tr>\n<td>Druck-Durchmesser:<\/td>\n<td>25-100mm<\/td>\n<\/tr>\n<tr>\n<td>Druckl\u00e4nge:<\/td>\n<td>50-280mm<\/td>\n<\/tr>\n<tr>\n<td>Maximale Druckgeschwindigkeit<\/td>\n<td>3000~4000St\u00fcck\/Stunde<\/td>\n<\/tr>\n<tr>\n<td>&nbsp;<\/td>\n<td>\u00a0\u00a0\u00a0\u00a0\u00a0\u00a0\u00a0\u00a0\u00a0\u00a0<strong><b>O<\/b><\/strong><strong><b>val Beh\u00e4lter<\/b><\/strong><\/td>\n<\/tr>\n<tr>\n<td>Druckradius:<\/td>\n<td>R20-R250mm<\/td>\n<\/tr>\n<tr>\n<td>Druckbreite<\/td>\n<td>40-100mm<\/td>\n<\/tr>\n<tr>\n<td>Druckl\u00e4nge:<\/td>\n<td>30-280mm<\/td>\n<\/tr>\n<tr>\n<td>Maximale Druckgeschwindigkeit:<\/td>\n<td>3000~5000St\u00fcck\/Stunde<\/td>\n<\/tr>\n<tr>\n<td>&nbsp;<\/td>\n<td>\u00a0\u00a0\u00a0\u00a0\u00a0\u00a0\u00a0\u00a0\u00a0\u00a0\u00a0<strong><b>Quadratischer Beh\u00e4lter<\/b><\/strong><\/td>\n<\/tr>\n<tr>\n<td>Maximale Druckl\u00e4nge<\/td>\n<td>100-200mm<\/td>\n<\/tr>\n<tr>\n<td>Maximale Druckbreite<\/td>\n<td>40-100mm<\/td>\n<\/tr>\n<tr>\n<td>Maximale Druckgeschwindigkeit:<\/td>\n<td>3000~4000St\u00fcck\/Stunde<\/td>\n<\/tr>\n<\/tbody>\n<\/table>\n<p>&nbsp;<\/p>\n<p><strong>Muster:<\/strong><\/p>\n<p><img loading=\"lazy\" decoding=\"async\" class=\"size-full wp-image-1808\" src=\"http:\/\/apmprint.com\/wp-content\/uploads\/2023\/12\/s-23.jpg\" alt=\"1~8 color universal auto screen printer s102\" width=\"800\" height=\"631\" srcset=\"https:\/\/apmprint.com\/wp-content\/uploads\/2023\/12\/s-23.jpg 800w, https:\/\/apmprint.com\/wp-content\/uploads\/2023\/12\/s-23-300x237.jpg 300w, https:\/\/apmprint.com\/wp-content\/uploads\/2023\/12\/s-23-768x606.jpg 768w, https:\/\/apmprint.com\/wp-content\/uploads\/2023\/12\/s-23-15x12.jpg 15w, https:\/\/apmprint.com\/wp-content\/uploads\/2023\/12\/s-23-600x473.jpg 600w\" sizes=\"auto, (max-width: 800px) 100vw, 800px\" \/><\/p>\n<p>&nbsp;<\/p>","protected":false},"excerpt":{"rendered":"<p>Allgemeine Beschreibung:<br \/>\n1. automatisches Ladesystem mit Band (Schalenf\u00f6rderer und Trichter optional)<br \/>\n2. automatische Flammenbehandlung<br \/>\n3. perfektes \u00dcbertragungssystem. Es geht \u00fcber die Flaschen schnell und glatt.<br \/>\n4. automatische 180-Grad-Drehung f\u00fcr ovale und quadratische Flaschen<br \/>\n5. schnelle und einfache Umstellung von einem Produkt auf ein anderes.<br \/>\n6. automatische elektrische UV-Trocknung oder LED-UV-Trocknung.<br \/>\n7. zuverl\u00e4ssige PLC-Steuerung mit Touchscreen-Display<br \/>\n8. automatische Entladung<br \/>\n9. die CE-Norm<\/p>","protected":false},"featured_media":1809,"template":"","meta":{"_acf_changed":false,"_seopress_robots_primary_cat":"none","_seopress_titles_title":"","_seopress_titles_desc":"","_seopress_robots_index":""},"product_brand":[],"product_cat":[31],"product_tag":[75,78],"class_list":{"0":"post-1807","1":"product","2":"type-product","3":"status-publish","4":"has-post-thumbnail","6":"product_cat-auto-screen-printer","7":"product_tag-automatic","8":"product_tag-screen-printer","10":"first","11":"instock","12":"shipping-taxable","13":"product-type-simple"},"acf":[],"_links":{"self":[{"href":"https:\/\/apmprint.com\/de\/wp-json\/wp\/v2\/product\/1807","targetHints":{"allow":["GET"]}}],"collection":[{"href":"https:\/\/apmprint.com\/de\/wp-json\/wp\/v2\/product"}],"about":[{"href":"https:\/\/apmprint.com\/de\/wp-json\/wp\/v2\/types\/product"}],"wp:featuredmedia":[{"embeddable":true,"href":"https:\/\/apmprint.com\/de\/wp-json\/wp\/v2\/media\/1809"}],"wp:attachment":[{"href":"https:\/\/apmprint.com\/de\/wp-json\/wp\/v2\/media?parent=1807"}],"wp:term":[{"taxonomy":"product_brand","embeddable":true,"href":"https:\/\/apmprint.com\/de\/wp-json\/wp\/v2\/product_brand?post=1807"},{"taxonomy":"product_cat","embeddable":true,"href":"https:\/\/apmprint.com\/de\/wp-json\/wp\/v2\/product_cat?post=1807"},{"taxonomy":"product_tag","embeddable":true,"href":"https:\/\/apmprint.com\/de\/wp-json\/wp\/v2\/product_tag?post=1807"}],"curies":[{"name":"wp","href":"https:\/\/api.w.org\/{rel}","templated":true}]}}