{"id":1813,"date":"2023-12-21T08:36:59","date_gmt":"2023-12-21T08:36:59","guid":{"rendered":"https:\/\/apmprint.com\/?post_type=product&#038;p=1813"},"modified":"2023-12-25T09:41:29","modified_gmt":"2023-12-25T09:41:29","slug":"auto-screen-printer-apm-s102c","status":"publish","type":"product","link":"https:\/\/apmprint.com\/de\/produkt\/auto-screen-printer-apm-s102c\/","title":{"rendered":"Vollautomatische Siebdruckmaschine f\u00fcr Kunststoffbecher S102C"},"content":{"rendered":"<p>Shenzhen Hejia Automatic Printing Machine Co, Ltd. ist ein innovatives Hightech-Unternehmen, das sich auf Produktinnovationen spezialisiert hat. Wir haben erfolgreich die S102 Best Choice Flat Round Oval Bottles ausgearbeitet\u00a0<a class=\"keyword_link font-color\" title=\"Automatische Siebdruckmaschine\" href=\"https:\/\/www.apmprinter.com\/products-66975\" target=\"_blank\" rel=\"noopener\">Automatische Siebdruckmaschine<\/a>ry, die planen, es auf den globalen M\u00e4rkten zu verkaufen. Anders als andere Produkte, S102 Best Choice Flat Round Oval Bottles Automatic Screen Printing Machinery wirklich l\u00f6st die Schmerzpunkte der Kunden, so dass, sobald sie auf den Markt gebracht wurden, erhielten sie viele gute R\u00fcckmeldungen. F\u00fcr das Wachstum und die Entwicklung unseres Unternehmens, wird Shenzhen Hejia Automatic Printing Machine Co., Ltd. nie aufh\u00f6ren, Technologien zu verbessern und zu entwickeln, um unsere Wettbewerbsf\u00e4higkeit zu verbessern. Unsere Vision ist es, ein ber\u00fchmtes Unternehmen auf dem globalen Markt zu werden.<\/p>\n<div class=\"rich-text-table\">\n<table>\n<tbody>\n<tr class=\"firstRow\">\n<td>Platte Typ:<\/td>\n<td>Siebdrucker<\/td>\n<td>Anwendbare Branchen:<\/td>\n<td>Produktionsbetriebe, Lebensmittel- und Getr\u00e4nkefabriken, Druckereien, Werbeunternehmen, Flaschenhersteller, Verpackungsunternehmen<\/td>\n<\/tr>\n<tr>\n<td>Zustand:<\/td>\n<td>Neu<\/td>\n<td>Herkunftsort:<\/td>\n<td>Guangdong, China<\/td>\n<\/tr>\n<tr>\n<td>Markenname:<\/td>\n<td>APM<\/td>\n<td>Verwendung:<\/td>\n<td>Tubendrucker, Flaschendrucker, Becherdrucker<\/td>\n<\/tr>\n<tr>\n<td>Automatischer Grad:<\/td>\n<td>Automatisch<\/td>\n<td>Farbe und Seite:<\/td>\n<td>Multicolor<\/td>\n<\/tr>\n<tr>\n<td>Spannung:<\/td>\n<td>380V, 50\/60HZ<\/td>\n<td>Abmessungen (L*B*H):<\/td>\n<td>2500x1420x1700mm<\/td>\n<\/tr>\n<tr>\n<td>Gewicht:<\/td>\n<td>2200 KG<\/td>\n<td>Zertifizierung:<\/td>\n<td>CE-Zertifizierung<\/td>\n<\/tr>\n<tr>\n<td>Garantie:<\/td>\n<td>1 Jahr<\/td>\n<td>Service nach dem Verkauf:<\/td>\n<td>Online-Support, kostenlose Ersatzteile, Installation, Inbetriebnahme und Schulung vor Ort, Wartungs- und Reparaturservice vor Ort, technische Videounterst\u00fctzung, Techniker f\u00fcr die Wartung von Maschinen in \u00dcbersee verf\u00fcgbar<\/td>\n<\/tr>\n<tr>\n<td>Wichtigste Verkaufsargumente:<\/td>\n<td>Mehrfarbig<\/td>\n<td>Maschinen-Testbericht:<\/td>\n<td>Zur Verf\u00fcgung gestellt<\/td>\n<\/tr>\n<tr>\n<td>Video-Ausgangsinspektion:<\/td>\n<td>Zur Verf\u00fcgung gestellt<\/td>\n<td>Garantie f\u00fcr Kernkomponenten:<\/td>\n<td>1 Jahr<\/td>\n<\/tr>\n<tr>\n<td>Kernkomponenten:<\/td>\n<td>Lager, Motor, PLC, Motor<\/td>\n<td>Anwendung:<\/td>\n<td>Druck Flasche<\/td>\n<\/tr>\n<tr>\n<td>Druckfarbe:<\/td>\n<td>1~8 Farbe<\/td>\n<td>Druckl\u00e4nge:<\/td>\n<td>25-300mm<\/td>\n<\/tr>\n<tr>\n<td>Druckgeschwindigkeit:<\/td>\n<td>4000St\u00fcck\/H<\/td>\n<td>Maximale Druckgr\u00f6\u00dfe:<\/td>\n<td>Durchmesser 100mm<\/td>\n<\/tr>\n<tr>\n<td>Trockner:<\/td>\n<td>UV-Trockner\/LED-Trockner<\/td>\n<td>Luftzufuhr:<\/td>\n<td>5-7bar<\/td>\n<\/tr>\n<tr>\n<td>Service nach der Garantie:<\/td>\n<td>Technischer Video-Support, Online-Support, Ersatzteile, Wartungs- und Reparaturservice vor Ort<\/td>\n<td>Lokaler Service Standort:<\/td>\n<td>Vereinigte Staaten, Spanien<\/td>\n<\/tr>\n<tr>\n<td>Standort des Ausstellungsraums:<\/td>\n<td>Vereinigte Staaten, Spanien<\/td>\n<td>Art der Vermarktung:<\/td>\n<td>Gew\u00f6hnliches Produkt<\/td>\n<\/tr>\n<\/tbody>\n<\/table>\n<\/div>\n<p>&nbsp;<\/p>\n<p>Allgemeine Beschreibung:<br \/>\n1. automatisches Ladeband<br \/>\n2. automatische Flammenbehandlung<br \/>\n3. perfektes \u00dcbertragungssystem. Es geht \u00fcber die Tassen schnell und glatt.<br \/>\n4. schnelle und einfache Umstellung von einem Produkt auf ein anderes.<br \/>\n5. automatische elektrische UV-Trocknung oder LED-UV-Trocknung.<br \/>\n6. zuverl\u00e4ssige PLC-Steuerung mit Touchscreen-Display<br \/>\n7. automatische Entladung<br \/>\n8. die CE-Norm<\/p>\n<p>&nbsp;<\/p>\n<p><strong><b>Anwendung:<\/b><\/strong><\/p>\n<p>Plastikbecher<\/p>\n<p>&nbsp;<\/p>\n<p><strong><b>Verfahren:<\/b><\/strong><\/p>\n<p>Automatisches Laden auf das Band - Flammenbehandlung - Druck - LED-UV-Trocknung oder elektrische UV-Trocknung - automatisches Entladen<\/p>\n<p>&nbsp;<\/p>\n<p><strong>Technische Daten<\/strong><\/p>\n<table>\n<tbody>\n<tr>\n<td>Parameter \\ Gegenstand<\/td>\n<td>S102 1-8 farbiger automatischer Siebdrucker<\/td>\n<\/tr>\n<tr>\n<td><strong><b>Abmessungen der Maschine:<\/b><\/strong><\/td>\n<td><\/td>\n<\/tr>\n<tr>\n<td>Druckwerk:<\/td>\n<td>1900x1200x1600mm<\/td>\n<\/tr>\n<tr>\n<td>F\u00fctterungseinheit (optional):<\/td>\n<td>3050x1300x1500mm<\/td>\n<\/tr>\n<tr>\n<td>Entladeeinheit (optional):<\/td>\n<td>1800x450x750mm<\/td>\n<\/tr>\n<tr>\n<td>Macht:<\/td>\n<td>380V 3 Phasen 50\/60Hz 6.5kw<\/td>\n<\/tr>\n<tr>\n<td>Luftverbrauch<\/td>\n<td>5-7 Bars<\/td>\n<\/tr>\n<tr>\n<td><\/td>\n<td><strong>Tassen<\/strong><\/td>\n<\/tr>\n<tr>\n<td>Druck-Durchmesser:<\/td>\n<td>25-100mm<\/td>\n<\/tr>\n<tr>\n<td>Druckl\u00e4nge:<\/td>\n<td>50-280mm<\/td>\n<\/tr>\n<tr>\n<td>Druckgeschwindigkeit<\/td>\n<td>2100-2700 St\u00fcck\/Std. (normale Geschwindigkeit: 2400 St\u00fcck\/Std.)<\/td>\n<\/tr>\n<\/tbody>\n<\/table>\n<p>&nbsp;<\/p>\n<p><strong>Hauptkomponenten f\u00fcr S102:<\/strong><\/p>\n<table>\n<tbody>\n<tr>\n<td width=\"209\"><strong>PLC<\/strong><\/td>\n<td width=\"177\"><strong>Delta<\/strong><\/td>\n<td width=\"144\">Schl\u00fcsselteile<\/td>\n<\/tr>\n<tr>\n<td width=\"209\"><strong>Touchscreen<\/strong><\/td>\n<td width=\"177\"><strong>Delta<\/strong><\/td>\n<td width=\"144\">Schl\u00fcsselteile<\/td>\n<\/tr>\n<tr>\n<td width=\"209\"><strong>UV-Lampe<\/strong><\/td>\n<td width=\"177\"><strong>China oder England<\/strong><\/td>\n<td width=\"144\">Schl\u00fcsselteile<\/td>\n<\/tr>\n<tr>\n<td width=\"209\"><strong>Wechselrichter<\/strong><\/td>\n<td width=\"177\"><strong>Panasonic\u00a0<\/strong><\/td>\n<td width=\"144\">Schl\u00fcsselteile<\/td>\n<\/tr>\n<tr>\n<td width=\"209\">Schaltnetzteil<\/td>\n<td width=\"177\">Schneider<\/td>\n<td width=\"144\"><\/td>\n<\/tr>\n<tr>\n<td width=\"209\">Netzschalter<\/td>\n<td width=\"177\">Mitsubishi<\/td>\n<td width=\"144\"><\/td>\n<\/tr>\n<tr>\n<td width=\"209\">Hilfsrelais<\/td>\n<td width=\"177\">Schneider<\/td>\n<td width=\"144\"><\/td>\n<\/tr>\n<tr>\n<td width=\"209\">Relaissockel<\/td>\n<td width=\"177\">Schneider<\/td>\n<td width=\"144\"><\/td>\n<\/tr>\n<tr>\n<td width=\"209\">Thermisches Relais<\/td>\n<td width=\"177\">Schneider<\/td>\n<td width=\"144\"><\/td>\n<\/tr>\n<tr>\n<td width=\"209\">Sch\u00fctz<\/td>\n<td width=\"177\">Schneider<\/td>\n<td width=\"144\"><\/td>\n<\/tr>\n<tr>\n<td width=\"209\">Magnetventil<\/td>\n<td width=\"177\">SMC<\/td>\n<td width=\"144\"><\/td>\n<\/tr>\n<tr>\n<td width=\"209\">Luftdruckmesser<\/td>\n<td width=\"177\">SMC<\/td>\n<td width=\"144\"><\/td>\n<\/tr>\n<tr>\n<td width=\"209\">Gasdruckmesser<\/td>\n<td width=\"177\">SMC<\/td>\n<td width=\"144\"><\/td>\n<\/tr>\n<tr>\n<td width=\"209\">Drosselklappe<\/td>\n<td width=\"177\">SMC\/China<\/td>\n<td width=\"144\"><\/td>\n<\/tr>\n<tr>\n<td width=\"209\">Vakuumventil<\/td>\n<td width=\"177\">SMC<\/td>\n<td width=\"144\"><\/td>\n<\/tr>\n<tr>\n<td width=\"209\">Druckablassventil<\/td>\n<td width=\"177\">SMC<\/td>\n<td width=\"144\"><\/td>\n<\/tr>\n<tr>\n<td width=\"209\">Manuelles Ventil<\/td>\n<td width=\"177\">AirTAC<\/td>\n<td width=\"144\"><\/td>\n<\/tr>\n<tr>\n<td width=\"209\">Schalter<\/td>\n<td width=\"177\">Schneider<\/td>\n<td width=\"144\"><\/td>\n<\/tr>\n<tr>\n<td width=\"209\">Filter<\/td>\n<td width=\"177\">SMC<\/td>\n<td width=\"144\"><\/td>\n<\/tr>\n<tr>\n<td width=\"209\">Hauptmotor<\/td>\n<td width=\"177\">Italien SITI\/China<\/td>\n<td width=\"144\"><\/td>\n<\/tr>\n<tr>\n<td width=\"209\">Zylinder<\/td>\n<td width=\"177\">SMC, AirTAC<\/td>\n<td width=\"144\"><\/td>\n<\/tr>\n<\/tbody>\n<\/table>\n<p>&nbsp;<\/p>\n<p><strong><b>PREISANGABE: APM-S102 \u00a0<\/b><\/strong> <strong><b>\u00a0<\/b><\/strong> <strong><b>24.000 USD\/Farbe<\/b><\/strong><\/p>\n<p><strong><b>Bemerkung: <\/b><\/strong>Sie k\u00f6nnen mehrere Einheiten verbinden, um eine mehrfarbige Maschine zu erhalten, oder eine einfarbige Maschine verwenden, um einen mehrfarbigen Druck zu erzeugen.<\/p>\n<p>Oben und unten an den Bechern m\u00fcssen 0,8 bis 1 cm frei bleiben.<\/p>\n<p><strong><b>Optional:<\/b><\/strong><\/p>\n<p>Automatisches Ladesystem: USD9000<\/p>\n<p>Automatisch entladenes Staplersystem: 1350 USD<\/p>\n<p>Zus\u00e4tzliche UV-Lampe: USD180\/St\u00fcck<\/p>\n<p>Zus\u00e4tzliche LED-Lampe: USD1800\/Satz<\/p>\n<p>Befestigungen: USD1000\/Satz\/Farbe<\/p>\n<p>Verbrauchsmaterial: Siebrahmen, Rakel, Tinte<\/p>\n<p>&nbsp;<\/p>\n<p><strong><b>Lieferung: <\/b><\/strong>ca. 30 Arbeitstage nach der Einzahlung und nach Erhalt der Flaschenmuster<\/p>\n<p><strong><b>Garantie: <\/b><\/strong>ein Jahr. APM wird alle Garantieteile mit der ersten Lieferung liefern<\/p>\n<p><strong><b>Einrichtung und Schulung:<\/b><\/strong><\/p>\n<p>Auf Wunsch des K\u00e4ufers schickt APM Techniker in das Werk des K\u00e4ufers, um die Maschine zu montieren, einzurichten und f\u00fcr einen Zeitraum von 10 Tagen zu schulen (einschlie\u00dflich der Zeit auf dem Weg dorthin). Alle Reisekosten, einschlie\u00dflich Flug, Visumantrag, Hotel und Verpflegung, werden vom K\u00e4ufer getragen. Lohnkosten: USD180\/Tag.<\/p>\n<p>ZAHLUNGSBEDINGUNGEN: 30% Anzahlung; 70% T\/T vor Versand<\/p>\n<p>LIEFERBEDINGUNGEN: FOB Shenzhen, China<\/p>\n<p>&nbsp;<\/p>\n<p><strong>Muster:<\/strong><\/p>\n<p><img loading=\"lazy\" decoding=\"async\" class=\"size-full wp-image-1814\" src=\"http:\/\/apmprint.com\/wp-content\/uploads\/2023\/12\/s-24.jpg\" alt=\"auto screen printer apm s102c\" width=\"800\" height=\"660\" srcset=\"https:\/\/apmprint.com\/wp-content\/uploads\/2023\/12\/s-24.jpg 800w, https:\/\/apmprint.com\/wp-content\/uploads\/2023\/12\/s-24-300x248.jpg 300w, https:\/\/apmprint.com\/wp-content\/uploads\/2023\/12\/s-24-768x634.jpg 768w, https:\/\/apmprint.com\/wp-content\/uploads\/2023\/12\/s-24-15x12.jpg 15w, https:\/\/apmprint.com\/wp-content\/uploads\/2023\/12\/s-24-600x495.jpg 600w\" sizes=\"auto, (max-width: 800px) 100vw, 800px\" \/><\/p>\n<p><img loading=\"lazy\" decoding=\"async\" class=\"size-full wp-image-1967\" src=\"http:\/\/apmprint.com\/wp-content\/uploads\/2023\/12\/\u4ecb\u7ecd1.jpg\" alt=\"ss106 2 color automatic printing machine\" width=\"750\" height=\"1500\" srcset=\"https:\/\/apmprint.com\/wp-content\/uploads\/2023\/12\/\u4ecb\u7ecd1.jpg 750w, https:\/\/apmprint.com\/wp-content\/uploads\/2023\/12\/\u4ecb\u7ecd1-150x300.jpg 150w, https:\/\/apmprint.com\/wp-content\/uploads\/2023\/12\/\u4ecb\u7ecd1-512x1024.jpg 512w, https:\/\/apmprint.com\/wp-content\/uploads\/2023\/12\/\u4ecb\u7ecd1-6x12.jpg 6w, https:\/\/apmprint.com\/wp-content\/uploads\/2023\/12\/\u4ecb\u7ecd1-600x1200.jpg 600w\" sizes=\"auto, (max-width: 750px) 100vw, 750px\" \/><\/p>\n<p><img loading=\"lazy\" decoding=\"async\" class=\"size-full wp-image-1968\" src=\"http:\/\/apmprint.com\/wp-content\/uploads\/2023\/12\/\u4ecb\u7ecd2.jpg\" alt=\"ss106 2 color automatic printing machine\" width=\"750\" height=\"1020\" srcset=\"https:\/\/apmprint.com\/wp-content\/uploads\/2023\/12\/\u4ecb\u7ecd2.jpg 750w, https:\/\/apmprint.com\/wp-content\/uploads\/2023\/12\/\u4ecb\u7ecd2-221x300.jpg 221w, https:\/\/apmprint.com\/wp-content\/uploads\/2023\/12\/\u4ecb\u7ecd2-9x12.jpg 9w, https:\/\/apmprint.com\/wp-content\/uploads\/2023\/12\/\u4ecb\u7ecd2-600x816.jpg 600w\" sizes=\"auto, (max-width: 750px) 100vw, 750px\" \/><\/p>\n<p><img loading=\"lazy\" decoding=\"async\" class=\"size-full wp-image-1969\" src=\"http:\/\/apmprint.com\/wp-content\/uploads\/2023\/12\/\u4ecb\u7ecd3.jpg\" alt=\"ss106 2 color automatic printing machine\" width=\"750\" height=\"1072\" srcset=\"https:\/\/apmprint.com\/wp-content\/uploads\/2023\/12\/\u4ecb\u7ecd3.jpg 750w, https:\/\/apmprint.com\/wp-content\/uploads\/2023\/12\/\u4ecb\u7ecd3-210x300.jpg 210w, https:\/\/apmprint.com\/wp-content\/uploads\/2023\/12\/\u4ecb\u7ecd3-716x1024.jpg 716w, https:\/\/apmprint.com\/wp-content\/uploads\/2023\/12\/\u4ecb\u7ecd3-8x12.jpg 8w, https:\/\/apmprint.com\/wp-content\/uploads\/2023\/12\/\u4ecb\u7ecd3-600x858.jpg 600w\" sizes=\"auto, (max-width: 750px) 100vw, 750px\" \/><\/p>","protected":false},"excerpt":{"rendered":"<p>Unser technisches Personal widmet sich der Verbesserung und Aufwertung der Technologie. Gegenw\u00e4rtig sind wir in der Lage, Techniken zu nutzen und sie auf den Herstellungsprozess von S102 Best Choice Flat Round Oval Bottles Automatic Screen Printing Machinery anzuwenden, dessen Anwendungsbereiche sehr erweitert wurden, da seine Vorteile weiterhin gefunden werden. Gegenw\u00e4rtig wird sie in den Bereichen der Siebdrucker ausgiebig genutzt.<\/p>\n<p>&nbsp;<\/p>\n<p><strong><b>Modellnummer<\/b><\/strong>: S102-2<\/p>\n<p><strong><b>Bruttoleistung<\/b><\/strong>: 7.78KW<\/p>\n<p><strong><b>Versand<\/b><\/strong>: Express-Seefracht \/ Landfracht \/ Luftfracht<\/p>\n<p><strong><b>Personalisierung<\/b><\/strong>: Kundenspezifisches Logo (Mindestbestellmenge: 5 Sets) , Kundenspezifische Verpackung (Mindestbestellmenge: 5 Sets) , Grafikanpassung (Mindestbestellmenge: 5 Sets)<\/p>","protected":false},"featured_media":1815,"template":"","meta":{"_acf_changed":false,"_seopress_robots_primary_cat":"none","_seopress_titles_title":"","_seopress_titles_desc":"","_seopress_robots_index":""},"product_brand":[],"product_cat":[31],"product_tag":[75,78],"class_list":{"0":"post-1813","1":"product","2":"type-product","3":"status-publish","4":"has-post-thumbnail","6":"product_cat-auto-screen-printer","7":"product_tag-automatic","8":"product_tag-screen-printer","10":"first","11":"instock","12":"shipping-taxable","13":"product-type-simple"},"acf":[],"_links":{"self":[{"href":"https:\/\/apmprint.com\/de\/wp-json\/wp\/v2\/product\/1813","targetHints":{"allow":["GET"]}}],"collection":[{"href":"https:\/\/apmprint.com\/de\/wp-json\/wp\/v2\/product"}],"about":[{"href":"https:\/\/apmprint.com\/de\/wp-json\/wp\/v2\/types\/product"}],"wp:featuredmedia":[{"embeddable":true,"href":"https:\/\/apmprint.com\/de\/wp-json\/wp\/v2\/media\/1815"}],"wp:attachment":[{"href":"https:\/\/apmprint.com\/de\/wp-json\/wp\/v2\/media?parent=1813"}],"wp:term":[{"taxonomy":"product_brand","embeddable":true,"href":"https:\/\/apmprint.com\/de\/wp-json\/wp\/v2\/product_brand?post=1813"},{"taxonomy":"product_cat","embeddable":true,"href":"https:\/\/apmprint.com\/de\/wp-json\/wp\/v2\/product_cat?post=1813"},{"taxonomy":"product_tag","embeddable":true,"href":"https:\/\/apmprint.com\/de\/wp-json\/wp\/v2\/product_tag?post=1813"}],"curies":[{"name":"wp","href":"https:\/\/api.w.org\/{rel}","templated":true}]}}