{"id":1819,"date":"2023-12-21T08:49:07","date_gmt":"2023-12-21T08:49:07","guid":{"rendered":"https:\/\/apmprint.com\/?post_type=product&#038;p=1819"},"modified":"2023-12-27T06:17:14","modified_gmt":"2023-12-27T06:17:14","slug":"s103-automatic-cylindrical-screen-printer-with-servo-control","status":"publish","type":"product","link":"https:\/\/apmprint.com\/de\/produkt\/s103-automatic-cylindrical-screen-printer-with-servo-control\/","title":{"rendered":"Einfarbige automatische Siebdruckmaschine f\u00fcr Flaschen S103"},"content":{"rendered":"<p>Unterst\u00fctzt von unseren kreativen Designern, erfahrenen F&amp;E-Experten, qualifizierten Technikern, etc. Shenzhen Hejia Automatic Printing Machine Co., Ltd. hat unabh\u00e4ngig S103 automatische Gold-Aluminium-Siebdruckmaschine f\u00fcr Weinflaschendeckel benutzerdefinierte Siebdruck entwickelt. Es ist das Ergebnis harter Arbeit und kreativer Bem\u00fchungen und wird die Erwartungen der Benutzer erf\u00fcllen. Durch kontinuierliche technologische Innovation haben wir den Kern und die fortschrittlichste Technologie in der Branche gemeistert und werden fortschrittliche Technologie verwenden, um S103 automatische Gold-Aluminium-Siebdruckmaschine f\u00fcr Weinflaschendeckel benutzerdefinierten Siebdruck zu produzieren, effektiv die Schmerzpunkte zu l\u00f6sen, die immer die Industrie geplagt haben. Angetrieben von der Unternehmensvision, der professionellste Hersteller und der zuverl\u00e4ssigste Exporteur auf dem internationalen Markt zu sein, wird Shenzhen Hejia Automatic Printing Machine Co. mehr Aufmerksamkeit auf die Verbesserung der F&amp;E-St\u00e4rke, die kontinuierliche Verbesserung der Technologien und die Optimierung der Organisationsstruktur richten. Wir ermutigen alle Mitarbeiter, sich in diesem Prozess zusammenzuschlie\u00dfen, um eine bessere Zukunft f\u00fcr das Unternehmen zu schaffen.<\/p>\n<div class=\"rich-text-table\">\n<table>\n<tbody>\n<tr>\n<td>Platte Typ:<\/td>\n<td>Siebdrucker<\/td>\n<td>Anwendbare Branchen:<\/td>\n<td>Produktionsbetriebe, Lebensmittel- und Getr\u00e4nkefabriken, Druckereien, Werbeunternehmen, Flaschenhersteller, Verpackungsunternehmen<\/td>\n<\/tr>\n<tr>\n<td>Zustand:<\/td>\n<td>Neu<\/td>\n<td>Herkunftsort:<\/td>\n<td>Guangdong, China<\/td>\n<\/tr>\n<tr>\n<td>Markenname:<\/td>\n<td>APM<\/td>\n<td>Verwendung:<\/td>\n<td>Flaschendrucker<\/td>\n<\/tr>\n<tr>\n<td>Automatischer Grad:<\/td>\n<td>Automatisch<\/td>\n<td>Farbe und Seite:<\/td>\n<td>Einzelfarbe<\/td>\n<\/tr>\n<tr>\n<td>Spannung:<\/td>\n<td>380V,50\/60HZ<\/td>\n<td>Abmessungen (L*B*H):<\/td>\n<td>1908x1000x1500mm<\/td>\n<\/tr>\n<tr>\n<td>Gewicht:<\/td>\n<td>1500 KG<\/td>\n<td>Zertifizierung:<\/td>\n<td>CE<\/td>\n<\/tr>\n<tr>\n<td>Garantie:<\/td>\n<td>1 Jahr<\/td>\n<td>Service nach dem Verkauf:<\/td>\n<td>Online-Support, kostenlose Ersatzteile, Installation, Inbetriebnahme und Schulung vor Ort, Wartungs- und Reparaturservice vor Ort, technischer Videosupport<\/td>\n<\/tr>\n<tr>\n<td>Wichtigste Verkaufsargumente:<\/td>\n<td>Automatisch<\/td>\n<td>Maschinen-Testbericht:<\/td>\n<td>Zur Verf\u00fcgung gestellt<\/td>\n<\/tr>\n<tr>\n<td>Video-Ausgangsinspektion:<\/td>\n<td>Zur Verf\u00fcgung gestellt<\/td>\n<td>Garantie f\u00fcr Kernkomponenten:<\/td>\n<td>1 Jahr<\/td>\n<\/tr>\n<tr>\n<td>Kernkomponenten:<\/td>\n<td>Motor, PLC, Motor<\/td>\n<td>Geschwindigkeit:<\/td>\n<td>4000St\u00fcck\/H<\/td>\n<\/tr>\n<tr>\n<td>Gr\u00f6\u00dfe des Produkts:<\/td>\n<td>Durchmesser: 10-75mm, H:35-150mm<\/td>\n<td>Druckbereich:<\/td>\n<td>Durchmesser: 10-75mm, H:35-130mm<\/td>\n<\/tr>\n<tr>\n<td>Service nach der Garantie:<\/td>\n<td>Online-Unterst\u00fctzung<\/td>\n<td>Art der Vermarktung:<\/td>\n<td>Hei\u00dfes Produkt 2022<\/td>\n<\/tr>\n<\/tbody>\n<\/table>\n<\/div>\n<p>&nbsp;<\/p>\n<p><strong>Allgemeine Beschreibung<\/strong>:<br \/>\n1. Automatisches Laden mit Ladeband und Saugroboter (vollautomatisches Ladesystem optional)<br \/>\n2. Auto Flamme Behandlung oder Auto Anti-Staub-Reinigung<br \/>\n3. LED\/UV-Trocknung nach dem Siebdruck<br \/>\n4. Auto-Servo-Steuerung Produkt drehen, keine Notwendigkeit, Gang zu \u00e4ndern, w\u00e4hrend Produkte \u00e4ndern.<br \/>\n5. Automatisches Entladen<br \/>\n6. PLC-Steuerung &amp; Touchscreen-Display.<br \/>\n7. Gut gebautes Maschinenhaus mit CE<br \/>\n8. Automatische Vorregistrierung mit geschnittenen F\u00e4den optional<\/p>\n<p>&nbsp;<\/p>\n<p><strong><b>Anmeldung<\/b><\/strong><br \/>\nZylindrische Glas-\/Kunststoffr\u00f6hren, Flaschen, Verschl\u00fcsse, Lippenmaler usw.<\/p>\n<p>&nbsp;<\/p>\n<p><strong>Technische Daten<\/strong><strong>\u00a0<\/strong><\/p>\n<table>\n<tbody>\n<tr>\n<td colspan=\"2\" width=\"100.0000%\"><strong>S103<\/strong><\/td>\n<\/tr>\n<tr>\n<td width=\"43.9400%\">Geschwindigkeit<\/td>\n<td width=\"56.0400%\">40-50 St\u00fcck\/Min.<\/td>\n<\/tr>\n<tr>\n<td width=\"43.9400%\">Gr\u00f6\u00dfe des Produkts<\/td>\n<td width=\"56.0400%\">\u00d810-50 mm, H: 35-150 mm<\/td>\n<\/tr>\n<tr>\n<td width=\"43.9400%\">Druckbereich<\/td>\n<td width=\"56.0400%\">\u00d810-50 mm, H: 35-150 mm<\/td>\n<\/tr>\n<tr>\n<td width=\"43.9400%\">Luftdruck<\/td>\n<td width=\"56.0400%\">6-7bar<\/td>\n<\/tr>\n<tr>\n<td width=\"43.9400%\">Gasdruck<\/td>\n<td width=\"56.0400%\">1,5 bar<\/td>\n<\/tr>\n<tr>\n<td width=\"43.9400%\">Stromversorgung<\/td>\n<td width=\"56.0400%\">380V, 3 Phasen<\/td>\n<\/tr>\n<tr>\n<td width=\"43.9400%\">Messung<\/td>\n<td width=\"56.0400%\">1200x1300x1800mm<\/td>\n<\/tr>\n<tr>\n<td width=\"43.9400%\">Gewicht<\/td>\n<td width=\"56.0400%\">600kgs<\/td>\n<\/tr>\n<\/tbody>\n<\/table>\n<p>&nbsp;<\/p>\n<p><strong>Verfahren:<\/strong><\/p>\n<p>Automatisches Laden auf das Band - Flammenbehandlung - Druck - UV-Trocknung - automatisches Entladen<\/p>\n<p><strong>Preis: FOB Shenzhen USD26800<\/strong><\/p>\n<p><strong>Optional: automatischer Lader: USD5000<\/strong><\/p>\n<p><img loading=\"lazy\" decoding=\"async\" class=\"size-full wp-image-1820\" src=\"http:\/\/apmprint.com\/wp-content\/uploads\/2023\/12\/x3-18.jpg\" alt=\"s103 automatic cylindrical screen printer with servo control\" width=\"800\" height=\"800\" srcset=\"https:\/\/apmprint.com\/wp-content\/uploads\/2023\/12\/x3-18.jpg 800w, https:\/\/apmprint.com\/wp-content\/uploads\/2023\/12\/x3-18-300x300.jpg 300w, https:\/\/apmprint.com\/wp-content\/uploads\/2023\/12\/x3-18-150x150.jpg 150w, https:\/\/apmprint.com\/wp-content\/uploads\/2023\/12\/x3-18-768x768.jpg 768w, https:\/\/apmprint.com\/wp-content\/uploads\/2023\/12\/x3-18-12x12.jpg 12w, https:\/\/apmprint.com\/wp-content\/uploads\/2023\/12\/x3-18-600x600.jpg 600w, https:\/\/apmprint.com\/wp-content\/uploads\/2023\/12\/x3-18-100x100.jpg 100w\" sizes=\"auto, (max-width: 800px) 100vw, 800px\" \/><\/p>\n<p><strong>Lieferung<\/strong>: 30 Arbeitstage nach Erhalt der Anzahlung<\/p>\n<p><strong><b>Garantie:<\/b><\/strong>\u00a0Ein Jahr. APM liefert alle Garantieteile mit der ersten Lieferung.<\/p>\n<p>&nbsp;<\/p>\n<p><strong><b>Einrichtung und Schulung: <\/b><\/strong>Auf Wunsch des K\u00e4ufers schickt APM Techniker in die Fabrik des K\u00e4ufers, um die Maschine zu montieren, einzurichten und f\u00fcr einen Zeitraum von 5 bis 7 Tagen zu schulen. Alle Reisekosten, einschlie\u00dflich Flug, Visumantrag, Hotel und Verpflegung und Arbeitskosten USD180\/Tag, werden vom K\u00e4ufer bezahlt.<strong><b>\u00a0<\/b><\/strong><\/p>\n<p><strong><b>ZAHLUNGSBEDINGUNGEN<\/b><\/strong>: 30% Anzahlung; 70% T\/T vor Versand<\/p>\n<p><strong>DIE ENTFALTUNG DER BEGRIFFE:<\/strong>\u00a0FOB Shenzhen<\/p>\n<p>&nbsp;<\/p>\n<p><strong>Muster:<\/strong><\/p>\n<p><img loading=\"lazy\" decoding=\"async\" class=\"size-full wp-image-1821\" src=\"http:\/\/apmprint.com\/wp-content\/uploads\/2023\/12\/s-25.jpg\" alt=\"s103 automatic cylindrical screen printer with servo control\" width=\"800\" height=\"800\" srcset=\"https:\/\/apmprint.com\/wp-content\/uploads\/2023\/12\/s-25.jpg 800w, https:\/\/apmprint.com\/wp-content\/uploads\/2023\/12\/s-25-300x300.jpg 300w, https:\/\/apmprint.com\/wp-content\/uploads\/2023\/12\/s-25-150x150.jpg 150w, https:\/\/apmprint.com\/wp-content\/uploads\/2023\/12\/s-25-768x768.jpg 768w, https:\/\/apmprint.com\/wp-content\/uploads\/2023\/12\/s-25-12x12.jpg 12w, https:\/\/apmprint.com\/wp-content\/uploads\/2023\/12\/s-25-600x600.jpg 600w, https:\/\/apmprint.com\/wp-content\/uploads\/2023\/12\/s-25-100x100.jpg 100w\" sizes=\"auto, (max-width: 800px) 100vw, 800px\" \/><\/p>\n<p><img loading=\"lazy\" decoding=\"async\" class=\"size-full wp-image-1822\" src=\"http:\/\/apmprint.com\/wp-content\/uploads\/2023\/12\/s2-3.jpg\" alt=\"s103 automatic cylindrical screen printer with servo control\" width=\"800\" height=\"800\" srcset=\"https:\/\/apmprint.com\/wp-content\/uploads\/2023\/12\/s2-3.jpg 800w, https:\/\/apmprint.com\/wp-content\/uploads\/2023\/12\/s2-3-300x300.jpg 300w, https:\/\/apmprint.com\/wp-content\/uploads\/2023\/12\/s2-3-150x150.jpg 150w, https:\/\/apmprint.com\/wp-content\/uploads\/2023\/12\/s2-3-768x768.jpg 768w, https:\/\/apmprint.com\/wp-content\/uploads\/2023\/12\/s2-3-12x12.jpg 12w, https:\/\/apmprint.com\/wp-content\/uploads\/2023\/12\/s2-3-600x600.jpg 600w, https:\/\/apmprint.com\/wp-content\/uploads\/2023\/12\/s2-3-100x100.jpg 100w\" sizes=\"auto, (max-width: 800px) 100vw, 800px\" \/><\/p>\n<p><img loading=\"lazy\" decoding=\"async\" class=\"size-full wp-image-1967\" src=\"http:\/\/apmprint.com\/wp-content\/uploads\/2023\/12\/\u4ecb\u7ecd1.jpg\" alt=\"ss106 2 color automatic printing machine\" width=\"750\" height=\"1500\" srcset=\"https:\/\/apmprint.com\/wp-content\/uploads\/2023\/12\/\u4ecb\u7ecd1.jpg 750w, https:\/\/apmprint.com\/wp-content\/uploads\/2023\/12\/\u4ecb\u7ecd1-150x300.jpg 150w, https:\/\/apmprint.com\/wp-content\/uploads\/2023\/12\/\u4ecb\u7ecd1-512x1024.jpg 512w, https:\/\/apmprint.com\/wp-content\/uploads\/2023\/12\/\u4ecb\u7ecd1-6x12.jpg 6w, https:\/\/apmprint.com\/wp-content\/uploads\/2023\/12\/\u4ecb\u7ecd1-600x1200.jpg 600w\" sizes=\"auto, (max-width: 750px) 100vw, 750px\" \/><\/p>\n<p><img loading=\"lazy\" decoding=\"async\" class=\"size-full wp-image-1968\" src=\"http:\/\/apmprint.com\/wp-content\/uploads\/2023\/12\/\u4ecb\u7ecd2.jpg\" alt=\"ss106 2 color automatic printing machine\" width=\"750\" height=\"1020\" srcset=\"https:\/\/apmprint.com\/wp-content\/uploads\/2023\/12\/\u4ecb\u7ecd2.jpg 750w, https:\/\/apmprint.com\/wp-content\/uploads\/2023\/12\/\u4ecb\u7ecd2-221x300.jpg 221w, https:\/\/apmprint.com\/wp-content\/uploads\/2023\/12\/\u4ecb\u7ecd2-9x12.jpg 9w, https:\/\/apmprint.com\/wp-content\/uploads\/2023\/12\/\u4ecb\u7ecd2-600x816.jpg 600w\" sizes=\"auto, (max-width: 750px) 100vw, 750px\" \/><\/p>\n<p><img loading=\"lazy\" decoding=\"async\" class=\"size-full wp-image-1969\" src=\"http:\/\/apmprint.com\/wp-content\/uploads\/2023\/12\/\u4ecb\u7ecd3.jpg\" alt=\"ss106 2 color automatic printing machine\" width=\"750\" height=\"1072\" srcset=\"https:\/\/apmprint.com\/wp-content\/uploads\/2023\/12\/\u4ecb\u7ecd3.jpg 750w, https:\/\/apmprint.com\/wp-content\/uploads\/2023\/12\/\u4ecb\u7ecd3-210x300.jpg 210w, https:\/\/apmprint.com\/wp-content\/uploads\/2023\/12\/\u4ecb\u7ecd3-716x1024.jpg 716w, https:\/\/apmprint.com\/wp-content\/uploads\/2023\/12\/\u4ecb\u7ecd3-8x12.jpg 8w, https:\/\/apmprint.com\/wp-content\/uploads\/2023\/12\/\u4ecb\u7ecd3-600x858.jpg 600w\" sizes=\"auto, (max-width: 750px) 100vw, 750px\" \/><\/p>","protected":false},"excerpt":{"rendered":"<p>Die Annahme der neuesten Technologie verbessert die Qualit\u00e4t des Produkts.und die weit verbreitete Verwendung in Siebdrucker von S103 automatische Gold-Aluminium-Siebdruck-Maschine f\u00fcr Weinflasche Deckel benutzerdefinierte Siebdruck hilft es gewinnen eine Menge Aufmerksamkeit auf dem Markt.au\u00dferdem ist es entworfen, um die verschiedenen Nachfrage Pr\u00e4ferenzen zu erf\u00fcllen.<\/p>\n<p><strong><b>Modellnummer<\/b><\/strong>: S103<\/p>\n<p><strong><b>Bruttoleistung<\/b><\/strong>: 3,5KW<\/p>\n<p><strong><b>Versand<\/b><\/strong>: Express-Seefracht \/ Landfracht \/ Luftfracht<\/p>\n<p><strong><b>Personalisierung<\/b><\/strong>: Kundenspezifisches Logo (Mindestbestellmenge: 5 Sets) , Kundenspezifische Verpackung (Mindestbestellmenge: 5 Sets) , Grafikanpassung (Mindestbestellmenge: 5 Sets)<\/p>","protected":false},"featured_media":1823,"template":"","meta":{"_acf_changed":false,"_seopress_robots_primary_cat":"none","_seopress_titles_title":"","_seopress_titles_desc":"","_seopress_robots_index":""},"product_brand":[],"product_cat":[31],"product_tag":[75,24,57,78,58],"class_list":{"0":"post-1819","1":"product","2":"type-product","3":"status-publish","4":"has-post-thumbnail","6":"product_cat-auto-screen-printer","7":"product_tag-automatic","8":"product_tag-caps-and-closures","9":"product_tag-plastic-bottles","10":"product_tag-screen-printer","11":"product_tag-tubes","13":"first","14":"instock","15":"shipping-taxable","16":"product-type-simple"},"acf":[],"_links":{"self":[{"href":"https:\/\/apmprint.com\/de\/wp-json\/wp\/v2\/product\/1819","targetHints":{"allow":["GET"]}}],"collection":[{"href":"https:\/\/apmprint.com\/de\/wp-json\/wp\/v2\/product"}],"about":[{"href":"https:\/\/apmprint.com\/de\/wp-json\/wp\/v2\/types\/product"}],"wp:featuredmedia":[{"embeddable":true,"href":"https:\/\/apmprint.com\/de\/wp-json\/wp\/v2\/media\/1823"}],"wp:attachment":[{"href":"https:\/\/apmprint.com\/de\/wp-json\/wp\/v2\/media?parent=1819"}],"wp:term":[{"taxonomy":"product_brand","embeddable":true,"href":"https:\/\/apmprint.com\/de\/wp-json\/wp\/v2\/product_brand?post=1819"},{"taxonomy":"product_cat","embeddable":true,"href":"https:\/\/apmprint.com\/de\/wp-json\/wp\/v2\/product_cat?post=1819"},{"taxonomy":"product_tag","embeddable":true,"href":"https:\/\/apmprint.com\/de\/wp-json\/wp\/v2\/product_tag?post=1819"}],"curies":[{"name":"wp","href":"https:\/\/api.w.org\/{rel}","templated":true}]}}