{"id":1827,"date":"2023-12-21T08:58:00","date_gmt":"2023-12-21T08:58:00","guid":{"rendered":"https:\/\/apmprint.com\/?post_type=product&#038;p=1827"},"modified":"2023-12-21T09:09:25","modified_gmt":"2023-12-21T09:09:25","slug":"auto-screen-printer-apm-s103t","status":"publish","type":"product","link":"https:\/\/apmprint.com\/de\/produkt\/auto-screen-printer-apm-s103t\/","title":{"rendered":"Automatischer Siebdrucker APM-S103T"},"content":{"rendered":"<p><strong>Anwendung:<\/strong><\/p>\n<p>Weiche Rohre<\/p>\n<p>&nbsp;<\/p>\n<p>Anwendung:<br \/>\nWeiche Rohre<br \/>\nAllgemeine Beschreibung:<br \/>\n1. Automatisches Laden mit Ladeband.<\/p>\n<p><img loading=\"lazy\" decoding=\"async\" class=\"wp-image-1828\" src=\"http:\/\/apmprint.com\/wp-content\/uploads\/2023\/12\/1-1.jpg\" alt=\"auto screen printer apm s103t\" width=\"448\" height=\"236\" srcset=\"https:\/\/apmprint.com\/wp-content\/uploads\/2023\/12\/1-1.jpg 800w, https:\/\/apmprint.com\/wp-content\/uploads\/2023\/12\/1-1-300x158.jpg 300w, https:\/\/apmprint.com\/wp-content\/uploads\/2023\/12\/1-1-768x404.jpg 768w, https:\/\/apmprint.com\/wp-content\/uploads\/2023\/12\/1-1-18x9.jpg 18w, https:\/\/apmprint.com\/wp-content\/uploads\/2023\/12\/1-1-600x316.jpg 600w\" sizes=\"auto, (max-width: 448px) 100vw, 448px\" \/><\/p>\n<p>2. Automatische Flammenbehandlung.<\/p>\n<p><img loading=\"lazy\" decoding=\"async\" class=\"wp-image-1829\" src=\"http:\/\/apmprint.com\/wp-content\/uploads\/2023\/12\/2-1.jpg\" alt=\"auto screen printer apm s103t\" width=\"410\" height=\"319\" srcset=\"https:\/\/apmprint.com\/wp-content\/uploads\/2023\/12\/2-1.jpg 800w, https:\/\/apmprint.com\/wp-content\/uploads\/2023\/12\/2-1-300x234.jpg 300w, https:\/\/apmprint.com\/wp-content\/uploads\/2023\/12\/2-1-768x598.jpg 768w, https:\/\/apmprint.com\/wp-content\/uploads\/2023\/12\/2-1-15x12.jpg 15w, https:\/\/apmprint.com\/wp-content\/uploads\/2023\/12\/2-1-600x467.jpg 600w\" sizes=\"auto, (max-width: 410px) 100vw, 410px\" \/><\/p>\n<p>3. Servoregistrierung mit Fotosensor. Wiederholter Druck f\u00fcr mehrere Farben.<\/p>\n<p><img loading=\"lazy\" decoding=\"async\" class=\"wp-image-1830\" src=\"http:\/\/apmprint.com\/wp-content\/uploads\/2023\/12\/3-1.jpg\" alt=\"auto screen printer apm s103t\" width=\"426\" height=\"280\" srcset=\"https:\/\/apmprint.com\/wp-content\/uploads\/2023\/12\/3-1.jpg 800w, https:\/\/apmprint.com\/wp-content\/uploads\/2023\/12\/3-1-300x197.jpg 300w, https:\/\/apmprint.com\/wp-content\/uploads\/2023\/12\/3-1-768x504.jpg 768w, https:\/\/apmprint.com\/wp-content\/uploads\/2023\/12\/3-1-18x12.jpg 18w, https:\/\/apmprint.com\/wp-content\/uploads\/2023\/12\/3-1-600x394.jpg 600w\" sizes=\"auto, (max-width: 426px) 100vw, 426px\" \/><\/p>\n<p>4. Kein Produkt keine Druckfunktion<br \/>\n5. Automatische UV-Trocknung<\/p>\n<p><img loading=\"lazy\" decoding=\"async\" class=\"wp-image-1832\" src=\"http:\/\/apmprint.com\/wp-content\/uploads\/2023\/12\/4.jpg\" alt=\"auto screen printer apm s103t\" width=\"428\" height=\"320\" srcset=\"https:\/\/apmprint.com\/wp-content\/uploads\/2023\/12\/4.jpg 800w, https:\/\/apmprint.com\/wp-content\/uploads\/2023\/12\/4-300x224.jpg 300w, https:\/\/apmprint.com\/wp-content\/uploads\/2023\/12\/4-768x573.jpg 768w, https:\/\/apmprint.com\/wp-content\/uploads\/2023\/12\/4-16x12.jpg 16w, https:\/\/apmprint.com\/wp-content\/uploads\/2023\/12\/4-600x448.jpg 600w\" sizes=\"auto, (max-width: 428px) 100vw, 428px\" \/><\/p>\n<p>6. Automatisches Entladen<br \/>\n7. PLC-Steuerung &amp; Touchscreen-Display.<br \/>\n8. Gut gebautes Maschinenhaus mit CE<\/p>\n<p>&nbsp;<\/p>\n<p><strong>Technische Daten<\/strong><\/p>\n<table>\n<tbody>\n<tr>\n<td width=\"154\">&nbsp;<\/td>\n<td width=\"252\">S103T<\/td>\n<\/tr>\n<tr>\n<td width=\"154\">Geschwindigkeit (St\u00fcck\/min)<\/td>\n<td width=\"252\">40-60<\/td>\n<\/tr>\n<tr>\n<td width=\"154\">Gr\u00f6\u00dfe des Produkts (mm)<\/td>\n<td width=\"252\">\u00d810-50 H: 35-150<\/td>\n<\/tr>\n<tr>\n<td width=\"154\">Druckfl\u00e4che (mm)<\/td>\n<td width=\"252\">\u00d810-50 H: 35-145<\/td>\n<\/tr>\n<tr>\n<td width=\"154\">UV-Leistung<\/td>\n<td width=\"252\">4Kw<\/td>\n<\/tr>\n<tr>\n<td width=\"154\">Luftdruck<\/td>\n<td width=\"252\">6-7Bar<\/td>\n<\/tr>\n<tr>\n<td width=\"154\">Gasdruck<\/td>\n<td width=\"252\">1.5Bar<\/td>\n<\/tr>\n<tr>\n<td width=\"154\">Stromversorgung<\/td>\n<td width=\"252\">380V, 3 Phasen<\/td>\n<\/tr>\n<tr>\n<td width=\"154\">Messung<\/td>\n<td width=\"252\">1100x1300x1700mm<\/td>\n<\/tr>\n<tr>\n<td width=\"154\">Gewicht<\/td>\n<td width=\"252\">600kgs<\/td>\n<\/tr>\n<\/tbody>\n<\/table>\n<p>&nbsp;<\/p>\n<p><strong>\u00a0ABLAUF DER DRUCKPRODUKTION<\/strong><\/p>\n<ul>\n<li>Manuelles Laden auf das Band (automatische Zuf\u00fchrung optional)<\/li>\n<li>Vorbehandlung (optional Beflammung oder elektrostatische Entstaubung)<\/li>\n<li>Autoprinting<\/li>\n<li>Automatische UV-H\u00e4rtung<\/li>\n<li>Wiederholung f\u00fcr den 2. Farbdruck<\/li>\n<\/ul>\n<p>&nbsp;<\/p>\n<p><strong>Muster:<\/strong><\/p>\n<p><img loading=\"lazy\" decoding=\"async\" class=\"size-full wp-image-1833\" src=\"http:\/\/apmprint.com\/wp-content\/uploads\/2023\/12\/s-27.jpg\" alt=\"auto screen printer apm s103t\" width=\"800\" height=\"584\" srcset=\"https:\/\/apmprint.com\/wp-content\/uploads\/2023\/12\/s-27.jpg 800w, https:\/\/apmprint.com\/wp-content\/uploads\/2023\/12\/s-27-300x219.jpg 300w, https:\/\/apmprint.com\/wp-content\/uploads\/2023\/12\/s-27-768x561.jpg 768w, https:\/\/apmprint.com\/wp-content\/uploads\/2023\/12\/s-27-16x12.jpg 16w, https:\/\/apmprint.com\/wp-content\/uploads\/2023\/12\/s-27-600x438.jpg 600w\" sizes=\"auto, (max-width: 800px) 100vw, 800px\" \/><\/p>\n<p>&nbsp;<\/p>\n<p>&nbsp;<\/p>","protected":false},"excerpt":{"rendered":"<p>Allgemeine Beschreibung:<br \/>\n1. Automatisches Laden mit Ladeband und Saugroboter (vollautomatisches Ladesystem optional)<br \/>\n2. Auto Flamme Behandlung oder Auto Anti-Staub-Reinigung<br \/>\n3. LED\/UV-Trocknung nach dem Siebdruck<br \/>\n4. Auto-Servo-Steuerung Produkt drehen, keine Notwendigkeit, Gang zu \u00e4ndern, w\u00e4hrend Produkte \u00e4ndern.<br \/>\n5. Automatisches Entladen<br \/>\n6. PLC-Steuerung &amp; Touchscreen-Display.<br \/>\n7. Gut gebautes Maschinenhaus mit CE<br \/>\n8. Automatische Vorregistrierung mit geschnittenen F\u00e4den optional<\/p>","protected":false},"featured_media":1834,"template":"","meta":{"_acf_changed":false,"_seopress_robots_primary_cat":"none","_seopress_titles_title":"","_seopress_titles_desc":"","_seopress_robots_index":""},"product_brand":[],"product_cat":[31],"product_tag":[75,78],"class_list":{"0":"post-1827","1":"product","2":"type-product","3":"status-publish","4":"has-post-thumbnail","6":"product_cat-auto-screen-printer","7":"product_tag-automatic","8":"product_tag-screen-printer","10":"first","11":"instock","12":"shipping-taxable","13":"product-type-simple"},"acf":[],"_links":{"self":[{"href":"https:\/\/apmprint.com\/de\/wp-json\/wp\/v2\/product\/1827","targetHints":{"allow":["GET"]}}],"collection":[{"href":"https:\/\/apmprint.com\/de\/wp-json\/wp\/v2\/product"}],"about":[{"href":"https:\/\/apmprint.com\/de\/wp-json\/wp\/v2\/types\/product"}],"wp:featuredmedia":[{"embeddable":true,"href":"https:\/\/apmprint.com\/de\/wp-json\/wp\/v2\/media\/1834"}],"wp:attachment":[{"href":"https:\/\/apmprint.com\/de\/wp-json\/wp\/v2\/media?parent=1827"}],"wp:term":[{"taxonomy":"product_brand","embeddable":true,"href":"https:\/\/apmprint.com\/de\/wp-json\/wp\/v2\/product_brand?post=1827"},{"taxonomy":"product_cat","embeddable":true,"href":"https:\/\/apmprint.com\/de\/wp-json\/wp\/v2\/product_cat?post=1827"},{"taxonomy":"product_tag","embeddable":true,"href":"https:\/\/apmprint.com\/de\/wp-json\/wp\/v2\/product_tag?post=1827"}],"curies":[{"name":"wp","href":"https:\/\/api.w.org\/{rel}","templated":true}]}}