{"id":1835,"date":"2023-12-21T09:32:12","date_gmt":"2023-12-21T09:32:12","guid":{"rendered":"https:\/\/apmprint.com\/?post_type=product&#038;p=1835"},"modified":"2024-01-03T01:23:33","modified_gmt":"2024-01-03T01:23:33","slug":"apm-s104m-automatic-multi-color-screen-printer-with-led-and-uv-drying","status":"publish","type":"product","link":"https:\/\/apmprint.com\/de\/produkt\/apm-s104m-automatic-multi-color-screen-printer-with-led-and-uv-drying\/","title":{"rendered":"Automatischer 3-Farben-CNC-Siebdrucker S104M"},"content":{"rendered":"<p>Shenzhen Hejia Automatic Printing Machine Co., Ltd. findet es einfacher und effizienter, Produkte auf einer regelm\u00e4\u00dfigen Basis zu entwickeln.S104M 3 Farben automatische Flasche Siebdruck eine Station Shuttle Siebdruckmaschine f\u00fcr Flaschen und Tassen Print ist das neueste Ergebnis, das alle Bem\u00fchungen und Weisheit unserer Mitarbeiter kombiniert. S104M 3 Farben automatische Flasche Siebdruck eine Station Shuttle Siebdruckmaschine f\u00fcr Flaschen und Tassen drucken erm\u00f6glicht es dem Unternehmen, mehr Marktanteil, st\u00e4rkere Wettbewerbsf\u00e4higkeit und h\u00f6here Sichtbarkeit haben. In der Zukunft wird Shenzhen Hejia Automatic Printing Machine Co., Ltd. die Kan\u00e4le f\u00fcr die Einf\u00fchrung von Talenten \u00f6ffnen und die technologischen Innovationsf\u00e4higkeiten durch die Einf\u00fchrung von mehr herausragenden Talenten als intellektuelle Unterst\u00fctzung verbessern, um eine bessere und schnellere Entwicklung zu erreichen.<\/p>\n<div class=\"rich-text-table\">\n<table>\n<tbody>\n<tr>\n<td>Platte Typ:<\/td>\n<td>Siebdrucker<\/td>\n<td>Anwendbare Branchen:<\/td>\n<td>Produktionsbetriebe, Lebensmittel- und Getr\u00e4nkefabriken, Druckereien, Werbeunternehmen, Flaschenhersteller, Verpackungsunternehmen<\/td>\n<\/tr>\n<tr>\n<td>Zustand:<\/td>\n<td>Neu<\/td>\n<td>Herkunftsort:<\/td>\n<td>Guangdong, China<\/td>\n<\/tr>\n<tr>\n<td>Markenname:<\/td>\n<td>APM<\/td>\n<td>Verwendung:<\/td>\n<td>Druck von zylindrischen Flaschen und Bechern aus Glas\/Kunststoff\/Metall<\/td>\n<\/tr>\n<tr>\n<td>Automatischer Grad:<\/td>\n<td>Automatisch<\/td>\n<td>Farbe und Seite:<\/td>\n<td>Einzelfarbe<\/td>\n<\/tr>\n<tr>\n<td>Spannung:<\/td>\n<td>380V,50\/60HZ<\/td>\n<td>Abmessungen (L*B*H):<\/td>\n<td>1908x1000x1500mm<\/td>\n<\/tr>\n<tr>\n<td>Gewicht:<\/td>\n<td>1500 KG<\/td>\n<td>Zertifizierung:<\/td>\n<td>CE-Zertifizierung<\/td>\n<\/tr>\n<tr>\n<td>Garantie:<\/td>\n<td>1 Jahr<\/td>\n<td>Service nach dem Verkauf:<\/td>\n<td>Online-Support, kostenlose Ersatzteile, Installation, Inbetriebnahme und Schulung vor Ort, Wartungs- und Reparaturservice vor Ort, technische Videounterst\u00fctzung, Techniker f\u00fcr die Wartung von Maschinen in \u00dcbersee verf\u00fcgbar<\/td>\n<\/tr>\n<tr>\n<td>Wichtigste Verkaufsargumente:<\/td>\n<td>Einfach zu bedienen<\/td>\n<td>Maschinen-Testbericht:<\/td>\n<td>Zur Verf\u00fcgung gestellt<\/td>\n<\/tr>\n<tr>\n<td>Video-Ausgangsinspektion:<\/td>\n<td>Zur Verf\u00fcgung gestellt<\/td>\n<td>Garantie f\u00fcr Kernkomponenten:<\/td>\n<td>1 Jahr<\/td>\n<\/tr>\n<tr>\n<td>Kernkomponenten:<\/td>\n<td>Motor, PLC<\/td>\n<td>Name des Produkts:<\/td>\n<td><a class=\"keyword_link font-color\" title=\"Automatische Siebdruckmaschine\" href=\"https:\/\/www.apmprinter.com\/products-66975\" target=\"_blank\" rel=\"noopener\">Automatische Siebdruckmaschine<\/a>\u00a0f\u00fcr Metallflaschen und -becher<\/td>\n<\/tr>\n<tr>\n<td>Anwendung:<\/td>\n<td>Flaschendrucker, Becherdrucker<\/td>\n<td>Druckfarbe:<\/td>\n<td>Multicolor<\/td>\n<\/tr>\n<tr>\n<td>Druckgeschwindigkeit:<\/td>\n<td>400-600 St\u00fcck\/H<\/td>\n<td>Maximale Druckgr\u00f6\u00dfe:<\/td>\n<td>Durchmesser 100mm<\/td>\n<\/tr>\n<tr>\n<td>Trockner:<\/td>\n<td>UV-Trockner<\/td>\n<td>Art:<\/td>\n<td>Seidensiebdruckmaschine<\/td>\n<\/tr>\n<tr>\n<td>Druckart:<\/td>\n<td>Automatische Siebdruckmaschine<\/td>\n<td>Betrieb:<\/td>\n<td>Einfache Bedienung<\/td>\n<\/tr>\n<\/tbody>\n<\/table>\n<\/div>\n<p>&nbsp;<\/p>\n<p>Allgemeine Beschreibung:<\/p>\n<p>1. die Registrierung des Servomotors.<br \/>\n2. automatisches Ladeband (gro\u00dfer Schalenf\u00f6rderer optional mit Aufpreis)<br \/>\n3. automatische Flammenbehandlung<br \/>\n4. automatische Entladung.<br \/>\n5. leicht zu wechselndes Produkt.<br \/>\n6. kann mehrfarbig auf zylindrische Flaschen ohne Farbregistrierpunkt drucken.<br \/>\n7. LED- und UV-Trocknung<br \/>\n8. die Sicherheitsoption mit CE-Norm.<br \/>\n9. optional Hei\u00dfpr\u00e4gung<\/p>\n<p>&nbsp;<\/p>\n<p><strong>Anwendung:<\/strong><\/p>\n<p>Verschiedene Formen von Produkten. (Haupts\u00e4chlich rund, andere Formen optional)<\/p>\n<p>Er ist in der Lage, mehrfarbig auf Beh\u00e4lter zu drucken, ohne dass ein Farbregisterpunkt erforderlich ist.<\/p>\n<p>&nbsp;<\/p>\n<p><strong>Technische Daten<\/strong><\/p>\n<table>\n<tbody>\n<tr>\n<td>Produktform<\/td>\n<td>Rund, andere Formen optional<\/td>\n<\/tr>\n<tr>\n<td>Druckgr\u00f6\u00dfe<\/td>\n<td>Maximaler Durchmesser 100 mm<\/td>\n<\/tr>\n<tr>\n<td>Druckl\u00e4nge<\/td>\n<td>Maximale L\u00e4nge 300mm<\/td>\n<\/tr>\n<tr>\n<td>Druckgeschwindigkeit<\/td>\n<td>200-900 St\u00fcck\/Std.<\/td>\n<\/tr>\n<tr>\n<td>Stromversorgung<\/td>\n<td>380V 3phasig 50Hz 7kw<\/td>\n<\/tr>\n<tr>\n<td>Luftverbrauch<\/td>\n<td>5-7bar<\/td>\n<\/tr>\n<\/tbody>\n<\/table>\n<p>&nbsp;<\/p>\n<p><strong>Hauptkomponenten f\u00fcr S104M:<\/strong><\/p>\n<table>\n<tbody>\n<tr>\n<td width=\"158\">STEUERUNGSSYSTEME<\/td>\n<td width=\"172\">YASKAMA PLC<\/td>\n<td width=\"196\">JAPAN<\/td>\n<\/tr>\n<tr>\n<td width=\"158\">TOUCH-SCREEN<\/td>\n<td width=\"172\">WEINVIEW<\/td>\n<td width=\"196\">TAIWAN<\/td>\n<\/tr>\n<tr>\n<td width=\"158\">SERVO-SYSTEME<\/td>\n<td width=\"172\">YASKAMA<\/td>\n<td width=\"196\">JAPAN<\/td>\n<\/tr>\n<tr>\n<td width=\"158\">INVERTER<\/td>\n<td width=\"172\">PANASONIC<\/td>\n<td width=\"196\">JAPAN<\/td>\n<\/tr>\n<tr>\n<td width=\"158\">ELEKTRISCHE TEILE<\/td>\n<td width=\"172\">OMRON\/SCHNEIDER\/SICK<\/td>\n<td width=\"196\">JAPAN\/FRANKREICH\/DEUTSCHLAND<\/td>\n<\/tr>\n<tr>\n<td width=\"158\">PNEIMATISCHE TEILE<\/td>\n<td width=\"172\">SMC\/AIRTAC<\/td>\n<td width=\"196\">JAPAN\/Taiwan<\/td>\n<\/tr>\n<\/tbody>\n<\/table>\n<p>&nbsp;<\/p>\n<p>&nbsp;<\/p>\n<p><img loading=\"lazy\" decoding=\"async\" class=\"wp-image-1836\" src=\"http:\/\/apmprint.com\/wp-content\/uploads\/2023\/12\/xx.jpg\" alt=\"apm s104m automatic multi color screen printer with led and uv drying\" width=\"1018\" height=\"461\" srcset=\"https:\/\/apmprint.com\/wp-content\/uploads\/2023\/12\/xx.jpg 800w, https:\/\/apmprint.com\/wp-content\/uploads\/2023\/12\/xx-300x136.jpg 300w, https:\/\/apmprint.com\/wp-content\/uploads\/2023\/12\/xx-768x348.jpg 768w, https:\/\/apmprint.com\/wp-content\/uploads\/2023\/12\/xx-18x8.jpg 18w, https:\/\/apmprint.com\/wp-content\/uploads\/2023\/12\/xx-600x272.jpg 600w\" sizes=\"auto, (max-width: 1018px) 100vw, 1018px\" \/><\/p>\n<p><strong>Preis<\/strong>: FOB Shenzhen 3 Farben mit Flamme und LED \u00a0\u00a0<strong>USD56<\/strong><strong>000<\/strong><\/p>\n<p>FOB Shenzhen 3 Farben mit Flamme und UV-Trocknung \u00a0\u00a0\u00a0<strong>USD62<\/strong><strong>000<\/strong><\/p>\n<p><strong>Optional: <\/strong><\/p>\n<p>Automatisches langes Entladeband in der Maschine, um den 1\/2-Farbdruck zu beschleunigen, mit aktualisiertem Programm und mechanischer Einrichtung, automatischer Entladetisch zur Kontrolle der Druckqualit\u00e4t: USD2000<\/p>\n<figure id=\"attachment_1837\" aria-describedby=\"caption-attachment-1837\" style=\"width: 800px\" class=\"wp-caption alignnone\"><img loading=\"lazy\" decoding=\"async\" class=\"size-full wp-image-1837\" src=\"http:\/\/apmprint.com\/wp-content\/uploads\/2023\/12\/1-2.jpg\" alt=\"apm s104m automatic multi color screen printer with led and uv drying\" width=\"800\" height=\"236\" srcset=\"https:\/\/apmprint.com\/wp-content\/uploads\/2023\/12\/1-2.jpg 800w, https:\/\/apmprint.com\/wp-content\/uploads\/2023\/12\/1-2-300x89.jpg 300w, https:\/\/apmprint.com\/wp-content\/uploads\/2023\/12\/1-2-768x227.jpg 768w, https:\/\/apmprint.com\/wp-content\/uploads\/2023\/12\/1-2-18x5.jpg 18w, https:\/\/apmprint.com\/wp-content\/uploads\/2023\/12\/1-2-600x177.jpg 600w\" sizes=\"auto, (max-width: 800px) 100vw, 800px\" \/><figcaption id=\"caption-attachment-1837\" class=\"wp-caption-text\">Zus\u00e4tzliche Vorrichtungen: USD500\/Satz<br \/>Verbrauchsmaterial und zus\u00e4tzliche Ersatzteile: wird vor der Lieferung der Maschine angeboten<br \/><strong>Lieferung:<\/strong>\u00a050 Arbeitstage nach Erhalt der Muster und der Anzahlung<br \/><strong>Zahlungsbedingungen: <\/strong>30% Anzahlung, 70% T\/T vor Versand<br \/><strong>Garantie:<\/strong>\u00a0ein Jahr<br \/><strong>Zusammenbau und Ausbildung:<\/strong>\u00a0Falls erforderlich, schickt der Hersteller einen Techniker in das Werk des K\u00e4ufers, um die Maschine zu installieren und die Bediener zu schulen. Der K\u00e4ufer zahlt die Flugtickets, Verpflegung, Hotel und Arbeitskosten USD160\/Tag.<\/figcaption><\/figure>\n<p>&nbsp;<\/p>\n<p><strong>Muster:<\/strong><\/p>\n<p><img loading=\"lazy\" decoding=\"async\" class=\"size-full wp-image-1838\" src=\"http:\/\/apmprint.com\/wp-content\/uploads\/2023\/12\/s-28.jpg\" alt=\"apm s104m automatic multi color screen printer with led and uv drying\" width=\"800\" height=\"800\" srcset=\"https:\/\/apmprint.com\/wp-content\/uploads\/2023\/12\/s-28.jpg 800w, https:\/\/apmprint.com\/wp-content\/uploads\/2023\/12\/s-28-300x300.jpg 300w, https:\/\/apmprint.com\/wp-content\/uploads\/2023\/12\/s-28-150x150.jpg 150w, https:\/\/apmprint.com\/wp-content\/uploads\/2023\/12\/s-28-768x768.jpg 768w, https:\/\/apmprint.com\/wp-content\/uploads\/2023\/12\/s-28-12x12.jpg 12w, https:\/\/apmprint.com\/wp-content\/uploads\/2023\/12\/s-28-600x600.jpg 600w, https:\/\/apmprint.com\/wp-content\/uploads\/2023\/12\/s-28-100x100.jpg 100w\" sizes=\"auto, (max-width: 800px) 100vw, 800px\" \/><\/p>\n<p><img loading=\"lazy\" decoding=\"async\" class=\"size-full wp-image-1967\" src=\"http:\/\/apmprint.com\/wp-content\/uploads\/2023\/12\/\u4ecb\u7ecd1.jpg\" alt=\"ss106 2 color automatic printing machine\" width=\"750\" height=\"1500\" srcset=\"https:\/\/apmprint.com\/wp-content\/uploads\/2023\/12\/\u4ecb\u7ecd1.jpg 750w, https:\/\/apmprint.com\/wp-content\/uploads\/2023\/12\/\u4ecb\u7ecd1-150x300.jpg 150w, https:\/\/apmprint.com\/wp-content\/uploads\/2023\/12\/\u4ecb\u7ecd1-512x1024.jpg 512w, https:\/\/apmprint.com\/wp-content\/uploads\/2023\/12\/\u4ecb\u7ecd1-6x12.jpg 6w, https:\/\/apmprint.com\/wp-content\/uploads\/2023\/12\/\u4ecb\u7ecd1-600x1200.jpg 600w\" sizes=\"auto, (max-width: 750px) 100vw, 750px\" \/><\/p>\n<p><img loading=\"lazy\" decoding=\"async\" class=\"size-full wp-image-1968\" src=\"http:\/\/apmprint.com\/wp-content\/uploads\/2023\/12\/\u4ecb\u7ecd2.jpg\" alt=\"ss106 2 color automatic printing machine\" width=\"750\" height=\"1020\" srcset=\"https:\/\/apmprint.com\/wp-content\/uploads\/2023\/12\/\u4ecb\u7ecd2.jpg 750w, https:\/\/apmprint.com\/wp-content\/uploads\/2023\/12\/\u4ecb\u7ecd2-221x300.jpg 221w, https:\/\/apmprint.com\/wp-content\/uploads\/2023\/12\/\u4ecb\u7ecd2-9x12.jpg 9w, https:\/\/apmprint.com\/wp-content\/uploads\/2023\/12\/\u4ecb\u7ecd2-600x816.jpg 600w\" sizes=\"auto, (max-width: 750px) 100vw, 750px\" \/><\/p>\n<figure id=\"attachment_1969\" aria-describedby=\"caption-attachment-1969\" style=\"width: 750px\" class=\"wp-caption alignnone\"><img loading=\"lazy\" decoding=\"async\" class=\"size-full wp-image-1969\" src=\"http:\/\/apmprint.com\/wp-content\/uploads\/2023\/12\/\u4ecb\u7ecd3.jpg\" alt=\"ss106 2 color automatic printing machine\" width=\"750\" height=\"1072\" srcset=\"https:\/\/apmprint.com\/wp-content\/uploads\/2023\/12\/\u4ecb\u7ecd3.jpg 750w, https:\/\/apmprint.com\/wp-content\/uploads\/2023\/12\/\u4ecb\u7ecd3-210x300.jpg 210w, https:\/\/apmprint.com\/wp-content\/uploads\/2023\/12\/\u4ecb\u7ecd3-716x1024.jpg 716w, https:\/\/apmprint.com\/wp-content\/uploads\/2023\/12\/\u4ecb\u7ecd3-8x12.jpg 8w, https:\/\/apmprint.com\/wp-content\/uploads\/2023\/12\/\u4ecb\u7ecd3-600x858.jpg 600w\" sizes=\"auto, (max-width: 750px) 100vw, 750px\" \/><figcaption id=\"caption-attachment-1969\" class=\"wp-caption-text\">ss106 2-farbige automatische Druckmaschine<\/figcaption><\/figure>\n<p>&nbsp;<\/p>","protected":false},"excerpt":{"rendered":"<p>S104M 3 Farben automatischer Flaschensiebdruck eine Station Shuttle-Siebdruckmaschine f\u00fcr Flaschen und Tassen Druck kann die Wettbewerbsf\u00e4higkeit des Unternehmens zu verbessern und helfen, das Unternehmen gewinnen einen festen Fu\u00df in der heutigen hart umk\u00e4mpften Umfeld und entwickeln sich stetig und mit einer hohen Geschwindigkeit.Wir nehmen eine Vielzahl von Technologien in der Produktion.Das Produkt hat einstimmig positive Kommentare von Markt erhalten.<\/p>\n<p><strong><b>Modellnummer<\/b><\/strong>: S104M-3<\/p>\n<p><strong><b>Bruttoleistung<\/b><\/strong>: 3,5KW<\/p>\n<p><strong><b>Versand<\/b><\/strong>: Express-Seefracht \/ Landfracht \/ Luftfracht<\/p>\n<p><strong><b>Personalisierung<\/b><\/strong>: Kundenspezifisches Logo (Mindestbestellmenge: 5 Sets) , Kundenspezifische Verpackung (Mindestbestellmenge: 5 Sets) , Grafikanpassung (Mindestbestellmenge: 5 Sets)<\/p>","protected":false},"featured_media":1840,"template":"","meta":{"_acf_changed":false,"_seopress_robots_primary_cat":"none","_seopress_titles_title":"","_seopress_titles_desc":"","_seopress_robots_index":""},"product_brand":[],"product_cat":[29,31],"product_tag":[75,84,57,78,69],"class_list":{"0":"post-1835","1":"product","2":"type-product","3":"status-publish","4":"has-post-thumbnail","6":"product_cat-all-servo-printing-machine-cnc","7":"product_cat-auto-screen-printer","8":"product_tag-automatic","9":"product_tag-jar","10":"product_tag-plastic-bottles","11":"product_tag-screen-printer","12":"product_tag-servo","14":"first","15":"instock","16":"shipping-taxable","17":"product-type-simple"},"acf":[],"_links":{"self":[{"href":"https:\/\/apmprint.com\/de\/wp-json\/wp\/v2\/product\/1835","targetHints":{"allow":["GET"]}}],"collection":[{"href":"https:\/\/apmprint.com\/de\/wp-json\/wp\/v2\/product"}],"about":[{"href":"https:\/\/apmprint.com\/de\/wp-json\/wp\/v2\/types\/product"}],"wp:featuredmedia":[{"embeddable":true,"href":"https:\/\/apmprint.com\/de\/wp-json\/wp\/v2\/media\/1840"}],"wp:attachment":[{"href":"https:\/\/apmprint.com\/de\/wp-json\/wp\/v2\/media?parent=1835"}],"wp:term":[{"taxonomy":"product_brand","embeddable":true,"href":"https:\/\/apmprint.com\/de\/wp-json\/wp\/v2\/product_brand?post=1835"},{"taxonomy":"product_cat","embeddable":true,"href":"https:\/\/apmprint.com\/de\/wp-json\/wp\/v2\/product_cat?post=1835"},{"taxonomy":"product_tag","embeddable":true,"href":"https:\/\/apmprint.com\/de\/wp-json\/wp\/v2\/product_tag?post=1835"}],"curies":[{"name":"wp","href":"https:\/\/api.w.org\/{rel}","templated":true}]}}