{"id":1847,"date":"2023-12-21T09:52:01","date_gmt":"2023-12-21T09:52:01","guid":{"rendered":"https:\/\/apmprint.com\/?post_type=product&#038;p=1847"},"modified":"2023-12-21T09:54:29","modified_gmt":"2023-12-21T09:54:29","slug":"s107-automatic-screen-printing-machine","status":"publish","type":"product","link":"https:\/\/apmprint.com\/de\/produkt\/s107-automatic-screen-printing-machine\/","title":{"rendered":"S107 Automatische Siebdruckmaschine"},"content":{"rendered":"<p><strong>Anmeldung<\/strong><strong>:<\/strong><\/p>\n<p>Der S107 ist f\u00fcr den Siebdruck von zylindrischen Kappen, Lippenstiften oder Stifth\u00fcllen konzipiert.<\/p>\n<p>Er ist in der Lage, mehrfarbig zu drucken, ohne dass es einen Farbregisterpunkt gibt.<\/p>\n<p>&nbsp;<\/p>\n<p><strong>Technische Daten:<\/strong><\/p>\n<table>\n<tbody>\n<tr>\n<td width=\"284\">Max. Geschwindigkeit<\/td>\n<td width=\"284\">3000St\u00fcck\/h<\/td>\n<\/tr>\n<tr>\n<td width=\"284\">Kappendurchmesser<\/td>\n<td width=\"284\">\u03a615-34mm<\/td>\n<\/tr>\n<tr>\n<td width=\"284\">L\u00e4nge der Kappe<\/td>\n<td width=\"284\">25-60mm<\/td>\n<\/tr>\n<tr>\n<td width=\"284\">Durchmesser der Flasche<\/td>\n<td width=\"284\">\u03a620-65 mm<\/td>\n<\/tr>\n<tr>\n<td width=\"284\">H\u00f6he der Flasche<\/td>\n<td width=\"284\">25-150 mm<\/td>\n<\/tr>\n<\/tbody>\n<\/table>\n<p>&nbsp;<\/p>\n<p><strong>Bemerkung:<\/strong><\/p>\n<p>Der Siebdruckkopf kann in einen Hei\u00dfpr\u00e4gekopf umgewandelt werden, um eine Hei\u00dfpr\u00e4gemaschine oder eine Sieb- und Hei\u00dfpr\u00e4gemaschine zu sein.<\/p>\n<p>S107 Siebdrucker<\/p>\n<p>H107 Hei\u00dfpr\u00e4gemaschine<\/p>\n<p>SH107 Sieb- und Hei\u00dfpr\u00e4gemaschine<\/p>\n<p>&nbsp;<\/p>\n<p><strong>Muster:<\/strong><\/p>\n<p><img loading=\"lazy\" decoding=\"async\" class=\"size-full wp-image-1848\" src=\"http:\/\/apmprint.com\/wp-content\/uploads\/2023\/12\/s-30.jpg\" alt=\"s107 automatic screen printing machine\" width=\"800\" height=\"253\" srcset=\"https:\/\/apmprint.com\/wp-content\/uploads\/2023\/12\/s-30.jpg 800w, https:\/\/apmprint.com\/wp-content\/uploads\/2023\/12\/s-30-300x95.jpg 300w, https:\/\/apmprint.com\/wp-content\/uploads\/2023\/12\/s-30-768x243.jpg 768w, https:\/\/apmprint.com\/wp-content\/uploads\/2023\/12\/s-30-18x6.jpg 18w, https:\/\/apmprint.com\/wp-content\/uploads\/2023\/12\/s-30-600x190.jpg 600w\" sizes=\"auto, (max-width: 800px) 100vw, 800px\" \/><\/p>","protected":false},"excerpt":{"rendered":"<p>Beschreibung:<br \/>\n1. automatisches Ladeband<br \/>\n2. automatische Flammenbehandlung<br \/>\n3. die Ketten\u00fcbertragung<br \/>\n4. kein Produkt keine Druckfunktion<br \/>\n5. LED-UV-Aush\u00e4rtungssystem mit l\u00e4ngerer Lebensdauer und Energieeinsparung, elektrisches UV-System optional.<br \/>\n6. zuverl\u00e4ssige PLC-Steuerung mit Touchscreen-Display<br \/>\n7. automatische Entladung.<br \/>\n8. die Sicherheit Betrieb mit CE-Standard.<\/p>","protected":false},"featured_media":1849,"template":"","meta":{"_acf_changed":false,"_seopress_robots_primary_cat":"none","_seopress_titles_title":"","_seopress_titles_desc":"","_seopress_robots_index":""},"product_brand":[],"product_cat":[31],"product_tag":[75,78],"class_list":{"0":"post-1847","1":"product","2":"type-product","3":"status-publish","4":"has-post-thumbnail","6":"product_cat-auto-screen-printer","7":"product_tag-automatic","8":"product_tag-screen-printer","10":"first","11":"instock","12":"shipping-taxable","13":"product-type-simple"},"acf":[],"_links":{"self":[{"href":"https:\/\/apmprint.com\/de\/wp-json\/wp\/v2\/product\/1847","targetHints":{"allow":["GET"]}}],"collection":[{"href":"https:\/\/apmprint.com\/de\/wp-json\/wp\/v2\/product"}],"about":[{"href":"https:\/\/apmprint.com\/de\/wp-json\/wp\/v2\/types\/product"}],"wp:featuredmedia":[{"embeddable":true,"href":"https:\/\/apmprint.com\/de\/wp-json\/wp\/v2\/media\/1849"}],"wp:attachment":[{"href":"https:\/\/apmprint.com\/de\/wp-json\/wp\/v2\/media?parent=1847"}],"wp:term":[{"taxonomy":"product_brand","embeddable":true,"href":"https:\/\/apmprint.com\/de\/wp-json\/wp\/v2\/product_brand?post=1847"},{"taxonomy":"product_cat","embeddable":true,"href":"https:\/\/apmprint.com\/de\/wp-json\/wp\/v2\/product_cat?post=1847"},{"taxonomy":"product_tag","embeddable":true,"href":"https:\/\/apmprint.com\/de\/wp-json\/wp\/v2\/product_tag?post=1847"}],"curies":[{"name":"wp","href":"https:\/\/api.w.org\/{rel}","templated":true}]}}