{"id":1852,"date":"2023-12-21T10:00:16","date_gmt":"2023-12-21T10:00:16","guid":{"rendered":"https:\/\/apmprint.com\/?post_type=product&#038;p=1852"},"modified":"2023-12-21T10:01:34","modified_gmt":"2023-12-21T10:01:34","slug":"auto-screen-printer-apm-s350","status":"publish","type":"product","link":"https:\/\/apmprint.com\/de\/produkt\/auto-screen-printer-apm-s350\/","title":{"rendered":"Automatischer Siebdrucker APM-S350"},"content":{"rendered":"<p><strong>Anwendung:<\/strong><\/p>\n<p>Automatische mehrfarbige Siebdrucklinie f\u00fcr runde Eimer<\/p>\n<p>&nbsp;<\/p>\n<p><strong>Allgemeine Beschreibung:<\/strong><\/p>\n<p>1. automatische mehrfarbige Siebdrucklinie f\u00fcr runde Eimer.<\/p>\n<p>2. automatisches Ladesystem mit Band<\/p>\n<p>3. automatische Flammenbehandlung mit Abgas- und W\u00e4rmeableitung<\/p>\n<p>4. vollst\u00e4ndig mechanisches \u00dcbertragungssystem. Es geht \u00fcber die Flaschen schnell und glatt.<\/p>\n<p>5. automatisches UV-H\u00e4rtungssystem mit hohem Wirkungsgrad<\/p>\n<p>6. zuverl\u00e4ssige PLC-Steuerung mit Touchscreen-Display<\/p>\n<p>7. automatische Entladung<\/p>\n<p>&nbsp;<\/p>\n<p>Maximaler Produktdurchmesser: 320 mm<\/p>\n<p>Maximale Produkth\u00f6he: 380 mm<\/p>\n<p>Druckgeschwindigkeit: 500-1200 St\u00fcck\/Std.<\/p>\n<p><strong>Technische Daten<\/strong><\/p>\n<table>\n<tbody>\n<tr>\n<td colspan=\"2\" width=\"100.0000%\">S350<\/td>\n<\/tr>\n<tr>\n<td width=\"52.6400%\">Maximaler Produktdurchmesser<\/td>\n<td width=\"47.3400%\">320mm<\/td>\n<\/tr>\n<tr>\n<td width=\"52.6400%\">Maximale Produkth\u00f6he:<\/td>\n<td width=\"47.3400%\">380mm<\/td>\n<\/tr>\n<tr>\n<td width=\"52.6400%\">Druckgeschwindigkeit<\/td>\n<td width=\"47.3400%\">500-1200 St\u00fcck\/Stunde<\/td>\n<\/tr>\n<\/tbody>\n<\/table>\n<p>&nbsp;<\/p>\n<p>&nbsp;<\/p>\n<p><strong>Muster:<\/strong><\/p>\n<p><img loading=\"lazy\" decoding=\"async\" class=\"size-full wp-image-1848\" src=\"http:\/\/apmprint.com\/wp-content\/uploads\/2023\/12\/s-30.jpg\" alt=\"s107 automatic screen printing machine\" width=\"800\" height=\"253\" srcset=\"https:\/\/apmprint.com\/wp-content\/uploads\/2023\/12\/s-30.jpg 800w, https:\/\/apmprint.com\/wp-content\/uploads\/2023\/12\/s-30-300x95.jpg 300w, https:\/\/apmprint.com\/wp-content\/uploads\/2023\/12\/s-30-768x243.jpg 768w, https:\/\/apmprint.com\/wp-content\/uploads\/2023\/12\/s-30-18x6.jpg 18w, https:\/\/apmprint.com\/wp-content\/uploads\/2023\/12\/s-30-600x190.jpg 600w\" sizes=\"auto, (max-width: 800px) 100vw, 800px\" \/><\/p>","protected":false},"excerpt":{"rendered":"<p>Application: Automatic multi-color screen printing line for round bucket &nbsp; General Description: 1.Automatic multi-color screen printing line for round bucket. 2.Automatic loading system with belt 3.Auto flame treatment equipped with exhaust gas and heat discharger 4.Fully mechanical transmission system. It passes over the bottles fast and smooth. 5.Auto high efficiency UV curing system 6.Reliable PLC [&hellip;]<\/p>","protected":false},"featured_media":1853,"template":"","meta":{"_acf_changed":false,"_seopress_robots_primary_cat":"none","_seopress_titles_title":"","_seopress_titles_desc":"","_seopress_robots_index":""},"product_brand":[],"product_cat":[31],"product_tag":[75,78],"class_list":{"0":"post-1852","1":"product","2":"type-product","3":"status-publish","4":"has-post-thumbnail","6":"product_cat-auto-screen-printer","7":"product_tag-automatic","8":"product_tag-screen-printer","10":"first","11":"instock","12":"shipping-taxable","13":"product-type-simple"},"acf":[],"_links":{"self":[{"href":"https:\/\/apmprint.com\/de\/wp-json\/wp\/v2\/product\/1852","targetHints":{"allow":["GET"]}}],"collection":[{"href":"https:\/\/apmprint.com\/de\/wp-json\/wp\/v2\/product"}],"about":[{"href":"https:\/\/apmprint.com\/de\/wp-json\/wp\/v2\/types\/product"}],"wp:featuredmedia":[{"embeddable":true,"href":"https:\/\/apmprint.com\/de\/wp-json\/wp\/v2\/media\/1853"}],"wp:attachment":[{"href":"https:\/\/apmprint.com\/de\/wp-json\/wp\/v2\/media?parent=1852"}],"wp:term":[{"taxonomy":"product_brand","embeddable":true,"href":"https:\/\/apmprint.com\/de\/wp-json\/wp\/v2\/product_brand?post=1852"},{"taxonomy":"product_cat","embeddable":true,"href":"https:\/\/apmprint.com\/de\/wp-json\/wp\/v2\/product_cat?post=1852"},{"taxonomy":"product_tag","embeddable":true,"href":"https:\/\/apmprint.com\/de\/wp-json\/wp\/v2\/product_tag?post=1852"}],"curies":[{"name":"wp","href":"https:\/\/api.w.org\/{rel}","templated":true}]}}