{"id":1854,"date":"2023-12-21T10:05:09","date_gmt":"2023-12-21T10:05:09","guid":{"rendered":"https:\/\/apmprint.com\/?post_type=product&#038;p=1854"},"modified":"2023-12-27T06:28:19","modified_gmt":"2023-12-27T06:28:19","slug":"ss106-2-color-automatic-printing-machine","status":"publish","type":"product","link":"https:\/\/apmprint.com\/de\/produkt\/ss106-2-color-automatic-printing-machine\/","title":{"rendered":"2-6 Farben Rotations-Servo-Siebdrucker aus Kunststoff mit UV-Trocknung SS106"},"content":{"rendered":"<p>Das Produkt wird mit Technologien hergestellt, von denen wir einige selbst entwickelt haben, w\u00e4hrend andere von anderen ber\u00fchmten Marken \u00fcbernommen wurden. Siebdruck + Hei\u00dfpr\u00e4gung Im Prozess der kontinuierlichen unternehmerischen Innovation, h\u00e4lt sich Shenzhen Hejia Automatic Printing Machine Co., Ltd. immer an die Gesch\u00e4ftsphilosophie \"Qualit\u00e4t kommt zuerst\". Wir werden die Chancen der Zeit ergreifen und immer mit den Trends der Branche Schritt halten. Wir glauben, dass wir eines Tages zu den f\u00fchrenden Unternehmen auf dem Weltmarkt geh\u00f6ren werden.<\/p>\n<div class=\"rich-text-table\">\n<table>\n<tbody>\n<tr class=\"firstRow\">\n<td>Platte Typ:<\/td>\n<td>Siebdrucker<\/td>\n<td>Anwendbare Branchen:<\/td>\n<td>Produktionsst\u00e4tte, Druckereien<\/td>\n<\/tr>\n<tr>\n<td>Zustand:<\/td>\n<td>Neu<\/td>\n<td>Herkunftsort:<\/td>\n<td>Guangdong, China<\/td>\n<\/tr>\n<tr>\n<td>Markenname:<\/td>\n<td>APM<\/td>\n<td>Verwendung:<\/td>\n<td>Flaschendrucker<\/td>\n<\/tr>\n<tr>\n<td>Automatischer Grad:<\/td>\n<td>Automatisch<\/td>\n<td>Farbe und Seite:<\/td>\n<td>Multicolor<\/td>\n<\/tr>\n<tr>\n<td>Spannung:<\/td>\n<td>380V, 50\/60Hz<\/td>\n<td>Abmessungen (L*B*H):<\/td>\n<td>2*2*2.2m<\/td>\n<\/tr>\n<tr>\n<td>Gewicht:<\/td>\n<td>5500 KG<\/td>\n<td>Zertifizierung:<\/td>\n<td>CE-Zertifikat<\/td>\n<\/tr>\n<tr>\n<td>Garantie:<\/td>\n<td>1 Jahr<\/td>\n<td>Service nach dem Verkauf:<\/td>\n<td>Online-Unterst\u00fctzung, technische Videounterst\u00fctzung<\/td>\n<\/tr>\n<tr>\n<td>Wichtigste Verkaufsargumente:<\/td>\n<td>alle servogetriebenen Mehrfarbendrucke<\/td>\n<td>Maschinen-Testbericht:<\/td>\n<td>Zur Verf\u00fcgung gestellt<\/td>\n<\/tr>\n<tr>\n<td>Video-Ausgangsinspektion:<\/td>\n<td>Zur Verf\u00fcgung gestellt<\/td>\n<td>Garantie f\u00fcr Kernkomponenten:<\/td>\n<td>1 Jahr<\/td>\n<\/tr>\n<tr>\n<td>Kernkomponenten:<\/td>\n<td>Motor, PLC<\/td>\n<td>Name des Produkts:<\/td>\n<td>Automatischer Servo-Siebdrucker SS106<\/td>\n<\/tr>\n<tr>\n<td>Maximaler Druckdurchmesser:<\/td>\n<td>40mm<\/td>\n<td>Maximale Druckl\u00e4nge:<\/td>\n<td>120mm<\/td>\n<\/tr>\n<tr>\n<td>Maximale Druckgeschwindigkeit:<\/td>\n<td>30~45 St\u00fcck\/Min.<\/td>\n<td>UV-Leistung:<\/td>\n<td>3000 Watt<\/td>\n<\/tr>\n<tr>\n<td>Service nach der Garantie:<\/td>\n<td>Technische Unterst\u00fctzung per Video<\/td>\n<td>Lokaler Service Standort:<\/td>\n<td>Vereinigte Staaten<\/td>\n<\/tr>\n<\/tbody>\n<\/table>\n<\/div>\n<p><img loading=\"lazy\" decoding=\"async\" class=\"size-full wp-image-1856\" src=\"http:\/\/apmprint.com\/wp-content\/uploads\/2023\/12\/xx-1.jpg\" alt=\"ss106 2 color automatic printing machine\" width=\"800\" height=\"352\" srcset=\"https:\/\/apmprint.com\/wp-content\/uploads\/2023\/12\/xx-1.jpg 800w, https:\/\/apmprint.com\/wp-content\/uploads\/2023\/12\/xx-1-300x132.jpg 300w, https:\/\/apmprint.com\/wp-content\/uploads\/2023\/12\/xx-1-768x338.jpg 768w, https:\/\/apmprint.com\/wp-content\/uploads\/2023\/12\/xx-1-18x8.jpg 18w, https:\/\/apmprint.com\/wp-content\/uploads\/2023\/12\/xx-1-600x264.jpg 600w\" sizes=\"auto, (max-width: 800px) 100vw, 800px\" \/><\/p>\n<p><strong>Technische Daten:<\/strong><\/p>\n<table border=\"1\">\n<tbody>\n<tr class=\"firstRow\">\n<td>Maximaler Druckdurchmesser<br \/>\n(Maschine mit gr\u00f6\u00dferem Durchmesser gegen Aufpreis erh\u00e4ltlich)<\/td>\n<td>40mm<\/td>\n<\/tr>\n<tr>\n<td>Maximale Druckl\u00e4nge<\/td>\n<td>120mm<\/td>\n<\/tr>\n<tr>\n<td>Maximale Druckgeschwindigkeit<\/td>\n<td>30-45 St\u00fcck\/Min.<\/td>\n<\/tr>\n<tr>\n<td>UV-Leistung<\/td>\n<td>3000Watt<\/td>\n<\/tr>\n<\/tbody>\n<\/table>\n<p><strong>Beschreibung:<\/strong><\/p>\n<p>Automatisches Ladeband<\/p>\n<p>Automatische Flammenbehandlung<\/p>\n<p><img loading=\"lazy\" decoding=\"async\" class=\"size-full wp-image-1858\" src=\"http:\/\/apmprint.com\/wp-content\/uploads\/2023\/12\/xxxxx.jpg\" alt=\"ss106 2 color automatic printing machine\" width=\"800\" height=\"533\" srcset=\"https:\/\/apmprint.com\/wp-content\/uploads\/2023\/12\/xxxxx.jpg 800w, https:\/\/apmprint.com\/wp-content\/uploads\/2023\/12\/xxxxx-300x200.jpg 300w, https:\/\/apmprint.com\/wp-content\/uploads\/2023\/12\/xxxxx-768x512.jpg 768w, https:\/\/apmprint.com\/wp-content\/uploads\/2023\/12\/xxxxx-18x12.jpg 18w, https:\/\/apmprint.com\/wp-content\/uploads\/2023\/12\/xxxxx-600x400.jpg 600w\" sizes=\"auto, (max-width: 800px) 100vw, 800px\" \/><\/p>\n<p>Automatische Registrierung zum Drucken von Produkten au\u00dferhalb der Formlinie<\/p>\n<p>2-Farben-Siebdruck in 1 Prozess<\/p>\n<p>Alle servogesteuerten Siebdrucker\/Hei\u00dfpr\u00e4ger mit h\u00f6chster Genauigkeit:<\/p>\n<p>*Maschenrahmen mit Servomotorantrieb<\/p>\n<p>*Alle Vorrichtungen sind mit Servomotoren f\u00fcr die Rotation ausgestattet (keine Zahnr\u00e4der erforderlich, einfacher und schneller Produktwechsel)<\/p>\n<p>Automatische UV-Trocknung oder LED-Trocknung<\/p>\n<p><img loading=\"lazy\" decoding=\"async\" class=\"size-full wp-image-1859\" src=\"http:\/\/apmprint.com\/wp-content\/uploads\/2023\/12\/xxx.jpg\" alt=\"ss106 2 color automatic printing machine\" width=\"800\" height=\"274\" srcset=\"https:\/\/apmprint.com\/wp-content\/uploads\/2023\/12\/xxx.jpg 800w, https:\/\/apmprint.com\/wp-content\/uploads\/2023\/12\/xxx-300x103.jpg 300w, https:\/\/apmprint.com\/wp-content\/uploads\/2023\/12\/xxx-768x263.jpg 768w, https:\/\/apmprint.com\/wp-content\/uploads\/2023\/12\/xxx-18x6.jpg 18w, https:\/\/apmprint.com\/wp-content\/uploads\/2023\/12\/xxx-600x206.jpg 600w\" sizes=\"auto, (max-width: 800px) 100vw, 800px\" \/><\/p>\n<p>Keine Produkte, keine Druckfunktion<\/p>\n<p>Indexer mit hoher Genauigkeit<\/p>\n<p>Automatisches Entladeband<\/p>\n<p>Gut gebautes Maschinenhaus mit CE-Standard-Sicherheitskonzept<\/p>\n<p>PLC-Steuerung mit Touchscreen-Display<\/p>\n<p>&nbsp;<\/p>\n<p><strong>Muster:<\/strong><\/p>\n<p><img loading=\"lazy\" decoding=\"async\" class=\"size-full wp-image-1860\" src=\"http:\/\/apmprint.com\/wp-content\/uploads\/2023\/12\/s-31.jpg\" alt=\"ss106 2 color automatic printing machine\" width=\"800\" height=\"800\" srcset=\"https:\/\/apmprint.com\/wp-content\/uploads\/2023\/12\/s-31.jpg 800w, https:\/\/apmprint.com\/wp-content\/uploads\/2023\/12\/s-31-300x300.jpg 300w, https:\/\/apmprint.com\/wp-content\/uploads\/2023\/12\/s-31-150x150.jpg 150w, https:\/\/apmprint.com\/wp-content\/uploads\/2023\/12\/s-31-768x768.jpg 768w, https:\/\/apmprint.com\/wp-content\/uploads\/2023\/12\/s-31-12x12.jpg 12w, https:\/\/apmprint.com\/wp-content\/uploads\/2023\/12\/s-31-600x600.jpg 600w, https:\/\/apmprint.com\/wp-content\/uploads\/2023\/12\/s-31-100x100.jpg 100w\" sizes=\"auto, (max-width: 800px) 100vw, 800px\" \/><\/p>\n<p><img loading=\"lazy\" decoding=\"async\" class=\"size-full wp-image-1967\" src=\"http:\/\/apmprint.com\/wp-content\/uploads\/2023\/12\/\u4ecb\u7ecd1.jpg\" alt=\"ss106 2 color automatic printing machine\" width=\"750\" height=\"1500\" srcset=\"https:\/\/apmprint.com\/wp-content\/uploads\/2023\/12\/\u4ecb\u7ecd1.jpg 750w, https:\/\/apmprint.com\/wp-content\/uploads\/2023\/12\/\u4ecb\u7ecd1-150x300.jpg 150w, https:\/\/apmprint.com\/wp-content\/uploads\/2023\/12\/\u4ecb\u7ecd1-512x1024.jpg 512w, https:\/\/apmprint.com\/wp-content\/uploads\/2023\/12\/\u4ecb\u7ecd1-6x12.jpg 6w, https:\/\/apmprint.com\/wp-content\/uploads\/2023\/12\/\u4ecb\u7ecd1-600x1200.jpg 600w\" sizes=\"auto, (max-width: 750px) 100vw, 750px\" \/><\/p>\n<p><img loading=\"lazy\" decoding=\"async\" class=\"size-full wp-image-1968\" src=\"http:\/\/apmprint.com\/wp-content\/uploads\/2023\/12\/\u4ecb\u7ecd2.jpg\" alt=\"ss106 2 color automatic printing machine\" width=\"750\" height=\"1020\" srcset=\"https:\/\/apmprint.com\/wp-content\/uploads\/2023\/12\/\u4ecb\u7ecd2.jpg 750w, https:\/\/apmprint.com\/wp-content\/uploads\/2023\/12\/\u4ecb\u7ecd2-221x300.jpg 221w, https:\/\/apmprint.com\/wp-content\/uploads\/2023\/12\/\u4ecb\u7ecd2-9x12.jpg 9w, https:\/\/apmprint.com\/wp-content\/uploads\/2023\/12\/\u4ecb\u7ecd2-600x816.jpg 600w\" sizes=\"auto, (max-width: 750px) 100vw, 750px\" \/><\/p>\n<p><img loading=\"lazy\" decoding=\"async\" class=\"size-full wp-image-1969\" src=\"http:\/\/apmprint.com\/wp-content\/uploads\/2023\/12\/\u4ecb\u7ecd3.jpg\" alt=\"ss106 2 color automatic printing machine\" width=\"750\" height=\"1072\" srcset=\"https:\/\/apmprint.com\/wp-content\/uploads\/2023\/12\/\u4ecb\u7ecd3.jpg 750w, https:\/\/apmprint.com\/wp-content\/uploads\/2023\/12\/\u4ecb\u7ecd3-210x300.jpg 210w, https:\/\/apmprint.com\/wp-content\/uploads\/2023\/12\/\u4ecb\u7ecd3-716x1024.jpg 716w, https:\/\/apmprint.com\/wp-content\/uploads\/2023\/12\/\u4ecb\u7ecd3-8x12.jpg 8w, https:\/\/apmprint.com\/wp-content\/uploads\/2023\/12\/\u4ecb\u7ecd3-600x858.jpg 600w\" sizes=\"auto, (max-width: 750px) 100vw, 750px\" \/><\/p>","protected":false},"excerpt":{"rendered":"<p>F\u00fcr die Entwicklung und Herstellung der automatischen Servo-Dreifarben-Siebdruck- und Einfarben-Hei\u00dfpr\u00e4gemaschine f\u00fcr Flaschen SS106 wurden modernste Technologien eingesetzt. APM PRINT wurde mehrfach getestet und ist in der Lage, seine beste Wirkung im Bereich der Siebdrucker zu entfalten.<\/p>\n<p><strong><b>Modellnummer<\/b><\/strong>: SS106<\/p>\n<p><strong><b>Versand<\/b><\/strong>: Express-Seefracht \/ Landfracht \/ Luftfracht<\/p>\n<p><strong><b>Personalisierung<\/b><\/strong>: Kundenspezifisches Logo (Mindestbestellmenge: 5 Sets) , Kundenspezifische Verpackung (Mindestbestellmenge: 5 Sets) , Grafikanpassung (Mindestbestellmenge: 5 Sets)<\/p>","protected":false},"featured_media":1781,"template":"","meta":{"_acf_changed":false,"_seopress_robots_primary_cat":"none","_seopress_titles_title":"","_seopress_titles_desc":"","_seopress_robots_index":""},"product_brand":[],"product_cat":[31],"product_tag":[75,55,56,84,57,78],"class_list":{"0":"post-1854","1":"product","2":"type-product","3":"status-publish","4":"has-post-thumbnail","6":"product_cat-auto-screen-printer","7":"product_tag-automatic","8":"product_tag-cups","9":"product_tag-glass-bottles","10":"product_tag-jar","11":"product_tag-plastic-bottles","12":"product_tag-screen-printer","14":"first","15":"instock","16":"shipping-taxable","17":"product-type-simple"},"acf":[],"_links":{"self":[{"href":"https:\/\/apmprint.com\/de\/wp-json\/wp\/v2\/product\/1854","targetHints":{"allow":["GET"]}}],"collection":[{"href":"https:\/\/apmprint.com\/de\/wp-json\/wp\/v2\/product"}],"about":[{"href":"https:\/\/apmprint.com\/de\/wp-json\/wp\/v2\/types\/product"}],"wp:featuredmedia":[{"embeddable":true,"href":"https:\/\/apmprint.com\/de\/wp-json\/wp\/v2\/media\/1781"}],"wp:attachment":[{"href":"https:\/\/apmprint.com\/de\/wp-json\/wp\/v2\/media?parent=1854"}],"wp:term":[{"taxonomy":"product_brand","embeddable":true,"href":"https:\/\/apmprint.com\/de\/wp-json\/wp\/v2\/product_brand?post=1854"},{"taxonomy":"product_cat","embeddable":true,"href":"https:\/\/apmprint.com\/de\/wp-json\/wp\/v2\/product_cat?post=1854"},{"taxonomy":"product_tag","embeddable":true,"href":"https:\/\/apmprint.com\/de\/wp-json\/wp\/v2\/product_tag?post=1854"}],"curies":[{"name":"wp","href":"https:\/\/api.w.org\/{rel}","templated":true}]}}