{"id":1874,"date":"2023-12-22T01:33:17","date_gmt":"2023-12-22T01:33:17","guid":{"rendered":"https:\/\/apmprint.com\/?post_type=product&#038;p=1874"},"modified":"2023-12-22T01:35:32","modified_gmt":"2023-12-22T01:35:32","slug":"s300fr-flat-round-screen-printer","status":"publish","type":"product","link":"https:\/\/apmprint.com\/de\/produkt\/s300fr-flat-round-screen-printer\/","title":{"rendered":"S300FR Flach-\/Rundsiebdrucker"},"content":{"rendered":"<p>Allgemeine Beschreibung:<br \/>\n1. Einfache Bedienung und programmierbares Panel<br \/>\n2. XYR-Arbeitstisch einstellbar<br \/>\n3. T-Nut, flach mit Vakuum, runde und ovale Funktionen verf\u00fcgbar und einfache Umwandlung.<br \/>\n4. Druck Hub und Geschwindigkeit einstellbar.<br \/>\n5. Einfache Einstellung der Halterung f\u00fcr konischen Druck<br \/>\n6. CE-Norm-Maschinen<\/p>\n<p>&nbsp;<\/p>\n<p><strong>Technische Daten<\/strong><\/p>\n<table>\n<tbody>\n<tr>\n<td width=\"34.7000%\">Parameter \\ Gegenstand<\/td>\n<td width=\"15.7400%\">\u00a0\u00a0S300<\/td>\n<td width=\"15.7400%\">S400<\/td>\n<td width=\"15.7400%\">S650<\/td>\n<td width=\"18.1000%\">S1000<\/td>\n<\/tr>\n<tr>\n<td width=\"34.7000%\">Max. Maschenweite (mm)<\/td>\n<td width=\"15.7400%\">400*550<\/td>\n<td width=\"15.7400%\">500*660<\/td>\n<td width=\"15.7400%\">600*960<\/td>\n<td width=\"18.1000%\">700*1360<\/td>\n<\/tr>\n<tr>\n<td width=\"34.7000%\">Max. Druckfl\u00e4che (Breite*L\u00e4nge\/Bogen)<\/td>\n<td width=\"15.7400%\">\u00d8 90<\/p>\n<p>280\u00d7250mm<\/td>\n<td width=\"15.7400%\">\u00d8 120<\/p>\n<p>380\u00d7300mm<\/td>\n<td width=\"15.7400%\">\u00d8 200<\/p>\n<p>630\u00d7400mm<\/td>\n<td width=\"18.1000%\">\u00d8 310<\/p>\n<p>980\u00d7500 mm<\/td>\n<\/tr>\n<tr>\n<td width=\"34.7000%\">Max. Substratdurchmesser (mm)<\/td>\n<td width=\"15.7400%\">200<\/td>\n<td width=\"15.7400%\">200<\/td>\n<td width=\"15.7400%\">300<\/td>\n<td width=\"18.1000%\">400<\/td>\n<\/tr>\n<tr>\n<td width=\"34.7000%\">Druckgeschwindigkeit: St\u00fcck\/Stunde<\/td>\n<td width=\"15.7400%\">1100<\/td>\n<td width=\"15.7400%\">1000<\/td>\n<td width=\"15.7400%\">600<\/td>\n<td width=\"18.1000%\">400<\/td>\n<\/tr>\n<tr>\n<td width=\"34.7000%\">Strom<\/td>\n<td colspan=\"4\" width=\"65.3000%\">110\/220V 50\/60HZ 40W<\/td>\n<\/tr>\n<\/tbody>\n<\/table>\n<p>&nbsp;<\/p>\n<p><strong>Muster:<\/strong><\/p>\n<p><img loading=\"lazy\" decoding=\"async\" class=\"size-full wp-image-1867\" src=\"http:\/\/apmprint.com\/wp-content\/uploads\/2023\/12\/s-32.jpg\" alt=\"s250\/350\/650\/1000 semi auto screen printer\" width=\"800\" height=\"456\" srcset=\"https:\/\/apmprint.com\/wp-content\/uploads\/2023\/12\/s-32.jpg 800w, https:\/\/apmprint.com\/wp-content\/uploads\/2023\/12\/s-32-300x171.jpg 300w, https:\/\/apmprint.com\/wp-content\/uploads\/2023\/12\/s-32-768x438.jpg 768w, https:\/\/apmprint.com\/wp-content\/uploads\/2023\/12\/s-32-18x10.jpg 18w, https:\/\/apmprint.com\/wp-content\/uploads\/2023\/12\/s-32-600x342.jpg 600w\" sizes=\"auto, (max-width: 800px) 100vw, 800px\" \/><\/p>\n<p>&nbsp;<\/p>","protected":false},"excerpt":{"rendered":"<p>General Description: 1. Easy operation and programmable panel 2.\u00a0XYR\u00a0worktable\u00a0adjustable 3.\u00a0T-slot,\u00a0flat\u00a0with\u00a0vacuum,\u00a0round\u00a0and\u00a0oval\u00a0functions available and easy conversion. 4.\u00a0Printing\u00a0stroke\u00a0and\u00a0speed\u00a0adjustable. 5. Easy fixture adjustment for conical printing 6. CE standard machines &nbsp; Tech-data Parameter \\ Item \u00a0\u00a0S300 S400 S650 S1000 Max.mesh\u00a0frame\u00a0size(mm) 400*550 500*660 600*960 700*1360 Max.printing\u00a0area(width*length\/arc) \u00d8 90 280\u00d7250mm \u00d8 120 380\u00d7300mm \u00d8 200 630\u00d7400mm \u00d8 310 980\u00d7500 mm Max.substrate\u00a0diameter(mm) [&hellip;]<\/p>","protected":false},"featured_media":1875,"template":"","meta":{"_acf_changed":false,"_seopress_robots_primary_cat":"none","_seopress_titles_title":"","_seopress_titles_desc":"","_seopress_robots_index":""},"product_brand":[],"product_cat":[38],"product_tag":[78,70],"class_list":{"0":"post-1874","1":"product","2":"type-product","3":"status-publish","4":"has-post-thumbnail","6":"product_cat-semi-auto-screen-printer","7":"product_tag-screen-printer","8":"product_tag-semi-auto","10":"first","11":"instock","12":"shipping-taxable","13":"product-type-simple"},"acf":[],"_links":{"self":[{"href":"https:\/\/apmprint.com\/de\/wp-json\/wp\/v2\/product\/1874","targetHints":{"allow":["GET"]}}],"collection":[{"href":"https:\/\/apmprint.com\/de\/wp-json\/wp\/v2\/product"}],"about":[{"href":"https:\/\/apmprint.com\/de\/wp-json\/wp\/v2\/types\/product"}],"wp:featuredmedia":[{"embeddable":true,"href":"https:\/\/apmprint.com\/de\/wp-json\/wp\/v2\/media\/1875"}],"wp:attachment":[{"href":"https:\/\/apmprint.com\/de\/wp-json\/wp\/v2\/media?parent=1874"}],"wp:term":[{"taxonomy":"product_brand","embeddable":true,"href":"https:\/\/apmprint.com\/de\/wp-json\/wp\/v2\/product_brand?post=1874"},{"taxonomy":"product_cat","embeddable":true,"href":"https:\/\/apmprint.com\/de\/wp-json\/wp\/v2\/product_cat?post=1874"},{"taxonomy":"product_tag","embeddable":true,"href":"https:\/\/apmprint.com\/de\/wp-json\/wp\/v2\/product_tag?post=1874"}],"curies":[{"name":"wp","href":"https:\/\/api.w.org\/{rel}","templated":true}]}}