{"id":1885,"date":"2023-12-22T02:24:18","date_gmt":"2023-12-22T02:24:18","guid":{"rendered":"https:\/\/apmprint.com\/?post_type=product&#038;p=1885"},"modified":"2023-12-22T02:27:24","modified_gmt":"2023-12-22T02:27:24","slug":"s1200r-round-screen-printer","status":"publish","type":"product","link":"https:\/\/apmprint.com\/de\/produkt\/s1200r-round-screen-printer\/","title":{"rendered":"S1200R Runder Siebdrucker"},"content":{"rendered":"<p>Allgemeine Beschreibung:<br \/>\n1. SMC pneumatische Teile, gew\u00e4hrleisten einen stabilen Betrieb.<br \/>\n2. LCD-Anzeige f\u00fcr alle Parameter. Einfache Bedienung und programmierbar.<br \/>\n3. X, Y-Richtung und Winkel des Arbeitstisches einstellbar, einfach zu tun, genaue Positionierung und Farbe Registrierung.<br \/>\n4. T-Nut, flach mit Vakuum, runde und ovale Funktionen verf\u00fcgbar und einfache Konvertierung.<br \/>\n5.  Der automatische Rakelausgleich sorgt f\u00fcr gleichm\u00e4\u00dfigen Druck und stabile Druckqualit\u00e4t.<br \/>\n6. Druck Hub und Geschwindigkeit einstellbar, um verschiedene Anforderung des Druckens zu erf\u00fcllen.<br \/>\n7. Einfache Einstellung des Netzrahmens f\u00fcr konischen Druck<br \/>\n7. CE-Norm-Maschinen<\/p>\n<p>&nbsp;<\/p>\n<p><strong>Technische Daten<\/strong><\/p>\n<table>\n<tbody>\n<tr>\n<td width=\"52.1800%\">Parameter \\ Gegenstand<\/td>\n<td width=\"47.8200%\">S1200<\/td>\n<\/tr>\n<tr>\n<td width=\"52.1800%\">Max. Maschenweite (mm)<\/td>\n<td width=\"47.8200%\">700X1500mm<\/td>\n<\/tr>\n<tr>\n<td width=\"52.1800%\">Max. ovale Druckfl\u00e4che<\/td>\n<td width=\"47.8200%\">R170\u00d7400mm<\/td>\n<\/tr>\n<tr>\n<td width=\"52.1800%\">Max. runde Druckfl\u00e4che<\/td>\n<td width=\"47.8200%\">\u00d8380\u00d7400mm<\/td>\n<\/tr>\n<tr>\n<td width=\"52.1800%\">Max. Druckfl\u00e4che<\/td>\n<td width=\"47.8200%\">1200\u00d7400mm<\/td>\n<\/tr>\n<tr>\n<td width=\"52.1800%\">Max. Durchmesser\/H\u00f6he des Substrats (mm)<\/td>\n<td width=\"47.8200%\">400<\/td>\n<\/tr>\n<tr>\n<td width=\"52.1800%\">Abmessungen(mm)\uff08L\u00d7B\u00d7H\uff09<\/td>\n<td width=\"47.8200%\">1870\u00d7850\u00d71665mm<\/td>\n<\/tr>\n<tr>\n<td width=\"52.1800%\">Verpackungsma\u00df (mm) \uff08L\u00d7B\u00d7H\uff09<\/td>\n<td width=\"47.8200%\">1970*950*1815<\/td>\n<\/tr>\n<tr>\n<td width=\"52.1800%\">Gewicht<\/td>\n<td width=\"47.8200%\">400kg<\/td>\n<\/tr>\n<tr>\n<td width=\"52.1800%\">Max. Druckgeschwindigkeit (St\u00fcck\/Std.)<\/td>\n<td width=\"47.8200%\">400 St\u00fcck\/Std.<\/td>\n<\/tr>\n<tr>\n<td width=\"52.1800%\">Strom<\/td>\n<td width=\"47.8200%\">AC110V\/220V 50\/60Hz 50W<\/td>\n<\/tr>\n<tr>\n<td width=\"52.1800%\">Max. konisch<\/td>\n<td width=\"47.8200%\">5\u00b0<\/td>\n<\/tr>\n<\/tbody>\n<\/table>\n<p>&nbsp;<\/p>\n<p><strong><b>\u00a0<\/b><\/strong><\/p>\n<p><strong>Muster:<\/strong><\/p>\n<p><img loading=\"lazy\" decoding=\"async\" class=\"size-full wp-image-1886\" src=\"http:\/\/apmprint.com\/wp-content\/uploads\/2023\/12\/s-33.jpg\" alt=\"s1200r round screen printer\" width=\"800\" height=\"800\" srcset=\"https:\/\/apmprint.com\/wp-content\/uploads\/2023\/12\/s-33.jpg 800w, https:\/\/apmprint.com\/wp-content\/uploads\/2023\/12\/s-33-300x300.jpg 300w, https:\/\/apmprint.com\/wp-content\/uploads\/2023\/12\/s-33-150x150.jpg 150w, https:\/\/apmprint.com\/wp-content\/uploads\/2023\/12\/s-33-768x768.jpg 768w, https:\/\/apmprint.com\/wp-content\/uploads\/2023\/12\/s-33-12x12.jpg 12w, https:\/\/apmprint.com\/wp-content\/uploads\/2023\/12\/s-33-600x600.jpg 600w, https:\/\/apmprint.com\/wp-content\/uploads\/2023\/12\/s-33-100x100.jpg 100w\" sizes=\"auto, (max-width: 800px) 100vw, 800px\" \/><\/p>","protected":false},"excerpt":{"rendered":"<p>General Description: 1.\u00a0SMC\u00a0pneumatic\u00a0parts,\u00a0ensure\u00a0stable\u00a0running. 2.\u00a0LCD panel showing all parameters. Easy operation and programmable. 3.\u00a0X,\u00a0Y\u00a0direction\u00a0and\u00a0angle\u00a0of\u00a0worktable\u00a0adjustable,\u00a0easy\u00a0to\u00a0do\u00a0accurate\u00a0positioning\u00a0and\u00a0color\u00a0registration. 4.\u00a0T-slot,\u00a0flat\u00a0with\u00a0vacuum,\u00a0round\u00a0and\u00a0oval\u00a0functions available and easy convertion. 5.\u00a0 Automatic\u00a0squeegee\u00a0balancing\u00a0ensures\u00a0equal\u00a0printing\u00a0pressure\u00a0and\u00a0stable\u00a0printing\u00a0quality. 6.\u00a0Printing\u00a0stroke\u00a0and\u00a0speed\u00a0adjustable\u00a0to\u00a0meet\u00a0different\u00a0requirement\u00a0of\u00a0printing. 7. Easy mesh frame adjustment for conical printing 7. CE standard machines &nbsp; Tech-data Parameter \\ Item S1200 Max. mesh\u00a0frame\u00a0size(mm) 700X1500mm Max. oval printing\u00a0area R170\u00d7400mm Max. round printing\u00a0area \u00d8380\u00d7400mm Max. printing\u00a0area 1200\u00d7400mm Max. substrate\u00a0diameter\/height(mm) [&hellip;]<\/p>","protected":false},"featured_media":1887,"template":"","meta":{"_acf_changed":false,"_seopress_robots_primary_cat":"none","_seopress_titles_title":"","_seopress_titles_desc":"","_seopress_robots_index":""},"product_brand":[],"product_cat":[38],"product_tag":[78,70],"class_list":{"0":"post-1885","1":"product","2":"type-product","3":"status-publish","4":"has-post-thumbnail","6":"product_cat-semi-auto-screen-printer","7":"product_tag-screen-printer","8":"product_tag-semi-auto","10":"first","11":"instock","12":"shipping-taxable","13":"product-type-simple"},"acf":[],"_links":{"self":[{"href":"https:\/\/apmprint.com\/de\/wp-json\/wp\/v2\/product\/1885","targetHints":{"allow":["GET"]}}],"collection":[{"href":"https:\/\/apmprint.com\/de\/wp-json\/wp\/v2\/product"}],"about":[{"href":"https:\/\/apmprint.com\/de\/wp-json\/wp\/v2\/types\/product"}],"wp:featuredmedia":[{"embeddable":true,"href":"https:\/\/apmprint.com\/de\/wp-json\/wp\/v2\/media\/1887"}],"wp:attachment":[{"href":"https:\/\/apmprint.com\/de\/wp-json\/wp\/v2\/media?parent=1885"}],"wp:term":[{"taxonomy":"product_brand","embeddable":true,"href":"https:\/\/apmprint.com\/de\/wp-json\/wp\/v2\/product_brand?post=1885"},{"taxonomy":"product_cat","embeddable":true,"href":"https:\/\/apmprint.com\/de\/wp-json\/wp\/v2\/product_cat?post=1885"},{"taxonomy":"product_tag","embeddable":true,"href":"https:\/\/apmprint.com\/de\/wp-json\/wp\/v2\/product_tag?post=1885"}],"curies":[{"name":"wp","href":"https:\/\/api.w.org\/{rel}","templated":true}]}}