{"id":579,"date":"2023-09-16T09:17:13","date_gmt":"2023-09-16T08:17:13","guid":{"rendered":"https:\/\/apmprint.com\/?post_type=product&#038;p=579"},"modified":"2023-12-27T06:23:54","modified_gmt":"2023-12-27T06:23:54","slug":"s102","status":"publish","type":"product","link":"https:\/\/apmprint.com\/de\/produkt\/s102\/","title":{"rendered":"5-Farben-Autosiebdrucker in Linie S102"},"content":{"rendered":"<p>Nach langj\u00e4hriger Forschung und harter Arbeit hat Shenzhen Hejia Automatic Printing Machine Co., Ltd. die S102 Automatic 1-8 Color Bottle Screen Printing Machine auf den Markt gebracht, die f\u00fchrend in der Branche ist. Unsere Mitarbeiter sind in der Lage, Werkzeuge und Technologie zu nutzen, um die S102 Automatic 1-8 Color Bottle Screen Printing Machine herzustellen, die einen enormen Anwendungsbereich hat und jetzt weit in den Bereichen der Flaschensiebdrucker verwendet wird. Zur\u00fcckblickend auf die guten alten Zeiten, hat Shenzhen Hejia Automatic Printing Machine Co. unser Bestes getan, um unser Ziel zu erreichen, Kunden mit den besten Qualit\u00e4tsprodukten und Dienstleistungen zu bedienen. In Zukunft werden wir unsere F\u00e4higkeiten und Technologien weiter verbessern, um mehr und bessere Produkte anbieten zu k\u00f6nnen, die den wachsenden Anforderungen der Kunden gerecht werden.<\/p>\n<div class=\"rich-text-table\">\n<table>\n<tbody>\n<tr class=\"firstRow\">\n<td>Platte Typ:<\/td>\n<td>Siebdrucker<\/td>\n<td>Anwendbare Branchen:<\/td>\n<td>Produktionsst\u00e4tte, Druckereien<\/td>\n<\/tr>\n<tr>\n<td>Zustand:<\/td>\n<td>Neu<\/td>\n<td>Herkunftsort:<\/td>\n<td>Guangdong, China<\/td>\n<\/tr>\n<tr>\n<td>Markenname:<\/td>\n<td>APM<\/td>\n<td>Verwendung:<\/td>\n<td>Tubendrucker, Flaschendrucker, Becherdrucker<\/td>\n<\/tr>\n<tr>\n<td>Automatischer Grad:<\/td>\n<td>Automatisch<\/td>\n<td>Farbe und Seite:<\/td>\n<td>Multicolor<\/td>\n<\/tr>\n<tr>\n<td>Spannung:<\/td>\n<td>380V, 50\/60HZ<\/td>\n<td>Abmessungen (L*B*H):<\/td>\n<td>2500x1420x1700mm<\/td>\n<\/tr>\n<tr>\n<td>Gewicht:<\/td>\n<td>2200 KG<\/td>\n<td>Zertifizierung:<\/td>\n<td>CE-Zertifizierung<\/td>\n<\/tr>\n<tr>\n<td>Garantie:<\/td>\n<td>1 Jahr<\/td>\n<td>Service nach dem Verkauf:<\/td>\n<td>Online-Support, Installation, Inbetriebnahme und Schulung vor Ort, Wartungs- und Reparaturservice vor Ort, technischer Video-Support, Techniker f\u00fcr die Wartung von Maschinen in \u00dcbersee verf\u00fcgbar<\/td>\n<\/tr>\n<tr>\n<td>Wichtigste Verkaufsargumente:<\/td>\n<td>Automatisch<\/td>\n<td>Testbericht f\u00fcr Flaschendruckmaschinen:<\/td>\n<td>Zur Verf\u00fcgung gestellt<\/td>\n<\/tr>\n<tr>\n<td>Video-Ausgangsinspektion:<\/td>\n<td>Zur Verf\u00fcgung gestellt<\/td>\n<td>Garantie f\u00fcr Kernkomponenten:<\/td>\n<td>1 Jahr<\/td>\n<\/tr>\n<tr>\n<td>Kernkomponenten:<\/td>\n<td>Motor, PLC<\/td>\n<td>Name des Produkts:<\/td>\n<td>S102 Beste Wahl Automatische 1-8 Farb-Flaschen-Siebdruckmaschine<\/td>\n<\/tr>\n<tr>\n<td>Anwendung:<\/td>\n<td>Druck Flasche<\/td>\n<td>Druckfarbe:<\/td>\n<td>1~8 Farbe<\/td>\n<\/tr>\n<tr>\n<td>Druckgeschwindigkeit:<\/td>\n<td>4000St\u00fcck\/H<\/td>\n<td>Maximale Druckgr\u00f6\u00dfe:<\/td>\n<td>Durchmesser 100mm<\/td>\n<\/tr>\n<tr>\n<td>Trockner:<\/td>\n<td>UV-Trockner\/LED-Trockner<\/td>\n<td>Service nach der Garantie:<\/td>\n<td>Technischer Video-Support, Online-Support, Ersatzteile, Wartungs- und Reparaturservice vor Ort<\/td>\n<\/tr>\n<tr>\n<td>Lokaler Service Standort:<\/td>\n<td>Vereinigte Staaten, Spanien<\/td>\n<td>Standort des Ausstellungsraums:<\/td>\n<td>Vereinigte Staaten, Spanien<\/td>\n<\/tr>\n<tr>\n<td>Art der Vermarktung:<\/td>\n<td>Hei\u00dfes Produkt 2019<\/td>\n<td><\/td>\n<td><\/td>\n<\/tr>\n<\/tbody>\n<\/table>\n<\/div>\n<p>&nbsp;<\/p>\n<p><strong>Anwendung:<\/strong><\/p>\n<p><strong>Zylindrisch\/oval\/quadratisch<\/strong>\u00a0Kunststoff-\/Glasflaschen mit UV-Tinte.<\/p>\n<p>Die Flasche sollte einen Registrierpunkt haben.<\/p>\n<p>&nbsp;<\/p>\n<p><strong>Allgemeine Beschreibung:<\/strong><\/p>\n<ol>\n<li>Automatisches Ladesystem mit Band (Wendelf\u00f6rderer und Trichter optional)<\/li>\n<li>Automatische Flammenbehandlung<\/li>\n<li>Perfektes \u00dcbertragungssystem. Es geht schnell und reibungslos \u00fcber die Flaschen.<\/li>\n<li>Automatische 180-Grad-Drehung f\u00fcr ovale und quadratische Flaschen<\/li>\n<li>Schnelle und einfache Umstellung von einem Produkt auf ein anderes.<\/li>\n<li>Hocheffiziente automatische elektrische UV-Trocknung oder LED-UV-Trocknung.<\/li>\n<li>Zuverl\u00e4ssige PLC-Steuerung mit Touchscreen-Display<\/li>\n<li>Automatisches Entladen<\/li>\n<li>CE-Norm<\/li>\n<\/ol>\n<p>&nbsp;<\/p>\n<p><strong>Technische Daten<\/strong><\/p>\n<table>\n<tbody>\n<tr>\n<td>Parameter \\ Gegenstand<\/td>\n<td>S102 1-8 farbiger automatischer Siebdrucker<\/td>\n<\/tr>\n<tr>\n<td><strong>Abmessungen der Maschine:<\/strong><\/td>\n<td><\/td>\n<\/tr>\n<tr>\n<td>Druckwerk:<\/td>\n<td>1900x1200x1600mm<\/td>\n<\/tr>\n<tr>\n<td>F\u00fctterungseinheit (optional):<\/td>\n<td>3050x1300x1500mm<\/td>\n<\/tr>\n<tr>\n<td>Entladeeinheit (optional):<\/td>\n<td>1800x450x750mm<\/td>\n<\/tr>\n<tr>\n<td>Macht:<\/td>\n<td>380V 3 Phasen 50\/60Hz 6.5kw<\/td>\n<\/tr>\n<tr>\n<td>Luftverbrauch<\/td>\n<td>5-7 Bars<\/td>\n<\/tr>\n<tr>\n<td><\/td>\n<td><strong>Runder Beh\u00e4lter<\/strong><\/td>\n<\/tr>\n<tr>\n<td>Druck-Durchmesser:<\/td>\n<td>25-100mm<\/td>\n<\/tr>\n<tr>\n<td>Druckl\u00e4nge:<\/td>\n<td>50-280mm<\/td>\n<\/tr>\n<tr>\n<td>Maximale Druckgeschwindigkeit<\/td>\n<td>3000~4000St\u00fcck\/Stunde<\/td>\n<\/tr>\n<tr>\n<td><\/td>\n<td>\u00a0\u00a0\u00a0\u00a0\u00a0\u00a0\u00a0\u00a0\u00a0\u00a0<strong>ovaler Beh\u00e4lter<\/strong><\/td>\n<\/tr>\n<tr>\n<td>Druckradius:<\/td>\n<td>R20-R250mm<\/td>\n<\/tr>\n<tr>\n<td>Druckbreite<\/td>\n<td>40-100mm<\/td>\n<\/tr>\n<tr>\n<td>Druckl\u00e4nge:<\/td>\n<td>30-280mm<\/td>\n<\/tr>\n<tr>\n<td>Maximale Druckgeschwindigkeit:<\/td>\n<td>3000~5000St\u00fcck\/Stunde<\/td>\n<\/tr>\n<tr>\n<td><\/td>\n<td>\u00a0\u00a0\u00a0\u00a0\u00a0\u00a0\u00a0\u00a0\u00a0\u00a0\u00a0<strong>Quadratischer Beh\u00e4lter<\/strong><\/td>\n<\/tr>\n<tr>\n<td>Maximale Druckl\u00e4nge<\/td>\n<td>100-200mm<\/td>\n<\/tr>\n<tr>\n<td>Maximale Druckbreite<\/td>\n<td>40-100mm<\/td>\n<\/tr>\n<tr>\n<td>Maximale Druckgeschwindigkeit:<\/td>\n<td>3000~4000St\u00fcck\/Stunde<\/td>\n<\/tr>\n<\/tbody>\n<\/table>\n<p>&nbsp;<\/p>\n<p><strong>Hauptkomponenten f\u00fcr S102:<\/strong><\/p>\n<table>\n<tbody>\n<tr>\n<td width=\"505\"><strong>PLC<\/strong><\/td>\n<td width=\"378\"><strong>Delta<\/strong><\/td>\n<td width=\"264\">Schl\u00fcsselteile<\/td>\n<\/tr>\n<tr>\n<td width=\"505\"><strong>Touchscreen<\/strong><\/td>\n<td width=\"378\"><strong>Delta<\/strong><\/td>\n<td width=\"264\">Schl\u00fcsselteile<\/td>\n<\/tr>\n<tr>\n<td width=\"505\"><strong>UV-Lampe<\/strong><\/td>\n<td width=\"378\"><strong>China oder England<\/strong><\/td>\n<td width=\"264\">Schl\u00fcsselteile<\/td>\n<\/tr>\n<tr>\n<td width=\"505\"><strong>Wechselrichter<\/strong><\/td>\n<td width=\"378\"><strong>Panasonic\u00a0<\/strong><\/td>\n<td width=\"264\">Schl\u00fcsselteile<\/td>\n<\/tr>\n<tr>\n<td width=\"505\">Schaltnetzteil<\/td>\n<td width=\"378\">Schneider<\/td>\n<td width=\"264\"><\/td>\n<\/tr>\n<tr>\n<td width=\"505\">Netzschalter<\/td>\n<td width=\"378\">Mitsubishi<\/td>\n<td width=\"264\"><\/td>\n<\/tr>\n<tr>\n<td width=\"505\">Hilfsrelais<\/td>\n<td width=\"378\">Schneider<\/td>\n<td width=\"264\"><\/td>\n<\/tr>\n<tr>\n<td width=\"505\">Relaissockel<\/td>\n<td width=\"378\">Schneider<\/td>\n<td width=\"264\"><\/td>\n<\/tr>\n<tr>\n<td width=\"505\">Thermisches Relais<\/td>\n<td width=\"378\">Schneider<\/td>\n<td width=\"264\"><\/td>\n<\/tr>\n<tr>\n<td width=\"505\">Sch\u00fctz<\/td>\n<td width=\"378\">Schneider<\/td>\n<td width=\"264\"><\/td>\n<\/tr>\n<tr>\n<td width=\"505\">Magnetventil<\/td>\n<td width=\"378\">SMC<\/td>\n<td width=\"264\"><\/td>\n<\/tr>\n<tr>\n<td width=\"505\">Luftdruckmesser<\/td>\n<td width=\"378\">SMC<\/td>\n<td width=\"264\"><\/td>\n<\/tr>\n<tr>\n<td width=\"505\">Gasdruckmesser<\/td>\n<td width=\"378\">SMC<\/td>\n<td width=\"264\"><\/td>\n<\/tr>\n<tr>\n<td width=\"505\">Drosselklappe<\/td>\n<td width=\"378\">SMC\/China<\/td>\n<td width=\"264\"><\/td>\n<\/tr>\n<tr>\n<td width=\"505\">Vakuumventil<\/td>\n<td width=\"378\">SMC<\/td>\n<td width=\"264\"><\/td>\n<\/tr>\n<tr>\n<td width=\"505\">Druckablassventil<\/td>\n<td width=\"378\">SMC<\/td>\n<td width=\"264\"><\/td>\n<\/tr>\n<tr>\n<td width=\"505\">Manuelles Ventil<\/td>\n<td width=\"378\">AirTAC<\/td>\n<td width=\"264\"><\/td>\n<\/tr>\n<tr>\n<td width=\"505\">Schalter<\/td>\n<td width=\"378\">Schneider<\/td>\n<td width=\"264\"><\/td>\n<\/tr>\n<tr>\n<td width=\"505\">Filter<\/td>\n<td width=\"378\">SMC<\/td>\n<td width=\"264\"><\/td>\n<\/tr>\n<tr>\n<td width=\"505\">Hauptmotor<\/td>\n<td width=\"378\">Italien SITI\/China<\/td>\n<td width=\"264\"><\/td>\n<\/tr>\n<tr>\n<td width=\"505\">Zylinder<\/td>\n<td width=\"378\">SMC, AirTAC<\/td>\n<td width=\"264\"><\/td>\n<\/tr>\n<\/tbody>\n<\/table>\n<p><strong>\u00a0<\/strong><\/p>\n<p><strong>Verfahren:<\/strong><\/p>\n<p>Automatisches Laden auf das Band - Flammenbehandlung - Druck - LED-UV-Trocknung oder elektrische UV-Trocknung - automatisches Entladen<\/p>\n<p>&nbsp;<\/p>\n<p><strong>Proben<\/strong><\/p>\n<p><img loading=\"lazy\" decoding=\"async\" class=\"size-full wp-image-1860\" src=\"http:\/\/apmprint.com\/wp-content\/uploads\/2023\/12\/s-31.jpg\" alt=\"ss106 2 color automatic printing machine\" width=\"800\" height=\"800\" srcset=\"https:\/\/apmprint.com\/wp-content\/uploads\/2023\/12\/s-31.jpg 800w, https:\/\/apmprint.com\/wp-content\/uploads\/2023\/12\/s-31-300x300.jpg 300w, https:\/\/apmprint.com\/wp-content\/uploads\/2023\/12\/s-31-150x150.jpg 150w, https:\/\/apmprint.com\/wp-content\/uploads\/2023\/12\/s-31-768x768.jpg 768w, https:\/\/apmprint.com\/wp-content\/uploads\/2023\/12\/s-31-12x12.jpg 12w, https:\/\/apmprint.com\/wp-content\/uploads\/2023\/12\/s-31-600x600.jpg 600w, https:\/\/apmprint.com\/wp-content\/uploads\/2023\/12\/s-31-100x100.jpg 100w\" sizes=\"auto, (max-width: 800px) 100vw, 800px\" \/><\/p>\n<p><img loading=\"lazy\" decoding=\"async\" class=\"size-full wp-image-1967\" src=\"http:\/\/apmprint.com\/wp-content\/uploads\/2023\/12\/\u4ecb\u7ecd1.jpg\" alt=\"ss106 2 color automatic printing machine\" width=\"750\" height=\"1500\" srcset=\"https:\/\/apmprint.com\/wp-content\/uploads\/2023\/12\/\u4ecb\u7ecd1.jpg 750w, https:\/\/apmprint.com\/wp-content\/uploads\/2023\/12\/\u4ecb\u7ecd1-150x300.jpg 150w, https:\/\/apmprint.com\/wp-content\/uploads\/2023\/12\/\u4ecb\u7ecd1-512x1024.jpg 512w, https:\/\/apmprint.com\/wp-content\/uploads\/2023\/12\/\u4ecb\u7ecd1-6x12.jpg 6w, https:\/\/apmprint.com\/wp-content\/uploads\/2023\/12\/\u4ecb\u7ecd1-600x1200.jpg 600w\" sizes=\"auto, (max-width: 750px) 100vw, 750px\" \/><\/p>\n<p><img loading=\"lazy\" decoding=\"async\" class=\"size-full wp-image-1968\" src=\"http:\/\/apmprint.com\/wp-content\/uploads\/2023\/12\/\u4ecb\u7ecd2.jpg\" alt=\"ss106 2 color automatic printing machine\" width=\"750\" height=\"1020\" srcset=\"https:\/\/apmprint.com\/wp-content\/uploads\/2023\/12\/\u4ecb\u7ecd2.jpg 750w, https:\/\/apmprint.com\/wp-content\/uploads\/2023\/12\/\u4ecb\u7ecd2-221x300.jpg 221w, https:\/\/apmprint.com\/wp-content\/uploads\/2023\/12\/\u4ecb\u7ecd2-9x12.jpg 9w, https:\/\/apmprint.com\/wp-content\/uploads\/2023\/12\/\u4ecb\u7ecd2-600x816.jpg 600w\" sizes=\"auto, (max-width: 750px) 100vw, 750px\" \/><\/p>\n<p><img loading=\"lazy\" decoding=\"async\" class=\"size-full wp-image-1969\" src=\"http:\/\/apmprint.com\/wp-content\/uploads\/2023\/12\/\u4ecb\u7ecd3.jpg\" alt=\"ss106 2 color automatic printing machine\" width=\"750\" height=\"1072\" srcset=\"https:\/\/apmprint.com\/wp-content\/uploads\/2023\/12\/\u4ecb\u7ecd3.jpg 750w, https:\/\/apmprint.com\/wp-content\/uploads\/2023\/12\/\u4ecb\u7ecd3-210x300.jpg 210w, https:\/\/apmprint.com\/wp-content\/uploads\/2023\/12\/\u4ecb\u7ecd3-716x1024.jpg 716w, https:\/\/apmprint.com\/wp-content\/uploads\/2023\/12\/\u4ecb\u7ecd3-8x12.jpg 8w, https:\/\/apmprint.com\/wp-content\/uploads\/2023\/12\/\u4ecb\u7ecd3-600x858.jpg 600w\" sizes=\"auto, (max-width: 750px) 100vw, 750px\" \/><\/p>","protected":false},"excerpt":{"rendered":"<p>Seit unserer Gr\u00fcndung haben wir unsere technischen F\u00e4higkeiten bei der Herstellung der S102 Automatic 1-8 Color Bottle Screen Printing Machine kontinuierlich verbessert. Das Produkt ist f\u00fcr verschiedene Anwendungen in Siebdruckereien geeignet.<\/p>\n<p>&nbsp;<\/p>\n<p><strong><b>Modellnummer<\/b><\/strong>: S102-2<\/p>\n<p><strong><b>Bruttoleistung<\/b><\/strong>: 7.78KW<\/p>\n<p><strong><b>Versand<\/b><\/strong>: Express-Seefracht \/ Landfracht \/ Luftfracht<\/p>\n<p><strong><b>Personalisierung<\/b><\/strong>: Kundenspezifisches Logo (Mindestbestellmenge: 5 Sets) , Kundenspezifische Verpackung (Mindestbestellmenge: 5 Sets) , Grafikanpassung (Mindestbestellmenge: 5 Sets)<\/p>","protected":false},"featured_media":582,"template":"","meta":{"_acf_changed":false,"_seopress_robots_primary_cat":"none","_seopress_titles_title":"","_seopress_titles_desc":"","_seopress_robots_index":""},"product_brand":[],"product_cat":[29,31],"product_tag":[75,55,84,57],"class_list":{"0":"post-579","1":"product","2":"type-product","3":"status-publish","4":"has-post-thumbnail","6":"product_cat-all-servo-printing-machine-cnc","7":"product_cat-auto-screen-printer","8":"product_tag-automatic","9":"product_tag-cups","10":"product_tag-jar","11":"product_tag-plastic-bottles","13":"first","14":"instock","15":"shipping-taxable","16":"product-type-simple"},"acf":[],"_links":{"self":[{"href":"https:\/\/apmprint.com\/de\/wp-json\/wp\/v2\/product\/579","targetHints":{"allow":["GET"]}}],"collection":[{"href":"https:\/\/apmprint.com\/de\/wp-json\/wp\/v2\/product"}],"about":[{"href":"https:\/\/apmprint.com\/de\/wp-json\/wp\/v2\/types\/product"}],"wp:featuredmedia":[{"embeddable":true,"href":"https:\/\/apmprint.com\/de\/wp-json\/wp\/v2\/media\/582"}],"wp:attachment":[{"href":"https:\/\/apmprint.com\/de\/wp-json\/wp\/v2\/media?parent=579"}],"wp:term":[{"taxonomy":"product_brand","embeddable":true,"href":"https:\/\/apmprint.com\/de\/wp-json\/wp\/v2\/product_brand?post=579"},{"taxonomy":"product_cat","embeddable":true,"href":"https:\/\/apmprint.com\/de\/wp-json\/wp\/v2\/product_cat?post=579"},{"taxonomy":"product_tag","embeddable":true,"href":"https:\/\/apmprint.com\/de\/wp-json\/wp\/v2\/product_tag?post=579"}],"curies":[{"name":"wp","href":"https:\/\/api.w.org\/{rel}","templated":true}]}}