{"id":1437,"date":"2023-12-05T07:27:48","date_gmt":"2023-12-05T07:27:48","guid":{"rendered":"https:\/\/apmprint.com\/?post_type=product&#038;p=1437"},"modified":"2024-01-03T01:28:58","modified_gmt":"2024-01-03T01:28:58","slug":"cnc106-automatic-bottle-screen-printing-machine","status":"publish","type":"product","link":"https:\/\/apmprint.com\/es\/producto\/cnc106-automatic-bottle-screen-printing-machine\/","title":{"rendered":"CNC106 M\u00e1quina impresora serigr\u00e1fica autom\u00e1tica multifunci\u00f3n para botellas de pl\u00e1stico y vidrio"},"content":{"rendered":"<p><strong><b>Aplicaci\u00f3n:<\/b><\/strong><\/p>\n<p>El CNC106 est\u00e1 dise\u00f1ado para\u00a0<strong><b>todas las formas (redondas, ovaladas, cuadradas...) de botellas de vidrio pl\u00e1stico,<\/b><\/strong> serigraf\u00eda de tazas y tazas y estampaci\u00f3n en caliente a altas velocidades de producci\u00f3n. Se utiliza principalmente para la impresi\u00f3n de botellas de vino. Puede imprimir cualquier forma de envases todo alrededor en 1 impresi\u00f3n. Es adecuada para la impresi\u00f3n de envases de vidrio o pl\u00e1stico con tinta UV o tinta LED. Todo servo impulsado y la velocidad r\u00e1pida hacen que el CNC106 ideal para fuera de l\u00ednea o en l\u00ednea 24-7 producci\u00f3n.<\/p>\n<figure id=\"attachment_1457\" aria-describedby=\"caption-attachment-1457\" style=\"width: 300px\" class=\"wp-caption alignnone\"><img loading=\"lazy\" decoding=\"async\" class=\"size-medium wp-image-1457\" src=\"http:\/\/apmprint.com\/wp-content\/uploads\/2023\/12\/bottle-printing-machine-300x208.jpg\" alt=\"cnc106 automatic bottle screen printing machine\" width=\"300\" height=\"208\" srcset=\"https:\/\/apmprint.com\/wp-content\/uploads\/2023\/12\/bottle-printing-machine-300x208.jpg 300w, https:\/\/apmprint.com\/wp-content\/uploads\/2023\/12\/bottle-printing-machine-1024x709.jpg 1024w, https:\/\/apmprint.com\/wp-content\/uploads\/2023\/12\/bottle-printing-machine-768x532.jpg 768w, https:\/\/apmprint.com\/wp-content\/uploads\/2023\/12\/bottle-printing-machine-1536x1063.jpg 1536w, https:\/\/apmprint.com\/wp-content\/uploads\/2023\/12\/bottle-printing-machine-2048x1418.jpg 2048w, https:\/\/apmprint.com\/wp-content\/uploads\/2023\/12\/bottle-printing-machine-18x12.jpg 18w, https:\/\/apmprint.com\/wp-content\/uploads\/2023\/12\/bottle-printing-machine-600x415.jpg 600w\" sizes=\"auto, (max-width: 300px) 100vw, 300px\" \/><figcaption id=\"caption-attachment-1457\" class=\"wp-caption-text\">botella de pl\u00e1stico<\/figcaption><\/figure>\n<figure id=\"attachment_1460\" aria-describedby=\"caption-attachment-1460\" style=\"width: 300px\" class=\"wp-caption alignnone\"><img loading=\"lazy\" decoding=\"async\" class=\"size-medium wp-image-1460\" src=\"http:\/\/apmprint.com\/wp-content\/uploads\/2023\/12\/img_1791-300x200.jpg\" alt=\"cnc106 automatic bottle screen printing machine\" width=\"300\" height=\"200\" srcset=\"https:\/\/apmprint.com\/wp-content\/uploads\/2023\/12\/img_1791-300x200.jpg 300w, https:\/\/apmprint.com\/wp-content\/uploads\/2023\/12\/img_1791-1024x683.jpg 1024w, https:\/\/apmprint.com\/wp-content\/uploads\/2023\/12\/img_1791-768x512.jpg 768w, https:\/\/apmprint.com\/wp-content\/uploads\/2023\/12\/img_1791-1536x1024.jpg 1536w, https:\/\/apmprint.com\/wp-content\/uploads\/2023\/12\/img_1791-2048x1365.jpg 2048w, https:\/\/apmprint.com\/wp-content\/uploads\/2023\/12\/img_1791-18x12.jpg 18w, https:\/\/apmprint.com\/wp-content\/uploads\/2023\/12\/img_1791-600x400.jpg 600w\" sizes=\"auto, (max-width: 300px) 100vw, 300px\" \/><figcaption id=\"caption-attachment-1460\" class=\"wp-caption-text\">botella de vidrio<\/figcaption><\/figure>\n<p><strong><b>Descripci\u00f3n general:<\/b><\/strong><\/p>\n<p>1\uff0eSistema de carga autom\u00e1tica con servo robot multieje.<br \/>\n2\uff0eSistema de tratamiento a la llama para una buena adherencia.<br \/>\n3\uff0eSistema de tablas de indizaci\u00f3n con la mayor precisi\u00f3n.<br \/>\n4\uff0eTodas las impresoras serigr\u00e1ficas servoaccionadas con una precisi\u00f3n perfecta.<br \/>\n*cabezales de impresi\u00f3n accionados por servomotor<br \/>\n*marcos de malla accionados por servomotores<br \/>\n*todas las plantillas se instalan con servomotores para la rotaci\u00f3n (sin necesidad de engranajes, cambio de productos f\u00e1cil y r\u00e1pido)<br \/>\n5\uff0eCambio r\u00e1pido y sencillo de un producto a otro. Todos los par\u00e1metros de ajuste autom\u00e1tico simplemente en la pantalla t\u00e1ctil.<br \/>\n6\uff0eTodos los servomotores Yaskawa con control PLC industrial y sistema de operaci\u00f3n de pantalla t\u00e1ctil, conexi\u00f3n de cable de Internet disponible para mantenimiento futuro y actualizaci\u00f3n de programas.<br \/>\n7\uff0eInflado en cada estaci\u00f3n de impresi\u00f3n opcional (para serigraf\u00eda de botellas de pl\u00e1stico blando).<br \/>\n8\uff0eSerigraf\u00eda multicolor en 1 proceso<br \/>\n9\uff0eSecado autom\u00e1tico LED\/UV despu\u00e9s de cada serigraf\u00eda de color.<br \/>\n10\uff0eDescarga autom\u00e1tica con servo robot.<\/p>\n<p>11\uff0eCasa de m\u00e1quinas bien construida con dise\u00f1o de seguridad est\u00e1ndar CE.<\/p>","protected":false},"excerpt":{"rendered":"<p>Servoaccionadas, imprimen con incre\u00edble velocidad y precisi\u00f3n.<br \/>\nAdecuado para recipientes de diferentes formas y materiales.<br \/>\nPersonalizable para necesidades \u00fanicas.<br \/>\nAgilice su proceso de producci\u00f3n.<br \/>\nDise\u00f1o de seguridad con certificaci\u00f3n CE.<\/p>\n<p>&nbsp;<\/p>","protected":false},"featured_media":1446,"template":"","meta":{"_acf_changed":false,"_seopress_robots_primary_cat":"none","_seopress_titles_title":"CNC106 Automatic Bottle Silk Screen Printing Machine ","_seopress_titles_desc":"CNC106\u00a0is\u00a0designed\u00a0for\u00a0all\u00a0shapes\u00a0(round,\u00a0oval,\u00a0square...)\u00a0of\u00a0glass\/plastic\u00a0bottles\u00a0,\u00a0cups,\u00a0mugs\u00a0screen\u00a0printing\u00a0and\u00a0hot\u00a0stamping\u00a0at\u00a0high\u00a0production\u00a0speeds.\u00a0","_seopress_robots_index":""},"product_brand":[],"product_cat":[29,32,33],"product_tag":[67],"class_list":{"0":"post-1437","1":"product","2":"type-product","3":"status-publish","4":"has-post-thumbnail","6":"product_cat-all-servo-printing-machine-cnc","7":"product_cat-auto-screen-print-hot-stamp","8":"product_cat-glass-bottle-printer","9":"product_tag-bottle-prinitng-machine","11":"first","12":"instock","13":"shipping-taxable","14":"product-type-simple"},"acf":[],"_links":{"self":[{"href":"https:\/\/apmprint.com\/es\/wp-json\/wp\/v2\/product\/1437","targetHints":{"allow":["GET"]}}],"collection":[{"href":"https:\/\/apmprint.com\/es\/wp-json\/wp\/v2\/product"}],"about":[{"href":"https:\/\/apmprint.com\/es\/wp-json\/wp\/v2\/types\/product"}],"wp:featuredmedia":[{"embeddable":true,"href":"https:\/\/apmprint.com\/es\/wp-json\/wp\/v2\/media\/1446"}],"wp:attachment":[{"href":"https:\/\/apmprint.com\/es\/wp-json\/wp\/v2\/media?parent=1437"}],"wp:term":[{"taxonomy":"product_brand","embeddable":true,"href":"https:\/\/apmprint.com\/es\/wp-json\/wp\/v2\/product_brand?post=1437"},{"taxonomy":"product_cat","embeddable":true,"href":"https:\/\/apmprint.com\/es\/wp-json\/wp\/v2\/product_cat?post=1437"},{"taxonomy":"product_tag","embeddable":true,"href":"https:\/\/apmprint.com\/es\/wp-json\/wp\/v2\/product_tag?post=1437"}],"curies":[{"name":"wp","href":"https:\/\/api.w.org\/{rel}","templated":true}]}}