{"id":1498,"date":"2023-12-15T09:00:43","date_gmt":"2023-12-15T09:00:43","guid":{"rendered":"https:\/\/apmprint.com\/?post_type=product&#038;p=1498"},"modified":"2023-12-27T06:25:08","modified_gmt":"2023-12-27T06:25:08","slug":"s104m-automatic-servo-three-color-screen-printing-machine-for-plastic-glass-bottles-cups","status":"publish","type":"product","link":"https:\/\/apmprint.com\/es\/producto\/s104m-automatic-servo-three-color-screen-printing-machine-for-plastic-glass-bottles-cups\/","title":{"rendered":"S104M M\u00e1quina servo autom\u00e1tica de serigraf\u00eda en tres colores para botellas de vidrio de pl\u00e1stico vasos"},"content":{"rendered":"<p><iframe loading=\"lazy\" title=\"S104M maquina serigrafica automatica servo shuttle para botella plana\" width=\"800\" height=\"450\" src=\"https:\/\/www.youtube.com\/embed\/Jm3n8PcSQL0?feature=oembed\" frameborder=\"0\" allow=\"accelerometer; autoplay; clipboard-write; encrypted-media; gyroscope; picture-in-picture; web-share\" allowfullscreen><\/iframe><\/p>\n<p><strong>Aplicaci\u00f3n:<\/strong><\/p>\n<p>La m\u00e1quina de serigraf\u00eda autom\u00e1tica S104M puede imprimir diferentes formas de productos. (Principalmente redondo, otras formas opcionales)<\/p>\n<p>Es capaz de imprimir multicolor en envases sin punto de registro de color.<\/p>\n<p><strong>\u00a0Detalles de la m\u00e1quina:<\/strong><\/p>\n<p>s104m servo autom\u00e1tico de tres colores m\u00e1quina de impresi\u00f3n de pantalla para botellas de vidrio de pl\u00e1stico vasos<\/p>\n<p><img loading=\"lazy\" decoding=\"async\" class=\"alignnone wp-image-1504 size-full\" src=\"http:\/\/apmprint.com\/wp-content\/uploads\/2023\/12\/s104m-6.jpg\" alt=\"s104m automatic servo three color screen printing machine for plastic glass bottles cups\" width=\"750\" height=\"750\" srcset=\"https:\/\/apmprint.com\/wp-content\/uploads\/2023\/12\/s104m-6.jpg 750w, https:\/\/apmprint.com\/wp-content\/uploads\/2023\/12\/s104m-6-300x300.jpg 300w, https:\/\/apmprint.com\/wp-content\/uploads\/2023\/12\/s104m-6-150x150.jpg 150w, https:\/\/apmprint.com\/wp-content\/uploads\/2023\/12\/s104m-6-12x12.jpg 12w, https:\/\/apmprint.com\/wp-content\/uploads\/2023\/12\/s104m-6-600x600.jpg 600w, https:\/\/apmprint.com\/wp-content\/uploads\/2023\/12\/s104m-6-100x100.jpg 100w\" sizes=\"auto, (max-width: 750px) 100vw, 750px\" \/><\/p>\n<figure id=\"attachment_1512\" aria-describedby=\"caption-attachment-1512\" style=\"width: 800px\" class=\"wp-caption alignnone\"><img loading=\"lazy\" decoding=\"async\" class=\"wp-image-1512 size-full\" src=\"http:\/\/apmprint.com\/wp-content\/uploads\/2023\/12\/s104m-machine-details.jpg\" alt=\"s104m automatic servo three color screen printing machine for plastic glass bottles cups\" width=\"800\" height=\"610\" srcset=\"https:\/\/apmprint.com\/wp-content\/uploads\/2023\/12\/s104m-machine-details.jpg 800w, https:\/\/apmprint.com\/wp-content\/uploads\/2023\/12\/s104m-machine-details-300x229.jpg 300w, https:\/\/apmprint.com\/wp-content\/uploads\/2023\/12\/s104m-machine-details-768x586.jpg 768w, https:\/\/apmprint.com\/wp-content\/uploads\/2023\/12\/s104m-machine-details-16x12.jpg 16w, https:\/\/apmprint.com\/wp-content\/uploads\/2023\/12\/s104m-machine-details-600x458.jpg 600w\" sizes=\"auto, (max-width: 800px) 100vw, 800px\" \/><figcaption id=\"caption-attachment-1512\" class=\"wp-caption-text\">S104M servo autom\u00e1tico de tres colores m\u00e1quina de impresi\u00f3n de pantalla para botellas de vidrio de pl\u00e1stico vasos<\/figcaption><\/figure>\n<p><strong>Descripci\u00f3n general:<\/strong><\/p>\n<ol>\n<li>Registro del servomotor.<\/li>\n<li>Cinta de carga autom\u00e1tica (alimentador de cuba grande opcional con recargo)<\/li>\n<li>Auto flameado<\/li>\n<li>Descarga autom\u00e1tica.<\/li>\n<li>Producto f\u00e1cil de cambiar.<\/li>\n<li>Puede imprimir multicolor en botellas cil\u00edndricas sin punto de registro de color.<\/li>\n<li>Secado LED UV<\/li>\n<li>Opci\u00f3n de seguridad con norma CE.<\/li>\n<li>Estampaci\u00f3n en caliente opcional<\/li>\n<\/ol>\n<p>&nbsp;<\/p>\n<p><strong>Datos t\u00e9cnicos:<\/strong><\/p>\n<table>\n<tbody>\n<tr>\n<td>Forma del producto<\/td>\n<td>Redondo, otras formas opcionales<\/td>\n<\/tr>\n<tr>\n<td>Tama\u00f1o de impresi\u00f3n<\/td>\n<td>Di\u00e1metro m\u00e1ximo 100 mm<\/td>\n<\/tr>\n<tr>\n<td>Longitud de impresi\u00f3n<\/td>\n<td>Longitud m\u00e1xima 300 mm<\/td>\n<\/tr>\n<tr>\n<td>Velocidad de impresi\u00f3n<\/td>\n<td>200-900 piezas\/hora<\/td>\n<\/tr>\n<tr>\n<td>Alimentaci\u00f3n<\/td>\n<td>380V trif\u00e1sico 50Hz 7kw<\/td>\n<\/tr>\n<tr>\n<td>Consumo de aire<\/td>\n<td>5-7bar<\/td>\n<\/tr>\n<\/tbody>\n<\/table>\n<p>&nbsp;<\/p>\n<p><strong>Muestras:<\/strong><\/p>\n<p><img loading=\"lazy\" decoding=\"async\" class=\"wp-image-1515 size-full\" src=\"http:\/\/apmprint.com\/wp-content\/uploads\/2023\/12\/\u6837\u54c1.jpg\" alt=\"s104m automatic servo three color screen printing machine for plastic glass bottles cups\" width=\"820\" height=\"580\" srcset=\"https:\/\/apmprint.com\/wp-content\/uploads\/2023\/12\/\u6837\u54c1.jpg 820w, https:\/\/apmprint.com\/wp-content\/uploads\/2023\/12\/\u6837\u54c1-300x212.jpg 300w, https:\/\/apmprint.com\/wp-content\/uploads\/2023\/12\/\u6837\u54c1-768x543.jpg 768w, https:\/\/apmprint.com\/wp-content\/uploads\/2023\/12\/\u6837\u54c1-18x12.jpg 18w, https:\/\/apmprint.com\/wp-content\/uploads\/2023\/12\/\u6837\u54c1-600x424.jpg 600w\" sizes=\"auto, (max-width: 820px) 100vw, 820px\" \/><\/p>","protected":false},"excerpt":{"rendered":"<p>La m\u00e1quina impresora serigr\u00e1fica autom\u00e1tica S104M est\u00e1 dise\u00f1ada para imprimir productos de diferentes formas, como botellas planas, redondas y ovaladas. Est\u00e1 equipada con cinta de carga autom\u00e1tica, tratamiento de llama o plasma antes de la impresi\u00f3n, sistema de secado LED despu\u00e9s de la impresi\u00f3n, funci\u00f3n de descarga autom\u00e1tica.<\/p>\n<p>&nbsp;<\/p>","protected":false},"featured_media":1501,"template":"","meta":{"_acf_changed":false,"_seopress_robots_primary_cat":"none","_seopress_titles_title":"","_seopress_titles_desc":"","_seopress_robots_index":""},"product_brand":[],"product_cat":[29,31],"product_tag":[55,56],"class_list":{"0":"post-1498","1":"product","2":"type-product","3":"status-publish","4":"has-post-thumbnail","6":"product_cat-all-servo-printing-machine-cnc","7":"product_cat-auto-screen-printer","8":"product_tag-cups","9":"product_tag-glass-bottles","11":"first","12":"instock","13":"shipping-taxable","14":"product-type-simple"},"acf":[],"_links":{"self":[{"href":"https:\/\/apmprint.com\/es\/wp-json\/wp\/v2\/product\/1498","targetHints":{"allow":["GET"]}}],"collection":[{"href":"https:\/\/apmprint.com\/es\/wp-json\/wp\/v2\/product"}],"about":[{"href":"https:\/\/apmprint.com\/es\/wp-json\/wp\/v2\/types\/product"}],"wp:featuredmedia":[{"embeddable":true,"href":"https:\/\/apmprint.com\/es\/wp-json\/wp\/v2\/media\/1501"}],"wp:attachment":[{"href":"https:\/\/apmprint.com\/es\/wp-json\/wp\/v2\/media?parent=1498"}],"wp:term":[{"taxonomy":"product_brand","embeddable":true,"href":"https:\/\/apmprint.com\/es\/wp-json\/wp\/v2\/product_brand?post=1498"},{"taxonomy":"product_cat","embeddable":true,"href":"https:\/\/apmprint.com\/es\/wp-json\/wp\/v2\/product_cat?post=1498"},{"taxonomy":"product_tag","embeddable":true,"href":"https:\/\/apmprint.com\/es\/wp-json\/wp\/v2\/product_tag?post=1498"}],"curies":[{"name":"wp","href":"https:\/\/api.w.org\/{rel}","templated":true}]}}