{"id":1529,"date":"2023-12-20T06:48:09","date_gmt":"2023-12-20T06:48:09","guid":{"rendered":"https:\/\/apmprint.com\/?post_type=product&#038;p=1529"},"modified":"2023-12-20T06:52:33","modified_gmt":"2023-12-20T06:52:33","slug":"automatic-hot-foil-stamping-machine-for-bottle-cap-and-top","status":"publish","type":"product","link":"https:\/\/apmprint.com\/es\/producto\/automatic-hot-foil-stamping-machine-for-bottle-cap-and-top\/","title":{"rendered":"H200CT"},"content":{"rendered":"<div class=\"d-tem04-title text-left d-interval\" data-detail=\"wrap\"><\/div>\n<p><iframe loading=\"lazy\" title=\"H200ct M\u00e1quina de estampaci\u00f3n en caliente - Capaz de imprimir en ambos lados y la parte superior\" width=\"800\" height=\"450\" src=\"https:\/\/www.youtube.com\/embed\/fi7twSlnfxA?feature=oembed\" frameborder=\"0\" allow=\"accelerometer; autoplay; clipboard-write; encrypted-media; gyroscope; picture-in-picture; web-share\" allowfullscreen><\/iframe><\/p>\n<div class=\"d-tem04-title text-left d-interval\" data-detail=\"wrap\">\n<div class=\"h2 heading\"><strong>Aplicaci\u00f3n<\/strong><\/div>\n<\/div>\n<p>Perfecta para estampar en caliente textos o dibujos o l\u00edneas tanto en la parte superior como en el lateral de tapones redondos al mismo tiempo, com\u00fanmente utilizada en tapones de botellas de vino y tapones de botellas de cosm\u00e9ticos.<\/p>\n<div class=\"d-tem04-title text-left d-interval\" data-detail=\"wrap\">\n<div class=\"h2 heading\"><strong>Descripci\u00f3n<\/strong><\/div>\n<\/div>\n<p>1. El sistema autom\u00e1tico de carga y descarga ahorra considerablemente los gastos de mano de obra.<\/p>\n<p>2. M\u00e1quina funcional de 16 estaciones, pretratamiento autom\u00e1tico antes del estampado.<\/p>\n<p>3. Dos estaciones de estampado trabajando al mismo tiempo, una para el estampado lateral y otra para el estampado superior.<\/p>\n<p>4. 4. Aplicar la placa de silicona (clich\u00e9) para estampar y enrollar el papel de aluminio caliente autom\u00e1ticamente.<\/p>\n<p>5. Adopta el control PLC avanzado, movimiento estable, presi\u00f3n de estampado uniforme.<\/p>\n<p>6. F\u00e1cil manejo con pantalla t\u00e1ctil.<\/p>\n<p>7. Caja con sensor de puerta, conforme a las normas CE.<\/p>\n<p><strong>Detalles de la m\u00e1quina<\/strong><\/p>\n<p><img loading=\"lazy\" decoding=\"async\" class=\"size-large wp-image-1602\" src=\"http:\/\/apmprint.com\/wp-content\/uploads\/2023\/12\/hot-stamping-machine-for-bottle-cap-1-1020x1024.jpg\" alt=\"automatic hot foil stamping machine for bottle cap and top\" width=\"800\" height=\"803\" srcset=\"https:\/\/apmprint.com\/wp-content\/uploads\/2023\/12\/hot-stamping-machine-for-bottle-cap-1-1020x1024.jpg 1020w, https:\/\/apmprint.com\/wp-content\/uploads\/2023\/12\/hot-stamping-machine-for-bottle-cap-1-300x300.jpg 300w, https:\/\/apmprint.com\/wp-content\/uploads\/2023\/12\/hot-stamping-machine-for-bottle-cap-1-150x150.jpg 150w, https:\/\/apmprint.com\/wp-content\/uploads\/2023\/12\/hot-stamping-machine-for-bottle-cap-1-768x771.jpg 768w, https:\/\/apmprint.com\/wp-content\/uploads\/2023\/12\/hot-stamping-machine-for-bottle-cap-1-12x12.jpg 12w, https:\/\/apmprint.com\/wp-content\/uploads\/2023\/12\/hot-stamping-machine-for-bottle-cap-1-600x602.jpg 600w, https:\/\/apmprint.com\/wp-content\/uploads\/2023\/12\/hot-stamping-machine-for-bottle-cap-1-100x100.jpg 100w, https:\/\/apmprint.com\/wp-content\/uploads\/2023\/12\/hot-stamping-machine-for-bottle-cap-1.jpg 1103w\" sizes=\"auto, (max-width: 800px) 100vw, 800px\" \/><\/p>\n<p><strong>Datos t\u00e9cnicos<\/strong><\/p>\n<table style=\"height: 246px;\" width=\"606\">\n<tbody>\n<tr>\n<td width=\"164\">Velocidad m\u00e1xima<\/td>\n<td width=\"201\">40~50 piezas\/min<\/td>\n<\/tr>\n<tr>\n<td width=\"164\">Producto Dia.<\/td>\n<td width=\"201\">15-50 mm<\/td>\n<\/tr>\n<tr>\n<td width=\"164\">Longitud<\/td>\n<td width=\"201\">20-80 mm<\/td>\n<\/tr>\n<tr>\n<td width=\"164\">Presi\u00f3n del aire<\/td>\n<td width=\"201\">6-8bar<\/td>\n<\/tr>\n<tr>\n<td width=\"164\">Alimentaci\u00f3n<\/td>\n<td width=\"201\">380V, 3P. 50\/60Hz<\/td>\n<\/tr>\n<\/tbody>\n<\/table>\n<p><strong>Muestras<\/strong><\/p>\n<p><img loading=\"lazy\" decoding=\"async\" class=\"size-large wp-image-1627\" src=\"http:\/\/apmprint.com\/wp-content\/uploads\/2023\/12\/bottle-cap-printing-1024x682.jpg\" alt=\"automatic hot foil stamping machine for bottle cap and top\" width=\"800\" height=\"533\" srcset=\"https:\/\/apmprint.com\/wp-content\/uploads\/2023\/12\/bottle-cap-printing-1024x682.jpg 1024w, https:\/\/apmprint.com\/wp-content\/uploads\/2023\/12\/bottle-cap-printing-300x200.jpg 300w, https:\/\/apmprint.com\/wp-content\/uploads\/2023\/12\/bottle-cap-printing-768x511.jpg 768w, https:\/\/apmprint.com\/wp-content\/uploads\/2023\/12\/bottle-cap-printing-18x12.jpg 18w, https:\/\/apmprint.com\/wp-content\/uploads\/2023\/12\/bottle-cap-printing-600x400.jpg 600w, https:\/\/apmprint.com\/wp-content\/uploads\/2023\/12\/bottle-cap-printing.jpg 1332w\" sizes=\"auto, (max-width: 800px) 100vw, 800px\" \/><\/p>\n<p>&nbsp;<\/p>\n<p>&nbsp;<\/p>","protected":false},"excerpt":{"rendered":"<p>APM - H200CT M\u00e1quina autom\u00e1tica de estampado de tapas superior y lateral est\u00e1 dise\u00f1ada para tapas de botellas cil\u00edndricas, se puede utilizar para estampar en tapas de botellas lateral y superior en un solo proceso, lo que aumenta en gran medida la eficiencia y el efecto decorativo de estampado en caliente.<\/p>","protected":false},"featured_media":1594,"template":"","meta":{"_acf_changed":false,"_seopress_robots_primary_cat":"none","_seopress_titles_title":"Automatic hot stamping machine for bottle cap","_seopress_titles_desc":"","_seopress_robots_index":""},"product_brand":[],"product_cat":[64],"product_tag":[24],"class_list":{"0":"post-1529","1":"product","2":"type-product","3":"status-publish","4":"has-post-thumbnail","6":"product_cat-auto-hot-stamping-machine","7":"product_tag-caps-and-closures","9":"first","10":"instock","11":"shipping-taxable","12":"product-type-simple"},"acf":[],"_links":{"self":[{"href":"https:\/\/apmprint.com\/es\/wp-json\/wp\/v2\/product\/1529","targetHints":{"allow":["GET"]}}],"collection":[{"href":"https:\/\/apmprint.com\/es\/wp-json\/wp\/v2\/product"}],"about":[{"href":"https:\/\/apmprint.com\/es\/wp-json\/wp\/v2\/types\/product"}],"wp:featuredmedia":[{"embeddable":true,"href":"https:\/\/apmprint.com\/es\/wp-json\/wp\/v2\/media\/1594"}],"wp:attachment":[{"href":"https:\/\/apmprint.com\/es\/wp-json\/wp\/v2\/media?parent=1529"}],"wp:term":[{"taxonomy":"product_brand","embeddable":true,"href":"https:\/\/apmprint.com\/es\/wp-json\/wp\/v2\/product_brand?post=1529"},{"taxonomy":"product_cat","embeddable":true,"href":"https:\/\/apmprint.com\/es\/wp-json\/wp\/v2\/product_cat?post=1529"},{"taxonomy":"product_tag","embeddable":true,"href":"https:\/\/apmprint.com\/es\/wp-json\/wp\/v2\/product_tag?post=1529"}],"curies":[{"name":"wp","href":"https:\/\/api.w.org\/{rel}","templated":true}]}}