{"id":1540,"date":"2023-12-19T03:19:31","date_gmt":"2023-12-19T03:19:31","guid":{"rendered":"https:\/\/apmprint.com\/?post_type=product&#038;p=1540"},"modified":"2023-12-27T06:34:23","modified_gmt":"2023-12-27T06:34:23","slug":"apm-s300m-single-color-servo-screen-printer","status":"publish","type":"product","link":"https:\/\/apmprint.com\/es\/producto\/apm-s300m-single-color-servo-screen-printer\/","title":{"rendered":"APM-S300M Servoimpresora serigr\u00e1fica monocolor"},"content":{"rendered":"<p><strong>Aplicaci\u00f3n:<\/strong><\/p>\n<p>Tubos blandos, botellas, tarros<\/p>\n<p>&nbsp;<\/p>\n<p><strong>Datos t\u00e9cnicos:<\/strong><\/p>\n<table style=\"height: 178px;\" width=\"502\">\n<tbody>\n<tr>\n<td>Par\u00e1metro<\/td>\n<td>S300M<\/td>\n<\/tr>\n<tr>\n<td>Luz de malla m\u00e1x.<\/td>\n<td>400*500mm<\/td>\n<\/tr>\n<tr>\n<td>Tama\u00f1o m\u00e1ximo de impresi\u00f3n<\/td>\n<td>dia.70mm<\/td>\n<\/tr>\n<tr>\n<td>Di\u00e1metro m\u00e1ximo del sustrato<\/td>\n<td>100 mm<\/td>\n<\/tr>\n<tr>\n<td>Velocidad de impresi\u00f3n<\/td>\n<td>1380 piezas\/h<\/td>\n<\/tr>\n<tr>\n<td>Potencia<\/td>\n<td>110\/220V 50\/60HZ 40W<\/td>\n<\/tr>\n<\/tbody>\n<\/table>\n<p>&nbsp;<\/p>\n<p><strong>Muestras:<\/strong><\/p>\n<p><img loading=\"lazy\" decoding=\"async\" class=\"size-full wp-image-1867\" src=\"http:\/\/apmprint.com\/wp-content\/uploads\/2023\/12\/s-32.jpg\" alt=\"s250\/350\/650\/1000 semi auto screen printer\" width=\"800\" height=\"456\" srcset=\"https:\/\/apmprint.com\/wp-content\/uploads\/2023\/12\/s-32.jpg 800w, https:\/\/apmprint.com\/wp-content\/uploads\/2023\/12\/s-32-300x171.jpg 300w, https:\/\/apmprint.com\/wp-content\/uploads\/2023\/12\/s-32-768x438.jpg 768w, https:\/\/apmprint.com\/wp-content\/uploads\/2023\/12\/s-32-18x10.jpg 18w, https:\/\/apmprint.com\/wp-content\/uploads\/2023\/12\/s-32-600x342.jpg 600w\" sizes=\"auto, (max-width: 800px) 100vw, 800px\" \/><\/p>\n<p>&nbsp;<\/p>","protected":false},"excerpt":{"rendered":"<p>Descripci\u00f3n general:<br \/>\n1. Bastidor de malla accionado por servomotor a izquierda\/derecha y fijaci\u00f3n accionada por servomotor giran<br \/>\n2. Control PLC y pantalla t\u00e1ctil<br \/>\n3. F\u00e1cil operaci\u00f3n, puede ajustar el di\u00e1metro del producto, la velocidad, la posici\u00f3n de impresi\u00f3n en la pantalla t\u00e1ctil<br \/>\n4. No necesita engranaje, productos de f\u00e1cil cambio<br \/>\n5.Registro del sensor \u00f3ptico de alta calidad<br \/>\n6. Inflado para botellas blandas<\/p>","protected":false},"featured_media":1544,"template":"","meta":{"_acf_changed":false,"_seopress_robots_primary_cat":"none","_seopress_titles_title":"","_seopress_titles_desc":"","_seopress_robots_index":""},"product_brand":[],"product_cat":[38],"product_tag":[55,84,57,68,70,69],"class_list":{"0":"post-1540","1":"product","2":"type-product","3":"status-publish","4":"has-post-thumbnail","6":"product_cat-semi-auto-screen-printer","7":"product_tag-cups","8":"product_tag-jar","9":"product_tag-plastic-bottles","10":"product_tag-s300m","11":"product_tag-semi-auto","12":"product_tag-servo","14":"first","15":"instock","16":"shipping-taxable","17":"product-type-simple"},"acf":[],"_links":{"self":[{"href":"https:\/\/apmprint.com\/es\/wp-json\/wp\/v2\/product\/1540","targetHints":{"allow":["GET"]}}],"collection":[{"href":"https:\/\/apmprint.com\/es\/wp-json\/wp\/v2\/product"}],"about":[{"href":"https:\/\/apmprint.com\/es\/wp-json\/wp\/v2\/types\/product"}],"wp:featuredmedia":[{"embeddable":true,"href":"https:\/\/apmprint.com\/es\/wp-json\/wp\/v2\/media\/1544"}],"wp:attachment":[{"href":"https:\/\/apmprint.com\/es\/wp-json\/wp\/v2\/media?parent=1540"}],"wp:term":[{"taxonomy":"product_brand","embeddable":true,"href":"https:\/\/apmprint.com\/es\/wp-json\/wp\/v2\/product_brand?post=1540"},{"taxonomy":"product_cat","embeddable":true,"href":"https:\/\/apmprint.com\/es\/wp-json\/wp\/v2\/product_cat?post=1540"},{"taxonomy":"product_tag","embeddable":true,"href":"https:\/\/apmprint.com\/es\/wp-json\/wp\/v2\/product_tag?post=1540"}],"curies":[{"name":"wp","href":"https:\/\/api.w.org\/{rel}","templated":true}]}}