{"id":1549,"date":"2023-12-19T09:36:29","date_gmt":"2023-12-19T09:36:29","guid":{"rendered":"https:\/\/apmprint.com\/?post_type=product&#038;p=1549"},"modified":"2023-12-19T09:58:14","modified_gmt":"2023-12-19T09:58:14","slug":"c400-c1200-manual-cleaning-unit","status":"publish","type":"product","link":"https:\/\/apmprint.com\/es\/producto\/c400-c1200-manual-cleaning-unit\/","title":{"rendered":"C400\/C1200 Unidad de limpieza manual"},"content":{"rendered":"<p><strong>Descripci\u00f3n:<\/strong><\/p>\n<p>La unidad de limpieza manual sirve para limpiar los clich\u00e9s y otros accesorios antes de la impresi\u00f3n. Las m\u00e1quinas est\u00e1n totalmente construidas en acero inoxidable y utilizan detergente l\u00edquido. El funcionamiento neum\u00e1tico garantiza una seguridad total.<br \/>\nEl detergente l\u00edquido se pulveriza a alta presi\u00f3n en la m\u00e1quina mediante una bomba de diafragma y boquillas situadas en los laterales de la cuba. La pulverizaci\u00f3n a alta presi\u00f3n proporciona la fuerza para la rotaci\u00f3n de la ba\u00f1era.<br \/>\nLas m\u00e1quinas est\u00e1n equipadas con un regulador de presi\u00f3n, un cepillo especial, guantes especiales y un filtro para garantizar una limpieza r\u00e1pida y eficaz.<\/p>\n<p><strong>Datos t\u00e9cnicos:<\/strong><\/p>\n<table>\n<tbody>\n<tr>\n<td width=\"32.3600%\">Datos t\u00e9cnicos<\/td>\n<td width=\"33.8200%\">C400<\/td>\n<td width=\"33.8200%\">C1200<\/td>\n<\/tr>\n<tr>\n<td width=\"32.3600%\">Tama\u00f1o interior<\/td>\n<td width=\"33.8200%\">380\u00d7290\u00d7300mm<\/td>\n<td width=\"33.8200%\">1200x300x300mm<\/td>\n<\/tr>\n<\/tbody>\n<\/table>\n<p>&nbsp;<\/p>","protected":false},"excerpt":{"rendered":"<p>Description: The manual cleaning unit is for cleaning clich\u00e9s and other accessories before printing. The machines are entirely constructed of stainless steel and use liquid detergent. Pneumatic operation ensures total safety. The liquid detergent is sprayed at high pressure into the machine by means of a diaphragm pump and nozzles located on the sides of [&hellip;]<\/p>","protected":false},"featured_media":1550,"template":"","meta":{"_acf_changed":false,"_seopress_robots_primary_cat":"none","_seopress_titles_title":"","_seopress_titles_desc":"","_seopress_robots_index":""},"product_brand":[],"product_cat":[48],"product_tag":[71],"class_list":{"0":"post-1549","1":"product","2":"type-product","3":"status-publish","4":"has-post-thumbnail","6":"product_cat-cleaning-unit","7":"product_tag-accessories","9":"first","10":"instock","11":"shipping-taxable","12":"product-type-simple"},"acf":[],"_links":{"self":[{"href":"https:\/\/apmprint.com\/es\/wp-json\/wp\/v2\/product\/1549","targetHints":{"allow":["GET"]}}],"collection":[{"href":"https:\/\/apmprint.com\/es\/wp-json\/wp\/v2\/product"}],"about":[{"href":"https:\/\/apmprint.com\/es\/wp-json\/wp\/v2\/types\/product"}],"wp:featuredmedia":[{"embeddable":true,"href":"https:\/\/apmprint.com\/es\/wp-json\/wp\/v2\/media\/1550"}],"wp:attachment":[{"href":"https:\/\/apmprint.com\/es\/wp-json\/wp\/v2\/media?parent=1549"}],"wp:term":[{"taxonomy":"product_brand","embeddable":true,"href":"https:\/\/apmprint.com\/es\/wp-json\/wp\/v2\/product_brand?post=1549"},{"taxonomy":"product_cat","embeddable":true,"href":"https:\/\/apmprint.com\/es\/wp-json\/wp\/v2\/product_cat?post=1549"},{"taxonomy":"product_tag","embeddable":true,"href":"https:\/\/apmprint.com\/es\/wp-json\/wp\/v2\/product_tag?post=1549"}],"curies":[{"name":"wp","href":"https:\/\/api.w.org\/{rel}","templated":true}]}}