{"id":1560,"date":"2023-12-19T10:04:24","date_gmt":"2023-12-19T10:04:24","guid":{"rendered":"https:\/\/apmprint.com\/?post_type=product&#038;p=1560"},"modified":"2023-12-19T10:06:54","modified_gmt":"2023-12-19T10:06:54","slug":"d400m-flat-round-oval-ir-dryer","status":"publish","type":"product","link":"https:\/\/apmprint.com\/es\/producto\/d400m-flat-round-oval-ir-dryer\/","title":{"rendered":"D400M Secador IR plano\/redondo\/ovalado"},"content":{"rendered":"<p><strong>Aplicaci\u00f3n:<\/strong><\/p>\n<p>Adecuado para todo tipo de productos que se secan despu\u00e9s de la tampograf\u00eda, serigraf\u00eda y pulverizaci\u00f3n<\/p>\n<p>&nbsp;<\/p>\n<p><strong>Datos t\u00e9cnicos:<\/strong><\/p>\n<table>\n<tbody>\n<tr>\n<td width=\"48.9000%\">Ancho de banda<\/td>\n<td width=\"51.1000%\">400 mm<\/td>\n<\/tr>\n<tr>\n<td width=\"48.9000%\">Longitud<\/td>\n<td width=\"51.1000%\">2500mm<\/td>\n<\/tr>\n<tr>\n<td width=\"48.9000%\">Potencia de la l\u00e1mpara<\/td>\n<td width=\"51.1000%\">8 KW<\/td>\n<\/tr>\n<tr>\n<td width=\"48.9000%\">Medici\u00f3n<\/td>\n<td width=\"51.1000%\">2,94 CBM<\/td>\n<\/tr>\n<tr>\n<td width=\"48.9000%\">Peso bruto<\/td>\n<td width=\"51.1000%\">300 KGS<\/td>\n<\/tr>\n<\/tbody>\n<\/table>","protected":false},"excerpt":{"rendered":"<p><strong>Descripci\u00f3n:<\/strong><\/p>\n<ol>\n<li>Sistema de calefacci\u00f3n con l\u00e1mparas IR de cristal de alta eficiencia.<\/li>\n<li>Ciclos de aire en el interior del t\u00fanel.<\/li>\n<li>Tablero interior de acero inoxidable con refuerzos laterales.<\/li>\n<li>Altura de trabajo de la entrada ajustable<\/li>\n<li>Cinta de chapa de aluminio con plantillas, apta para todo tipo de productos de secado<\/li>\n<\/ol>","protected":false},"featured_media":1562,"template":"","meta":{"_acf_changed":false,"_seopress_robots_primary_cat":"none","_seopress_titles_title":"","_seopress_titles_desc":"","_seopress_robots_index":""},"product_brand":[],"product_cat":[45],"product_tag":[71],"class_list":{"0":"post-1560","1":"product","2":"type-product","3":"status-publish","4":"has-post-thumbnail","6":"product_cat-drying-oven","7":"product_tag-accessories","9":"first","10":"instock","11":"shipping-taxable","12":"product-type-simple"},"acf":[],"_links":{"self":[{"href":"https:\/\/apmprint.com\/es\/wp-json\/wp\/v2\/product\/1560","targetHints":{"allow":["GET"]}}],"collection":[{"href":"https:\/\/apmprint.com\/es\/wp-json\/wp\/v2\/product"}],"about":[{"href":"https:\/\/apmprint.com\/es\/wp-json\/wp\/v2\/types\/product"}],"wp:featuredmedia":[{"embeddable":true,"href":"https:\/\/apmprint.com\/es\/wp-json\/wp\/v2\/media\/1562"}],"wp:attachment":[{"href":"https:\/\/apmprint.com\/es\/wp-json\/wp\/v2\/media?parent=1560"}],"wp:term":[{"taxonomy":"product_brand","embeddable":true,"href":"https:\/\/apmprint.com\/es\/wp-json\/wp\/v2\/product_brand?post=1560"},{"taxonomy":"product_cat","embeddable":true,"href":"https:\/\/apmprint.com\/es\/wp-json\/wp\/v2\/product_cat?post=1560"},{"taxonomy":"product_tag","embeddable":true,"href":"https:\/\/apmprint.com\/es\/wp-json\/wp\/v2\/product_tag?post=1560"}],"curies":[{"name":"wp","href":"https:\/\/api.w.org\/{rel}","templated":true}]}}