{"id":1590,"date":"2023-12-20T02:18:16","date_gmt":"2023-12-20T02:18:16","guid":{"rendered":"https:\/\/apmprint.com\/?post_type=product&#038;p=1590"},"modified":"2023-12-20T02:22:38","modified_gmt":"2023-12-20T02:22:38","slug":"md6000-md8000-far-infrared-conveyor-drying-tunnel","status":"publish","type":"product","link":"https:\/\/apmprint.com\/es\/producto\/md6000-md8000-far-infrared-conveyor-drying-tunnel\/","title":{"rendered":"T\u00fanel de secado por infrarrojos lejanos MD6000\/MD8000"},"content":{"rendered":"<p><strong>Aplicaci\u00f3n:<\/strong><\/p>\n<p>Es adecuado para el secado de prendas impresas, textiles impresos, papel impreso y pel\u00edcula impresa, etc., tambi\u00e9n se puede utilizar en muchas ocasiones de secado o pre-secado de objetos impresos o no impresos.<\/p>\n<p>&nbsp;<\/p>\n<p><strong>Datos t\u00e9cnicos<\/strong><\/p>\n<table>\n<tbody>\n<tr>\n<td width=\"16.2400%\">MODELO<\/td>\n<td width=\"16.5800%\">Potencia<\/td>\n<td width=\"16.7000%\">Tensi\u00f3n<\/td>\n<td width=\"16.4000%\">Tama\u00f1o de curado<\/td>\n<td width=\"17.6800%\">Dimensi\u00f3n<\/td>\n<td width=\"16.3800%\">Peso neto<\/td>\n<\/tr>\n<tr>\n<td width=\"16.2400%\">MD6000<\/td>\n<td width=\"16.5800%\">14-18KW<\/td>\n<td width=\"16.7000%\">380V<\/td>\n<td width=\"16.4000%\">6000\u00d7800 cm<\/td>\n<td width=\"17.6800%\">6\u00d70.75\u00d71.1m<\/td>\n<td width=\"16.3800%\">500Kg<\/td>\n<\/tr>\n<tr>\n<td width=\"16.2400%\">MD8000<\/td>\n<td width=\"16.5800%\">16-20KW<\/td>\n<td width=\"16.7000%\">380V<\/td>\n<td width=\"16.4000%\">8000\u00d7800 cm<\/td>\n<td width=\"17.6800%\">8\u00d70.75\u00d71.1m<\/td>\n<td width=\"16.3800%\">700Kg<\/td>\n<\/tr>\n<\/tbody>\n<\/table>","protected":false},"excerpt":{"rendered":"<p><strong>Descripci\u00f3n:<\/strong><\/p>\n<ol>\n<li><strong>Alto rendimiento de secado <\/strong>- Se calienta con tubos de calefacci\u00f3n de cer\u00e1mica de infrarrojos lejanos y aire caliente para que el objeto impreso se seque uniformemente en el menor tiempo posible.<\/li>\n<li><strong>Cinta transportadora resistente al calor <\/strong>- La cinta transportadora con revestimiento de tefl\u00f3n puede funcionar correctamente y de forma duradera a altas temperaturas.<\/li>\n<li><strong>Velocidad de transporte ajustable <\/strong>- El transportador es impulsado por un motor continuo, la velocidad de funcionamiento del transportador se puede ajustar al azar, puede secar objetos de diferentes espesores.<\/li>\n<li><strong>Portada <\/strong><strong>ascensor<\/strong><strong>sala de calefacci\u00f3n <\/strong>- Cubiertas elevables en ambos lados de la sala de calefacci\u00f3n, los tubos de calefacci\u00f3n cer\u00e1micos pueden sustituirse f\u00e1cilmente con s\u00f3lo abrir la cubierta de la sala de calefacci\u00f3n.<\/li>\n<li><strong>Amplia gama y control preciso de la temperatura<\/strong>- La temperatura de calentamiento se puede ajustar a cualquier temperatura entre la temperatura ambiente y 300 grados. La tolerancia de temperatura es de +\/- 5 grados.<\/li>\n<\/ol>","protected":false},"featured_media":1591,"template":"","meta":{"_acf_changed":false,"_seopress_robots_primary_cat":"none","_seopress_titles_title":"","_seopress_titles_desc":"","_seopress_robots_index":""},"product_brand":[],"product_cat":[45],"product_tag":[71],"class_list":{"0":"post-1590","1":"product","2":"type-product","3":"status-publish","4":"has-post-thumbnail","6":"product_cat-drying-oven","7":"product_tag-accessories","9":"first","10":"instock","11":"shipping-taxable","12":"product-type-simple"},"acf":[],"_links":{"self":[{"href":"https:\/\/apmprint.com\/es\/wp-json\/wp\/v2\/product\/1590","targetHints":{"allow":["GET"]}}],"collection":[{"href":"https:\/\/apmprint.com\/es\/wp-json\/wp\/v2\/product"}],"about":[{"href":"https:\/\/apmprint.com\/es\/wp-json\/wp\/v2\/types\/product"}],"wp:featuredmedia":[{"embeddable":true,"href":"https:\/\/apmprint.com\/es\/wp-json\/wp\/v2\/media\/1591"}],"wp:attachment":[{"href":"https:\/\/apmprint.com\/es\/wp-json\/wp\/v2\/media?parent=1590"}],"wp:term":[{"taxonomy":"product_brand","embeddable":true,"href":"https:\/\/apmprint.com\/es\/wp-json\/wp\/v2\/product_brand?post=1590"},{"taxonomy":"product_cat","embeddable":true,"href":"https:\/\/apmprint.com\/es\/wp-json\/wp\/v2\/product_cat?post=1590"},{"taxonomy":"product_tag","embeddable":true,"href":"https:\/\/apmprint.com\/es\/wp-json\/wp\/v2\/product_tag?post=1590"}],"curies":[{"name":"wp","href":"https:\/\/api.w.org\/{rel}","templated":true}]}}